{"id":3474,"date":"2025-05-22T16:50:37","date_gmt":"2025-05-22T08:50:37","guid":{"rendered":"https:\/\/www.ruiqigo.com\/?post_type=product&#038;p=3474"},"modified":"2025-05-22T16:50:38","modified_gmt":"2025-05-22T08:50:38","slug":"foam-hand-soap","status":"publish","type":"product","link":"https:\/\/www.ruiqigo.com\/fr\/product\/foam-hand-soap","title":{"rendered":"Savon mousse pour les mains"},"content":{"rendered":"<h2 class=\"wp-block-heading\">Formules courantes de fabrication de savon mousse pour les mains<\/h2>\n\n\n\n<p>Notre savon mousse pour les mains s\u00e9lectionne une vari\u00e9t\u00e9 d&#039;ingr\u00e9dients naturels et respectueux de la peau, tels que la cocamidopropyl b\u00e9ta\u00efne, des extraits de plantes naturelles, de la glyc\u00e9rine, etc. Ces ingr\u00e9dients peuvent hydrater efficacement, adoucir les cuticules et emp\u00eacher les mains de se dess\u00e9cher tout en nettoyant les bact\u00e9ries et l&#039;huile \u00e0 la surface de la peau.<\/p>\n\n\n\n<p><strong>1. Cocamidopropyl b\u00e9ta\u00efne : <\/strong>Ce nettoyant doux \u00e0 base de noix de coco produit une mousse onctueuse et un pouvoir nettoyant puissant, tout en \u00e9tant peu irritant. Il \u00e9limine efficacement les bact\u00e9ries des mains sans endommager le film protecteur naturel de la peau. Il peut \u00e9galement \u00eatre utilis\u00e9 par les enfants et les personnes sensibles.<\/p>\n\n\n\n<p><strong>2. Extrait d&#039;Aloe Vera :<\/strong> C&#039;est un ingr\u00e9dient naturel apaisant et r\u00e9parateur qui aide \u00e0 apaiser les irritations mineures caus\u00e9es par le lavage des mains et qui convient aux utilisateurs qui se lavent les mains fr\u00e9quemment.<\/p>\n\n\n\n<p><strong>3. Glyc\u00e9rine :<\/strong> Ingr\u00e9dient hydratant classique, la glyc\u00e9rine absorbe l&#039;humidit\u00e9 de l&#039;air et forme un film protecteur pour pr\u00e9venir la d\u00e9shydratation cutan\u00e9e. Elle hydrate ainsi la peau tout en se lavant les mains, la pr\u00e9servant ainsi douce et sans tiraillements.<\/p>\n\n\n\n<p><strong>4. Acide citrique : <\/strong>Il peut ajuster la valeur du pH du savon mousse pour les mains afin de le rapprocher de l&#039;\u00e9quilibre acido-basique de la peau, aider \u00e0 maintenir la barri\u00e8re cutan\u00e9e et r\u00e9duire les allergies ou les probl\u00e8mes de peau s\u00e8che.<\/p>\n\n\n\n<h2 class=\"wp-block-heading\">Les fonctions du savon mousse pour les mains<\/h2>\n\n\n\n<p><strong>1. Fort pouvoir nettoyant mais faible irritation : <\/strong>La formule du savon mousse pour les mains combine des tensioactifs d&#039;origine v\u00e9g\u00e9tale et un syst\u00e8me de r\u00e9gulation acide faible, prenant en compte une forte d\u00e9contamination et un soin doux de la peau, et une utilisation fr\u00e9quente n&#039;endommagera pas la barri\u00e8re cutan\u00e9e.<\/p>\n\n\n\n<p><strong>2. Facile \u00e0 rincer, aucun r\u00e9sidu : <\/strong>La formule est l\u00e9g\u00e8re et non grasse, et elle peut \u00eatre lav\u00e9e \u00e0 l&#039;eau sans r\u00e9sidus gras, ce qui offre une bonne exp\u00e9rience d&#039;utilisation.<\/p>\n\n\n\n<p><strong>3. Mousse fine et riche : <\/strong>Le savon mousse pour les mains adopte une formule moussante efficace et une pompe \u00e0 mousse pr\u00e9cise. Il produit une mousse dense d&#039;une simple pression, enveloppant rapidement la salet\u00e9 et nettoyant en profondeur, am\u00e9liorant ainsi l&#039;exp\u00e9rience utilisateur et l&#039;efficacit\u00e9 du nettoyage.<\/p>\n\n\n\n<p><strong>4. \u00c9limine efficacement les bact\u00e9ries courantes : <\/strong>Le savon mousse pour les mains ajoute une vari\u00e9t\u00e9 d&#039;ingr\u00e9dients antibact\u00e9riens s\u00fbrs, qui peuvent r\u00e9duire le risque de fixation bact\u00e9rienne et \u00e9liminer les bact\u00e9ries courantes tout en nettoyant les taches sur les mains.<\/p>\n\n\n\n<p><strong>5. Odeur fra\u00eeche et naturelle : <\/strong>Des huiles essentielles naturelles s\u00e9lectionn\u00e9es telles que les agrumes et la lavande sont utilis\u00e9es pour le parfum, apportant une exp\u00e9rience confortable et douce pour la peau, adapt\u00e9e aux utilisateurs sensibles aux odeurs.<\/p>\n\n\n\n<h2 class=\"wp-block-heading\">Comment utiliser le savon mousse pour les mains<\/h2>\n\n\n\n<p>Utiliser du savon mousse pour les mains est tr\u00e8s simple et efficace. Il suffit d&#039;appuyer pour produire des bulles et terminer le nettoyage facilement. Il est id\u00e9al pour les nettoyages rapides.<\/p>\n\n\n\n<p><strong>1. Mouillez-vous les mains : <\/strong>Utilisez de l\u2019eau propre pour mouiller rapidement vos paumes.<\/p>\n\n\n\n<p><strong>2. Appuyez sur la t\u00eate de la pompe : <\/strong>Appuyez 1 \u00e0 2 fois sur le savon mousse pour les mains pour produire beaucoup de mousse dans la paume de votre main.<\/p>\n\n\n\n<p><strong>3. Frottez soigneusement : <\/strong>Frottez-vous les mains pendant plus de 20 secondes pour nettoyer la paume, le dos de la main et entre les doigts.<\/p>\n\n\n\n<p><strong>4. Rincer \u00e0 l&#039;eau : <\/strong>Rincez abondamment la mousse \u00e0 l&#039;eau claire rapidement.<\/p>\n\n\n\n<p><strong>5. S\u00e9chez-vous les mains : <\/strong>Utilisez une serviette propre ou une serviette en papier pour vous s\u00e9cher les mains.<\/p>\n\n\n\n<h2 class=\"wp-block-heading\">Prudence<\/h2>\n\n\n\n<p><strong>1. Convient \u00e0 la t\u00eate de pompe \u00e0 mousse : <\/strong>Ce produit est un d\u00e9sinfectant moussant pour les mains. Il est recommand\u00e9 d&#039;utiliser un flacon \u00e0 pompe sp\u00e9cial mousse afin de pr\u00e9server l&#039;exp\u00e9rience utilisateur, car une pompe ordinaire ne produit pas de mousse.<\/p>\n\n\n\n<p><strong>2. \u00c9viter le contact avec les yeux :<\/strong> En cas de contact accidentel avec les yeux, rincer imm\u00e9diatement et abondamment \u00e0 l&#039;eau. En cas de gravit\u00e9, consulter imm\u00e9diatement un m\u00e9decin.<\/p>\n\n\n\n<p><strong>3. \u00c9vitez la lumi\u00e8re directe du soleil : <\/strong>Veuillez conserver ce produit dans un endroit frais et sec, \u00e9vitez la lumi\u00e8re directe du soleil, afin de maintenir les performances de la mousse et l&#039;activit\u00e9 des ingr\u00e9dients.<\/p>\n\n\n\n<h2 class=\"wp-block-heading\">Conclusion<\/h2>\n\n\n\n<p>Le savon mousse pour les mains est un produit nettoyant pour les mains qui allie efficacit\u00e9 et douceur. Que ce soit \u00e0 la maison ou dans les lieux publics fr\u00e9quent\u00e9s, il offre une excellente exp\u00e9rience de nettoyage et am\u00e9liore la satisfaction des utilisateurs.<\/p>","protected":false},"excerpt":{"rendered":"Foam Hand Soap Manufacturing Common Formulas Our foam hand soap selects a variety of natural and skin-friendly ingredients, such as cocamidopropyl betaine, natural plant extracts, glycerin, etc. These ingredients can effectively moisturize, soften cuticles, and prevent hands from drying out while cleaning bacteria and oil on the skin surface. 1. Cocamidopropyl Betaine: This is a [&hellip;]","protected":false},"featured_media":3475,"menu_order":0,"template":"","meta":[],"product-tag":[],"products":[181],"class_list":["post-3474","product","type-product","status-publish","has-post-thumbnail","hentry","products-hand-soap"],"acf":[],"_links":{"self":[{"href":"https:\/\/www.ruiqigo.com\/fr\/wp-json\/wp\/v2\/product\/3474","targetHints":{"allow":["GET"]}}],"collection":[{"href":"https:\/\/www.ruiqigo.com\/fr\/wp-json\/wp\/v2\/product"}],"about":[{"href":"https:\/\/www.ruiqigo.com\/fr\/wp-json\/wp\/v2\/types\/product"}],"version-history":[{"count":0,"href":"https:\/\/www.ruiqigo.com\/fr\/wp-json\/wp\/v2\/product\/3474\/revisions"}],"wp:featuredmedia":[{"embeddable":true,"href":"https:\/\/www.ruiqigo.com\/fr\/wp-json\/wp\/v2\/media\/3475"}],"wp:attachment":[{"href":"https:\/\/www.ruiqigo.com\/fr\/wp-json\/wp\/v2\/media?parent=3474"}],"wp:term":[{"taxonomy":"product-tag","embeddable":true,"href":"https:\/\/www.ruiqigo.com\/fr\/wp-json\/wp\/v2\/product-tag?post=3474"},{"taxonomy":"products","embeddable":true,"href":"https:\/\/www.ruiqigo.com\/fr\/wp-json\/wp\/v2\/products?post=3474"}],"curies":[{"name":"wp","href":"https:\/\/api.w.org\/{rel}","templated":true}]}}