{"id":3479,"date":"2025-05-22T17:45:04","date_gmt":"2025-05-22T09:45:04","guid":{"rendered":"https:\/\/www.ruiqigo.com\/?post_type=product&#038;p=3479"},"modified":"2025-05-22T16:53:37","modified_gmt":"2025-05-22T08:53:37","slug":"spray-glass-cleaner","status":"publish","type":"product","link":"https:\/\/www.ruiqigo.com\/fr\/product\/spray-glass-cleaner","title":{"rendered":"Nettoyant pour vitres en spray"},"content":{"rendered":"<h2 class=\"wp-block-heading\">Formules courantes de fabrication de nettoyants pour vitres en a\u00e9rosol<\/h2>\n\n\n\n<p>Notre nettoyant pour vitres en spray utilise une formule \u00e9cologique sans ammoniaque, associ\u00e9e \u00e0 divers tensioactifs, solvants naturels, \u00e9thanol et additifs volatils pour un pouvoir nettoyant et un s\u00e9chage rapide. Il ne corrode pas le verre apr\u00e8s utilisation et ne laisse aucun r\u00e9sidu apr\u00e8s essuyage. Il convient \u00e0 une utilisation sur une grande vari\u00e9t\u00e9 de mat\u00e9riaux, notamment le verre et les miroirs.<\/p>\n\n\n\n<p><strong>1. Tensioactif non ionique : <\/strong>Il s&#039;agit d&#039;un ingr\u00e9dient nettoyant doux et efficace qui peut rapidement envelopper et d\u00e9composer les taches et la graisse, tout en r\u00e9duisant l&#039;accumulation de mousse pendant le processus de nettoyage, en am\u00e9liorant l&#039;efficacit\u00e9 du nettoyage et en convenant \u00e0 l&#039;essuyage rapide de grandes surfaces.<\/p>\n\n\n\n<p><strong>2. Solvant citrate naturel : <\/strong>Il s&#039;agit d&#039;un solvant s\u00fbr d\u00e9riv\u00e9 d&#039;huile v\u00e9g\u00e9tale naturelle. Il d\u00e9compose efficacement les pellicules d&#039;huile tenaces et le tartre sans corroder la surface du verre. C&#039;est un ingr\u00e9dient id\u00e9al qui allie respect de l&#039;environnement et performance.<\/p>\n\n\n\n<p><strong>3. \u00c9thanol :<\/strong> L&#039;\u00e9thanol a la particularit\u00e9 de s&#039;\u00e9vaporer rapidement. Apr\u00e8s utilisation, il permet un s\u00e9chage rapide de la surface vitr\u00e9e sans laisser de traces ni de traces d&#039;eau. Son l\u00e9ger effet d\u00e9sinfectant assure \u00e9galement une hygi\u00e8ne optimale de la surface vitr\u00e9e.<\/p>\n\n\n\n<p><strong>4. Eau d\u00e9ionis\u00e9e : <\/strong>Il peut r\u00e9duire la teneur en min\u00e9raux de l&#039;eau, emp\u00eacher les taches d&#039;eau apr\u00e8s l&#039;essuyage et garantir que le verre est lisse et transparent.<\/p>\n\n\n\n<h2 class=\"wp-block-heading\">Les fonctions du nettoyant pour vitres en spray<\/h2>\n\n\n\n<p><strong>1. Formule respectueuse de l&#039;environnement sans ammoniaque :<\/strong> Le nettoyant pour vitres en spray ne contient pas d&#039;ingr\u00e9dients irritants tels que l&#039;ammoniac et l&#039;eau de Javel, n&#039;a pas d&#039;odeur piquante, est respectueux du corps humain et convient au nettoyage des environnements int\u00e9rieurs ferm\u00e9s.<\/p>\n\n\n\n<p><strong>2. Dissout rapidement les taches et les r\u00e9sidus d\u2019empreintes digitales : <\/strong>Le nettoyant pour vitres en spray est sp\u00e9cialement formul\u00e9 avec des tensioactifs et des solvants l\u00e9gers, qui peuvent p\u00e9n\u00e9trer et d\u00e9composer rapidement les taches d&#039;huile, les taches de fum\u00e9e et les empreintes digitales tenaces sur la surface du verre, facilitant l&#039;essuyage et r\u00e9duisant le temps de nettoyage.<\/p>\n\n\n\n<p><strong>3. S\u00e9chage rapide et faible r\u00e9sidu :<\/strong> Sa formule \u00e0 base d&#039;\u00e9thanol \u00e0 s\u00e9chage rapide s&#039;\u00e9vapore en quelques secondes apr\u00e8s pulv\u00e9risation. Sa surface ne sera ni tach\u00e9e par la poussi\u00e8re ni ray\u00e9e et convient parfaitement aux vitrines et autres espaces.<\/p>\n\n\n\n<p><strong>4. Fort pouvoir nettoyant : <\/strong>La pulv\u00e9risation est uniforme et la salet\u00e9 est \u00e9limin\u00e9e en profondeur. Aucun r\u00e9sidu ne reste sur la surface vitr\u00e9e apr\u00e8s le nettoyage, ce qui am\u00e9liore consid\u00e9rablement l&#039;efficacit\u00e9 du nettoyage et convient aux nettoyages fr\u00e9quents.<\/p>\n\n\n\n<p><strong>5. Adaptation polyvalente et rentable : <\/strong>Le nettoyant pour vitres en spray convient non seulement aux surfaces en verre, mais peut \u00e9galement \u00eatre utilis\u00e9 pour les miroirs, les carreaux lisses, les surfaces en acier inoxydable, etc., avec une rentabilit\u00e9 \u00e9lev\u00e9e.<\/p>\n\n\n\n<h2 class=\"wp-block-heading\">Comment utiliser un nettoyant pour vitres en spray<\/h2>\n\n\n\n<p>1. Tournez la buse en mode \u00ab pulv\u00e9risation \u00bb et visez la surface du verre ou du miroir.<\/p>\n\n\n\n<p>2. Vaporisez une quantit\u00e9 appropri\u00e9e de d\u00e9tergent uniform\u00e9ment, avec un espacement recommand\u00e9 de 20 \u00e0 30 cm.<\/p>\n\n\n\n<p>3. Essuyez avec un chiffon propre et non pelucheux ou une serviette en papier jusqu&#039;\u00e0 ce que la surface soit propre et fra\u00eeche.<\/p>\n\n\n\n<p>4. En cas de taches tenaces, r\u00e9p\u00e9tez l&#039;op\u00e9ration une ou deux fois jusqu&#039;\u00e0 ce que le nettoyage soit complet.<\/p>\n\n\n\n<h2 class=\"wp-block-heading\">Prudence<\/h2>\n\n\n\n<p><strong>1. Ne pas utiliser sur du bois non scell\u00e9 ou des surfaces poreuses : <\/strong>Ce produit convient aux surfaces non absorbantes et ne convient pas \u00e0 la pulv\u00e9risation sur des mat\u00e9riaux absorbants tels que des meubles en bois ou de la pierre afin d&#039;\u00e9viter la d\u00e9coloration ou la d\u00e9t\u00e9rioration caus\u00e9e par la p\u00e9n\u00e9tration.<\/p>\n\n\n\n<p><strong>2. Refermez la buse rapidement apr\u00e8s utilisation : <\/strong>Veuillez tourner la buse en position ferm\u00e9e apr\u00e8s utilisation pour \u00e9viter la perte de composants volatils et assurer l&#039;effet de la prochaine utilisation.<\/p>\n\n\n\n<p><strong>3. Ne pas m\u00e9langer avec des nettoyants acides ou alcalins forts : <\/strong>\u00c9vitez de m\u00e9langer avec d\u2019autres nettoyants acides ou alcalins tr\u00e8s corrosifs ou forts pour \u00e9viter les r\u00e9actions chimiques ou les dommages \u00e0 la surface du verre.<\/p>\n\n\n\n<h2 class=\"wp-block-heading\">Conclusion<\/h2>\n\n\n\n<p>Le nettoyant pour vitres en spray est un choix fiable pour un nettoyage efficace des surfaces vitr\u00e9es. Gr\u00e2ce \u00e0 sa formule haute performance, \u00e0 s\u00e9chage rapide, sans traces et de haute qualit\u00e9, et \u00e0 sa grande adaptabilit\u00e9 \u00e0 une grande vari\u00e9t\u00e9 de surfaces, il est largement utilis\u00e9 dans les maisons, les h\u00f4tels, les supermarch\u00e9s et d&#039;autres secteurs, contribuant \u00e0 am\u00e9liorer l&#039;efficacit\u00e9 du nettoyage des vitres et \u00e0 cr\u00e9er un espace visuel clair et lumineux.<\/p>","protected":false},"excerpt":{"rendered":"Spray Glass Cleaner Manufacturing Common Formulas The spray glass cleaner we manufacture uses an environmentally friendly formula that does not contain ammonia, combined with a variety of surfactants, natural solvents, ethanol and volatile additives to synergistically enhance cleaning power and quick-drying effects. It will not corrode the glass after use, and there will be no [&hellip;]","protected":false},"featured_media":3481,"menu_order":0,"template":"","meta":[],"product-tag":[],"products":[182],"class_list":["post-3479","product","type-product","status-publish","has-post-thumbnail","hentry","products-glass-cleaner"],"acf":[],"_links":{"self":[{"href":"https:\/\/www.ruiqigo.com\/fr\/wp-json\/wp\/v2\/product\/3479","targetHints":{"allow":["GET"]}}],"collection":[{"href":"https:\/\/www.ruiqigo.com\/fr\/wp-json\/wp\/v2\/product"}],"about":[{"href":"https:\/\/www.ruiqigo.com\/fr\/wp-json\/wp\/v2\/types\/product"}],"version-history":[{"count":0,"href":"https:\/\/www.ruiqigo.com\/fr\/wp-json\/wp\/v2\/product\/3479\/revisions"}],"wp:featuredmedia":[{"embeddable":true,"href":"https:\/\/www.ruiqigo.com\/fr\/wp-json\/wp\/v2\/media\/3481"}],"wp:attachment":[{"href":"https:\/\/www.ruiqigo.com\/fr\/wp-json\/wp\/v2\/media?parent=3479"}],"wp:term":[{"taxonomy":"product-tag","embeddable":true,"href":"https:\/\/www.ruiqigo.com\/fr\/wp-json\/wp\/v2\/product-tag?post=3479"},{"taxonomy":"products","embeddable":true,"href":"https:\/\/www.ruiqigo.com\/fr\/wp-json\/wp\/v2\/products?post=3479"}],"curies":[{"name":"wp","href":"https:\/\/api.w.org\/{rel}","templated":true}]}}