{"id":3486,"date":"2025-05-28T17:18:28","date_gmt":"2025-05-28T09:18:28","guid":{"rendered":"https:\/\/www.ruiqigo.com\/?post_type=product&#038;p=3486"},"modified":"2025-05-28T11:19:22","modified_gmt":"2025-05-28T03:19:22","slug":"laser-hair-comb","status":"publish","type":"product","link":"https:\/\/www.ruiqigo.com\/fr\/product\/laser-hair-comb","title":{"rendered":"Peigne \u00e0 cheveux laser"},"content":{"rendered":"<h2 class=\"wp-block-heading\">Caract\u00e9ristiques du peigne \u00e0 cheveux laser<\/h2>\n\n\n\n<p>Le peigne laser est un produit de soin capillaire intelligent alliant soin et massage. Il utilise la technologie LLLT pour stimuler l&#039;activit\u00e9 des follicules pileux, am\u00e9liorer la microcirculation du cuir chevelu et favoriser une croissance capillaire saine.<\/p>\n\n\n\n<p><strong>1. Laser basse \u00e9nergie : <\/strong>Le laser \u00e0 faible \u00e9nergie utilis\u00e9 par le peigne \u00e0 cheveux laser peut stimuler les follicules pileux et am\u00e9liorer la vitalit\u00e9 du cuir chevelu.<\/p>\n\n\n\n<p><strong>2. Compact et portable : <\/strong>Le peigne \u00e0 cheveux laser est l\u00e9ger et con\u00e7u de mani\u00e8re ergonomique pour une utilisation portable, ce qui est tr\u00e8s pratique pour une utilisation quotidienne et un transport.<\/p>\n\n\n\n<p><strong>3. Chargement pratique : <\/strong>Ce produit est dot\u00e9 d&#039;une batterie au lithium rechargeable int\u00e9gr\u00e9e et prend en charge deux modes de charge\u00a0: USB ou station d&#039;accueil. Vous n&#039;aurez plus \u00e0 craindre de tomber en panne de batterie lorsque vous \u00eates en d\u00e9placement.<\/p>\n\n\n\n<p><strong>4. Fonctionnement simple : <\/strong>Le peigne laser s&#039;utilise tr\u00e8s facilement gr\u00e2ce \u00e0 un seul bouton. Il dispose d&#039;un r\u00e9glage d&#039;intensit\u00e9 \u00e0 plusieurs niveaux, adaptable aux besoins de l&#039;utilisateur.<\/p>\n\n\n\n<h2 class=\"wp-block-heading\">Avantages du peigne \u00e0 cheveux laser<\/h2>\n\n\n\n<p>Compar\u00e9s aux peignes ou appareils de massage classiques, les peignes laser pr\u00e9sentent des avantages technologiques et fonctionnels consid\u00e9rables. Ils permettent non seulement de peigner physiquement les cheveux, mais aussi d&#039;agir directement sur les couches profondes du cuir chevelu gr\u00e2ce \u00e0 des lasers de longueurs d&#039;onde sp\u00e9cifiques, favorisant ainsi la circulation sanguine et retardant l&#039;atrophie des follicules pileux. Cette technologie non invasive est adapt\u00e9e \u00e0 une utilisation \u00e0 long terme et peut apporter des am\u00e9liorations compl\u00e9mentaires \u00e0 des probl\u00e8mes tels que la perte de cheveux, la mauvaise qualit\u00e9 des cheveux et la chute de cheveux.<\/p>\n\n\n\n<p><strong>1. Technologie de soins au laser : <\/strong>Ce produit utilise un laser \u00e0 faible \u00e9nergie d&#039;une longueur d&#039;onde de 650 nm pour activer en profondeur les cellules du follicule pileux, r\u00e9parant et effectuant des soins capillaires de mani\u00e8re s\u00fbre et efficace.<\/p>\n\n\n\n<p><strong>2. Fonctionnement pratique et intelligent : <\/strong>Le peigne \u00e0 cheveux laser est tr\u00e8s pratique \u00e0 utiliser, d\u00e9marrage \u00e0 un bouton, aucun seuil de fonctionnement et est \u00e9galement \u00e9quip\u00e9 de fonctions telles que le r\u00e9glage de la synchronisation et de l&#039;intensit\u00e9, ce qui le rend plus flexible \u00e0 utiliser.<\/p>\n\n\n\n<p><strong>3. Soulager les probl\u00e8mes de perte de cheveux : <\/strong>L&#039;utilisation \u00e0 long terme du peigne \u00e0 cheveux laser peut aider \u00e0 r\u00e9duire la perte de cheveux, \u00e0 r\u00e9guler les follicules pileux et \u00e0 favoriser la croissance de nouveaux cheveux.<\/p>\n\n\n\n<p><strong>4. Favorise la circulation sanguine du cuir chevelu : <\/strong>L\u2019utilisation du peigne \u00e0 cheveux laser peut am\u00e9liorer l\u2019environnement de microcirculation du cuir chevelu et aider les follicules pileux \u00e0 obtenir plus de nutriments.<\/p>\n\n\n\n<h2 class=\"wp-block-heading\">Groupe cible du peigne \u00e0 cheveux laser<\/h2>\n\n\n\n<p>Le peigne laser est principalement destin\u00e9 aux personnes n\u00e9cessitant des soins capillaires, notamment celles qui souffrent de perte de cheveux et qui se soucient de la sant\u00e9 de leur cuir chevelu. Il convient aussi bien aux personnes d&#039;\u00e2ge moyen et \u00e2g\u00e9es qu&#039;aux passionn\u00e9s de beaut\u00e9.<\/p>\n\n\n\n<p>1. Les personnes souffrant de perte de cheveux, de cheveux fins et d\u2019un cuir chevelu sensible.<\/p>\n\n\n\n<p>2. Les personnes souffrant d\u2019une perte de cheveux h\u00e9r\u00e9ditaire, comme l\u2019alop\u00e9cie s\u00e9borrh\u00e9ique.<\/p>\n\n\n\n<p>3. Les personnes ayant les cheveux secs, cr\u00e9pus et cassants.<\/p>\n\n\n\n<p>4. Les personnes sur le lieu de travail qui subissent un stress \u00e0 long terme et des horaires de travail et de repos irr\u00e9guliers, ce qui entra\u00eene une perte de cheveux.<\/p>\n\n\n\n<p>5. Les clients qui pr\u00eatent attention aux soins capillaires dans les salons de beaut\u00e9 et autres lieux.<\/p>\n\n\n\n<h2 class=\"wp-block-heading\">Processus de production de peignes \u00e0 cheveux laser<\/h2>\n\n\n\n<p>Le processus de production du peigne laser combine technologie \u00e9lectronique et technologie de moulage de pr\u00e9cision. La longueur d&#039;onde, la stabilit\u00e9 et la s\u00e9curit\u00e9 \u00e9lectrique de la source lumineuse sont strictement contr\u00f4l\u00e9es tout au long du processus de production. Les principaux processus comprennent le moulage par injection de la coque plastique, l&#039;assemblage du module laser, le soudage des circuits imprim\u00e9s, les tests fonctionnels et l&#039;assemblage de la machine.<\/p>\n\n\n\n<h2 class=\"wp-block-heading\">Applications du peigne \u00e0 cheveux laser<\/h2>\n\n\n\n<p>Le peigne \u00e0 cheveux laser est largement utilis\u00e9 dans les soins capillaires quotidiens \u00e0 la maison, dans les salons de coiffure, les salons de beaut\u00e9, les centres de physioth\u00e9rapie professionnels et d&#039;autres endroits.<\/p>\n\n\n\n<p>1. Soins quotidiens du cuir chevelu et pr\u00e9vention de la chute des cheveux \u00e0 la maison.<\/p>\n\n\n\n<p>2. Projets de soins capillaires dans les salons de coiffure.<\/p>\n\n\n\n<p>3. Projets de physioth\u00e9rapie dans les salons de beaut\u00e9.<\/p>\n\n\n\n<p>4. Emportez des outils de soins capillaires lors de vos voyages d\u2019affaires.<\/p>\n\n\n\n<h2 class=\"wp-block-heading\">Comment utiliser le peigne \u00e0 cheveux laser<\/h2>\n\n\n\n<p>Le peigne laser est tr\u00e8s facile \u00e0 utiliser. Il est g\u00e9n\u00e9ralement recommand\u00e9 de l&#039;utiliser 10 \u00e0 15 minutes \u00e0 chaque utilisation, 3 \u00e0 4 fois par semaine, et d&#039;observer l&#039;effet apr\u00e8s 8 \u00e0 12 semaines d&#039;utilisation.<\/p>\n\n\n\n<p>1. Nettoyez vos cheveux et assurez-vous qu&#039;ils sont secs et sans graisse.<\/p>\n\n\n\n<p>2. Appuyez longuement sur le bouton d&#039;alimentation et s\u00e9lectionnez la vitesse appropri\u00e9e.<\/p>\n\n\n\n<p>3. Placez les dents du peigne pr\u00e8s du cuir chevelu et peignez uniform\u00e9ment du front vers l&#039;arri\u00e8re.<\/p>\n\n\n\n<p>4. Gardez chaque zone pendant quelques secondes, puis passez lentement \u00e0 la zone suivante.<\/p>\n\n\n\n<p>5. Coupez l&#039;alimentation apr\u00e8s utilisation et essuyez d\u00e9licatement la surface du peigne avec un chiffon sec.<\/p>","protected":false},"excerpt":{"rendered":"Laser Hair Comb Features The laser hair comb is an intelligent hair care product that integrates care and massage. It uses LLLT technology to help stimulate hair follicle activity, improve scalp microcirculation, and promote healthy hair growth. 1. Low-energy laser: The low-energy laser used by the laser hair comb can stimulate hair follicles and enhance [&hellip;]","protected":false},"featured_media":3487,"menu_order":0,"template":"","meta":[],"product-tag":[],"products":[164],"class_list":["post-3486","product","type-product","status-publish","has-post-thumbnail","hentry","products-laser-hair-comb"],"acf":[],"_links":{"self":[{"href":"https:\/\/www.ruiqigo.com\/fr\/wp-json\/wp\/v2\/product\/3486","targetHints":{"allow":["GET"]}}],"collection":[{"href":"https:\/\/www.ruiqigo.com\/fr\/wp-json\/wp\/v2\/product"}],"about":[{"href":"https:\/\/www.ruiqigo.com\/fr\/wp-json\/wp\/v2\/types\/product"}],"version-history":[{"count":0,"href":"https:\/\/www.ruiqigo.com\/fr\/wp-json\/wp\/v2\/product\/3486\/revisions"}],"wp:featuredmedia":[{"embeddable":true,"href":"https:\/\/www.ruiqigo.com\/fr\/wp-json\/wp\/v2\/media\/3487"}],"wp:attachment":[{"href":"https:\/\/www.ruiqigo.com\/fr\/wp-json\/wp\/v2\/media?parent=3486"}],"wp:term":[{"taxonomy":"product-tag","embeddable":true,"href":"https:\/\/www.ruiqigo.com\/fr\/wp-json\/wp\/v2\/product-tag?post=3486"},{"taxonomy":"products","embeddable":true,"href":"https:\/\/www.ruiqigo.com\/fr\/wp-json\/wp\/v2\/products?post=3486"}],"curies":[{"name":"wp","href":"https:\/\/api.w.org\/{rel}","templated":true}]}}