{"id":3499,"date":"2025-05-30T15:45:20","date_gmt":"2025-05-30T07:45:20","guid":{"rendered":"https:\/\/www.ruiqigo.com\/?post_type=product&#038;p=3499"},"modified":"2025-05-30T15:45:21","modified_gmt":"2025-05-30T07:45:21","slug":"whitening-face-cream","status":"publish","type":"product","link":"https:\/\/www.ruiqigo.com\/fr\/product\/whitening-face-cream","title":{"rendered":"Cr\u00e8me \u00e9claircissante pour le visage"},"content":{"rendered":"<h2 class=\"wp-block-heading\">Formules courantes de fabrication de cr\u00e8mes blanchissantes pour le visage<\/h2>\n\n\n\n<p>En tant que fabricant professionnel de cr\u00e8mes \u00e9claircissantes pour le visage, nous s\u00e9lectionnons une vari\u00e9t\u00e9 d&#039;ingr\u00e9dients actifs blanchissants naturels, tels que la niacinamide et l&#039;arbutine, qui agissent en synergie. Ces ingr\u00e9dients inhibent non seulement la formation de m\u00e9lanine, mais ont \u00e9galement des effets hydratants et antioxydants, permettant \u00e0 la peau de conserver son \u00e9clat et son \u00e9lasticit\u00e9 tout en blanchissant.<\/p>\n\n\n\n<p><strong>1. Niacinamide :<\/strong> La niacinamide est un ingr\u00e9dient hydrosoluble qui inhibe efficacement le transport de la m\u00e9lanine vers les cellules \u00e9pidermiques, pr\u00e9venant ainsi la formation de taches \u00e0 la source. Elle renforce \u00e9galement la fonction barri\u00e8re cutan\u00e9e, att\u00e9nue les rugosit\u00e9s, les pores dilat\u00e9s et autres probl\u00e8mes, et convient parfaitement aux soins blanchissants quotidiens.<\/p>\n\n\n\n<p><strong>2. Arbutine : <\/strong>L&#039;arbutine est un ingr\u00e9dient blanchissant naturel extrait de plantes. Doux et non irritant, il inhibe efficacement l&#039;activit\u00e9 de la tyrosinase et r\u00e9duit la synth\u00e8se de m\u00e9lanine. Compar\u00e9e \u00e0 d&#039;autres ingr\u00e9dients puissants, l&#039;arbutine est plus adapt\u00e9e \u00e0 une utilisation \u00e0 long terme et a un effet significatif sur l&#039;att\u00e9nuation des marques d&#039;acn\u00e9 et des taches solaires.<\/p>\n\n\n\n<p><strong>3. Extrait de r\u00e9glisse : <\/strong>La r\u00e9glisse est riche en acide glycyrrhizique, aux propri\u00e9t\u00e9s anti-inflammatoires et blanchissantes importantes. Elle est id\u00e9ale pour r\u00e9parer les peaux sensibles. Parall\u00e8lement, elle inhibe en douceur la production de m\u00e9lanine et apporte un effet blanchissant naturel \u00e0 la peau.<\/p>\n\n\n\n<p><strong>4. D\u00e9riv\u00e9s de la vitamine C : <\/strong>Cet ingr\u00e9dient poss\u00e8de d&#039;excellentes propri\u00e9t\u00e9s antioxydantes, peut neutraliser les radicaux libres, favoriser la synth\u00e8se du collag\u00e8ne, tout en \u00e9claircissant le teint et en am\u00e9liorant l&#039;\u00e9clat g\u00e9n\u00e9ral de la peau.<\/p>\n\n\n\n<h2 class=\"wp-block-heading\">Les fonctions de la cr\u00e8me blanchissante pour le visage<\/h2>\n\n\n\n<p>Notre cr\u00e8me blanchissante pour le visage pr\u00e9sente des avantages significatifs en termes d&#039;efficacit\u00e9, de s\u00e9curit\u00e9 et d&#039;exp\u00e9rience utilisateur, r\u00e9pondant au double besoin des utilisateurs en mati\u00e8re de blanchiment efficace et de soins de la peau doux.<\/p>\n\n\n\n<p><strong>1. Effet significatif, \u00e9claircit les taches et illumine : <\/strong>La formule de la cr\u00e8me blanchissante pour le visage contient une vari\u00e9t\u00e9 d&#039;ingr\u00e9dients actifs qui agissent en synergie pour p\u00e9n\u00e9trer en profondeur dans la peau afin d&#039;\u00e9claircir les taches, le teint terne et les marques d&#039;acn\u00e9, rendant le teint plus uniforme et transparent et am\u00e9liorant la qualit\u00e9 globale de la peau.<\/p>\n\n\n\n<p><strong>2. Plusieurs ingr\u00e9dients hydratants : <\/strong>Nous avons ajout\u00e9 de l&#039;acide hyaluronique, de la glyc\u00e9rine et d&#039;autres ingr\u00e9dients hydratants tr\u00e8s efficaces pour nourrir la peau en profondeur tout en la blanchissant, renforcer la barri\u00e8re cutan\u00e9e et \u00e9viter le vieillissement cutan\u00e9 ou le teint irr\u00e9gulier d\u00fb \u00e0 la s\u00e9cheresse.<\/p>\n\n\n\n<p><strong>3. Doux et non irritant : <\/strong>La formule de ce produit ne contient pas d&#039;ingr\u00e9dients irritants tels que l&#039;alcool, les hormones et le mercure. Test\u00e9 sur peaux sensibles, il est hautement s\u00fbr, doux et non irritant. Il peut \u00eatre utilis\u00e9 en toute s\u00e9curit\u00e9 sur les peaux sensibles.<\/p>\n\n\n\n<p><strong>4. Texture l\u00e9g\u00e8re et absorption rapide : <\/strong>La cr\u00e8me blanchissante pour le visage adopte une texture de cr\u00e8me rafra\u00eechissante, l\u00e9g\u00e8re et non grasse, facile \u00e0 absorber, n&#039;obstrue pas les pores et convient parfaitement \u00e0 une utilisation dans les climats chauds.<\/p>\n\n\n\n<p><strong>5. Convient \u00e0 diff\u00e9rents types de peau : <\/strong>Ce produit convient \u00e0 diff\u00e9rents types de peau, tels que les peaux grasses, s\u00e8ches et sensibles, et peut r\u00e9pondre aux besoins de diff\u00e9rents groupes de consommateurs.<\/p>\n\n\n\n<h2 class=\"wp-block-heading\">Comment utiliser une cr\u00e8me blanchissante pour le visage<\/h2>\n\n\n\n<p>Indispensable dans une routine de soins quotidienne, la cr\u00e8me \u00e9claircissante pour le visage est recommand\u00e9e apr\u00e8s le nettoyage et les soins de base pour maximiser ses effets blanchissants et hydratants. Il est recommand\u00e9 de l&#039;utiliser une fois par jour, matin et soir.<\/p>\n\n\n\n<p><strong>1. Nettoyage :<\/strong> Utilisez un nettoyant doux pour nettoyer le visage et \u00e9liminer la poussi\u00e8re et l\u2019huile du visage.<\/p>\n\n\n\n<p><strong>2. Toner :<\/strong> Utilisez du tonique pour hydrater la peau.<\/p>\n\n\n\n<p><strong>3. Essence :<\/strong> Appliquez l&#039;essence blanchissante pour acc\u00e9l\u00e9rer l&#039;effet des taches \u00e9claircissantes et \u00e9claircissantes.<\/p>\n\n\n\n<p><strong>4. Cr\u00e8me blanchissante pour le visage : <\/strong>Prenez une quantit\u00e9 appropri\u00e9e de cr\u00e8me blanchissante pour le visage et appliquez-la uniform\u00e9ment sur le visage en tapotant jusqu&#039;\u00e0 absorption.<\/p>\n\n\n\n<h2 class=\"wp-block-heading\">Prudence<\/h2>\n\n\n\n<p><strong>1. Un test cutan\u00e9 est recommand\u00e9 : <\/strong>Avant la premi\u00e8re utilisation, essayez une petite quantit\u00e9 derri\u00e8re l&#039;oreille ou le poignet, observez pendant 24 heures et assurez-vous qu&#039;il n&#039;y a pas de rougeur, de gonflement ou d&#039;allergie avant de l&#039;utiliser sur l&#039;ensemble du visage.<\/p>\n\n\n\n<p><strong>2. \u00c9viter le contact avec les yeux : <\/strong>Il est d\u00e9conseill\u00e9 d&#039;appliquer la cr\u00e8me \u00e9claircissante sur le contour des yeux. En cas de contact accidentel avec les yeux, rincez imm\u00e9diatement \u00e0 l&#039;eau claire.<\/p>\n\n\n\n<p><strong>3. \u00c9vitez d\u2019utiliser des produits contenant des ingr\u00e9dients fortement acides :<\/strong> Les produits contenant de l&#039;acide de fruit ou de l&#039;acide salicylique peuvent \u00eatre incompatibles avec les ingr\u00e9dients des cr\u00e8mes \u00e9claircissantes pour le visage. Il est recommand\u00e9 de les utiliser \u00e0 des moments diff\u00e9rents pour \u00e9viter toute irritation ou atteinte de la barri\u00e8re cutan\u00e9e.<\/p>\n\n\n\n<p><strong>4. Conserver dans un endroit frais et sec :<\/strong> \u00c9vitez la lumi\u00e8re directe du soleil ou les temp\u00e9ratures \u00e9lev\u00e9es lors du stockage de ce produit. Il est conseill\u00e9 de le conserver herm\u00e9tiquement afin de pr\u00e9server l&#039;activit\u00e9 des ingr\u00e9dients.<\/p>\n\n\n\n<h2 class=\"wp-block-heading\">Conclusion<\/h2>\n\n\n\n<p>La Cr\u00e8me Visage Blanchissante est une cr\u00e8me \u00e9claircissante et hydratante qui utilise divers ingr\u00e9dients actifs tels que la niacinamide, l&#039;extrait de r\u00e9glisse et des d\u00e9riv\u00e9s de vitamine C pour uniformiser efficacement le teint et att\u00e9nuer les imperfections. Sa texture l\u00e9g\u00e8re convient \u00e0 tous les types de peau.<\/p>","protected":false},"excerpt":{"rendered":"Whitening Face Cream Manufacturing Common Formulas As a professional manufacturer of whitening face cream, we select a variety of natural whitening active ingredients, such as niacinamide, arbutin, etc., which work synergistically. These ingredients can not only inhibit the formation of melanin, but also have moisturizing and anti-oxidation effects, allowing the skin to maintain luster and [&hellip;]","protected":false},"featured_media":3500,"menu_order":0,"template":"","meta":[],"product-tag":[],"products":[161],"class_list":["post-3499","product","type-product","status-publish","has-post-thumbnail","hentry","products-face-cream"],"acf":[],"_links":{"self":[{"href":"https:\/\/www.ruiqigo.com\/fr\/wp-json\/wp\/v2\/product\/3499","targetHints":{"allow":["GET"]}}],"collection":[{"href":"https:\/\/www.ruiqigo.com\/fr\/wp-json\/wp\/v2\/product"}],"about":[{"href":"https:\/\/www.ruiqigo.com\/fr\/wp-json\/wp\/v2\/types\/product"}],"version-history":[{"count":0,"href":"https:\/\/www.ruiqigo.com\/fr\/wp-json\/wp\/v2\/product\/3499\/revisions"}],"wp:featuredmedia":[{"embeddable":true,"href":"https:\/\/www.ruiqigo.com\/fr\/wp-json\/wp\/v2\/media\/3500"}],"wp:attachment":[{"href":"https:\/\/www.ruiqigo.com\/fr\/wp-json\/wp\/v2\/media?parent=3499"}],"wp:term":[{"taxonomy":"product-tag","embeddable":true,"href":"https:\/\/www.ruiqigo.com\/fr\/wp-json\/wp\/v2\/product-tag?post=3499"},{"taxonomy":"products","embeddable":true,"href":"https:\/\/www.ruiqigo.com\/fr\/wp-json\/wp\/v2\/products?post=3499"}],"curies":[{"name":"wp","href":"https:\/\/api.w.org\/{rel}","templated":true}]}}