{"id":3504,"date":"2025-06-05T16:01:37","date_gmt":"2025-06-05T08:01:37","guid":{"rendered":"https:\/\/www.ruiqigo.com\/?post_type=product&#038;p=3504"},"modified":"2025-06-05T16:01:38","modified_gmt":"2025-06-05T08:01:38","slug":"hydrating-eye-cream","status":"publish","type":"product","link":"https:\/\/www.ruiqigo.com\/fr\/product\/hydrating-eye-cream","title":{"rendered":"Cr\u00e8me hydratante pour les yeux"},"content":{"rendered":"<h2 class=\"wp-block-heading\">Formules courantes de fabrication de cr\u00e8mes hydratantes pour les yeux<\/h2>\n\n\n\n<p>Notre cr\u00e8me hydratante pour les yeux utilise une vari\u00e9t\u00e9 d&#039;ingr\u00e9dients actifs hautement efficaces et doux, tels que l&#039;acide hyaluronique, la vitamine E, la niacinamide, etc., combin\u00e9s \u00e0 une technologie moderne de soins de la peau, pour r\u00e9guler et r\u00e9parer avec pr\u00e9cision les probl\u00e8mes tels que les yeux secs et les gonflements.<\/p>\n\n\n\n<p><strong>1. Acide hyaluronique :<\/strong> L&#039;acide hyaluronique \u00e0 petites mol\u00e9cules peut p\u00e9n\u00e9trer rapidement dans la couche inf\u00e9rieure de l&#039;\u0153il, hydrater en profondeur et retenir l&#039;humidit\u00e9 pendant une longue p\u00e9riode, am\u00e9liorant consid\u00e9rablement la s\u00e9cheresse et la tension autour des yeux, cr\u00e9ant un environnement humide durable autour des yeux et emp\u00eachant la formation de rides s\u00e8ches.<\/p>\n\n\n\n<p><strong>2. Vitamine E : <\/strong>La vitamine E est un ingr\u00e9dient dot\u00e9 d&#039;un fort pouvoir antioxydant. Elle neutralise les radicaux libres, r\u00e9pare les dommages cutan\u00e9s, ralentit l&#039;apparition des ridules autour des yeux et prot\u00e8ge la peau fragile des agressions ext\u00e9rieures.&nbsp;<\/p>\n\n\n\n<p><strong>3. Niacinamide :<\/strong> La niacinamide peut \u00e9claircir le teint, am\u00e9liorer la peau terne et la pigmentation, rendre la peau autour des yeux plus lumineuse et plus uniforme, am\u00e9liorer la fonction barri\u00e8re cutan\u00e9e et r\u00e9duire la perte d&#039;humidit\u00e9.&nbsp;<\/p>\n\n\n\n<p><strong>4. C\u00e9ramide : <\/strong>C&#039;est un composant important de la barri\u00e8re cutan\u00e9e. Il peut r\u00e9parer efficacement la barri\u00e8re cutan\u00e9e endommag\u00e9e, am\u00e9liorer l&#039;hydratation et les d\u00e9fenses naturelles de la peau, et est particuli\u00e8rement adapt\u00e9 aux peaux s\u00e8ches et sensibles du contour des yeux.&nbsp;<\/p>\n\n\n\n<p><strong>5. Glyc\u00e9rine : <\/strong>La glyc\u00e9rine est un hydratant classique. Elle capte l&#039;humidit\u00e9 de l&#039;air et la retient, renfor\u00e7ant ainsi l&#039;effet synergique des autres ingr\u00e9dients hydratants et prolongeant l&#039;hydratation apr\u00e8s utilisation.&nbsp;<\/p>\n\n\n\n<h2 class=\"wp-block-heading\">Les fonctions de la cr\u00e8me hydratante pour les yeux<\/h2>\n\n\n\n<p>Les avantages de la cr\u00e8me hydratante contour des yeux se refl\u00e8tent non seulement dans la qualit\u00e9 de ses ingr\u00e9dients, mais aussi dans la stabilit\u00e9 exceptionnelle de sa formule et son agr\u00e9able sensation de confort. Gr\u00e2ce \u00e0 sa technologie d&#039;absorption efficace et \u00e0 sa texture douce, elle convient \u00e0 tous les types de peau et peut \u00eatre utilis\u00e9e en compl\u00e9ment de nombreux programmes de soins.&nbsp;<\/p>\n\n\n\n<p><strong>1. Texture l\u00e9g\u00e8re et absorption rapide :<\/strong> La Cr\u00e8me Contour des Yeux Hydratante a une texture cr\u00e9meuse, l\u00e9g\u00e8re et d\u00e9licate, facile \u00e0 absorber et n&#039;obstrue pas les pores. Elle ne laisse pas de sensation collante apr\u00e8s utilisation et convient \u00e0 tous les types de peau.&nbsp;<\/p>\n\n\n\n<p><strong>2. Formule douce et s\u00fbre : <\/strong>La formule compl\u00e8te de ce produit a pass\u00e9 avec succ\u00e8s les tests de s\u00e9curit\u00e9 cutan\u00e9e et ne contient aucun ingr\u00e9dient irritant comme l&#039;alcool ou le parfum. Les personnes ayant la peau sensible ou allergique peuvent \u00e9galement l&#039;utiliser en toute confiance.&nbsp;<\/p>\n\n\n\n<p><strong>3. Ingr\u00e9dients synergiques et effets efficaces : <\/strong>Plusieurs ingr\u00e9dients actifs sont combin\u00e9s dans la cr\u00e8me hydratante pour les yeux pour se compl\u00e9ter, renfor\u00e7ant conjointement le pouvoir hydratant et r\u00e9parateur et am\u00e9liorant l&#039;effet du produit.&nbsp;<\/p>\n\n\n\n<p><strong>4. Soins de la peau toute la journ\u00e9e : <\/strong>La cr\u00e8me hydratante contour des yeux peut \u00eatre utilis\u00e9e matin et soir. Elle illumine et hydrate le jour, et r\u00e9pare et hydrate la nuit. Une seule cr\u00e8me a de multiples usages et peut efficacement augmenter la fid\u00e9lit\u00e9 et le taux de renouvellement.&nbsp;<\/p>\n\n\n\n<p><strong>5. Peut \u00eatre utilis\u00e9 avec d\u2019autres produits : <\/strong>La cr\u00e8me hydratante pour les yeux peut non seulement \u00eatre utilis\u00e9e avec un \u00e9quipement de beaut\u00e9, mais \u00e9galement avec une essence, une cr\u00e8me et un masque pour les yeux pour cr\u00e9er un syst\u00e8me complet de soins de la peau et am\u00e9liorer l&#039;effet des soins de la peau des yeux.<\/p>\n\n\n\n<h2 class=\"wp-block-heading\">Comment utiliser la cr\u00e8me hydratante pour les yeux<\/h2>\n\n\n\n<p>Pour un soin optimal des yeux, nous recommandons l&#039;utilisation d&#039;une cr\u00e8me hydratante pour les yeux matin et soir. Une utilisation r\u00e9guli\u00e8re et prolong\u00e9e peut contribuer \u00e0 am\u00e9liorer significativement la s\u00e9cheresse cutan\u00e9e, les gonflements et autres probl\u00e8mes, tout en pr\u00e9servant l&#039;hydratation et la douceur du contour de l&#039;\u0153il.<\/p>\n\n\n\n<p><strong>1. Nettoyez la peau autour de vos yeux : <\/strong>Utilisez un nettoyant doux pour nettoyer en profondeur la peau autour de vos yeux afin d\u2019\u00e9liminer l\u2019huile et d\u2019\u00e9viter d\u2019obstruer les pores lors des proc\u00e9dures de soins de la peau ult\u00e9rieures.&nbsp;<\/p>\n\n\n\n<p><strong>2. Utiliser du toner : <\/strong>Appliquez d\u00e9licatement le tonique sur la peau du visage et des yeux pour cr\u00e9er une bonne base pour les soins ult\u00e9rieurs des yeux.&nbsp;<\/p>\n\n\n\n<p><strong>3. Pr\u00e9levez une quantit\u00e9 appropri\u00e9e de cr\u00e8me pour les yeux : <\/strong>Utilisez votre annulaire pour pr\u00e9lever une quantit\u00e9 de cr\u00e8me pour les yeux de la taille d&#039;un grain de riz, appliquez-la sur la peau autour des yeux, puis massez et tapotez doucement du bout des doigts pour favoriser l&#039;absorption, mais ne tirez pas excessivement sur la peau.&nbsp;<\/p>\n\n\n\n<p><strong>4. Utiliser avec d\u2019autres produits :<\/strong> Apr\u00e8s avoir utilis\u00e9 la cr\u00e8me pour les yeux, vous pouvez continuer \u00e0 utiliser d&#039;autres produits hydratants et hydratants, comme la cr\u00e8me pour le visage, pour un soin complet de la peau et un maintien de l&#039;hydratation.&nbsp;<\/p>\n\n\n\n<h2 class=\"wp-block-heading\">Prudence<\/h2>\n\n\n\n<p><strong>1. Test de sensibilit\u00e9 : <\/strong>Avant d&#039;utiliser une cr\u00e8me hydratante pour les yeux, il n&#039;est pas n\u00e9cessaire de r\u00e9aliser un test de sensibilit\u00e9 cutan\u00e9e, surtout pour les nouveaux utilisateurs. Il est conseill\u00e9 de tester une petite quantit\u00e9 derri\u00e8re l&#039;oreille ou le poignet pour s&#039;assurer de l&#039;absence de g\u00eane avant l&#039;application sur le contour des yeux.&nbsp;<\/p>\n\n\n\n<p><strong>2. \u00c9viter le contact avec les yeux : <\/strong>\u00c9tant donn\u00e9 que ce produit agit sur le contour des yeux, veillez \u00e0 l&#039;utiliser avec pr\u00e9caution et \u00e9vitez le contour des yeux et la base des cils. En cas de contact accidentel avec les yeux, rincez-les imm\u00e9diatement \u00e0 l&#039;eau claire pour \u00e9viter toute irritation suppl\u00e9mentaire.&nbsp;<\/p>\n\n\n\n<p><strong>3. Ne pas abuser :<\/strong> La peau du contour des yeux est fine et une utilisation excessive peut facilement entra\u00eener la formation de boue. Il est recommand\u00e9 de ne pas utiliser plus d&#039;un grain de riz \u00e0 chaque fois.<\/p>\n\n\n\n<p><strong>4. Conserver dans un endroit frais et sec : <\/strong>\u00c9vitez la lumi\u00e8re directe du soleil et les temp\u00e9ratures \u00e9lev\u00e9es pour garder les ingr\u00e9dients actifs.<\/p>\n\n\n\n<h2 class=\"wp-block-heading\">Conclusion<\/h2>\n\n\n\n<p>La Cr\u00e8me Hydratante Contour des Yeux est une cr\u00e8me hydratante efficace con\u00e7ue pour r\u00e9soudre les probl\u00e8mes tels que la s\u00e9cheresse oculaire, les poches et le teint terne. Elle a s\u00e9duit un grand nombre de consommateurs gr\u00e2ce \u00e0 sa formule douce et s\u00fbre, son effet soin significatif et son confort d&#039;utilisation. Une utilisation r\u00e9guli\u00e8re peut am\u00e9liorer efficacement la s\u00e9cheresse oculaire.<\/p>","protected":false},"excerpt":{"rendered":"Hydrating Eye Cream Manufacturing Common Formulas Our hydrating eye cream uses a variety of highly effective and gentle active ingredients, such as hyaluronic acid, vitamin E, niacinamide, etc., combined with modern skin care technology, to accurately regulate and repair problems such as dry eyes and swelling. 1. Hyaluronic acid: Small molecule hyaluronic acid can quickly [&hellip;]","protected":false},"featured_media":3505,"menu_order":0,"template":"","meta":[],"product-tag":[],"products":[162],"class_list":["post-3504","product","type-product","status-publish","has-post-thumbnail","hentry","products-eye-cream"],"acf":[],"_links":{"self":[{"href":"https:\/\/www.ruiqigo.com\/fr\/wp-json\/wp\/v2\/product\/3504","targetHints":{"allow":["GET"]}}],"collection":[{"href":"https:\/\/www.ruiqigo.com\/fr\/wp-json\/wp\/v2\/product"}],"about":[{"href":"https:\/\/www.ruiqigo.com\/fr\/wp-json\/wp\/v2\/types\/product"}],"version-history":[{"count":0,"href":"https:\/\/www.ruiqigo.com\/fr\/wp-json\/wp\/v2\/product\/3504\/revisions"}],"wp:featuredmedia":[{"embeddable":true,"href":"https:\/\/www.ruiqigo.com\/fr\/wp-json\/wp\/v2\/media\/3505"}],"wp:attachment":[{"href":"https:\/\/www.ruiqigo.com\/fr\/wp-json\/wp\/v2\/media?parent=3504"}],"wp:term":[{"taxonomy":"product-tag","embeddable":true,"href":"https:\/\/www.ruiqigo.com\/fr\/wp-json\/wp\/v2\/product-tag?post=3504"},{"taxonomy":"products","embeddable":true,"href":"https:\/\/www.ruiqigo.com\/fr\/wp-json\/wp\/v2\/products?post=3504"}],"curies":[{"name":"wp","href":"https:\/\/api.w.org\/{rel}","templated":true}]}}