{"id":351,"date":"2024-07-08T10:26:59","date_gmt":"2024-07-08T02:26:59","guid":{"rendered":"https:\/\/ruiqigo.com\/?post_type=product&#038;p=351"},"modified":"2024-10-28T11:36:11","modified_gmt":"2024-10-28T03:36:11","slug":"antibacterial-body-wash","status":"publish","type":"product","link":"https:\/\/www.ruiqigo.com\/fr\/product\/antibacterial-body-wash","title":{"rendered":"Gel douche antibact\u00e9rien"},"content":{"rendered":"<h3 class=\"wp-block-heading\">Gel douche antibact\u00e9rien Formules courantes<\/h3>\n\n\n\n<p>Les principaux ingr\u00e9dients de ce gel douche antibact\u00e9rien sont l&#039;extrait de calendula et l&#039;extrait de Centella asiatica. Le calendula est riche en flavono\u00efdes, qui ont d&#039;excellentes propri\u00e9t\u00e9s antibact\u00e9riennes et peuvent inhiber efficacement la croissance des bact\u00e9ries. La Centella asiatica est riche en polysaccharides et en acides amin\u00e9s qui nourrissent la peau en profondeur et am\u00e9liorent la s\u00e9cheresse. Ces deux extraits de plantes naturelles agissent ensemble pour fournir un soin nettoyant complet \u00e0 votre peau, la gardant propre et rafra\u00eechie \u00e0 tout moment. En m\u00eame temps, le produit est formul\u00e9 avec des ingr\u00e9dients nettoyants doux pour nettoyer en profondeur les pores et rendre votre exp\u00e9rience de bain agr\u00e9able.<\/p>\n\n\n\n<h3 class=\"wp-block-heading\">Gel douche antibact\u00e9rien Sc\u00e9narios applicables<\/h3>\n\n\n\n<p>Ce gel douche antibact\u00e9rien est un gel douche toutes saisons, sp\u00e9cialement con\u00e7u pour les situations qui n\u00e9cessitent une hygi\u00e8ne antibact\u00e9rienne. Pendant les mois d&#039;\u00e9t\u00e9 chauds et humides, il inhibe la croissance bact\u00e9rienne et procure des soins de la peau frais et propres ; pendant les mois d&#039;hiver froids et secs, ses riches ingr\u00e9dients hydratants nourrissent la peau et soulagent la s\u00e9cheresse caus\u00e9e par le froid. Sp\u00e9cialement con\u00e7u pour les amateurs de sport, il offre un nettoyage en profondeur et un soin antibact\u00e9rien de la peau apr\u00e8s l&#039;entra\u00eenement, vous permettant de profiter de la fra\u00eecheur et du confort \u00e0 tout moment.<\/p>\n\n\n\n<h3 class=\"wp-block-heading\">\u00c0 qui s&#039;adresse le gel douche antibact\u00e9rien<\/h3>\n\n\n\n<p>Ce gel douche antibact\u00e9rien est con\u00e7u pour les personnes qui ont besoin de soins cutan\u00e9s suppl\u00e9mentaires, en particulier pour les peaux sensibles, sujettes \u00e0 l&#039;ecz\u00e9ma ou ayant des besoins de nettoyage particuliers. Sa formule douce combat efficacement les bact\u00e9ries tout en nourrissant la peau, ce qui la rend adapt\u00e9e \u00e0 une utilisation quotidienne par toute la famille pour am\u00e9liorer l&#039;hygi\u00e8ne personnelle. Il convient \u00e9galement \u00e0 ceux qui aiment faire de l&#039;exercice, en procurant un nettoyage en profondeur et un soin antibact\u00e9rien \u00e0 la peau apr\u00e8s une s\u00e9ance d&#039;entra\u00eenement.<\/p>\n\n\n\n<h3 class=\"wp-block-heading\">Processus de production du gel douche antibact\u00e9rien<\/h3>\n\n\n\n<p>La production de ce gel douche antibact\u00e9rien utilise un processus d&#039;extraction d\u00e9licat pour pr\u00e9server les principes actifs des extraits de calendula et de centella asiatica. L&#039;ensemble du processus est r\u00e9alis\u00e9 dans un environnement aseptique pour garantir la puret\u00e9 du produit. Dans le m\u00eame temps, un traitement \u00e0 basse temp\u00e9rature est utilis\u00e9 pour \u00e9viter la destruction des principes actifs, garantissant ainsi l&#039;effet antibact\u00e9rien et apaisant tr\u00e8s efficace du gel douche.<\/p>","protected":false},"excerpt":{"rendered":"Antibacterial body wash Common Formulas The core ingredients of this antibacterial body wash are calendula extract and Centella asiatica extract. Calendula is rich in flavonoids, which have excellent antibacterial properties and can effectively inhibit the growth of bacteria. Centella asiatica is rich in polysaccharides and amino acids that deeply nourish the skin and improve dryness. [&hellip;]","protected":false},"featured_media":352,"menu_order":0,"template":"","meta":[],"product-tag":[],"products":[57],"class_list":["post-351","product","type-product","status-publish","has-post-thumbnail","hentry","products-body-wash"],"acf":[],"_links":{"self":[{"href":"https:\/\/www.ruiqigo.com\/fr\/wp-json\/wp\/v2\/product\/351","targetHints":{"allow":["GET"]}}],"collection":[{"href":"https:\/\/www.ruiqigo.com\/fr\/wp-json\/wp\/v2\/product"}],"about":[{"href":"https:\/\/www.ruiqigo.com\/fr\/wp-json\/wp\/v2\/types\/product"}],"version-history":[{"count":0,"href":"https:\/\/www.ruiqigo.com\/fr\/wp-json\/wp\/v2\/product\/351\/revisions"}],"wp:featuredmedia":[{"embeddable":true,"href":"https:\/\/www.ruiqigo.com\/fr\/wp-json\/wp\/v2\/media\/352"}],"wp:attachment":[{"href":"https:\/\/www.ruiqigo.com\/fr\/wp-json\/wp\/v2\/media?parent=351"}],"wp:term":[{"taxonomy":"product-tag","embeddable":true,"href":"https:\/\/www.ruiqigo.com\/fr\/wp-json\/wp\/v2\/product-tag?post=351"},{"taxonomy":"products","embeddable":true,"href":"https:\/\/www.ruiqigo.com\/fr\/wp-json\/wp\/v2\/products?post=351"}],"curies":[{"name":"wp","href":"https:\/\/api.w.org\/{rel}","templated":true}]}}