{"id":3542,"date":"2025-06-06T15:37:19","date_gmt":"2025-06-06T07:37:19","guid":{"rendered":"https:\/\/www.ruiqigo.com\/?post_type=product&#038;p=3542"},"modified":"2025-06-06T15:37:20","modified_gmt":"2025-06-06T07:37:20","slug":"silicone-bath-brush","status":"publish","type":"product","link":"https:\/\/www.ruiqigo.com\/fr\/product\/silicone-bath-brush","title":{"rendered":"Brosse de bain en silicone"},"content":{"rendered":"<h2 class=\"wp-block-heading\">Caract\u00e9ristiques de la brosse de bain en silicone<\/h2>\n\n\n\n<p>Une brosse de bain en silicone est un outil de nettoyage principalement compos\u00e9 de silicone. Elle pr\u00e9sente de nombreuses caract\u00e9ristiques telles que douceur, durabilit\u00e9 et grande efficacit\u00e9. Compar\u00e9es aux brosses traditionnelles en plastique, les brosses de bain en silicone sont plus douces et respectueuses de la peau, et ne l&#039;irritent ni ne la grattent facilement. Certains produits sont \u00e9galement \u00e9quip\u00e9s de crochets ou de particules massantes pour r\u00e9pondre aux diff\u00e9rents besoins du bain.<\/p>\n\n\n\n<p><strong>1. Doux et s\u00fbr :<\/strong> Les brosses de bain en silicone sont g\u00e9n\u00e9ralement fabriqu\u00e9es en silicone de qualit\u00e9 alimentaire ou m\u00e9dicale, qui est respectueux de l&#039;environnement, s\u00fbr, doux et non toxique.&nbsp;<\/p>\n\n\n\n<p><strong>2. Doux et \u00e9lastique : <\/strong>Le mat\u00e9riau en silicone est tr\u00e8s doux, les poils sont \u00e9galement flexibles et denses, avec une excellente \u00e9lasticit\u00e9, pas faciles \u00e0 endommager et une excellente durabilit\u00e9.&nbsp;<\/p>\n\n\n\n<p><strong>3. Facile \u00e0 nettoyer :<\/strong> La brosse de bain en silicone est r\u00e9sistante aux taches et ne cache pas facilement la salet\u00e9. Elle s\u00e8che rapidement apr\u00e8s le lavage, \u00e9vitant ainsi la prolif\u00e9ration bact\u00e9rienne et garantissant sa durabilit\u00e9.&nbsp;<\/p>\n\n\n\n<p><strong>4. Peut \u00eatre r\u00e9utilis\u00e9 : <\/strong>La brosse de bain en silicone est durable, r\u00e9sistante aux temp\u00e9ratures \u00e9lev\u00e9es et ne vieillit pas facilement, elle peut donc \u00eatre r\u00e9utilis\u00e9e et a une longue dur\u00e9e de vie.<\/p>\n\n\n\n<h2 class=\"wp-block-heading\">Avantages de la brosse de bain en silicone<\/h2>\n\n\n\n<p>La brosse de bain en silicone pr\u00e9sente de nombreux avantages significatifs en termes de pouvoir nettoyant, de durabilit\u00e9, d&#039;hygi\u00e8ne, etc., combinant les avantages d&#039;un lavage doux et d&#039;un nettoyage en profondeur. <\/p>\n\n\n\n<p><strong>1. Nettoyage en profondeur respectueux de la peau : <\/strong>Les poils sont doux et denses, sans irriter ni frotter excessivement la peau. Ils nettoient efficacement les pores et le s\u00e9bum de la peau.&nbsp;<\/p>\n\n\n\n<p><strong>2. Haute durabilit\u00e9 : <\/strong>Le silicone offre une excellente r\u00e9sistance aux hautes temp\u00e9ratures et une grande durabilit\u00e9, tout en pr\u00e9venant le vieillissement. Il est parfaitement adapt\u00e9 aux salles de bains chaudes et humides, et sa dur\u00e9e de vie est bien sup\u00e9rieure \u00e0 celle des brosses de bain en plastique ordinaires.&nbsp;<\/p>\n\n\n\n<p><strong>3. Bonnes propri\u00e9t\u00e9s antibact\u00e9riennes : <\/strong>Le mat\u00e9riau en silicone poss\u00e8de naturellement d&#039;excellentes propri\u00e9t\u00e9s antibact\u00e9riennes, ne favorise pas facilement la prolif\u00e9ration des bact\u00e9ries et des moisissures et garantit l&#039;hygi\u00e8ne et la sant\u00e9 pendant l&#039;utilisation.&nbsp;<\/p>\n\n\n\n<p><strong>4. Facile \u00e0 nettoyer : <\/strong>La brosse de bain en silicone peut \u00eatre nettoy\u00e9e en la rin\u00e7ant simplement apr\u00e8s utilisation, ce qui est tr\u00e8s pratique et peut \u00e9viter les r\u00e9sidus de mousse et de salet\u00e9.&nbsp;<\/p>\n\n\n\n<p><strong>5. Large applicabilit\u00e9 : <\/strong>La brosse de bain en silicone convient \u00e0 tous les types de peau, des enfants aux adultes, en passant par les personnes \u00e2g\u00e9es. M\u00eame les peaux sensibles peuvent l&#039;utiliser en toute confiance et sans g\u00eane.<\/p>\n\n\n\n<h2 class=\"wp-block-heading\">Groupe cible de la brosse de bain en silicone<\/h2>\n\n\n\n<p>La brosse de bain en silicone convient aux personnes d&#039;\u00e2ges et de types de peau diff\u00e9rents, en particulier aux enfants, aux personnes \u00e2g\u00e9es, aux peaux sensibles et \u00e0 d&#039;autres groupes qui ont besoin d&#039;un lavage et de soins doux.<\/p>\n\n\n\n<p><strong>1. Nourrissons et enfants : <\/strong>Leur peau d\u00e9licate ne peut pas supporter une stimulation excessive, donc les poils en silicone d\u00e9licats et doux sont plus s\u00fbrs pour eux et n&#039;irriteront pas leur peau.&nbsp;<\/p>\n\n\n\n<p><strong>2. Personnes d\u2019\u00e2ge moyen et \u00e2g\u00e9es : <\/strong>Leur peau est plus fragile et ils ne peuvent pas utiliser une brosse de bain trop forte pour nettoyer leur corps, tandis qu&#039;une brosse de bain en silicone peut \u00eatre utilis\u00e9e plus confortablement.&nbsp;<\/p>\n\n\n\n<p><strong>3. Utilisateurs qui recherchent des soins corporels : <\/strong>Ils se concentrent sur l&#039;exp\u00e9rience de bain confortable et un bon effet de nettoyage du corps, et les brosses de bain en silicone peuvent r\u00e9aliser les deux.&nbsp;<\/p>\n\n\n\n<p><strong>4. Les personnes qui pratiquent fr\u00e9quemment des activit\u00e9s de plein air :<\/strong> Il peut nettoyer plus en profondeur et \u00e9liminer la sueur et les odeurs plus efficacement.<\/p>\n\n\n\n<h2 class=\"wp-block-heading\">Processus de production de brosses de bain en silicone<\/h2>\n\n\n\n<p>Les brosses de bain en silicone sont principalement produites par moulage par injection ou laminage monobloc. La densit\u00e9 et la pr\u00e9cision dimensionnelle des poils sont garanties par le moulage. Apr\u00e8s traitement de surface et polissage, le corps de la brosse est d\u00e9licat et les poils sont doux et non \u00e9pineux. Les bords et bavures superflus sont ensuite \u00e9limin\u00e9s pour garantir un aspect soign\u00e9. Enfin, les r\u00e9sidus de production sont soigneusement nettoy\u00e9s, puis st\u00e9rilis\u00e9s \u00e0 haute temp\u00e9rature, puis soumis \u00e0 des tests et inspections finales.&nbsp;<\/p>\n\n\n\n<p>L&#039;ensemble du processus subit de multiples inspections de qualit\u00e9 et polissage pour garantir un traitement de surface de haute qualit\u00e9 et une coh\u00e9rence de forme, r\u00e9pondre \u00e0 la production de masse et aux divers besoins de personnalisation, et garantir que les produits r\u00e9pondent aux normes, sont imperm\u00e9ables et r\u00e9sistants \u00e0 la moisissure et durables.<\/p>\n\n\n\n<h2 class=\"wp-block-heading\">Applications de la brosse de bain en silicone<\/h2>\n\n\n\n<p>La brosse de bain en silicone convient non seulement aux soins corporels quotidiens \u00e0 domicile, mais \u00e9galement \u00e0 une vari\u00e9t\u00e9 de sc\u00e9narios de bain et de soins corporels, aux h\u00f4tels, aux salons de beaut\u00e9 et \u00e0 d&#039;autres centres de soins.<\/p>\n\n\n\n<p><strong>1. Bain et nettoyage \u00e0 domicile : <\/strong>Une brosse de bain en silicone peut remplacer les serviettes de bain traditionnelles, qui sont plus douces et plus hygi\u00e9niques.<\/p>\n\n\n\n<p><strong>2. Articles de toilette de voyage :<\/strong> La brosse de bain en silicone est petite et l\u00e9g\u00e8re, efficace et tr\u00e8s adapt\u00e9e aux voyages d&#039;affaires et aux voyages.<\/p>\n\n\n\n<p><strong>3. Configuration des produits de bain de l&#039;h\u00f4tel : <\/strong>L&#039;h\u00f4tel configure ce produit pour am\u00e9liorer l&#039;exp\u00e9rience de bain du client, r\u00e9pondre aux besoins de bain personnalis\u00e9s du client et r\u00e9pondre \u00e0 la configuration des fournitures de chambre haut de gamme.<\/p>\n\n\n\n<p><strong>4. Coffret cadeau de soins personnels : <\/strong>La brosse de bain en silicone convient \u00e0 une utilisation dans des ensembles combin\u00e9s de soins personnels et peut \u00eatre utilis\u00e9e comme un \u00e9l\u00e9ment important lors d&#039;un cadeau.<\/p>\n\n\n\n<h2 class=\"wp-block-heading\">Comment utiliser la brosse de bain en silicone<\/h2>\n\n\n\n<p>La brosse de bain en silicone est facile \u00e0 utiliser et convient \u00e0 divers besoins de nettoyage. Elle peut \u00eatre utilis\u00e9e avec du gel douche ou de l&#039;eau pour un nettoyage quotidien complet. Elle convient \u00e0 tout le corps, y compris le dos, les jambes et les bras.<\/p>\n\n\n\n<p><strong>1. Mouillez la brosse et le corps :<\/strong> Mouillez le corps et la brosse de bain avec de l&#039;eau ti\u00e8de pour adoucir progressivement la surface de la peau.<\/p>\n\n\n\n<p><strong>2. Ajoutez du gel douche : <\/strong>D\u00e9posez le gel douche sur la surface de la brosse, frottez d\u00e9licatement pour faire des bulles et frottez d\u00e9licatement les parties du corps en mouvements circulaires ou d&#039;avant en arri\u00e8re. Vous pouvez utiliser le dos de la brosse pour masser les \u00e9paules, le cou ou les jambes avec la force appropri\u00e9e.<\/p>\n\n\n\n<p><strong>3. Nettoyez la brosse de bain : <\/strong>Apr\u00e8s avoir nettoy\u00e9 le corps, nettoyez soigneusement la surface de la brosse et s\u00e9chez-la pour garder la brosse de bain hygi\u00e9nique et emp\u00eacher la croissance de bact\u00e9ries ou de moisissures.<\/p>\n\n\n\n<p><strong>4. Rangement suspendu : <\/strong>Utilisez le trou de suspension ou la ventouse de la brosse de bain en silicone pour la fixer au mur afin d&#039;\u00e9viter l&#039;accumulation d&#039;humidit\u00e9 et de bact\u00e9ries dans un environnement humide.<\/p>","protected":false},"excerpt":{"rendered":"Silicone Bath Brush Features A silicone bath brush is a bath cleaning tool made of silicone as the main material. It has many characteristics such as softness, durability, and high efficiency. Compared with traditional plastic brushes, silicone bath brushes are more gentle and skin-friendly, and are not easy to irritate or scratch the skin. Some [&hellip;]","protected":false},"featured_media":3552,"menu_order":0,"template":"","meta":[],"product-tag":[],"products":[166],"class_list":["post-3542","product","type-product","status-publish","has-post-thumbnail","hentry","products-bath-brush"],"acf":[],"_links":{"self":[{"href":"https:\/\/www.ruiqigo.com\/fr\/wp-json\/wp\/v2\/product\/3542","targetHints":{"allow":["GET"]}}],"collection":[{"href":"https:\/\/www.ruiqigo.com\/fr\/wp-json\/wp\/v2\/product"}],"about":[{"href":"https:\/\/www.ruiqigo.com\/fr\/wp-json\/wp\/v2\/types\/product"}],"version-history":[{"count":0,"href":"https:\/\/www.ruiqigo.com\/fr\/wp-json\/wp\/v2\/product\/3542\/revisions"}],"wp:featuredmedia":[{"embeddable":true,"href":"https:\/\/www.ruiqigo.com\/fr\/wp-json\/wp\/v2\/media\/3552"}],"wp:attachment":[{"href":"https:\/\/www.ruiqigo.com\/fr\/wp-json\/wp\/v2\/media?parent=3542"}],"wp:term":[{"taxonomy":"product-tag","embeddable":true,"href":"https:\/\/www.ruiqigo.com\/fr\/wp-json\/wp\/v2\/product-tag?post=3542"},{"taxonomy":"products","embeddable":true,"href":"https:\/\/www.ruiqigo.com\/fr\/wp-json\/wp\/v2\/products?post=3542"}],"curies":[{"name":"wp","href":"https:\/\/api.w.org\/{rel}","templated":true}]}}