{"id":356,"date":"2024-07-08T10:08:37","date_gmt":"2024-07-08T02:08:37","guid":{"rendered":"https:\/\/ruiqigo.com\/?post_type=product&#038;p=356"},"modified":"2024-10-28T15:39:54","modified_gmt":"2024-10-28T07:39:54","slug":"raw-sugar-body-wash","status":"publish","type":"product","link":"https:\/\/www.ruiqigo.com\/fr\/product\/raw-sugar-body-wash","title":{"rendered":"Gel douche au sucre brut"},"content":{"rendered":"<h3 class=\"wp-block-heading\">Fabrication de gel douche au sucre brut Formules courantes<\/h3>\n\n\n\n<p>L&#039;ingr\u00e9dient principal de ce gel douche au sucre brut est le sucre brut naturel. Riche en sucres, min\u00e9raux, vitamines et autres nutriments, le sucre brut nettoie et \u00e9limine en douceur tous les types d&#039;impuret\u00e9s et d&#039;exfoliants, tout en procurant une excellente hydratation et un soulagement de la s\u00e9cheresse. Nous avons \u00e9galement ajout\u00e9 des ingr\u00e9dients nettoyants doux \u00e0 la formule pour am\u00e9liorer encore son effet nettoyant, laissant votre peau avec un \u00e9clat propre et radieux. De plus, des extraits de plantes naturelles sont ajout\u00e9s pour nourrir davantage la peau.<\/p>\n\n\n\n<h3 class=\"wp-block-heading\">Sc\u00e9narios applicables au gel douche au sucre brut<\/h3>\n\n\n\n<p>Ce gel douche au sucre brut est un gel douche toute la journ\u00e9e avec de riches ingr\u00e9dients hydratants pour aider \u00e0 soulager la s\u00e9cheresse caus\u00e9e par les temp\u00e9ratures \u00e9lev\u00e9es. Pendant les mois froids et secs de l&#039;hiver, sa formule nettoyante douce nettoie la peau en profondeur tandis que les ingr\u00e9dients hydratants assurent un soin complet de la peau et un soulagement des probl\u00e8mes de peau li\u00e9s au froid.<\/p>\n\n\n\n<h3 class=\"wp-block-heading\">\u00c0 qui s&#039;adresse le gel douche au sucre brut<\/h3>\n\n\n\n<p>Gr\u00e2ce \u00e0 ses propri\u00e9t\u00e9s exfoliantes et hydratantes naturelles, le gel douche Raw Sugar convient aux personnes qui recherchent des r\u00e9sultats naturels en mati\u00e8re de soins de la peau. Il convient particuli\u00e8rement aux personnes dont la peau doit \u00eatre nettoy\u00e9e et nourrie en douceur, comme les peaux s\u00e8ches ou sensibles, ainsi qu&#039;aux consommateurs qui pr\u00e9f\u00e8rent les produits \u00e0 base d&#039;ingr\u00e9dients naturels. Il convient \u00e9galement \u00e0 ceux qui appr\u00e9cient les soins de spa qui offrent un soin complet \u00e0 leur peau.<\/p>\n\n\n\n<h3 class=\"wp-block-heading\">Processus de production du gel douche au sucre brut<\/h3>\n\n\n\n<p>Le gel douche au sucre brut est fabriqu\u00e9 \u00e0 partir d&#039;une combinaison de savoir-faire traditionnel et de technologie moderne, en s\u00e9lectionnant \u00e0 la main du sucre brut de haute qualit\u00e9 et en le combinant avec une m\u00e9thode d&#039;extraction \u00e0 basse temp\u00e9rature afin de pr\u00e9server ses ingr\u00e9dients exfoliants et hydratants naturels. Un contr\u00f4le qualit\u00e9 strict pendant la production garantit l&#039;absence d&#039;additifs chimiques, offrant une exp\u00e9rience de bain pure et douce.<\/p>","protected":false},"excerpt":{"rendered":"Raw sugar body wash manufacturing Common Formulas The core ingredient of this raw sugar body wash is natural raw sugar. Rich in sugars, minerals, vitamins and other nutrients, Raw Sugar cleanses and gently removes all types of impurities and exfoliants, while providing excellent moisturization and relief from dryness. We&#8217;ve also added gentle cleansing ingredients to [&hellip;]","protected":false},"featured_media":357,"menu_order":0,"template":"","meta":[],"product-tag":[],"products":[57],"class_list":["post-356","product","type-product","status-publish","has-post-thumbnail","hentry","products-body-wash"],"acf":[],"_links":{"self":[{"href":"https:\/\/www.ruiqigo.com\/fr\/wp-json\/wp\/v2\/product\/356","targetHints":{"allow":["GET"]}}],"collection":[{"href":"https:\/\/www.ruiqigo.com\/fr\/wp-json\/wp\/v2\/product"}],"about":[{"href":"https:\/\/www.ruiqigo.com\/fr\/wp-json\/wp\/v2\/types\/product"}],"version-history":[{"count":0,"href":"https:\/\/www.ruiqigo.com\/fr\/wp-json\/wp\/v2\/product\/356\/revisions"}],"wp:featuredmedia":[{"embeddable":true,"href":"https:\/\/www.ruiqigo.com\/fr\/wp-json\/wp\/v2\/media\/357"}],"wp:attachment":[{"href":"https:\/\/www.ruiqigo.com\/fr\/wp-json\/wp\/v2\/media?parent=356"}],"wp:term":[{"taxonomy":"product-tag","embeddable":true,"href":"https:\/\/www.ruiqigo.com\/fr\/wp-json\/wp\/v2\/product-tag?post=356"},{"taxonomy":"products","embeddable":true,"href":"https:\/\/www.ruiqigo.com\/fr\/wp-json\/wp\/v2\/products?post=356"}],"curies":[{"name":"wp","href":"https:\/\/api.w.org\/{rel}","templated":true}]}}