{"id":3563,"date":"2025-06-06T16:25:54","date_gmt":"2025-06-06T08:25:54","guid":{"rendered":"https:\/\/www.ruiqigo.com\/?post_type=product&#038;p=3563"},"modified":"2025-06-09T09:21:28","modified_gmt":"2025-06-09T01:21:28","slug":"helichrysum-essential-oil","status":"publish","type":"product","link":"https:\/\/www.ruiqigo.com\/fr\/product\/helichrysum-essential-oil","title":{"rendered":"Huile essentielle d&#039;h\u00e9lichryse"},"content":{"rendered":"<h2 class=\"wp-block-heading\">Formules courantes de fabrication de l&#039;huile essentielle d&#039;h\u00e9lichryse<\/h2>\n\n\n\n<p>Nous sommes un fabricant professionnel d&#039;huile essentielle d&#039;h\u00e9lichryse. Nous utilisons des fleurs d&#039;h\u00e9lichryse de haute qualit\u00e9 comme mati\u00e8re premi\u00e8re et pratiquons la distillation \u00e0 la vapeur \u00e0 basse temp\u00e9rature pour maximiser la r\u00e9tention des principes actifs naturels tels que la dic\u00e9tone. Ces principes actifs naturels favorisent la circulation du cuir chevelu et r\u00e9parent les cheveux ab\u00eem\u00e9s.&nbsp;<\/p>\n\n\n\n<p><strong>1. Dic\u00e9tone : <\/strong>C&#039;est l&#039;un des ingr\u00e9dients uniques et essentiels de l&#039;huile essentielle d&#039;h\u00e9lichryse. Dot\u00e9e d&#039;un puissant pouvoir anti-inflammatoire, elle favorise efficacement la cicatrisation des plaies, estompe les cicatrices et les rougeurs, et est largement utilis\u00e9e dans les essences r\u00e9paratrices et les essences de soin du cuir chevelu.&nbsp;<\/p>\n\n\n\n<p><strong>2. G\u00e9raniol : <\/strong>Le g\u00e9raniol poss\u00e8de un effet \u00e9mollient naturel qui am\u00e9liore la douceur des cheveux. En soin capillaire, il contribue \u00e0 am\u00e9liorer leur brillance et \u00e0 r\u00e9duire les frisottis et les fourches.&nbsp;<\/p>\n\n\n\n<p><strong>3. Ac\u00e9tate de bornyle : <\/strong>C&#039;est un ingr\u00e9dient important de l&#039;huile essentielle d&#039;h\u00e9lichryse. Son excellent effet apaisant et anti-inflammatoire peut r\u00e9duire les rougeurs et la sensibilit\u00e9 cutan\u00e9es caus\u00e9es par le stress ou les facteurs environnementaux. Parall\u00e8lement, il apaise le cuir chevelu et r\u00e9duit les d\u00e9mangeaisons et les tiraillements.&nbsp;&nbsp;<\/p>\n\n\n\n<p><strong>4. \u03b1-pin\u00e8ne :<\/strong> Il a d&#039;excellents effets nettoyants et antibact\u00e9riens, peut purifier les pores et l&#039;environnement du cuir chevelu, am\u00e9liorer la s\u00e9cr\u00e9tion d&#039;huile et les probl\u00e8mes de pellicules, et peut \u00e9galement apaiser la peau.&nbsp;<\/p>\n\n\n\n<p><strong>5. Linalol :<\/strong> Il poss\u00e8de des propri\u00e9t\u00e9s nettoyantes et antibact\u00e9riennes. Il r\u00e9gule la s\u00e9cr\u00e9tion de s\u00e9bum, purifie les pores, am\u00e9liore la folliculite caus\u00e9e par l&#039;obstruction des s\u00e9bums et favorise la sant\u00e9 des cheveux.<\/p>\n\n\n\n<h2 class=\"wp-block-heading\">Les fonctions de l\u2019huile essentielle d\u2019h\u00e9lichryse<\/h2>\n\n\n\n<p>L&#039;huile essentielle d&#039;h\u00e9lichryse est un produit phare indispensable dans les soins capillaires haut de gamme en raison de ses excellents ingr\u00e9dients actifs et de son processus d&#039;extraction sophistiqu\u00e9.<\/p>\n\n\n\n<p><strong>1. Naturel, doux et non irritant :<\/strong> La formule de l&#039;huile essentielle d&#039;h\u00e9lichryse est naturelle et douce, sans ingr\u00e9dients irritants et pr\u00e9sente un risque d&#039;allergie tr\u00e8s faible. M\u00eame les b\u00e9b\u00e9s et les personnes \u00e0 la peau sensible peuvent l&#039;utiliser en toute s\u00e9curit\u00e9.&nbsp;<\/p>\n\n\n\n<p><strong>2. Ingr\u00e9dients actifs de haute puret\u00e9 : <\/strong>Extrait gr\u00e2ce \u00e0 une technologie de distillation \u00e0 basse temp\u00e9rature pour maximiser la r\u00e9tention des ingr\u00e9dients actifs dans l&#039;immortelle, garantissant que chaque lot d&#039;huile essentielle d&#039;immortelle peut maintenir des performances efficaces et constantes.&nbsp;<\/p>\n\n\n\n<p><strong>3. Respectueux de l\u2019environnement et durable :<\/strong> Les ingr\u00e9dients sont d&#039;origine pure et la plantation est tra\u00e7able, ce qui est conforme \u00e0 la tendance des soins naturels de la peau et convient aux s\u00e9ries de soins capillaires biologiques et verts haut de gamme.&nbsp;<\/p>\n\n\n\n<p><strong>4. Odeur douce : <\/strong>L&#039;huile essentielle d&#039;h\u00e9lichryse poss\u00e8de un ar\u00f4me herbac\u00e9 chaud et doux, moins prononc\u00e9 que celui de la lavande ou de l&#039;eucalyptus. Son utilisation procure une sensation de d\u00e9tente et de bien-\u00eatre, et am\u00e9liore l&#039;exp\u00e9rience utilisateur.&nbsp;<\/p>\n\n\n\n<p><strong>5. Multi-effets en un :<\/strong> L&#039;huile essentielle d&#039;h\u00e9lichryse peut non seulement am\u00e9liorer efficacement l&#039;exc\u00e8s de s\u00e9bum et l&#039;inflammation du cuir chevelu, mais aussi soulager les d\u00e9mangeaisons et r\u00e9parer les cheveux ab\u00eem\u00e9s. Son flacon offre de multiples usages et de multiples effets.<\/p>\n\n\n\n<h2 class=\"wp-block-heading\">Comment utiliser l&#039;huile essentielle d&#039;h\u00e9lichryse<\/h2>\n\n\n\n<p>Utilis\u00e9e seule, l&#039;huile essentielle d&#039;h\u00e9lichryse doit \u00eatre dilu\u00e9e avant utilisation. Lorsqu&#039;elle est ajout\u00e9e \u00e0 une formule, elle doit \u00eatre m\u00e9lang\u00e9e au produit en proportions ad\u00e9quates pour exercer pleinement ses effets apaisants et r\u00e9parateurs et renforcer l&#039;efficacit\u00e9 globale du produit.<\/p>\n\n\n\n<p><strong>1. Nettoyer les cheveux : <\/strong>Nettoyer les cheveux avant utilisation pour assurer l&#039;absorption lors des soins capillaires ult\u00e9rieurs.<\/p>\n\n\n\n<p><strong>2. Diluer l&#039;huile essentielle d&#039;h\u00e9lichryse : <\/strong>M\u00e9langez l\u2019huile essentielle et l\u2019huile de base (comme l\u2019huile de jojoba) dans un rapport de 1:5 ou plus.<\/p>\n\n\n\n<p><strong>3. Appliquer et masser d\u00e9licatement : <\/strong>Lorsque vous utilisez une huile essentielle sur la peau, tapotez-la d\u00e9licatement pour la faire p\u00e9n\u00e9trer. Sur le cuir chevelu, massez-la pour favoriser la circulation.<\/p>\n\n\n\n<p><strong>4. Peut \u00eatre utilis\u00e9 avec d\u2019autres produits : <\/strong>Il peut \u00eatre ajout\u00e9 au shampooing, \u00e0 l&#039;apr\u00e8s-shampooing et \u00e0 d&#039;autres produits de soins capillaires pour am\u00e9liorer l&#039;efficacit\u00e9 du produit.<\/p>\n\n\n\n<p><strong>Recommandation: <\/strong>Utilisez-le 2 \u00e0 3 fois par semaine et l&#039;effet sera plus significatif si vous persistez longtemps.<\/p>\n\n\n\n<h2 class=\"wp-block-heading\">Prudence<\/h2>\n\n\n\n<p>L&#039;huile essentielle d&#039;h\u00e9lichryse est une essence v\u00e9g\u00e9tale hautement concentr\u00e9e. Pour une utilisation optimale et \u00e9viter les r\u00e9actions allergiques, il est important de veiller \u00e0 l&#039;environnement d&#039;utilisation et de stockage.&nbsp;<\/p>\n\n\n\n<p><strong>1. Test cutan\u00e9 :<\/strong> Un test cutan\u00e9 est n\u00e9cessaire avant la premi\u00e8re utilisation, notamment pour les personnes allergiques. Un test cutan\u00e9 sur une petite zone doit \u00eatre effectu\u00e9 derri\u00e8re l&#039;oreille ou \u00e0 l&#039;int\u00e9rieur du poignet pour confirmer l&#039;absence d&#039;effets ind\u00e9sirables avant utilisation.<\/p>\n\n\n\n<p><strong>2. \u00c9vitez d\u2019appliquer directement sur la peau sans dilution : <\/strong>L&#039;huile essentielle d&#039;h\u00e9lichryse est tr\u00e8s concentr\u00e9e. Il est recommand\u00e9 de la diluer avant utilisation pour \u00e9viter toute irritation ou irritation cutan\u00e9e.&nbsp;<\/p>\n\n\n\n<p><strong>3. \u00c9vitez tout contact avec les yeux : <\/strong>En cas de contact accidentel avec les yeux, rincer imm\u00e9diatement et abondamment \u00e0 l&#039;eau. Ne pas utiliser directement sur les zones sensibles comme le contour des yeux, la bouche et le nez.&nbsp;<\/p>\n\n\n\n<p><strong>4. Les femmes enceintes ou allaitantes doivent utiliser avec prudence : <\/strong>Bien que ce produit soit tr\u00e8s doux, il est recommand\u00e9 aux groupes sp\u00e9ciaux de consulter des professionnels avant utilisation pour garantir la s\u00e9curit\u00e9.&nbsp;<\/p>\n\n\n\n<p><strong>5. Tenir \u00e0 l\u2019\u00e9cart des temp\u00e9ratures \u00e9lev\u00e9es et de la lumi\u00e8re directe du soleil : <\/strong>Les huiles essentielles doivent \u00eatre scell\u00e9es et conserv\u00e9es dans un endroit frais et \u00e0 l&#039;abri de la lumi\u00e8re pour \u00e9viter d&#039;affecter la stabilit\u00e9 des principes actifs.<\/p>\n\n\n\n<h2 class=\"wp-block-heading\">Conclusion<\/h2>\n\n\n\n<p>L&#039;huile essentielle d&#039;h\u00e9lichryse se distingue dans les soins capillaires et l&#039;aromath\u00e9rapie haut de gamme gr\u00e2ce \u00e0 ses excellentes propri\u00e9t\u00e9s anti-inflammatoires et r\u00e9paratrices. Nous garantissons que chaque lot d&#039;huiles essentielles contient des ingr\u00e9dients actifs stables et purs gr\u00e2ce \u00e0 une s\u00e9lection rigoureuse des mati\u00e8res premi\u00e8res, une technologie d&#039;extraction avanc\u00e9e et un contr\u00f4le qualit\u00e9 rigoureux. Non seulement elle est douce et convient \u00e0 tous les types de peau, mais elle peut \u00e9galement \u00eatre int\u00e9gr\u00e9e \u00e0 diff\u00e9rents soins capillaires pour des effets multiples.<\/p>","protected":false},"excerpt":{"rendered":"Helichrysum Essential Oil Manufacturing Common Formulas We are a professional manufacturer of helichrysum essential oil. We insist on using high-quality helichrysum flowers as raw materials and use low-temperature steam distillation to maximize the retention of natural active ingredients such as diketone. These natural active ingredients can promote scalp circulation and repair hair damage.&nbsp; 1. Diketone: [&hellip;]","protected":false},"featured_media":3570,"menu_order":0,"template":"","meta":[],"product-tag":[],"products":[53],"class_list":["post-3563","product","type-product","status-publish","has-post-thumbnail","hentry","products-essential-oil"],"acf":[],"_links":{"self":[{"href":"https:\/\/www.ruiqigo.com\/fr\/wp-json\/wp\/v2\/product\/3563","targetHints":{"allow":["GET"]}}],"collection":[{"href":"https:\/\/www.ruiqigo.com\/fr\/wp-json\/wp\/v2\/product"}],"about":[{"href":"https:\/\/www.ruiqigo.com\/fr\/wp-json\/wp\/v2\/types\/product"}],"version-history":[{"count":0,"href":"https:\/\/www.ruiqigo.com\/fr\/wp-json\/wp\/v2\/product\/3563\/revisions"}],"wp:featuredmedia":[{"embeddable":true,"href":"https:\/\/www.ruiqigo.com\/fr\/wp-json\/wp\/v2\/media\/3570"}],"wp:attachment":[{"href":"https:\/\/www.ruiqigo.com\/fr\/wp-json\/wp\/v2\/media?parent=3563"}],"wp:term":[{"taxonomy":"product-tag","embeddable":true,"href":"https:\/\/www.ruiqigo.com\/fr\/wp-json\/wp\/v2\/product-tag?post=3563"},{"taxonomy":"products","embeddable":true,"href":"https:\/\/www.ruiqigo.com\/fr\/wp-json\/wp\/v2\/products?post=3563"}],"curies":[{"name":"wp","href":"https:\/\/api.w.org\/{rel}","templated":true}]}}