{"id":3598,"date":"2025-06-09T11:43:18","date_gmt":"2025-06-09T03:43:18","guid":{"rendered":"https:\/\/www.ruiqigo.com\/?post_type=product&#038;p=3598"},"modified":"2025-06-09T16:12:57","modified_gmt":"2025-06-09T08:12:57","slug":"copiba-essential-oil","status":"publish","type":"product","link":"https:\/\/www.ruiqigo.com\/fr\/product\/copiba-essential-oil","title":{"rendered":"Huile essentielle de Copiba"},"content":{"rendered":"<h2 class=\"wp-block-heading\">Formules courantes de fabrication de l&#039;huile essentielle de Copiba<\/h2>\n\n\n\n<p>Nous sommes un fabricant professionnel d&#039;huile essentielle de copiba. Nous utilisons syst\u00e9matiquement de la r\u00e9sine de copif\u00e8re de haute qualit\u00e9 comme mati\u00e8re premi\u00e8re et adoptons un proc\u00e9d\u00e9 de distillation \u00e0 la vapeur pour pr\u00e9server au maximum les principes actifs naturels tels que le \u03b2-caryophyll\u00e8ne. Ces ingr\u00e9dients p\u00e9n\u00e8trent dans les follicules pileux et jouent de multiples r\u00f4les b\u00e9n\u00e9fiques pour la sant\u00e9 des cheveux et du cuir chevelu.<\/p>\n\n\n\n<p><strong>1. \u03b2-caryophyll\u00e8ne<\/strong>C&#039;est un ingr\u00e9dient cl\u00e9 unique de l&#039;huile essentielle de copa\u00efba. Il poss\u00e8de de puissantes propri\u00e9t\u00e9s anti-inflammatoires et antibact\u00e9riennes. Il soulage efficacement l&#039;inflammation du cuir chevelu et r\u00e9duit les d\u00e9mangeaisons et les rougeurs caus\u00e9es par les bact\u00e9ries et les allergies. Il contribue \u00e0 cr\u00e9er un environnement sain pour le cuir chevelu, \u00e0 renforcer les racines des cheveux et \u00e0 r\u00e9duire la chute des cheveux.<\/p>\n\n\n\n<p><strong>2. Acide de Copiba<\/strong>: Il a des effets astringents et de contr\u00f4le de l&#039;huile naturels, peut r\u00e9tr\u00e9cir les pores du cuir chevelu, r\u00e9guler la s\u00e9cr\u00e9tion excessive de s\u00e9bum, \u00e9viter le cuir chevelu et les cheveux gras, rendre les cheveux plus rafra\u00eechissants et moelleux et am\u00e9liorer la douceur des \u00e9cailles des cheveux.<\/p>\n\n\n\n<p><strong>3. Humul\u00e8ne<\/strong>C&#039;est l&#039;ingr\u00e9dient cl\u00e9 de l&#039;huile essentielle de baume de Cuba pour les cheveux. Il poss\u00e8de d&#039;excellentes propri\u00e9t\u00e9s apaisantes et r\u00e9paratrices, soulage l&#039;inconfort du cuir chevelu caus\u00e9 par les permanentes et les teintures fr\u00e9quentes, aide \u00e0 r\u00e9parer les fibres capillaires ab\u00eem\u00e9es, renforce la r\u00e9sistance des cheveux et r\u00e9duit la casse.<\/p>\n\n\n\n<p><strong>4. Pin\u00e8ne<\/strong>: Il poss\u00e8de de bonnes propri\u00e9t\u00e9s nettoyantes et rafra\u00eechissantes, nettoie en profondeur les follicules pileux, \u00e9limine la salet\u00e9 et les r\u00e9sidus de produits coiffants et maintient le cuir chevelu propre. En aromath\u00e9rapie, il apaise \u00e9galement le corps et l&#039;esprit, r\u00e9duit le stress et am\u00e9liore indirectement la croissance des cheveux affect\u00e9e par le stress mental.<\/p>\n\n\n\n<h2 class=\"wp-block-heading\">Les fonctions de l&#039;huile essentielle de Copiba<\/h2>\n\n\n\n<p>L&#039;huile essentielle de copiba est appr\u00e9ci\u00e9e pour ses nombreuses fonctions et utilisations. Elle est reconnue pour ses propri\u00e9t\u00e9s anti-inflammatoires, antibact\u00e9riennes et analg\u00e9siques, ce qui la rend efficace pour le soin du cuir chevelu.<\/p>\n\n\n\n<p><strong>1. Doux et respectueux de la peau<\/strong>L&#039;huile essentielle de copiba est douce et provoque rarement des irritations et des r\u00e9actions allergiques. Elle convient \u00e0 diff\u00e9rents types de peau et de cuir chevelu, et peut \u00eatre utilis\u00e9e en toute s\u00e9curit\u00e9 par les personnes au cuir chevelu sensible.<\/p>\n\n\n\n<p><strong>2. Riche en principes actifs<\/strong>:Il est extrait gr\u00e2ce \u00e0 une technologie de pointe et conserve des niveaux \u00e9lev\u00e9s de substances actives telles que le \u03b2-caryophyll\u00e8ne, assurant des soins stables et efficaces pour les cheveux et le cuir chevelu.<\/p>\n\n\n\n<p><strong>3. Source de mati\u00e8res premi\u00e8res durables<\/strong>:La r\u00e9sine de mati\u00e8re premi\u00e8re est extraite de l&#039;arbre Copifera et le processus de production est conforme au concept de durabilit\u00e9 environnementale et \u00e0 la recherche de soins capillaires verts haut de gamme.<\/p>\n\n\n\n<p><strong>4. Ar\u00f4me unique<\/strong>L&#039;huile essentielle de copiba poss\u00e8de un ar\u00f4me apaisant et bois\u00e9 qui peut \u00eatre diffus\u00e9 pour favoriser la relaxation et le bien-\u00eatre. Utilis\u00e9e pour les soins capillaires, elle cr\u00e9e une atmosph\u00e8re agr\u00e9able et relaxante et am\u00e9liore l&#039;exp\u00e9rience sensorielle.<\/p>\n\n\n\n<p><strong>5. Soins capillaires multi-effets<\/strong>Il r\u00e9gule la s\u00e9cr\u00e9tion de s\u00e9bum du cuir chevelu, soulage l&#039;inflammation et les d\u00e9mangeaisons, et contribue \u00e9galement \u00e0 renforcer les cheveux, \u00e0 r\u00e9duire la casse et \u00e0 am\u00e9liorer leur r\u00e9sistance et leur brillance. Un seul flacon permet d&#039;obtenir de multiples bienfaits capillaires.<\/p>\n\n\n\n<h2 class=\"wp-block-heading\">Comment utiliser l&#039;huile essentielle de Copiba<\/h2>\n\n\n\n<p>L&#039;huile essentielle de copiba est hautement concentr\u00e9e. Veillez \u00e0 la diluer avec une huile v\u00e9g\u00e9tale. Son application pure peut provoquer une irritation cutan\u00e9e. En cas d&#039;utilisation avec d&#039;autres produits, il est n\u00e9cessaire de l&#039;ajouter \u00e0 la composition du produit en proportions ad\u00e9quates pour en am\u00e9liorer l&#039;efficacit\u00e9 globale.<\/p>\n\n\n\n<p><strong>1. Huile de massage du cuir chevelu<\/strong>: M\u00e9langez 3 \u00e0 5 gouttes d&#039;huile essentielle de copiba avec 10 ml d&#039;huile de base (comme l&#039;huile de coco) pour aider \u00e0 r\u00e9guler le s\u00e9bum du cuir chevelu, soulager les d\u00e9mangeaisons et am\u00e9liorer la vitalit\u00e9 des racines des cheveux.<\/p>\n\n\n\n<p><strong>2. Op\u00e9ration de dilution<\/strong>: M\u00e9langez 1 \u00e0 2 gouttes d&#039;huile essentielle de copiba avec 5 ml d&#039;eau purifi\u00e9e ou d&#039;apr\u00e8s-shampoing sans rin\u00e7age pour r\u00e9duire l&#039;\u00e9lectricit\u00e9 statique, rendre les cheveux plus lisses et avoir un parfum l\u00e9ger et agr\u00e9able, adapt\u00e9 \u00e0 un usage quotidien.<\/p>\n\n\n\n<p><strong>3. Appliquer et masser doucement<\/strong>En application sur le cuir chevelu, trempez l&#039;huile essentielle dilu\u00e9e du bout des doigts et massez en mouvements circulaires pendant 2 \u00e0 3 minutes pour favoriser la circulation sanguine et l&#039;absorption. En application cutan\u00e9e, tapotez jusqu&#039;\u00e0 absorption.<\/p>\n\n\n\n<p><strong>4. M\u00e9langer avec des produits de soins capillaires<\/strong>: Ajoutez une goutte d&#039;huile essentielle de copiba \u00e0 votre shampooing, apr\u00e8s-shampooing ou masque capillaire quotidien, remuez bien et utilisez pour am\u00e9liorer l&#039;hydratation, l&#039;anti-frisottis et apaiser le cuir chevelu.<br><strong>Recommandation<\/strong>:Utilisez 2 \u00e0 3 fois par semaine et la sant\u00e9 de votre cuir chevelu, la qualit\u00e9 de vos cheveux et l&#039;inconfort de votre cuir chevelu s&#039;am\u00e9lioreront progressivement.<\/p>\n\n\n\n<h2 class=\"wp-block-heading\">Prudence<\/h2>\n\n\n\n<p>L&#039;huile essentielle de baume de Cuba est un extrait v\u00e9g\u00e9tal concentr\u00e9. Pour garantir une utilisation s\u00fbre et pr\u00e9server son efficacit\u00e9, les points suivants doivent \u00eatre respect\u00e9s lors de l&#039;utilisation et du stockage.<\/p>\n\n\n\n<p><strong>1. Exigences relatives aux tests cutan\u00e9s<\/strong>Avant la premi\u00e8re utilisation, un test cutan\u00e9 est n\u00e9cessaire, notamment pour les personnes \u00e0 la peau sensible et allergiques. Apr\u00e8s une p\u00e9riode d&#039;observation, en l&#039;absence de rougeurs, de d\u00e9mangeaisons, de picotements, etc., appliquez le produit sur une grande surface.<\/p>\n\n\n\n<p><strong>2. L&#039;utilisation cutan\u00e9e n\u00e9cessite une dilution<\/strong>En raison de sa forte concentration, ne pas appliquer directement sur la peau. Veiller \u00e0 le diluer avec une huile de base dans des proportions raisonnables pour \u00e9viter toute irritation.<\/p>\n\n\n\n<p><strong>3. Prenez une bonne protection<\/strong>\u00c9viter le contact avec les muqueuses telles que les yeux, la bouche et le nez. En cas de contact accidentel, rincer imm\u00e9diatement et abondamment \u00e0 l&#039;eau, ne pas frotter et consulter un m\u00e9decin rapidement si la g\u00eane persiste.<\/p>\n\n\n\n<p><strong>4. \u00c0 utiliser avec prudence dans les groupes sp\u00e9ciaux<\/strong>:Les femmes enceintes, les femmes qui allaitent, les nourrissons et les jeunes enfants ne doivent pas l&#039;utiliser seuls, sauf sur avis d&#039;aromath\u00e9rapeutes professionnels ou de personnel m\u00e9dical.<\/p>\n\n\n\n<p><strong>5. Exigences relatives \u00e0 l&#039;environnement de stockage<\/strong>:Conserver dans un endroit frais et sombre et bien fermer le bouchon du flacon pour \u00e9viter l&#039;oxydation et maintenir la stabilit\u00e9 des principes actifs.<\/p>\n\n\n\n<h2 class=\"wp-block-heading\">Conclusion<\/h2>\n\n\n\n<p>Gr\u00e2ce \u00e0 ses excellentes propri\u00e9t\u00e9s anti-inflammatoires, apaisantes et r\u00e9paratrices, l&#039;huile essentielle de copa\u00efba se distingue dans les soins capillaires et cutan\u00e9s haut de gamme. Gr\u00e2ce \u00e0 un contr\u00f4le rigoureux des mati\u00e8res premi\u00e8res, une technologie d&#039;extraction avanc\u00e9e et un contr\u00f4le qualit\u00e9 rigoureux, nous garantissons que chaque lot d&#039;huile essentielle contient des principes actifs stables et purs. Elle poss\u00e8de de multiples fonctions, telles que la r\u00e9gulation du s\u00e9bum du cuir chevelu, le soulagement des sensations cutan\u00e9es d\u00e9sagr\u00e9ables et l&#039;am\u00e9lioration de la fragrance, devenant ainsi un \u00e9l\u00e9ment pr\u00e9cieux des produits de soins personnels \u00e0 base d&#039;huiles essentielles.<\/p>\n\n\n\n<p><\/p>","protected":false},"excerpt":{"rendered":"Copiba Essential Oil Manufacturing Common Formulas We are a professional manufacturer of copiba essential oil. We always use high-quality Copifera tree resin as raw material and adopt steam distillation process to retain natural active ingredients such as \u03b2-caryophyllene to the greatest extent. These ingredients can penetrate into the scalp follicles and play multiple beneficial roles [&hellip;]","protected":false},"featured_media":3599,"menu_order":0,"template":"","meta":[],"product-tag":[],"products":[53],"class_list":["post-3598","product","type-product","status-publish","has-post-thumbnail","hentry","products-essential-oil"],"acf":[],"_links":{"self":[{"href":"https:\/\/www.ruiqigo.com\/fr\/wp-json\/wp\/v2\/product\/3598","targetHints":{"allow":["GET"]}}],"collection":[{"href":"https:\/\/www.ruiqigo.com\/fr\/wp-json\/wp\/v2\/product"}],"about":[{"href":"https:\/\/www.ruiqigo.com\/fr\/wp-json\/wp\/v2\/types\/product"}],"version-history":[{"count":0,"href":"https:\/\/www.ruiqigo.com\/fr\/wp-json\/wp\/v2\/product\/3598\/revisions"}],"wp:featuredmedia":[{"embeddable":true,"href":"https:\/\/www.ruiqigo.com\/fr\/wp-json\/wp\/v2\/media\/3599"}],"wp:attachment":[{"href":"https:\/\/www.ruiqigo.com\/fr\/wp-json\/wp\/v2\/media?parent=3598"}],"wp:term":[{"taxonomy":"product-tag","embeddable":true,"href":"https:\/\/www.ruiqigo.com\/fr\/wp-json\/wp\/v2\/product-tag?post=3598"},{"taxonomy":"products","embeddable":true,"href":"https:\/\/www.ruiqigo.com\/fr\/wp-json\/wp\/v2\/products?post=3598"}],"curies":[{"name":"wp","href":"https:\/\/api.w.org\/{rel}","templated":true}]}}