{"id":361,"date":"2024-07-08T10:02:18","date_gmt":"2024-07-08T02:02:18","guid":{"rendered":"https:\/\/ruiqigo.com\/?post_type=product&#038;p=361"},"modified":"2024-10-28T15:38:16","modified_gmt":"2024-10-28T07:38:16","slug":"salicylic-acid-body-wash","status":"publish","type":"product","link":"https:\/\/www.ruiqigo.com\/fr\/product\/salicylic-acid-body-wash","title":{"rendered":"Gel douche \u00e0 l&#039;acide salicylique"},"content":{"rendered":"<h3 class=\"wp-block-heading\">Formules courantes de fabrication de gel douche \u00e0 l&#039;acide salicylique<\/h3>\n\n\n\n<p>L&#039;ingr\u00e9dient principal de ce gel douche \u00e0 l&#039;acide salicylique est l&#039;acide salicylique. Cet acide b\u00eata-hydroxyl\u00e9 naturel poss\u00e8de d&#039;excellentes propri\u00e9t\u00e9s k\u00e9ratolytiques et antibact\u00e9riennes, et nettoie efficacement la surface de la peau de la k\u00e9ratine vieillie et des impuret\u00e9s. L&#039;aloe vera, le th\u00e9 vert et d&#039;autres extraits naturels de plantes apportent \u00e0 la peau des nutriments riches, tels que des vitamines et des min\u00e9raux, pour une peau toujours hydrat\u00e9e et lisse. De plus, toutes les mati\u00e8res premi\u00e8res ont \u00e9t\u00e9 soumises \u00e0 des tests rigoureux pour garantir la s\u00e9curit\u00e9 et l&#039;efficacit\u00e9 du produit.<\/p>\n\n\n\n<h3 class=\"wp-block-heading\">Gel douche \u00e0 l&#039;acide salicylique Sc\u00e9narios applicables<\/h3>\n\n\n\n<p>Ce gel douche \u00e0 l&#039;acide salicylique convient \u00e0 toutes les saisons et \u00e0 tous les climats. En \u00e9t\u00e9, chaud et humide, il nettoie en profondeur les impuret\u00e9s accumul\u00e9es et la k\u00e9ratine vieillissante, pr\u00e9venant ainsi l&#039;apparition de boutons et d&#039;acn\u00e9. En hiver, froid et sec, il est riche en ingr\u00e9dients nourrissants pour un soin complet de la peau et soulager la s\u00e9cheresse et autres probl\u00e8mes.<\/p>\n\n\n\n<h3 class=\"wp-block-heading\">\u00c0 qui s&#039;adresse le gel douche \u00e0 l&#039;acide salicylique ?<\/h3>\n\n\n\n<p>Le gel douche \u00e0 l&#039;acide salicylique convient aux personnes souffrant d&#039;acn\u00e9, de boutons ou de peau grasse. Il contient de l&#039;acide salicylique pour \u00e9liminer les cellules mortes, nettoyer les pores en profondeur et r\u00e9duire l&#039;accumulation de s\u00e9bum. Il est donc id\u00e9al pour les personnes souhaitant am\u00e9liorer l&#039;\u00e9tat de leur peau et pr\u00e9venir les \u00e9ruptions cutan\u00e9es. Il convient \u00e9galement aux amateurs de beaut\u00e9 qui souhaitent apporter fra\u00eecheur et \u00e9clat \u00e0 leur peau lors de leur bain quotidien.<\/p>\n\n\n\n<h3 class=\"wp-block-heading\">Processus de production du gel douche \u00e0 l&#039;acide salicylique<\/h3>\n\n\n\n<p>Ce gel douche \u00e0 l&#039;acide salicylique est fabriqu\u00e9 avec une attention particuli\u00e8re port\u00e9e au contr\u00f4le de la concentration en acide salicylique et \u00e0 l&#039;\u00e9quilibre du pH pour garantir efficacit\u00e9 et douceur. L&#039;utilisation d&#039;une technologie d&#039;\u00e9mulsification avanc\u00e9e garantit une r\u00e9partition homog\u00e8ne des ingr\u00e9dients et la r\u00e9ussite des tests de sensibilit\u00e9 pour garantir la s\u00e9curit\u00e9 du produit et son efficacit\u00e9 en mati\u00e8re de soins.<\/p>","protected":false},"excerpt":{"rendered":"Salicylic acid body wash manufacturing Common Formulas The core ingredient of this Salicylic Acid Body Wash is Salicylic Acid. Salicylic Acid is a naturally occurring Beta Hydroxy Acid with excellent keratolytic and antibacterial properties that effectively cleanses the skin&#8217;s surface of aged keratin and various impurities. In the formula, we also added aloe vera, green [&hellip;]","protected":false},"featured_media":362,"menu_order":0,"template":"","meta":[],"product-tag":[],"products":[57],"class_list":["post-361","product","type-product","status-publish","has-post-thumbnail","hentry","products-body-wash"],"acf":[],"_links":{"self":[{"href":"https:\/\/www.ruiqigo.com\/fr\/wp-json\/wp\/v2\/product\/361","targetHints":{"allow":["GET"]}}],"collection":[{"href":"https:\/\/www.ruiqigo.com\/fr\/wp-json\/wp\/v2\/product"}],"about":[{"href":"https:\/\/www.ruiqigo.com\/fr\/wp-json\/wp\/v2\/types\/product"}],"version-history":[{"count":0,"href":"https:\/\/www.ruiqigo.com\/fr\/wp-json\/wp\/v2\/product\/361\/revisions"}],"wp:featuredmedia":[{"embeddable":true,"href":"https:\/\/www.ruiqigo.com\/fr\/wp-json\/wp\/v2\/media\/362"}],"wp:attachment":[{"href":"https:\/\/www.ruiqigo.com\/fr\/wp-json\/wp\/v2\/media?parent=361"}],"wp:term":[{"taxonomy":"product-tag","embeddable":true,"href":"https:\/\/www.ruiqigo.com\/fr\/wp-json\/wp\/v2\/product-tag?post=361"},{"taxonomy":"products","embeddable":true,"href":"https:\/\/www.ruiqigo.com\/fr\/wp-json\/wp\/v2\/products?post=361"}],"curies":[{"name":"wp","href":"https:\/\/api.w.org\/{rel}","templated":true}]}}