{"id":3620,"date":"2025-06-12T11:24:09","date_gmt":"2025-06-12T03:24:09","guid":{"rendered":"https:\/\/www.ruiqigo.com\/?post_type=product&#038;p=3620"},"modified":"2025-06-12T11:24:10","modified_gmt":"2025-06-12T03:24:10","slug":"wooden-bath-brush","status":"publish","type":"product","link":"https:\/\/www.ruiqigo.com\/fr\/product\/wooden-bath-brush","title":{"rendered":"Brosse de bain en bois"},"content":{"rendered":"<h2 class=\"wp-block-heading\">Caract\u00e9ristiques de la brosse de bain en bois<\/h2>\n\n\n\n<p>La brosse de bain en bois est \u00e0 la fois naturelle et pratique. Elle conserve non seulement le style rustique des brosses traditionnelles faites \u00e0 la main, mais int\u00e8gre \u00e9galement l&#039;ergonomie du design moderne. Son corps en bois est robuste et durable, offre une sensation de chaleur et ses poils adapt\u00e9s offrent une vari\u00e9t\u00e9 d&#039;options de soins de la peau.<\/p>\n\n\n\n<p><strong>1. Corps de brosse en bois massif naturel : <\/strong>Les brosses de bain en bois sont souvent fabriqu\u00e9es en h\u00eatre, ch\u00eane et autres bois durs naturels. Leur structure compacte, leur r\u00e9sistance aux fissures, leur bonne adh\u00e9rence et leurs propri\u00e9t\u00e9s antid\u00e9rapantes sont d&#039;excellente qualit\u00e9.&nbsp;<\/p>\n\n\n\n<p><strong>2. Technologie de traitement de surface exquise :<\/strong> La surface de la brosse de bain est polie tr\u00e8s doucement et scell\u00e9e avec de l&#039;huile v\u00e9g\u00e9tale ou une peinture respectueuse de l&#039;environnement pour am\u00e9liorer ses performances de r\u00e9sistance \u00e0 l&#039;humidit\u00e9 et \u00e0 la moisissure.&nbsp;<\/p>\n\n\n\n<p><strong>3. Longue dur\u00e9e de vie : <\/strong>La structure de la brosse est solide et dot\u00e9e d&#039;une sangle de pr\u00e9hension pour une prise en main facile. De plus, elle est facile \u00e0 s\u00e9cher et \u00e0 ranger, ce qui prolonge sa dur\u00e9e de vie.&nbsp;<\/p>\n\n\n\n<p><strong>4. Convient \u00e0 une vari\u00e9t\u00e9 de sc\u00e9narios de lavage et d&#039;entretien :<\/strong> Notre brosse de bain en bois peut \u00eatre utilis\u00e9e aussi bien pour le brossage \u00e0 sec que pour le brossage humide. Elle convient \u00e0 une grande vari\u00e9t\u00e9 de situations de lavage et d&#039;entretien, qu&#039;il s&#039;agisse d&#039;un bain quotidien ou d&#039;un massage \u00e0 sec, et ses fonctions sont tr\u00e8s polyvalentes.&nbsp;<\/p>\n\n\n\n<p><strong>5. Diverses options de poils :<\/strong> Les brosses de bain en bois peuvent \u00eatre associ\u00e9es \u00e0 des poils naturels tels que des poils de sanglier et des crins de cheval, ou \u00e0 des fibres synth\u00e9tiques flexibles pour r\u00e9pondre aux besoins de diff\u00e9rents types de peau (comme les peaux sensibles, les peaux grasses, etc.).<\/p>\n\n\n\n<h2 class=\"wp-block-heading\">Avantages de la brosse de bain en bois<\/h2>\n\n\n\n<p>Compar\u00e9es aux brosses de bain en plastique, les brosses de bain en bois pr\u00e9sentent des avantages naturels en termes d&#039;exp\u00e9rience utilisateur, de respect de l&#039;environnement et de texture. Elles offrent non seulement des effets exfoliants et massants efficaces, mais r\u00e9pondent \u00e9galement aux exigences de naturalit\u00e9 et de durabilit\u00e9 des utilisateurs modernes.&nbsp;<\/p>\n\n\n\n<p><strong>1. Naturel et respectueux de l\u2019environnement :<\/strong> Les brosses de bain en bois sont enti\u00e8rement fabriqu\u00e9es \u00e0 partir de bois et de poils non toxiques, naturels et biod\u00e9gradables, qui sont conformes au concept de consommation durable et verte et sont tr\u00e8s respectueux de l&#039;environnement.&nbsp;<\/p>\n\n\n\n<p><strong>2. Durable :<\/strong> Le corps de la brosse en bois naturel pr\u00e9sente une structure stable, r\u00e9sistante \u00e0 l&#039;usure et \u00e0 la pression, et est durable. Sa dur\u00e9e de vie est bien sup\u00e9rieure \u00e0 celle des brosses de bain en plastique ordinaires.&nbsp;<\/p>\n\n\n\n<p><strong>3. Nettoyage et exfoliation puissants :<\/strong> Les poils naturels tels que les poils de sanglier ont une t\u00e9nacit\u00e9 mod\u00e9r\u00e9e et peuvent nettoyer efficacement les taches de sueur, la salet\u00e9 et les peaux mortes sans irriter ni endommager la peau.&nbsp;<\/p>\n\n\n\n<p><strong>4. Favoriser la circulation sanguine : <\/strong>L&#039;utilisation d&#039;une brosse de bain en bois peut stimuler en douceur les terminaisons nerveuses, r\u00e9veiller la vitalit\u00e9 de la peau et favoriser la circulation sanguine, le m\u00e9tabolisme et le raffermissement de la peau du corps.&nbsp;<\/p>\n\n\n\n<p><strong>5. Rapport qualit\u00e9-prix \u00e9lev\u00e9 :<\/strong> La brosse de bain en bois n\u00e9cessite simplement d&#039;\u00eatre s\u00e9ch\u00e9e r\u00e9guli\u00e8rement et conserv\u00e9e dans un endroit a\u00e9r\u00e9. Elle ne n\u00e9cessite pas d&#039;entretien compliqu\u00e9 et est simple et pratique \u00e0 utiliser, ce qui la rend tr\u00e8s \u00e9conomique.<\/p>\n\n\n\n<h2 class=\"wp-block-heading\">Groupe cible de la brosse de bain en bois<\/h2>\n\n\n\n<p>La brosse de bain en bois est largement utilis\u00e9e par des personnes de tous \u00e2ges et de tous styles de vie gr\u00e2ce \u00e0 ses excellentes performances, notamment gr\u00e2ce \u00e0 son mat\u00e9riau naturel, sa structure stable et ses multiples fonctions. Que ce soit pour un nettoyage et des soins quotidiens de base ou pour un massage ou une exfoliation, ce produit saura vous offrir une exp\u00e9rience optimale.&nbsp;<\/p>\n\n\n\n<p><strong>1. Utilisateurs domestiques quotidiens :<\/strong> Convient pour le nettoyage quotidien et le confort du bain.<\/p>\n\n\n\n<p><strong>2. Personnes d\u2019\u00e2ge moyen et \u00e2g\u00e9es : <\/strong>Les poils doux conviennent aux personnes ayant une peau fragile ou des troubles de la mobilit\u00e9, ce qui contribue \u00e0 favoriser la circulation sanguine dans le corps et \u00e0 am\u00e9liorer la sant\u00e9.<\/p>\n\n\n\n<p><strong>3. Personnes ayant la peau sensible :<\/strong> Vous pouvez choisir des poils doux, tels que des poils de cheval doux et des fibres synth\u00e9tiques, pour nettoyer la peau en douceur sans provoquer d&#039;irritation ni de dommages.<\/p>\n\n\n\n<p><strong>4. Les personnes qui font de l\u2019exercice et restent en forme :<\/strong> Apr\u00e8s l&#039;exercice, vous pouvez utiliser une brosse de bain en bois pour un brossage \u00e0 sec ou humide, ce qui aide \u00e0 soulager la fatigue musculaire, \u00e0 d\u00e9boucher les pores et \u00e0 nettoyer la transpiration.<\/p>\n\n\n\n<h2 class=\"wp-block-heading\">Processus de production d&#039;une brosse de bain en bois<\/h2>\n\n\n\n<p>Le processus de fabrication de la brosse de bain en bois met l&#039;accent sur la s\u00e9lection et le savoir-faire artisanal. De la s\u00e9lection des mati\u00e8res premi\u00e8res \u00e0 l&#039;implantation des poils, de multiples \u00e9tapes sont n\u00e9cessaires pour garantir la robustesse, la durabilit\u00e9, la douceur et l&#039;absence de bavures du produit.<\/p>\n\n\n\n<p><strong>1. S\u00e9lection des mati\u00e8res premi\u00e8res :<\/strong> Le bois naturel d\u00e9graiss\u00e9 et s\u00e9ch\u00e9 est utilis\u00e9 pour \u00e9viter les fissures et la moisissure.<\/p>\n\n\n\n<p><strong>2. Implantation des poils : <\/strong>Les poils sont implant\u00e9s manuellement ou semi-automatiquement et sont dispos\u00e9s de mani\u00e8re serr\u00e9e et uniforme.<\/p>\n\n\n\n<p><strong>3. Polissage : <\/strong>La surface de la brosse de bain subit plusieurs cycles de pon\u00e7age pour \u00e9liminer les bavures et les rugosit\u00e9s, garantissant une prise en main douce et s\u00fbre.<\/p>\n\n\n\n<p><strong>4. Rev\u00eatement imperm\u00e9able :<\/strong> De la cire, de l&#039;huile ou du vernis pour bois naturel est appliqu\u00e9 sur la surface du corps de la brosse pour am\u00e9liorer les performances de r\u00e9sistance \u00e0 l&#039;humidit\u00e9, \u00e0 la moisissure et \u00e0 la durabilit\u00e9 du corps de la brosse.<\/p>\n\n\n\n<p><strong>5. Contr\u00f4le de la qualit\u00e9 du produit :<\/strong> Chaque lot de produits doit subir divers contr\u00f4les de qualit\u00e9, tels que des contr\u00f4les d&#039;hygi\u00e8ne, avant de quitter l&#039;usine pour garantir que chaque lot de produits r\u00e9pond aux normes du march\u00e9 et aux besoins des clients.<\/p>\n\n\n\n<h2 class=\"wp-block-heading\">Applications de brosse de bain en bois<\/h2>\n\n\n\n<p>La brosse de bain en bois offre de nombreuses possibilit\u00e9s d&#039;utilisation. Elle convient non seulement au bain quotidien \u00e0 la maison, mais est \u00e9galement souvent utilis\u00e9e dans les centres de soins professionnels tels que les clubs de sport et les spas. Elle est id\u00e9ale pour le r\u00e9veil matinal, la d\u00e9tente apr\u00e8s l&#039;exercice, le nettoyage en profondeur, etc.<\/p>\n\n\n\n<p>1. Lors du nettoyage quotidien de la maison et du bain, il peut \u00eatre utilis\u00e9 pour nettoyer le dos, les jambes et d&#039;autres parties difficiles \u00e0 brosser en profondeur.<\/p>\n\n\n\n<p>2. Apr\u00e8s vous \u00eatre r\u00e9veill\u00e9 le matin, vous pouvez \u00e9galement l&#039;utiliser pour vous brosser \u00e0 sec afin de vous r\u00e9veiller du nouveau jour, de favoriser la circulation sanguine dans le corps et d&#039;am\u00e9liorer la vitalit\u00e9.<\/p>\n\n\n\n<p>3. Apr\u00e8s l\u2019exercice, vous pouvez utiliser une brosse de bain en bois pour soulager la tension musculaire caus\u00e9e par l\u2019exercice et aider \u00e0 l\u2019\u00e9vacuation des d\u00e9chets m\u00e9taboliques.<\/p>\n\n\n\n<h2 class=\"wp-block-heading\">Comment utiliser la brosse de bain en bois<\/h2>\n\n\n\n<p>La brosse de bain en bois est facile \u00e0 utiliser. Vous pouvez choisir une brosse s\u00e8che ou humide selon vos besoins de nettoyage.<\/p>\n\n\n\n<p><strong>1. Brosse s\u00e8che :<\/strong> Brossez votre corps \u00e0 sec pendant environ 5 minutes chaque matin apr\u00e8s vous \u00eatre lev\u00e9, ce qui est b\u00e9n\u00e9fique pour favoriser la circulation sanguine et stimuler la vitalit\u00e9 du corps.<\/p>\n\n\n\n<p><strong>2. Brosse humide :<\/strong> Convient pour le nettoyage pendant le bain. Humidifiez les poils, appliquez une petite quantit\u00e9 de gel douche et nettoyez le corps en mouvements circulaires.<\/p>\n\n\n\n<p><strong>Note:<\/strong> Lors du nettoyage, \u00e9vitez de frotter trop fort pour \u00e9viter d&#039;irriter la peau. Apr\u00e8s utilisation, il est recommand\u00e9 de rincer les poils \u00e0 l&#039;eau claire, de les s\u00e9cher et d&#039;\u00e9viter de les laisser tremper trop longtemps dans l&#039;eau pour prolonger leur dur\u00e9e de vie.<\/p>","protected":false},"excerpt":{"rendered":"Wooden Bath Brush Features The wooden bath brush is both natural and practical. It not only retains the rustic style of traditional handmade brushes but also incorporates the ergonomics concept of modern design. Its wooden brush body is sturdy and durable, feels warm, and the appropriate bristles provide a variety of skin care options. 1. [&hellip;]","protected":false},"featured_media":3621,"menu_order":0,"template":"","meta":[],"product-tag":[],"products":[166],"class_list":["post-3620","product","type-product","status-publish","has-post-thumbnail","hentry","products-bath-brush"],"acf":[],"_links":{"self":[{"href":"https:\/\/www.ruiqigo.com\/fr\/wp-json\/wp\/v2\/product\/3620","targetHints":{"allow":["GET"]}}],"collection":[{"href":"https:\/\/www.ruiqigo.com\/fr\/wp-json\/wp\/v2\/product"}],"about":[{"href":"https:\/\/www.ruiqigo.com\/fr\/wp-json\/wp\/v2\/types\/product"}],"version-history":[{"count":0,"href":"https:\/\/www.ruiqigo.com\/fr\/wp-json\/wp\/v2\/product\/3620\/revisions"}],"wp:featuredmedia":[{"embeddable":true,"href":"https:\/\/www.ruiqigo.com\/fr\/wp-json\/wp\/v2\/media\/3621"}],"wp:attachment":[{"href":"https:\/\/www.ruiqigo.com\/fr\/wp-json\/wp\/v2\/media?parent=3620"}],"wp:term":[{"taxonomy":"product-tag","embeddable":true,"href":"https:\/\/www.ruiqigo.com\/fr\/wp-json\/wp\/v2\/product-tag?post=3620"},{"taxonomy":"products","embeddable":true,"href":"https:\/\/www.ruiqigo.com\/fr\/wp-json\/wp\/v2\/products?post=3620"}],"curies":[{"name":"wp","href":"https:\/\/api.w.org\/{rel}","templated":true}]}}