{"id":3626,"date":"2025-06-12T14:04:02","date_gmt":"2025-06-12T06:04:02","guid":{"rendered":"https:\/\/www.ruiqigo.com\/?post_type=product&#038;p=3626"},"modified":"2025-06-19T09:23:36","modified_gmt":"2025-06-19T01:23:36","slug":"beard-conditioner","status":"publish","type":"product","link":"https:\/\/www.ruiqigo.com\/fr\/product\/beard-conditioner","title":{"rendered":"Apr\u00e8s-shampoing pour barbe"},"content":{"rendered":"<h2 class=\"wp-block-heading\">Formules courantes de fabrication d&#039;apr\u00e8s-shampoing pour barbe<\/h2>\n\n\n\n<p>Nous d\u00e9veloppons des formules d\u00e9di\u00e9es aux soins de la barbe. En nous concentrant sur les besoins sp\u00e9cifiques des poils du visage et de la peau, nous s\u00e9lectionnons des ingr\u00e9dients hydratants, adoucissants, apaisants et autres propri\u00e9t\u00e9s. Gr\u00e2ce \u00e0 des compositions scientifiques, nous cr\u00e9ons des apr\u00e8s-shampoings efficaces qui am\u00e9liorent la sant\u00e9 et le confort de la barbe.<\/p>\n\n\n\n<p><strong>1. Huile de jojoba :<\/strong> C&#039;est l&#039;\u00e9mollient principal des apr\u00e8s-shampooings pour barbe et il p\u00e9n\u00e8tre la barbe et la peau en dessous. Il hydrate sans obstruer les pores, adoucit les barbes rugueuses, aide \u00e0 maintenir la barri\u00e8re hydratante naturelle de la peau, pr\u00e9vient le dess\u00e8chement et les irritations cutan\u00e9es, et assure une barbe lisse.<\/p>\n\n\n\n<p><strong>2. Huile d&#039;argan :<\/strong> Riche en acides gras et en vitamine E, c&#039;est un additif hautement nutritif. Utilis\u00e9 pour les soins de la barbe, il nourrit les follicules pileux, renforce les tiges capillaires, r\u00e9duit les frisottis et apporte une brillance saine. Ses ingr\u00e9dients antioxydants peuvent \u00e9galement prot\u00e9ger la barbe et la peau des agressions ext\u00e9rieures et retarder le vieillissement pr\u00e9matur\u00e9 des poils du visage.<\/p>\n\n\n\n<p><strong>3. Beurre de karit\u00e9 :<\/strong> En tant que lipide naturel, il procure une hydratation intense. Il retient l&#039;hydratation, adoucit les barbes r\u00eaches et difficiles \u00e0 coiffer et apaise la peau irrit\u00e9e sous la barbe, en particulier les barbes s\u00e8ches et r\u00eaches.<\/p>\n\n\n\n<p><strong>4. Glyc\u00e9rine :<\/strong> Humectant courant dans les apr\u00e8s-shampoings, il hydrate la barbe et la peau pour pr\u00e9venir le dess\u00e8chement et la fragilit\u00e9. Il augmente l&#039;hydratation globale de la barbe, la rendant plus souple et moins cassante, et favorise l&#039;action des autres ingr\u00e9dients hydratants.<\/p>\n\n\n\n<p><strong>5. Panth\u00e9nol :<\/strong> \u00c9galement connue sous le nom de provitamine B5, elle poss\u00e8de d&#039;excellentes propri\u00e9t\u00e9s r\u00e9paratrices. Elle p\u00e9n\u00e8tre dans la barbe pour am\u00e9liorer son \u00e9lasticit\u00e9 et sa r\u00e9sistance. Elle apaise la peau irrit\u00e9e sous la barbe, favorise la r\u00e9paration cutan\u00e9e, r\u00e9duit les rougeurs et r\u00e9pare les barbes ab\u00eem\u00e9es pour une apparence plus dense et plus saine.<\/p>\n\n\n\n<h2 class=\"wp-block-heading\">Les fonctions de l&#039;apr\u00e8s-shampoing pour barbe<\/h2>\n\n\n\n<p>L&#039;apr\u00e8s-shampoing pour barbe est un soin sp\u00e9cialis\u00e9 qui r\u00e9pond aux besoins sp\u00e9cifiques des poils du visage et de la peau sous-jacente. Sa formule sur mesure offre de multiples bienfaits pour une barbe plus saine et plus facile \u00e0 coiffer.<\/p>\n\n\n\n<p><strong>1. Hydrate et lisse en profondeur :<\/strong> Les revitalisants utilisent des \u00e9mollients comme le jojoba et le beurre de karit\u00e9 pour p\u00e9n\u00e9trer la tige du cheveu, reconstituer l&#039;hydratation et r\u00e9duire efficacement la rugosit\u00e9, rendant la barbe plus douce et plus facile \u00e0 coiffer.<\/p>\n\n\n\n<p><strong>2. Apaise la peau et soulage les irritations :<\/strong> Les apr\u00e8s-shampooings contiennent souvent des ingr\u00e9dients comme l&#039;aloe vera ou le panth\u00e9nol pour soulager les rougeurs, les d\u00e9mangeaisons et l&#039;inflammation, et \u00e9quilibrer la production naturelle de s\u00e9bum de la peau pour \u00e9viter une s\u00e9cr\u00e9tion excessive de s\u00e9bum ou une s\u00e9cheresse.<\/p>\n\n\n\n<p><strong>3. Renforce et r\u00e9pare :<\/strong> Les prot\u00e9ines et les vitamines contenues dans les revitalisants renforcent la structure de votre barbe, r\u00e9duisent la casse et les pointes fourchues et aident \u00e0 am\u00e9liorer la s\u00e9cheresse et la fragilit\u00e9.<\/p>\n\n\n\n<p><strong>4. Contr\u00f4le les frisottis et am\u00e9liore la brillance : <\/strong>Les polym\u00e8res sans silicone ou les huiles naturelles contenus dans le produit recouvrent les \u00e9cailles des cheveux, lissant les barbes rebelles et leur donnant une brillance naturelle.<\/p>\n\n\n\n<p><strong>5. Soutien \u00e0 long terme pour la sant\u00e9 de la barbe : <\/strong>L&#039;utilisation r\u00e9guli\u00e8re d&#039;un apr\u00e8s-shampoing pour barbe peut nourrir les follicules pileux et favoriser une croissance plus dense et plus vigoureuse au fil du temps. Pour les barbes clairsem\u00e9es ou \u00e0 croissance lente, un entretien r\u00e9gulier peut am\u00e9liorer leur \u00e9paisseur et leur volume.<\/p>\n\n\n\n<h2 class=\"wp-block-heading\">Comment utiliser un apr\u00e8s-shampoing pour barbe<\/h2>\n\n\n\n<p>Un apr\u00e8s-shampoing pour barbe doit \u00eatre utilis\u00e9 correctement pour hydrater, adoucir et nourrir pleinement votre barbe. Suivez ces \u00e9tapes pour garder une barbe saine et facile \u00e0 coiffer.<\/p>\n\n\n\n<p><strong>1. Nettoyez d\u2019abord votre barbe :<\/strong> Lavez votre barbe avec un shampooing doux pour barbe (un shampooing doux ordinaire sans sulfates fonctionnera) avant utilisation pour cr\u00e9er un environnement de base propre pour que le revitalisant fonctionne.<\/p>\n\n\n\n<p><strong>2. Distribuez la bonne quantit\u00e9 :<\/strong> La quantit\u00e9 d\u00e9pend de la longueur et de l&#039;\u00e9paisseur de votre barbe. Versez l&#039;apr\u00e8s-shampoing dans la paume de votre main.<\/p>\n\n\n\n<p><strong>3. Appliquer uniform\u00e9ment sur la barbe : <\/strong>Appliquez de la racine de la barbe jusqu&#039;\u00e0 la pointe, en veillant \u00e0 couvrir chaque barbe, et massez la peau sous la barbe.<\/p>\n\n\n\n<p><strong>4. Laissez reposer pour une absorption optimale : <\/strong>Apr\u00e8s application, laissez poser l&#039;apr\u00e8s-shampoing sur la barbe pendant 2 \u00e0 5 minutes. Laissez le produit p\u00e9n\u00e9trer profond\u00e9ment dans la fibre capillaire et agir sur la peau en dessous.<\/p>\n\n\n\n<p><strong>5. Rincer abondamment :<\/strong> Rincez la barbe \u00e0 l\u2019eau ti\u00e8de jusqu\u2019\u00e0 ce que tout le revitalisant soit \u00e9limin\u00e9.<\/p>\n\n\n\n<p><strong>6. S\u00e9chez et coiffez comme d&#039;habitude : <\/strong>S\u00e9chez votre barbe en la tamponnant avec une serviette propre. Vous pouvez ensuite la coiffer avec une brosse ou un peigne.<\/p>\n\n\n\n<p><strong>Recommandation:<\/strong>En g\u00e9n\u00e9ral, 2 \u00e0 3 fois par semaine suffisent. Ajustez selon l&#039;\u00e9tat de votre barbe.<\/p>\n\n\n\n<h2 class=\"wp-block-heading\">Prudence<\/h2>\n\n\n\n<p>L&#039;apr\u00e8s-shampoing pour barbe est con\u00e7u pour les poils du visage et la peau en dessous. Pour une exp\u00e9rience utilisateur optimale et en toute s\u00e9curit\u00e9, et \u00e9viter tout inconfort ou probl\u00e8me, veuillez pr\u00eater attention aux points suivants.<\/p>\n\n\n\n<p><strong>1. Test cutan\u00e9 : <\/strong>Avant la premi\u00e8re utilisation, un test cutan\u00e9 est n\u00e9cessaire. Appliquez une petite quantit\u00e9 d&#039;apr\u00e8s-shampoing sur une petite zone, comme derri\u00e8re l&#039;oreille et \u00e0 l&#039;int\u00e9rieur du poignet. Apr\u00e8s avoir v\u00e9rifi\u00e9 l&#039;absence de r\u00e9action ind\u00e9sirable, appliquez le produit sur une grande surface de la barbe et du visage.<\/p>\n\n\n\n<p><strong>2. \u00c9vitez une application inappropri\u00e9e : <\/strong>N&#039;appliquez pas d&#039;apr\u00e8s-shampoing sur la peau ab\u00eem\u00e9e sous la barbe. Les ingr\u00e9dients du produit peuvent irriter les zones ab\u00eem\u00e9es et augmenter l&#039;inconfort.<\/p>\n\n\n\n<p><strong>3. \u00c9viter le contact avec les yeux :<\/strong> En cas de contact accidentel avec les yeux, rincer imm\u00e9diatement et abondamment \u00e0 l&#039;eau. Si l&#039;irritation persiste, consulter un m\u00e9decin sans tarder.<\/p>\n\n\n\n<p><strong>4. Stockage appropri\u00e9 :<\/strong> Conservez l&#039;apr\u00e8s-shampooing \u00e0 barbe dans un endroit frais et sec, \u00e9vitez la lumi\u00e8re directe du soleil et les temp\u00e9ratures \u00e9lev\u00e9es pour \u00e9viter toute d\u00e9t\u00e9rioration.<\/p>\n\n\n\n<h2 class=\"wp-block-heading\">Conclusion<\/h2>\n\n\n\n<p>L&#039;apr\u00e8s-shampoing pour barbe est un ingr\u00e9dient soigneusement s\u00e9lectionn\u00e9 et un produit scientifiquement formul\u00e9 qui joue un r\u00f4le essentiel dans l&#039;entretien de la barbe. Il hydrate, adoucit et prot\u00e8ge efficacement les poils du visage et la peau en dessous. Une utilisation r\u00e9guli\u00e8re permet de cr\u00e9er une barbe confortable et soign\u00e9e, am\u00e9liorant ainsi votre style et votre confiance en vous.<\/p>\n\n\n\n<p><\/p>","protected":false},"excerpt":{"rendered":"Beard Conditioner Manufacturing Common Formulas We are dedicated beard care formula developers. Focusing on the unique needs of facial hair and the skin underneath, we select ingredients based on moisturizing, softening, soothing and other functions, and through scientific compounding, we create effective conditioners that improve the health and comfort of beards. 1. Jojoba oil: It [&hellip;]","protected":false},"featured_media":3629,"menu_order":0,"template":"","meta":[],"product-tag":[],"products":[52],"class_list":["post-3626","product","type-product","status-publish","has-post-thumbnail","hentry","products-conditioner"],"acf":[],"_links":{"self":[{"href":"https:\/\/www.ruiqigo.com\/fr\/wp-json\/wp\/v2\/product\/3626","targetHints":{"allow":["GET"]}}],"collection":[{"href":"https:\/\/www.ruiqigo.com\/fr\/wp-json\/wp\/v2\/product"}],"about":[{"href":"https:\/\/www.ruiqigo.com\/fr\/wp-json\/wp\/v2\/types\/product"}],"version-history":[{"count":0,"href":"https:\/\/www.ruiqigo.com\/fr\/wp-json\/wp\/v2\/product\/3626\/revisions"}],"wp:featuredmedia":[{"embeddable":true,"href":"https:\/\/www.ruiqigo.com\/fr\/wp-json\/wp\/v2\/media\/3629"}],"wp:attachment":[{"href":"https:\/\/www.ruiqigo.com\/fr\/wp-json\/wp\/v2\/media?parent=3626"}],"wp:term":[{"taxonomy":"product-tag","embeddable":true,"href":"https:\/\/www.ruiqigo.com\/fr\/wp-json\/wp\/v2\/product-tag?post=3626"},{"taxonomy":"products","embeddable":true,"href":"https:\/\/www.ruiqigo.com\/fr\/wp-json\/wp\/v2\/products?post=3626"}],"curies":[{"name":"wp","href":"https:\/\/api.w.org\/{rel}","templated":true}]}}