{"id":3632,"date":"2025-06-17T17:05:37","date_gmt":"2025-06-17T09:05:37","guid":{"rendered":"https:\/\/www.ruiqigo.com\/?post_type=product&#038;p=3632"},"modified":"2025-06-17T17:05:38","modified_gmt":"2025-06-17T09:05:38","slug":"benzoyl-peroxide-body-wash","status":"publish","type":"product","link":"https:\/\/www.ruiqigo.com\/fr\/product\/benzoyl-peroxide-body-wash","title":{"rendered":"Gel douche au peroxyde de benzoyle"},"content":{"rendered":"<h2 class=\"wp-block-heading\">Formules courantes de fabrication de gel douche au peroxyde de benzoyle<\/h2>\n\n\n\n<p>Pour d\u00e9velopper notre gel douche au peroxyde de benzoyle, nous avons utilis\u00e9 une combinaison d&#039;ingr\u00e9dients actifs aux multiples effets de soin, qui assure non seulement un pouvoir st\u00e9rilisant et nettoyant, mais aussi apaisant et hydratant. Ses ingr\u00e9dients cl\u00e9s, tels que le peroxyde de benzoyle, la niacinamide, la glyc\u00e9rine et le lauroylsarcosinate de sodium, agissent en synergie pour purifier les pores, \u00e9quilibrer le s\u00e9bum et r\u00e9parer la barri\u00e8re cutan\u00e9e. De plus, nous avons int\u00e9gr\u00e9 des extraits de plantes et un syst\u00e8me moussant doux pour une exp\u00e9rience utilisateur optimale.&nbsp;<\/p>\n\n\n\n<p><strong>1. Peroxyde de benzoyle :<\/strong> Cet ingr\u00e9dient antibact\u00e9rien \u00e0 large spectre peut \u00e9liminer efficacement le Propionibacterium, responsable de l&#039;acn\u00e9. Il \u00e9limine les cellules mortes et le s\u00e9bum, p\u00e9n\u00e8tre en profondeur dans les pores pour les d\u00e9boucher et constitue un ingr\u00e9dient pr\u00e9cieux pour le traitement de l&#039;acn\u00e9.&nbsp;<\/p>\n\n\n\n<p><strong>2. Niacinamide :<\/strong> Il peut aider \u00e0 r\u00e9guler la s\u00e9cr\u00e9tion de s\u00e9bum, \u00e9claircir le teint et soulager l&#039;inflammation caus\u00e9e par l&#039;acn\u00e9. Il peut \u00eatre utilis\u00e9 avec du peroxyde de benzoyle pour r\u00e9duire l&#039;irritation et am\u00e9liorer la capacit\u00e9 de r\u00e9paration de la barri\u00e8re cutan\u00e9e.&nbsp;<\/p>\n\n\n\n<p><strong>3. Glyc\u00e9rine :<\/strong> La glyc\u00e9rine est un hydratant naturel qui peut maintenir l&#039;humidit\u00e9 dans la couche corn\u00e9e tout en nettoyant la peau, soulager la s\u00e9cheresse et l&#039;inconfort caus\u00e9s par le nettoyage, am\u00e9liorer la douceur et l&#039;\u00e9lasticit\u00e9 de la peau et pr\u00e9venir les tiraillements cutan\u00e9s caus\u00e9s par un nettoyage excessif.&nbsp;<\/p>\n\n\n\n<p><strong>4. Lauroylsarcosinate de sodium : <\/strong>Cet agent moussant doux, sans sulfates, r\u00e9duit l&#039;irritation des peaux sensibles et pr\u00e9serve la barri\u00e8re cutan\u00e9e naturelle tout en nettoyant. Il est doux et non irritant.&nbsp;<\/p>\n\n\n\n<p><strong>5. Huile essentielle d&#039;arbre \u00e0 th\u00e9 :<\/strong> L&#039;huile essentielle d&#039;arbre \u00e0 th\u00e9 est un ingr\u00e9dient antibact\u00e9rien naturel aux propri\u00e9t\u00e9s anti-inflammatoires et r\u00e9gulatrices de s\u00e9bum. Elle peut am\u00e9liorer l&#039;\u00e9limination de l&#039;acn\u00e9 tout en procurant une odeur rafra\u00eechissante et agr\u00e9able.<\/p>\n\n\n\n<h2 class=\"wp-block-heading\">Les fonctions du gel douche au peroxyde de benzoyle<\/h2>\n\n\n\n<p><strong>1. Rafra\u00eechissant et non gras :<\/strong> Le gel douche au peroxyde de benzoyle a une texture l\u00e9g\u00e8re et ne laisse aucun r\u00e9sidu apr\u00e8s rin\u00e7age. Il convient aux saisons chaudes ou apr\u00e8s l&#039;effort, pour une sensation de fra\u00eecheur.&nbsp;<\/p>\n\n\n\n<p><strong>2. Mousse douce :<\/strong> Notre formule sans savon utilise des tensioactifs \u00e0 base d&#039;acides amin\u00e9s. Elle mousse d\u00e9licatement et rapidement, avec une mousse onctueuse, et se rince facilement, ce qui la rend id\u00e9ale pour les soins quotidiens fr\u00e9quents.\u00a0<\/p>\n\n\n\n<p><strong>3. Action rapide :<\/strong> Les ingr\u00e9dients actifs de la formule du gel douche au peroxyde de benzoyle peuvent agir rapidement sur la zone acn\u00e9ique, raccourcir le cycle d&#039;inflammation et soulager les rougeurs et les gonflements de la peau.&nbsp;<\/p>\n\n\n\n<p><strong>4. R\u00e9paration :<\/strong> Ce produit est formul\u00e9 avec des ingr\u00e9dients hydratants et apaisants, qui peuvent r\u00e9duire l&#039;irritation cutan\u00e9e tout en nettoyant et en maintenant l&#039;\u00e9quilibre en eau et en huile de la peau.&nbsp;<\/p>\n\n\n\n<p><strong>5. Pas facile d&#039;obstruer les pores :<\/strong> Le gel douche au peroxyde de benzoyle ne contient pas d&#039;ingr\u00e9dients responsables de l&#039;acn\u00e9 et n&#039;obstrue pas facilement les pores. Il convient \u00e0 une utilisation prolong\u00e9e pour les personnes souffrant r\u00e9guli\u00e8rement de com\u00e9dons ferm\u00e9s et d&#039;acn\u00e9.&nbsp;<\/p>\n\n\n\n<p><strong>6. Haute stabilit\u00e9 du produit :<\/strong> Le gel douche au peroxyde de benzoyle adopte une formule \u00e0 faible irritation et un processus stable, qui peut contr\u00f4ler efficacement l&#039;oxydation des ingr\u00e9dients actifs et am\u00e9liorer la dur\u00e9e de vie et la s\u00e9curit\u00e9.\u00a0<\/p>\n\n\n\n<h2 class=\"wp-block-heading\">Comment utiliser le gel douche au peroxyde de benzoyle<\/h2>\n\n\n\n<p>Le gel douche au peroxyde de benzoyle est facile \u00e0 utiliser et convient au nettoyage quotidien et aux soins des peaux \u00e0 tendance acn\u00e9ique. Nous vous recommandons de l&#039;utiliser une fois par jour ou tous les deux jours, en respectant la dur\u00e9e et la zone d&#039;application.&nbsp;<\/p>\n\n\n\n<p>1. Mouillez votre peau, prenez une quantit\u00e9 appropri\u00e9e de gel douche et mettez-la dans votre paume ou votre boule de bain, puis frottez-la pour cr\u00e9er la mousse.<\/p>\n\n\n\n<p>2. Massez doucement la mousse sur le dos, les bras, les cuisses et d&#039;autres zones, et laissez agir 1 \u00e0 2 minutes pour am\u00e9liorer l&#039;efficacit\u00e9 du produit.<\/p>\n\n\n\n<p>3. Rincez soigneusement la mousse \u00e0 l\u2019eau claire pour \u00e9viter les r\u00e9sidus.<\/p>\n\n\n\n<p>4. Il est recommand\u00e9 d&#039;appliquer une lotion corporelle non irritante pour hydrater apr\u00e8s utilisation.<\/p>\n\n\n\n<h2 class=\"wp-block-heading\">Prudence<\/h2>\n\n\n\n<p><strong>1. Un test cutan\u00e9 est requis pour la premi\u00e8re utilisation :<\/strong> Nous recommandons de commencer par une petite zone pour garantir qu&#039;il n&#039;y a pas d&#039;irritation ou de r\u00e9action allergique de la peau avant d&#039;\u00e9largir le champ d&#039;utilisation.&nbsp;<\/p>\n\n\n\n<p><strong>2. \u00c9viter le contact avec les yeux :<\/strong> \u00c9viter tout contact avec les yeux pendant l&#039;utilisation. En cas de contact accidentel avec les yeux, rincer imm\u00e9diatement et abondamment \u00e0 l&#039;eau pour \u00e9viter toute irritation.\u00a0<\/p>\n\n\n\n<p><strong>3. Ne pas utiliser avec des produits exfoliants puissants :<\/strong> Veuillez \u00e9viter de l&#039;utiliser le m\u00eame jour avec des produits contenant de l&#039;AHA\/BHA ou d&#039;autres ingr\u00e9dients irritants pour \u00e9viter tout inconfort tel que rougeurs, gonflements et desquamations.\u00a0<\/p>\n\n\n\n<p><strong>4. Faites attention \u00e0 la protection solaire apr\u00e8s utilisation :<\/strong> Ce produit contenant du peroxyde de benzoyle peut augmenter la sensibilit\u00e9 de la peau aux rayons ultraviolets. Par cons\u00e9quent, en cas d&#039;utilisation en journ\u00e9e, veuillez utiliser des protections solaires corporelles en compl\u00e9ment.&nbsp;<\/p>\n\n\n\n<h2 class=\"wp-block-heading\">Conclusion<\/h2>\n\n\n\n<p>Le gel douche au peroxyde de benzoyle est un produit de bain fonctionnel dot\u00e9 d&#039;un excellent pouvoir nettoyant et r\u00e9parateur. Il utilise des ingr\u00e9dients hautement efficaces comme le peroxyde de benzoyle et la niacinamide pour p\u00e9n\u00e9trer en profondeur les pores et combattre les bact\u00e9ries responsables de l&#039;acn\u00e9. Il convient aux soins des peaux \u00e0 tendance acn\u00e9ique sur plusieurs zones du corps. Con\u00e7u pour un usage quotidien, ce produit allie pouvoir nettoyant, pouvoir hydratant et douceur. Il convient \u00e0 une utilisation prolong\u00e9e pour les personnes souffrant d&#039;acn\u00e9 fr\u00e9quente ou sujette aux r\u00e9cidives. Une utilisation appropri\u00e9e peut am\u00e9liorer efficacement l&#039;\u00e9tat des peaux \u00e0 tendance acn\u00e9ique et leur redonner douceur et \u00e9clat.<\/p>","protected":false},"excerpt":{"rendered":"Benzoyl Peroxide Body Wash Manufacturing Common Formulas When developing benzoyl peroxide body wash, we used a combination of active ingredients with multiple care effects, which not only ensures sterilization and cleaning power, but also takes into account soothing and moisturizing. Core ingredients such as benzoyl peroxide, niacinamide, glycerin, sodium lauroyl sarcosinate, etc., can synergistically purify [&hellip;]","protected":false},"featured_media":3655,"menu_order":0,"template":"","meta":[],"product-tag":[],"products":[57],"class_list":["post-3632","product","type-product","status-publish","has-post-thumbnail","hentry","products-body-wash"],"acf":[],"_links":{"self":[{"href":"https:\/\/www.ruiqigo.com\/fr\/wp-json\/wp\/v2\/product\/3632","targetHints":{"allow":["GET"]}}],"collection":[{"href":"https:\/\/www.ruiqigo.com\/fr\/wp-json\/wp\/v2\/product"}],"about":[{"href":"https:\/\/www.ruiqigo.com\/fr\/wp-json\/wp\/v2\/types\/product"}],"version-history":[{"count":0,"href":"https:\/\/www.ruiqigo.com\/fr\/wp-json\/wp\/v2\/product\/3632\/revisions"}],"wp:featuredmedia":[{"embeddable":true,"href":"https:\/\/www.ruiqigo.com\/fr\/wp-json\/wp\/v2\/media\/3655"}],"wp:attachment":[{"href":"https:\/\/www.ruiqigo.com\/fr\/wp-json\/wp\/v2\/media?parent=3632"}],"wp:term":[{"taxonomy":"product-tag","embeddable":true,"href":"https:\/\/www.ruiqigo.com\/fr\/wp-json\/wp\/v2\/product-tag?post=3632"},{"taxonomy":"products","embeddable":true,"href":"https:\/\/www.ruiqigo.com\/fr\/wp-json\/wp\/v2\/products?post=3632"}],"curies":[{"name":"wp","href":"https:\/\/api.w.org\/{rel}","templated":true}]}}