{"id":3650,"date":"2025-06-16T16:18:09","date_gmt":"2025-06-16T08:18:09","guid":{"rendered":"https:\/\/www.ruiqigo.com\/?post_type=product&#038;p=3650"},"modified":"2025-06-19T09:17:47","modified_gmt":"2025-06-19T01:17:47","slug":"restorative-conditioner","status":"publish","type":"product","link":"https:\/\/www.ruiqigo.com\/fr\/product\/restorative-conditioner","title":{"rendered":"Apr\u00e8s-shampoing r\u00e9parateur"},"content":{"rendered":"<h2 class=\"wp-block-heading\">Formules courantes de fabrication de revitalisants r\u00e9parateurs<\/h2>\n\n\n\n<p>Cet apr\u00e8s-shampoing r\u00e9parateur est principalement compos\u00e9 d&#039;acides amin\u00e9s, d&#039;extraits de noix de coco et de jacquier, ainsi que de graines de chia. Les acides amin\u00e9s ont d&#039;excellentes propri\u00e9t\u00e9s hydratantes et nourrissantes, r\u00e9g\u00e9n\u00e9rant en profondeur les cheveux et le cuir chevelu. Les extraits de noix de coco et de jacquier sont riches en nutriments naturels, r\u00e9hydratant et nourrissant, et am\u00e9liorant la douceur des cheveux. Les graines de chia peuvent r\u00e9parer les dommages existants tout en les prot\u00e9geant des dommages futurs. En tant que fabricant professionnel d&#039;apr\u00e8s-shampoings r\u00e9parateurs, nous nous engageons \u00e0 lisser les frisottis des cheveux ab\u00eem\u00e9s, en p\u00e9n\u00e9trant profond\u00e9ment et en r\u00e9hydratant, en am\u00e9liorant les cheveux ternes et en leur apportant douceur et sant\u00e9 de l&#039;int\u00e9rieur.<\/p>\n\n\n\n<h2 class=\"wp-block-heading\">Sc\u00e9narios applicables au revitalisant r\u00e9parateur<\/h2>\n\n\n\n<p>Les apr\u00e8s-shampooings r\u00e9parateurs sont essentiels pour tous les soins capillaires. Apr\u00e8s des traitements chimiques comme une permanente ou une coloration, les cheveux deviennent cassants et ternes. Cet apr\u00e8s-shampooing contient des acides amin\u00e9s et des extraits de plantes pour r\u00e9parer les cuticules ab\u00eem\u00e9es et redonner douceur et brillance aux cheveux. Pour celles qui utilisent fr\u00e9quemment des appareils chauffants, sa formule \u00e0 base d&#039;ingr\u00e9dients r\u00e9parateurs comme les graines de chia peut compenser les dommages caus\u00e9s par la chaleur et r\u00e9duire la casse. Que ce soit pour pr\u00e9server des cheveux trop trait\u00e9s, les prot\u00e9ger apr\u00e8s un coiffage \u00e0 chaud ou dompter les cheveux naturellement fris\u00e9s et secs, les apr\u00e8s-shampooings r\u00e9parateurs r\u00e9pondent \u00e0 tous vos besoins.<\/p>\n\n\n\n<h2 class=\"wp-block-heading\">Processus de production d&#039;un revitalisant r\u00e9parateur<\/h2>\n\n\n\n<p>L&#039;apr\u00e8s-shampoing r\u00e9parateur est fabriqu\u00e9 selon un processus professionnel. Les mati\u00e8res premi\u00e8res, telles que les acides amin\u00e9s et les extraits de noix de coco et de jacquier, sont rigoureusement s\u00e9lectionn\u00e9es pour garantir leur qualit\u00e9 et leur puret\u00e9. Lors de la production, la temp\u00e9rature et la pression sont rigoureusement contr\u00f4l\u00e9es, notamment lors de l&#039;\u00e9mulsification, afin d&#039;\u00e9viter toute perte d&#039;ingr\u00e9dients actifs. Enfin, des mat\u00e9riaux d&#039;emballage respectueux de l&#039;environnement et non toxiques sont utilis\u00e9s. Ce proc\u00e9d\u00e9 de fabrication garantit la qualit\u00e9 et l&#039;efficacit\u00e9 de l&#039;apr\u00e8s-shampoing r\u00e9parateur et assure une r\u00e9paration capillaire efficace.<\/p>","protected":false},"excerpt":{"rendered":"Restorative conditioner manufacturing common formulas Restorative conditioner is mainly composed of amino acids, coconut and jackfruit plant extracts, and chia seeds. Amino acids have excellent moisturizing and nourishing effects, deeply replenishing nutrients for hair and scalp; coconut and jackfruit extracts are rich in natural nutrients, further replenishing moisture and nourishing, and improving hair softness; chia [&hellip;]","protected":false},"featured_media":3652,"menu_order":0,"template":"","meta":[],"product-tag":[],"products":[52],"class_list":["post-3650","product","type-product","status-publish","has-post-thumbnail","hentry","products-conditioner"],"acf":[],"_links":{"self":[{"href":"https:\/\/www.ruiqigo.com\/fr\/wp-json\/wp\/v2\/product\/3650","targetHints":{"allow":["GET"]}}],"collection":[{"href":"https:\/\/www.ruiqigo.com\/fr\/wp-json\/wp\/v2\/product"}],"about":[{"href":"https:\/\/www.ruiqigo.com\/fr\/wp-json\/wp\/v2\/types\/product"}],"version-history":[{"count":0,"href":"https:\/\/www.ruiqigo.com\/fr\/wp-json\/wp\/v2\/product\/3650\/revisions"}],"wp:featuredmedia":[{"embeddable":true,"href":"https:\/\/www.ruiqigo.com\/fr\/wp-json\/wp\/v2\/media\/3652"}],"wp:attachment":[{"href":"https:\/\/www.ruiqigo.com\/fr\/wp-json\/wp\/v2\/media?parent=3650"}],"wp:term":[{"taxonomy":"product-tag","embeddable":true,"href":"https:\/\/www.ruiqigo.com\/fr\/wp-json\/wp\/v2\/product-tag?post=3650"},{"taxonomy":"products","embeddable":true,"href":"https:\/\/www.ruiqigo.com\/fr\/wp-json\/wp\/v2\/products?post=3650"}],"curies":[{"name":"wp","href":"https:\/\/api.w.org\/{rel}","templated":true}]}}