{"id":3659,"date":"2025-06-17T11:21:26","date_gmt":"2025-06-17T03:21:26","guid":{"rendered":"https:\/\/www.ruiqigo.com\/?post_type=product&#038;p=3659"},"modified":"2025-06-19T09:15:23","modified_gmt":"2025-06-19T01:15:23","slug":"cleansing-conditioner","status":"publish","type":"product","link":"https:\/\/www.ruiqigo.com\/fr\/product\/cleansing-conditioner","title":{"rendered":"Apr\u00e8s-shampoing nettoyant"},"content":{"rendered":"<h2 class=\"wp-block-heading\">Formules courantes de fabrication d&#039;apr\u00e8s-shampoing nettoyant<\/h2>\n\n\n\n<p>Cet apr\u00e8s-shampoing nettoyant est soigneusement formul\u00e9 \u00e0 partir d&#039;une vari\u00e9t\u00e9 d&#039;ingr\u00e9dients naturels essentiels pour un nettoyage en douceur et un soin nourrissant. L&#039;huile essentielle de romarin poss\u00e8de des propri\u00e9t\u00e9s rafra\u00eechissantes, qui permettent non seulement de lutter contre la s\u00e9cheresse et les d\u00e9mangeaisons du cuir chevelu, de le purifier, mais aussi de r\u00e9soudre les probl\u00e8mes de pellicules et de favoriser un cuir chevelu plus sain. L&#039;huile d&#039;argan, riche en acides gras et en vitamines, p\u00e9n\u00e8tre profond\u00e9ment dans les cheveux pour les hydrater, lisser les frisottis, rehausser leur brillance naturelle et les rendre doux et faciles \u00e0 coiffer. L&#039;huile de jojoba, dont la composition est similaire au s\u00e9bum naturel du cuir chevelu, est un hydratant l\u00e9ger qui revitalise les cheveux sans les alourdir, les r\u00e9pare et am\u00e9liore leur \u00e9lasticit\u00e9. Ces ingr\u00e9dients soigneusement s\u00e9lectionn\u00e9s agissent ensemble pour cr\u00e9er un apr\u00e8s-shampoing nettoyant qui nettoie, revitalise, r\u00e9pare et prot\u00e8ge efficacement les cheveux, les laissant propres, frais et \u00e9clatants de beaut\u00e9.<\/p>\n\n\n\n<h2 class=\"wp-block-heading\">Sc\u00e9narios applicables au revitalisant nettoyant<\/h2>\n\n\n\n<p>Les apr\u00e8s-shampoings clarifiants sont parfaits pour toutes les routines de soins capillaires. Au quotidien, ils sont parfaits pour celles qui souhaitent un nettoyage en douceur sans agresser les cheveux. Apr\u00e8s l&#039;effort, ils rafra\u00eechissent les cheveux gras et transpirants tout en les nourrissant. Ils sont \u00e9galement parfaits pour les cheveux ab\u00eem\u00e9s ou color\u00e9s, car leur formule douce prot\u00e8ge les cheveux fragiles. Que ce soit pour un lavage rapide \u00e0 la maison, en d\u00e9placement ou apr\u00e8s une exposition aux intemp\u00e9ries, les apr\u00e8s-shampoings clarifiants garantissent des cheveux propres, lisses et faciles \u00e0 coiffer en toute situation.<\/p>\n\n\n\n<h2 class=\"wp-block-heading\">\u00c0 qui convient le revitalisant nettoyant ?<\/h2>\n\n\n\n<p>L&#039;Apr\u00e8s-Shampooing Clarifiant convient \u00e0 tous. Pour les cheveux secs et ab\u00eem\u00e9s par des colorations fr\u00e9quentes, des appareils de coiffage \u00e0 chaud ou des facteurs environnementaux, sa formule hydratante et r\u00e9paratrice peut les aider \u00e0 retrouver souplesse et force. Les cheveux gras peuvent profiter de ses propri\u00e9t\u00e9s nettoyantes douces, non irritantes et rafra\u00eechissantes pour le cuir chevelu afin d&#039;am\u00e9liorer le s\u00e9bum. Les cheveux sains peuvent \u00e9galement l&#039;utiliser pour maintenir leur hydratation et leur souplesse. Que vous ayez les cheveux cassants apr\u00e8s des traitements chimiques, les cheveux gras n\u00e9cessitant un rafra\u00eechissement doux, ou que vous souhaitiez simplement les garder en pleine forme, l&#039;Apr\u00e8s-Shampooing Clarifiant offre un soin sur mesure pour des cheveux plus lisses et plus \u00e9clatants.<\/p>\n\n\n\n<h2 class=\"wp-block-heading\">Processus de production d&#039;un apr\u00e8s-shampoing nettoyant<\/h2>\n\n\n\n<p>La production d&#039;apr\u00e8s-shampoings nettoyants exige un processus rigoureux pour garantir la qualit\u00e9. Des ingr\u00e9dients naturels tels que l&#039;huile d&#039;argan et l&#039;huile de jojoba sont soigneusement s\u00e9lectionn\u00e9s pour garantir leur puret\u00e9 et leur efficacit\u00e9. Lors de la phase de d\u00e9veloppement de la formule, ces ingr\u00e9dients sont associ\u00e9s \u00e0 des tensioactifs et des apr\u00e8s-shampoings doux. Durant le processus de production, la temp\u00e9rature et la dur\u00e9e sont rigoureusement contr\u00f4l\u00e9es afin d&#039;optimiser la synergie des ingr\u00e9dients et de pr\u00e9server l&#039;activit\u00e9 des ingr\u00e9dients nourrissants. Enfin, des mat\u00e9riaux d&#039;emballage respectueux de l&#039;environnement et non toxiques sont utilis\u00e9s pour garantir l&#039;int\u00e9grit\u00e9 du produit et la s\u00e9curit\u00e9 des utilisateurs. Chaque \u00e9tape, de la s\u00e9lection des ingr\u00e9dients \u00e0 l&#039;emballage, vise \u00e0 cr\u00e9er un apr\u00e8s-shampoing nettoyant capable de nettoyer, nourrir et prot\u00e9ger efficacement les cheveux, tout en respectant des normes de qualit\u00e9 et de durabilit\u00e9 \u00e9lev\u00e9es.<\/p>\n\n\n\n<p><\/p>","protected":false},"excerpt":{"rendered":"Cleansing conditioner manufacturing common formulas The cleansing conditioner is carefully formulated with a variety of key natural ingredients to achieve gentle cleansing and nourishing care. Rosemary essential oil has refreshing properties, which can not only fight dryness and itching of the scalp, purify the scalp, but also solve dandruff problems and create a healthier scalp [&hellip;]","protected":false},"featured_media":3660,"menu_order":0,"template":"","meta":[],"product-tag":[],"products":[52],"class_list":["post-3659","product","type-product","status-publish","has-post-thumbnail","hentry","products-conditioner"],"acf":[],"_links":{"self":[{"href":"https:\/\/www.ruiqigo.com\/fr\/wp-json\/wp\/v2\/product\/3659","targetHints":{"allow":["GET"]}}],"collection":[{"href":"https:\/\/www.ruiqigo.com\/fr\/wp-json\/wp\/v2\/product"}],"about":[{"href":"https:\/\/www.ruiqigo.com\/fr\/wp-json\/wp\/v2\/types\/product"}],"version-history":[{"count":0,"href":"https:\/\/www.ruiqigo.com\/fr\/wp-json\/wp\/v2\/product\/3659\/revisions"}],"wp:featuredmedia":[{"embeddable":true,"href":"https:\/\/www.ruiqigo.com\/fr\/wp-json\/wp\/v2\/media\/3660"}],"wp:attachment":[{"href":"https:\/\/www.ruiqigo.com\/fr\/wp-json\/wp\/v2\/media?parent=3659"}],"wp:term":[{"taxonomy":"product-tag","embeddable":true,"href":"https:\/\/www.ruiqigo.com\/fr\/wp-json\/wp\/v2\/product-tag?post=3659"},{"taxonomy":"products","embeddable":true,"href":"https:\/\/www.ruiqigo.com\/fr\/wp-json\/wp\/v2\/products?post=3659"}],"curies":[{"name":"wp","href":"https:\/\/api.w.org\/{rel}","templated":true}]}}