{"id":366,"date":"2024-07-08T09:50:29","date_gmt":"2024-07-08T01:50:29","guid":{"rendered":"https:\/\/ruiqigo.com\/?post_type=product&#038;p=366"},"modified":"2024-10-28T15:36:38","modified_gmt":"2024-10-28T07:36:38","slug":"vanilla-body-wash","status":"publish","type":"product","link":"https:\/\/www.ruiqigo.com\/fr\/product\/vanilla-body-wash","title":{"rendered":"Gel douche \u00e0 la vanille"},"content":{"rendered":"<h3 class=\"wp-block-heading\">Fabrication de gel douche \u00e0 la vanille Formules courantes<\/h3>\n\n\n\n<p>L&#039;ingr\u00e9dient principal de ce gel douche \u00e0 la vanille est l&#039;huile essentielle de vanille naturelle. L&#039;huile essentielle de vanille est riche en phytonutriments naturels tels que les vitamines et les min\u00e9raux, qui non seulement parfument l&#039;heure du bain, mais nourrissent \u00e9galement la peau. Dans le m\u00eame temps, nous avons \u00e9galement ajout\u00e9 de la farine d&#039;avoine, de la camomille et d&#039;autres extraits de plantes naturelles dans la formule, qui peuvent nettoyer la peau en douceur, mais aussi lui apporter plus d&#039;effet d&#039;entretien. Tous les ingr\u00e9dients sont rigoureusement s\u00e9lectionn\u00e9s pour garantir la s\u00e9curit\u00e9 et l&#039;efficacit\u00e9 du produit, afin de vous pr\u00e9senter des produits de bain naturels de haute qualit\u00e9.<\/p>\n\n\n\n<h3 class=\"wp-block-heading\">Sc\u00e9narios applicables au gel douche \u00e0 la vanille<\/h3>\n\n\n\n<p>Ce gel douche \u00e0 la vanille convient \u00e0 toutes les saisons et \u00e0 tous les climats. En \u00e9t\u00e9 passionn\u00e9, son parfum frais et agr\u00e9able peut apporter une d\u00e9tente totale, mais peut \u00e9galement garder la peau fra\u00eeche et propre ; en hiver froid et sec, ses ingr\u00e9dients nourrissants riches peuvent fournir un soin complet \u00e0 la peau pour soulager la s\u00e9cheresse et d&#039;autres probl\u00e8mes.<\/p>\n\n\n\n<h3 class=\"wp-block-heading\">\u00c0 qui s&#039;adresse le gel douche Vanilla<\/h3>\n\n\n\n<p>Gr\u00e2ce \u00e0 ses propri\u00e9t\u00e9s apaisantes et hydratantes, le gel douche \u00e0 la vanille convient \u00e0 tous les types de peau, en particulier aux utilisateurs \u00e0 la recherche d&#039;une exp\u00e9rience aromatique naturelle. Pour les peaux s\u00e8ches ou en qu\u00eate de d\u00e9tente, les effets doux et hydratants de la vanille constituent le soin de bain id\u00e9al. Il convient \u00e9galement \u00e0 ceux qui sont soucieux de l&#039;environnement, car le produit est emball\u00e9 dans des mat\u00e9riaux respectueux de l&#039;environnement.<\/p>\n\n\n\n<h3 class=\"wp-block-heading\">Processus de production du gel douche \u00e0 la vanille<\/h3>\n\n\n\n<p>Lors de la production du gel douche \u00e0 la vanille, des gousses de vanille soigneusement s\u00e9lectionn\u00e9es sont utilis\u00e9es pour extraire le parfum, et l&#039;ar\u00f4me naturel et les ingr\u00e9dients de soin de la peau de la vanille sont pr\u00e9serv\u00e9s gr\u00e2ce \u00e0 un processus d&#039;extraction \u00e0 froid. Au cours du processus de production, le rapport et la valeur du pH de la formule sont strictement contr\u00f4l\u00e9s pour garantir que le produit est doux et non irritant, tout en pr\u00e9servant l&#039;\u00e9quilibre naturel du pH de la peau.<\/p>","protected":false},"excerpt":{"rendered":"Vanilla body wash manufacturing Common Formulas The core ingredient of this Vanilla Body Wash is natural vanilla essential oil. Vanilla essential oil is rich in natural phytonutrients such as vitamins and minerals, which not only make bath time scented, but also nourish the skin. At the same time, we also added oatmeal, chamomile and other [&hellip;]","protected":false},"featured_media":367,"menu_order":0,"template":"","meta":[],"product-tag":[],"products":[57],"class_list":["post-366","product","type-product","status-publish","has-post-thumbnail","hentry","products-body-wash"],"acf":[],"_links":{"self":[{"href":"https:\/\/www.ruiqigo.com\/fr\/wp-json\/wp\/v2\/product\/366","targetHints":{"allow":["GET"]}}],"collection":[{"href":"https:\/\/www.ruiqigo.com\/fr\/wp-json\/wp\/v2\/product"}],"about":[{"href":"https:\/\/www.ruiqigo.com\/fr\/wp-json\/wp\/v2\/types\/product"}],"version-history":[{"count":0,"href":"https:\/\/www.ruiqigo.com\/fr\/wp-json\/wp\/v2\/product\/366\/revisions"}],"wp:featuredmedia":[{"embeddable":true,"href":"https:\/\/www.ruiqigo.com\/fr\/wp-json\/wp\/v2\/media\/367"}],"wp:attachment":[{"href":"https:\/\/www.ruiqigo.com\/fr\/wp-json\/wp\/v2\/media?parent=366"}],"wp:term":[{"taxonomy":"product-tag","embeddable":true,"href":"https:\/\/www.ruiqigo.com\/fr\/wp-json\/wp\/v2\/product-tag?post=366"},{"taxonomy":"products","embeddable":true,"href":"https:\/\/www.ruiqigo.com\/fr\/wp-json\/wp\/v2\/products?post=366"}],"curies":[{"name":"wp","href":"https:\/\/api.w.org\/{rel}","templated":true}]}}