{"id":3665,"date":"2025-06-18T15:07:52","date_gmt":"2025-06-18T07:07:52","guid":{"rendered":"https:\/\/www.ruiqigo.com\/?post_type=product&#038;p=3665"},"modified":"2025-06-18T15:07:52","modified_gmt":"2025-06-18T07:07:52","slug":"body-wash-for-women","status":"publish","type":"product","link":"https:\/\/www.ruiqigo.com\/fr\/product\/body-wash-for-women","title":{"rendered":"Gel douche pour femmes"},"content":{"rendered":"<h2 class=\"wp-block-heading\">Gel douche pour femmes Fabrication de formules courantes<\/h2>\n\n\n\n<p>En tant que fabricant professionnel de gels douche pour femmes, nous s\u00e9lectionnons des essences v\u00e9g\u00e9tales naturelles et des ingr\u00e9dients hydratants et nourrissants hautement efficaces, afin de leur offrir un nettoyage et une hydratation r\u00e9paratrice doux et efficaces. Ces ingr\u00e9dients hydratent la peau en profondeur, renforcent sa barri\u00e8re naturelle, la maintiennent hydrat\u00e9e, saine et \u00e9clatante, et font de chaque bain un moment de douceur.\u00a0 <\/p>\n\n\n\n<p><strong>1. Huile de coco :<\/strong> En tant que nettoyant naturel, l&#039;huile de coco \u00e9limine en douceur les impuret\u00e9s et le s\u00e9bum tout en hydratant la peau. Sa riche composition en acides gras contribue \u00e9galement \u00e0 maintenir la barri\u00e8re cutan\u00e9e, \u00e0 pr\u00e9venir la d\u00e9shydratation et \u00e0 garder la peau lisse et \u00e9lastique apr\u00e8s le nettoyage.&nbsp;<\/p>\n\n\n\n<p><strong>2. Glyc\u00e9rine : <\/strong>La glyc\u00e9rine est une mol\u00e9cule hydratante tr\u00e8s efficace qui absorbe l&#039;humidit\u00e9 de l&#039;air, hydrate durablement la peau, r\u00e9duit efficacement la s\u00e9cheresse et les tiraillements apr\u00e8s le lavage et assure une peau douce et hydrat\u00e9e. Ses propri\u00e9t\u00e9s douces sont particuli\u00e8rement adapt\u00e9es aux peaux sensibles et contribuent \u00e0 pr\u00e9server leur confort.&nbsp;<\/p>\n\n\n\n<p><strong>3. Vitamine E : <\/strong>C&#039;est un puissant ingr\u00e9dient antioxydant qui aide la peau \u00e0 r\u00e9sister aux dommages des radicaux libres, \u00e0 la prot\u00e9ger des agressions environnementales et \u00e0 retarder le vieillissement cutan\u00e9. Il poss\u00e8de \u00e9galement des propri\u00e9t\u00e9s r\u00e9paratrices et apaisantes, faisant du bain la premi\u00e8re \u00e9tape d&#039;un soin anti-\u00e2ge.&nbsp;<\/p>\n\n\n\n<p><strong>4. Beurre de karit\u00e9 :<\/strong> Le beurre de karit\u00e9 est un ingr\u00e9dient profond\u00e9ment hydratant, riche en acides gras naturels et en vitamine E. Il peut former un film protecteur sur la surface de la peau, pr\u00e9venir efficacement la s\u00e9cheresse et la rugosit\u00e9 et am\u00e9liorer la douceur et l&#039;\u00e9lasticit\u00e9 de la peau.&nbsp;<\/p>\n\n\n\n<p><strong>5. C\u00e9ramide :<\/strong> Il s&#039;agit d&#039;un lipide naturel et d&#039;un composant important de la barri\u00e8re cutan\u00e9e. Il peut renforcer la protection de la couche corn\u00e9e, r\u00e9duire la perte d&#039;eau et am\u00e9liorer la r\u00e9sistance de la peau aux stimuli externes. Il est particuli\u00e8rement adapt\u00e9 aux peaux s\u00e8ches et sensibles.&nbsp;<\/p>\n\n\n\n<p><strong>6. Hyaluronate de sodium :<\/strong> L&#039;hyaluronate de sodium est un puissant ingr\u00e9dient hydratant dot\u00e9 d&#039;une excellente capacit\u00e9 \u00e0 retenir l&#039;eau. Il hydrate la peau en continu apr\u00e8s le bain et lui conf\u00e8re une sensation d&#039;hydratation et d&#039;\u00e9clat. Il convient aux femmes de tous \u00e2ges.&nbsp;<\/p>\n\n\n\n<h2 class=\"wp-block-heading\">Les fonctions du gel douche pour femmes<\/h2>\n\n\n\n<p>Notre gel douche pour femme poss\u00e8de une formule unique et d&#039;excellentes performances, combinant des ingr\u00e9dients naturels et une technologie de pointe pour apporter de multiples bienfaits \u00e0 la peau.&nbsp;<\/p>\n\n\n\n<p><strong>1. Nettoyage doux :<\/strong> Ce gel douche pour femme utilise des tensioactifs doux qui nettoient efficacement la peau sans endommager sa barri\u00e8re cutan\u00e9e naturelle. Il est particuli\u00e8rement adapt\u00e9 aux peaux sensibles pour \u00e9viter irritations et inconfort.&nbsp;<\/p>\n\n\n\n<p><strong>2. Hydratation profonde longue dur\u00e9e :<\/strong> Le gel douche pour femmes est riche en une vari\u00e9t\u00e9 d&#039;ingr\u00e9dients hydratants, tels que la glyc\u00e9rine, le panth\u00e9nol, etc., qui hydratent la peau en profondeur, retiennent l&#039;humidit\u00e9 apr\u00e8s le bain, gardent la peau hydrat\u00e9e, douce et non s\u00e8che, et r\u00e9duisent les tiraillements.\u00a0<\/p>\n\n\n\n<p><strong>3. Renforcer la barri\u00e8re cutan\u00e9e :<\/strong> Ce produit est formul\u00e9 avec des ingr\u00e9dients tels que la c\u00e9ramide et la vitamine E, qui peuvent am\u00e9liorer efficacement les capacit\u00e9s d&#039;auto-r\u00e9paration et de r\u00e9sistance de la peau apr\u00e8s le bain, renforcer la barri\u00e8re cutan\u00e9e, am\u00e9liorer la capacit\u00e9 de la peau \u00e0 r\u00e9sister aux stimuli externes et maintenir une peau saine.&nbsp;<\/p>\n\n\n\n<p><strong>4. Conception adapt\u00e9e aux peaux sensibles :<\/strong> Notre gel douche pour femmes adopte une formule sans savon, sans alcool et peu irritante, associ\u00e9e \u00e0 des ingr\u00e9dients apaisants, qui ne nuisent pas \u00e0 la peau et sont tr\u00e8s doux pour les peaux sensibles.\u00a0<\/p>\n\n\n\n<p><strong>5. Parfum longue dur\u00e9e et agr\u00e9able :<\/strong> Le gel douche pour femmes utilise un parfum v\u00e9g\u00e9tal naturel, le parfum est naturel et durable, ce qui peut am\u00e9liorer efficacement le plaisir lors de son utilisation.&nbsp;<\/p>\n\n\n\n<h2 class=\"wp-block-heading\">Comment utiliser un gel douche pour femme<\/h2>\n\n\n\n<p>En quelques \u00e9tapes simples, profitez des multiples effets d&#039;un nettoyage doux, d&#039;une hydratation en profondeur et d&#039;un parfum longue dur\u00e9e. Il est recommand\u00e9 de l&#039;utiliser avec une boule de bain ou un filet moussant pour renforcer son pouvoir nettoyant.&nbsp;<\/p>\n\n\n\n<p>1. Mouillez toute votre peau, pr\u00e9levez une quantit\u00e9 appropri\u00e9e de gel douche dans votre paume ou votre boule de bain et frottez doucement jusqu&#039;\u00e0 ce qu&#039;une mousse riche soit produite.<\/p>\n\n\n\n<p>2. Appliquez-le uniform\u00e9ment sur tout votre corps et massez doucement votre peau, en accordant une attention particuli\u00e8re aux zones s\u00e8ches ou rugueuses.<\/p>\n\n\n\n<p>3. Rincez abondamment \u00e0 l&#039;eau claire pour \u00e9viter tout r\u00e9sidu.<\/p>\n\n\n\n<p>4. Apr\u00e8s le bain, vous pouvez l&#039;utiliser avec une lotion pour le corps ou une huile essentielle pour am\u00e9liorer l&#039;effet hydratant.<\/p>\n\n\n\n<h2 class=\"wp-block-heading\">Prudence<\/h2>\n\n\n\n<p>Pour garantir une utilisation s\u00fbre et efficace du gel douche pour femmes, suivez ces conseils pour obtenir la meilleure exp\u00e9rience de traitement et \u00e9viter les probl\u00e8mes potentiels.&nbsp;<\/p>\n\n\n\n<p><strong>1. Test d&#039;allergie :<\/strong> Il est recommand\u00e9 d&#039;effectuer un test cutan\u00e9 local avant la premi\u00e8re utilisation afin de s&#039;assurer de l&#039;absence de r\u00e9action allergique avant d&#039;appliquer le produit sur une grande surface. En cas de r\u00e9action allergique ou d&#039;inconfort, veuillez cesser imm\u00e9diatement l&#039;utilisation et consulter un m\u00e9decin.&nbsp;<\/p>\n\n\n\n<p><strong>2. \u00c9viter le contact avec les yeux :<\/strong> \u00c9vitez tout contact du gel douche avec les yeux pendant l&#039;utilisation. En cas de contact accidentel avec les yeux, rincez-les imm\u00e9diatement \u00e0 l&#039;eau claire pour \u00e9viter toute g\u00eane ou irritation.&nbsp;<\/p>\n\n\n\n<p><strong>3. Pr\u00e9cautions de stockage :<\/strong> \u00c0 conserver dans un endroit frais et sec, \u00e0 l&#039;abri de la lumi\u00e8re directe du soleil. Tenir hors de port\u00e9e des enfants pour \u00e9viter toute ingestion accidentelle.&nbsp;<\/p>\n\n\n\n<p><strong>4. Fr\u00e9quence d&#039;utilisation recommand\u00e9e : <\/strong>Il est recommand\u00e9 de l&#039;utiliser une fois par jour pour \u00e9viter un nettoyage excessif qui pourrait endommager la barri\u00e8re.&nbsp;<\/p>\n\n\n\n<h2 class=\"wp-block-heading\">Conclusion<\/h2>\n\n\n\n<p>Le gel douche pour femme est un soin corporel de haute qualit\u00e9, doux, nettoyant et nourrissant en profondeur. Sa formule s\u00fbre, son confort d&#039;utilisation et ses excellentes performances r\u00e9pondent aux multiples besoins des femmes en mati\u00e8re de nettoyage, d&#039;hydratation et de plaisir. Une utilisation r\u00e9guli\u00e8re peut efficacement att\u00e9nuer la rugosit\u00e9 et la s\u00e9cheresse cutan\u00e9es, et am\u00e9liorer la sensation et l&#039;\u00e9clat de la peau.<\/p>","protected":false},"excerpt":{"rendered":"Body Wash For Women Manufacturing Common Formulas As a professional body wash for women manufacturer, we select natural plant essences, highly effective moisturizing and deeply nourishing ingredients, and are committed to providing gentle and effective cleansing and moisturizing repair for women. These ingredients deeply moisturize the skin, strengthen its natural barrier, help the skin stay [&hellip;]","protected":false},"featured_media":3666,"menu_order":0,"template":"","meta":[],"product-tag":[],"products":[57],"class_list":["post-3665","product","type-product","status-publish","has-post-thumbnail","hentry","products-body-wash"],"acf":[],"_links":{"self":[{"href":"https:\/\/www.ruiqigo.com\/fr\/wp-json\/wp\/v2\/product\/3665","targetHints":{"allow":["GET"]}}],"collection":[{"href":"https:\/\/www.ruiqigo.com\/fr\/wp-json\/wp\/v2\/product"}],"about":[{"href":"https:\/\/www.ruiqigo.com\/fr\/wp-json\/wp\/v2\/types\/product"}],"version-history":[{"count":0,"href":"https:\/\/www.ruiqigo.com\/fr\/wp-json\/wp\/v2\/product\/3665\/revisions"}],"wp:featuredmedia":[{"embeddable":true,"href":"https:\/\/www.ruiqigo.com\/fr\/wp-json\/wp\/v2\/media\/3666"}],"wp:attachment":[{"href":"https:\/\/www.ruiqigo.com\/fr\/wp-json\/wp\/v2\/media?parent=3665"}],"wp:term":[{"taxonomy":"product-tag","embeddable":true,"href":"https:\/\/www.ruiqigo.com\/fr\/wp-json\/wp\/v2\/product-tag?post=3665"},{"taxonomy":"products","embeddable":true,"href":"https:\/\/www.ruiqigo.com\/fr\/wp-json\/wp\/v2\/products?post=3665"}],"curies":[{"name":"wp","href":"https:\/\/api.w.org\/{rel}","templated":true}]}}