{"id":3680,"date":"2025-06-18T17:20:18","date_gmt":"2025-06-18T09:20:18","guid":{"rendered":"https:\/\/www.ruiqigo.com\/?post_type=product&#038;p=3680"},"modified":"2025-06-19T09:13:24","modified_gmt":"2025-06-19T01:13:24","slug":"biotin-shampoo-and-conditioner","status":"publish","type":"product","link":"https:\/\/www.ruiqigo.com\/fr\/product\/biotin-shampoo-and-conditioner","title":{"rendered":"Shampoing et apr\u00e8s-shampoing \u00e0 la biotine"},"content":{"rendered":"<h2 class=\"wp-block-heading\">Formules courantes de fabrication de shampoings et d&#039;apr\u00e8s-shampoings \u00e0 la biotine<\/h2>\n\n\n\n<p>Lors de la production de ce shampooing et revitalisant \u00e0 la biotine, nous utilisons une vari\u00e9t\u00e9 d&#039;ingr\u00e9dients naturels qui agissent ensemble pour nettoyer, nourrir, renforcer les cheveux et prendre soin du cuir chevelu.<\/p>\n\n\n\n<p>1. Biotine\u00a0: La biotine, \u00e9galement connue sous le nom de vitamine B7, est l&#039;ingr\u00e9dient principal. Elle joue un r\u00f4le essentiel dans la synth\u00e8se de k\u00e9ratine, la r\u00e9duction de la casse, l&#039;\u00e9paississement et la vitalit\u00e9 des cheveux en am\u00e9liorant la sant\u00e9 des follicules pileux, cr\u00e9ant ainsi une base solide pour des cheveux forts.<\/p>\n\n\n\n<p>2. Lavande\u00a0: L&#039;extrait de lavande apaise le cuir chevelu, soulage les irritations et les d\u00e9mangeaisons, et son agr\u00e9able parfum procure une sensation de d\u00e9tente. Ses propri\u00e9t\u00e9s antioxydantes prot\u00e8gent les cheveux des agressions ext\u00e9rieures, aident \u00e0 \u00e9quilibrer la s\u00e9cr\u00e9tion de s\u00e9bum du cuir chevelu et offrent un parfum floral l\u00e9ger et frais pour une exp\u00e9rience d&#039;utilisation optimale.<\/p>\n\n\n\n<p>3. Ginseng\u00a0: L&#039;extrait de ginseng favorise la circulation sanguine du cuir chevelu et facilite l&#039;apport de nutriments aux follicules pileux. Il revitalise les cheveux ternes, am\u00e9liore leur force et leur \u00e9lasticit\u00e9, et contribue \u00e0 am\u00e9liorer la chute des cheveux en optimisant la fonction des follicules pileux, leur redonnant ainsi toute leur vitalit\u00e9.<\/p>\n\n\n\n<p>4. Algues rouges : Les algues rouges sont riches en min\u00e9raux, vitamines et acides amin\u00e9s, hydratant en profondeur, formant un film protecteur pour retenir l&#039;humidit\u00e9, prot\u00e9geant contre les dommages externes tels que les rayons UV et la pollution, et lissant \u00e9galement les \u00e9cailles des cheveux, ajoutant de la brillance aux cheveux et pr\u00e9sentant une apparence plus saine.<\/p>\n\n\n\n<p>5. Gard\u00e9nia\u00a0: L&#039;extrait de gard\u00e9nia revitalise les cheveux, les rendant plus doux et plus faciles \u00e0 coiffer. Ses ingr\u00e9dients naturels nourrissent le cuir chevelu, r\u00e9duisent les frisottis et d\u00e9gagent un l\u00e9ger parfum floral. Ils contribuent \u00e9galement \u00e0 maintenir la sant\u00e9 du microbiome du cuir chevelu, cr\u00e9ant ainsi un environnement propice \u00e0 la croissance des cheveux.<\/p>\n\n\n\n<h2 class=\"wp-block-heading\">Les fonctions du shampoing et de l&#039;apr\u00e8s-shampoing \u00e0 la biotine<\/h2>\n\n\n\n<p>En tant que produit de soin capillaire professionnel contenant de la biotine, il combine les avantages nettoyants du shampooing avec les propri\u00e9t\u00e9s nourrissantes de l&#039;apr\u00e8s-shampooing et utilise des ingr\u00e9dients naturels tels que la biotine, la lavande et le ginseng pour offrir une exp\u00e9rience de soin capillaire douce et efficace.<\/p>\n\n\n\n<p>1. Nourrissement puissant : l&#039;ingr\u00e9dient principal, la biotine, favorise la production de k\u00e9ratine, renforce les cheveux de l&#039;int\u00e9rieur et est combin\u00e9 \u00e0 la k\u00e9ratine hydrolys\u00e9e pour r\u00e9parer les cheveux ab\u00eem\u00e9s, r\u00e9duire la casse des cheveux et nourrir et revitaliser en profondeur la vitalit\u00e9 globale.<\/p>\n\n\n\n<p>2. Verrouillage de l&#039;humidit\u00e9 : l&#039;extrait d&#039;algues rouges cr\u00e9e une barri\u00e8re de r\u00e9tention d&#039;eau, les extraits de gard\u00e9nia et de lavande apaisent le cuir chevelu, reconstituent en synergie l&#039;hydratation des cheveux, retiennent l&#039;hydratation naturelle, pr\u00e9viennent la s\u00e9cheresse et les frisottis et rendent les cheveux doux, lisses et hydrat\u00e9s.<\/p>\n\n\n\n<p>3. Nettoyage doux\u00a0: Abandonnez les sulfates irritants et utilisez des ingr\u00e9dients nettoyants naturels doux pour \u00e9liminer efficacement la salet\u00e9, le s\u00e9bum et les r\u00e9sidus. Nettoie tout en pr\u00e9servant les huiles naturelles des cheveux, convient \u00e0 un usage quotidien et aux cuirs chevelus sensibles, rafra\u00eechissant et non irritant apr\u00e8s le lavage.<\/p>\n\n\n\n<p>4. Soin et apaisement du cuir chevelu : le ginseng favorise la circulation sanguine et fournit des nutriments aux follicules pileux ; la lavande et le gard\u00e9nia apaisent les irritations, soulagent les d\u00e9mangeaisons, \u00e9quilibrent le s\u00e9bum du cuir chevelu, cr\u00e9ent un environnement de croissance capillaire sain et am\u00e9liorent le confort du cuir chevelu.<\/p>\n\n\n\n<p>5. Lumineux et lisse : la k\u00e9ratine hydrolys\u00e9e lisse les \u00e9cailles des cheveux, les algues rouges ajoutent de la brillance, la formule lisse les frisottis, r\u00e9duit les enchev\u00eatrements, donne aux cheveux un \u00e9clat naturel et sain et am\u00e9liore la maniabilit\u00e9 et la beaut\u00e9.<\/p>\n\n\n\n<p>6. Respectueux des cheveux teints : la formule douce n&#039;endommage pas les \u00e9cailles des cheveux et n&#039;acc\u00e9l\u00e8re pas la d\u00e9coloration, aide \u00e0 maintenir la brillance de la couleur des cheveux teints, prot\u00e8ge les cheveux teints des dommages environnementaux, prolonge la durabilit\u00e9 de la couleur des cheveux et garde les cheveux teints brillants.<\/p>\n\n\n\n<h2 class=\"wp-block-heading\">Comment utiliser le shampooing et l&#039;apr\u00e8s-shampooing \u00e0 la biotine<\/h2>\n\n\n\n<p>Nos produits de shampooing et d&#039;apr\u00e8s-shampooing \u00e0 la biotine sont une combinaison de produits nettoyants et nourrissants, adapt\u00e9s \u00e0 une vari\u00e9t\u00e9 de besoins de soins capillaires et faciles \u00e0 utiliser.<\/p>\n\n\n\n<p>1. Mouillez vos cheveux : Tout d&#039;abord, mouillez vos cheveux avec de l&#039;eau ti\u00e8de pour vous assurer que chaque m\u00e8che de cheveux est hydrat\u00e9e, afin que le produit puisse \u00eatre uniform\u00e9ment r\u00e9parti et pleinement efficace.<\/p>\n\n\n\n<p>2. Appliquez le produit\u00a0: Versez une quantit\u00e9 appropri\u00e9e de produit dans le creux de votre main, frottez-vous d\u00e9licatement les mains pour l&#039;\u00e9mulsionner l\u00e9g\u00e8rement, puis appliquez uniform\u00e9ment sur le cuir chevelu et les cheveux. Massez d\u00e9licatement votre cuir chevelu en mouvements circulaires pendant 1 \u00e0 2\u00a0minutes pour favoriser la circulation sanguine et permettre au produit de nourrir pleinement le cuir chevelu et les cheveux.<\/p>\n\n\n\n<p>3. Rincer abondamment\u00a0: Apr\u00e8s le massage, rincer les cheveux \u00e0 l&#039;eau ti\u00e8de jusqu&#039;\u00e0 \u00e9limination compl\u00e8te du produit. Bien rincer la mousse et les ingr\u00e9dients de la formule pour des cheveux frais et propres.<\/p>\n\n\n\n<p>4. Soins compl\u00e9mentaires optionnels\u00a0: Si vos cheveux sont secs ou ab\u00eem\u00e9s et que vous souhaitez les hydrater davantage, vous pouvez appliquer une petite quantit\u00e9 d&#039;huile essentielle sur vos cheveux l\u00e9g\u00e8rement humides. Laissez ensuite s\u00e9cher vos cheveux \u00e0 l&#039;air libre ou utilisez un s\u00e8che-cheveux \u00e0 basse temp\u00e9rature pour obtenir une texture lisse.<\/p>\n\n\n\n<h2 class=\"wp-block-heading\">Prudence<\/h2>\n\n\n\n<p>1. Choisissez le bon produit en fonction de votre type de cheveux pour obtenir les meilleurs r\u00e9sultats.<\/p>\n\n\n\n<p>2. Appliquez une petite quantit\u00e9 de produit derri\u00e8re l&#039;oreille lors de la premi\u00e8re utilisation. En cas de r\u00e9actions allergiques telles que picotements ou rougeurs, cessez imm\u00e9diatement l&#039;utilisation.<\/p>\n\n\n\n<p>3. Utilisez le produit selon vos besoins.<\/p>\n\n\n\n<p>4. Pour la plupart des types de cheveux, utilisez-le 2 \u00e0 3 fois par semaine. Pour les cheveux fins ou gras, augmentez la fr\u00e9quence \u00e0 3 \u00e0 4 fois par semaine. Sauf si vos cheveux sont extr\u00eamement secs, une utilisation fr\u00e9quente peut perturber l&#039;\u00e9quilibre naturel de votre cuir chevelu.<\/p>\n\n\n\n<p>5. Conservez le produit dans un endroit frais et sec, \u00e0 l&#039;abri de la lumi\u00e8re directe du soleil et des temp\u00e9ratures \u00e9lev\u00e9es.<\/p>\n\n\n\n<h2 class=\"wp-block-heading\">Conclusion<\/h2>\n\n\n\n<p>Le shampoing et apr\u00e8s-shampoing \u00e0 la biotine offre une solution compl\u00e8te de soins capillaires. Il contient des ingr\u00e9dients naturels comme la biotine, la lavande et le ginseng, qui nettoient en douceur, nourrissent en profondeur et renforcent les cheveux. Sa formule deux-en-un convient \u00e0 tous les types de cheveux et \u00e0 tous les usages, des soins quotidiens aux soins apr\u00e8s-coiffage. Il contribue \u00e0 des cheveux plus sains, plus forts et plus \u00e9clatants. Qu&#039;il s&#039;agisse de soins quotidiens ou de soins sp\u00e9cifiques, ce produit allie efficacit\u00e9 et douceur pour pr\u00e9server une sant\u00e9 optimale.<\/p>\n\n\n\n<p><\/p>","protected":false},"excerpt":{"rendered":"Biotin Shampoo And Conditioner Manufacturing Common Formulas When producing this biotin shampoo and conditioner, we use a variety of natural ingredients that work together to clean, nourish, strengthen hair, and care for the scalp. 1. Biotin: Biotin, also known as vitamin B7, is the core ingredient. It plays a key role in promoting keratin synthesis, [&hellip;]","protected":false},"featured_media":3683,"menu_order":0,"template":"","meta":[],"product-tag":[],"products":[54],"class_list":["post-3680","product","type-product","status-publish","has-post-thumbnail","hentry","products-shampoo-and-conditioner"],"acf":[],"_links":{"self":[{"href":"https:\/\/www.ruiqigo.com\/fr\/wp-json\/wp\/v2\/product\/3680","targetHints":{"allow":["GET"]}}],"collection":[{"href":"https:\/\/www.ruiqigo.com\/fr\/wp-json\/wp\/v2\/product"}],"about":[{"href":"https:\/\/www.ruiqigo.com\/fr\/wp-json\/wp\/v2\/types\/product"}],"version-history":[{"count":0,"href":"https:\/\/www.ruiqigo.com\/fr\/wp-json\/wp\/v2\/product\/3680\/revisions"}],"wp:featuredmedia":[{"embeddable":true,"href":"https:\/\/www.ruiqigo.com\/fr\/wp-json\/wp\/v2\/media\/3683"}],"wp:attachment":[{"href":"https:\/\/www.ruiqigo.com\/fr\/wp-json\/wp\/v2\/media?parent=3680"}],"wp:term":[{"taxonomy":"product-tag","embeddable":true,"href":"https:\/\/www.ruiqigo.com\/fr\/wp-json\/wp\/v2\/product-tag?post=3680"},{"taxonomy":"products","embeddable":true,"href":"https:\/\/www.ruiqigo.com\/fr\/wp-json\/wp\/v2\/products?post=3680"}],"curies":[{"name":"wp","href":"https:\/\/api.w.org\/{rel}","templated":true}]}}