{"id":3750,"date":"2025-07-03T11:06:55","date_gmt":"2025-07-03T03:06:55","guid":{"rendered":"https:\/\/www.ruiqigo.com\/?post_type=product&#038;p=3750"},"modified":"2025-07-03T11:06:56","modified_gmt":"2025-07-03T03:06:56","slug":"hand-cream-for-man","status":"publish","type":"product","link":"https:\/\/www.ruiqigo.com\/fr\/product\/hand-cream-for-man","title":{"rendered":"Cr\u00e8me pour les mains pour homme"},"content":{"rendered":"<h2 class=\"wp-block-heading\">Cr\u00e8me pour les mains pour homme, formules courantes de fabrication<\/h2>\n\n\n\n<p>L&#039;un des ingr\u00e9dients cl\u00e9s de la cr\u00e8me pour les mains pour hommes est le beurre de karit\u00e9, riche en acides gras qui forme un film hydratant pour lutter contre la s\u00e9cheresse caus\u00e9e par les activit\u00e9s manuelles fr\u00e9quentes. L&#039;ajout de vitamine E, un puissant antioxydant capable de neutraliser les radicaux libres, de r\u00e9duire les dommages environnementaux et de retarder le vieillissement, contribue \u00e0 att\u00e9nuer les rugosit\u00e9s dues au travail ou \u00e0 l&#039;exercice, \u00e0 am\u00e9liorer l&#039;\u00e9lasticit\u00e9 de la peau, \u00e0 soulager la s\u00e9cheresse, \u00e0 am\u00e9liorer sa texture, \u00e0 assurer une absorption rapide et \u00e0 ne pas graisser. Convient aux soins quotidiens des hommes, elle procure des mains saines et douces.<\/p>\n\n\n\n<h2 class=\"wp-block-heading\">Cr\u00e8me pour les mains pour homme Sc\u00e9narios applicables<\/h2>\n\n\n\n<p>Cette cr\u00e8me pour les mains pour homme convient \u00e0 de nombreuses situations quotidiennes. Apr\u00e8s des sports de plein air comme le v\u00e9lo et le basket-ball, les mains sont s\u00e8ches et d\u00e9shydrat\u00e9es. Son application permet de les r\u00e9hydrater rapidement. Lors d&#039;un travail physique, sa formule protectrice aide les mains \u00e0 r\u00e9sister aux frottements et \u00e0 \u00e9viter les rugosit\u00e9s et les ger\u00e7ures. Dans un environnement de bureau sec ou par mauvais temps (vent froid, soleil br\u00fblant), elle retient l&#039;hydratation et pr\u00e9vient les ger\u00e7ures. Pour les hommes qui ont besoin de soins pour leurs mains, cette cr\u00e8me les nourrit instantan\u00e9ment, les gardant confortables et parfaitement prot\u00e9g\u00e9es en permanence.<\/p>\n\n\n\n<h2 class=\"wp-block-heading\">\u00c0 qui convient la cr\u00e8me pour les mains pour homme ?<\/h2>\n\n\n\n<p>Cette cr\u00e8me pour les mains convient aux hommes ayant des besoins vari\u00e9s en mati\u00e8re de soins des mains. Elle est particuli\u00e8rement adapt\u00e9e \u00e0 ceux qui se lavent fr\u00e9quemment les mains au travail, qui sont expos\u00e9s au vent et au soleil pendant de longues p\u00e9riodes \u00e0 l&#039;ext\u00e9rieur, ou qui ont les mains s\u00e8ches et rugueuses. Elle hydrate efficacement, apaise les sensations d&#039;inconfort et forme une couche protectrice. Elle convient \u00e0 tous les types de peau et contribue \u00e0 pr\u00e9server la sant\u00e9 et le confort des mains.<\/p>\n\n\n\n<h2 class=\"wp-block-heading\">Processus de production de cr\u00e8me pour les mains pour homme<\/h2>\n\n\n\n<p>Le processus de fabrication de cette cr\u00e8me pour les mains pour hommes met l&#039;accent sur son efficacit\u00e9 et sa compatibilit\u00e9 avec la peau. Des ingr\u00e9dients performants, tels que le beurre de karit\u00e9 et la vitamine E, sont soigneusement s\u00e9lectionn\u00e9s et conserv\u00e9s gr\u00e2ce \u00e0 une extraction pr\u00e9cise. La proportion d&#039;agents hydratants, \u00e9mollients et protecteurs est rigoureusement contr\u00f4l\u00e9e pour cr\u00e9er une texture non collante et facilement absorb\u00e9e, r\u00e9pondant aux exigences d&#039;une utilisation efficace. L&#039;absence de parfums ni de pigments suppl\u00e9mentaires r\u00e9duit l&#039;irritation, m\u00eame en cas d&#039;exposition fr\u00e9quente aux environnements agressifs. Du traitement des mati\u00e8res premi\u00e8res \u00e0 l&#039;\u00e9mulsification et au contr\u00f4le qualit\u00e9, chaque \u00e9tape est centr\u00e9e sur la cr\u00e9ation d&#039;une cr\u00e8me pour les mains hautement nourrissante et longue tenue.<\/p>\n\n\n\n<p><\/p>","protected":false},"excerpt":{"rendered":"Hand cream for man manufacturing Common Formulas One of the key ingredients in the men&#8217;s hand cream formula is shea butter, which is rich in fatty acids and can form a moisture-locking film to combat dryness caused by frequent hand activities. Vitamin E is added, which is a powerful antioxidant that can neutralize free radicals, [&hellip;]","protected":false},"featured_media":3753,"menu_order":0,"template":"","meta":[],"product-tag":[],"products":[58],"class_list":["post-3750","product","type-product","status-publish","has-post-thumbnail","hentry","products-hand-cream"],"acf":[],"_links":{"self":[{"href":"https:\/\/www.ruiqigo.com\/fr\/wp-json\/wp\/v2\/product\/3750","targetHints":{"allow":["GET"]}}],"collection":[{"href":"https:\/\/www.ruiqigo.com\/fr\/wp-json\/wp\/v2\/product"}],"about":[{"href":"https:\/\/www.ruiqigo.com\/fr\/wp-json\/wp\/v2\/types\/product"}],"version-history":[{"count":0,"href":"https:\/\/www.ruiqigo.com\/fr\/wp-json\/wp\/v2\/product\/3750\/revisions"}],"wp:featuredmedia":[{"embeddable":true,"href":"https:\/\/www.ruiqigo.com\/fr\/wp-json\/wp\/v2\/media\/3753"}],"wp:attachment":[{"href":"https:\/\/www.ruiqigo.com\/fr\/wp-json\/wp\/v2\/media?parent=3750"}],"wp:term":[{"taxonomy":"product-tag","embeddable":true,"href":"https:\/\/www.ruiqigo.com\/fr\/wp-json\/wp\/v2\/product-tag?post=3750"},{"taxonomy":"products","embeddable":true,"href":"https:\/\/www.ruiqigo.com\/fr\/wp-json\/wp\/v2\/products?post=3750"}],"curies":[{"name":"wp","href":"https:\/\/api.w.org\/{rel}","templated":true}]}}