{"id":3781,"date":"2025-07-09T15:11:38","date_gmt":"2025-07-09T07:11:38","guid":{"rendered":"https:\/\/www.ruiqigo.com\/?post_type=product&#038;p=3781"},"modified":"2025-07-09T15:12:07","modified_gmt":"2025-07-09T07:12:07","slug":"glycolic-facial-toner","status":"publish","type":"product","link":"https:\/\/www.ruiqigo.com\/fr\/product\/glycolic-facial-toner","title":{"rendered":"Tonique glycolique pour le visage"},"content":{"rendered":"<h2 class=\"wp-block-heading\">Formules courantes de fabrication de toniques glycoliques pour le visage<\/h2>\n\n\n\n<p>En tant que fabricant professionnel de toniques glycoliques pour le visage, nous s\u00e9lectionnons avec soin des ingr\u00e9dients actifs et des extraits de plantes approuv\u00e9s par la dermatologie pour cr\u00e9er une lotion efficace qui nettoie, r\u00e9g\u00e9n\u00e8re et apaise. Nos produits sont doux et non irritants, aidant la peau \u00e0 rester saine et constituant une base solide pour les soins ult\u00e9rieurs.\u00a0<\/p>\n\n\n\n<p><strong>1. Acide glycolique : <\/strong>L&#039;acide glycolique p\u00e9n\u00e8tre rapidement dans la peau, d\u00e9compose la k\u00e9ratine accumul\u00e9e, favorise le d\u00e9bouchage rapide des pores et att\u00e9nue les ridules. C&#039;est un ingr\u00e9dient essentiel pour am\u00e9liorer les peaux rugueuses et ternes et convient aux soins quotidiens de rajeunissement de la peau.\u00a0<\/p>\n\n\n\n<p><strong>2. Panth\u00e9nol : <\/strong>\u00c9galement connue sous le nom de vitamine B5, c&#039;est un puissant ingr\u00e9dient hydratant et r\u00e9parateur aux excellentes propri\u00e9t\u00e9s hydratantes et apaisantes. Elle aide la peau \u00e0 maintenir son hydratation et \u00e0 r\u00e9duire les picotements et l&#039;inconfort caus\u00e9s par les stimuli externes.&nbsp;<\/p>\n\n\n\n<p><strong>3. Hyaluronate de sodium : <\/strong>Il s&#039;agit d&#039;un hydratant de haute qualit\u00e9 qui peut hydrater rapidement la peau et retenir l&#039;humidit\u00e9 pendant les soins de la peau, \u00e9vitant ainsi la perte d&#039;eau et gardant la peau hydrat\u00e9e.&nbsp;<\/p>\n\n\n\n<p><strong>4. Extrait d&#039;hamam\u00e9lis : <\/strong>L&#039;extrait d&#039;hamam\u00e9lis a des effets astringents et apaisants. Il r\u00e9gule le s\u00e9bum, r\u00e9duit les pores dilat\u00e9s et att\u00e9nue les irritations et les rougeurs cutan\u00e9es pendant les soins.&nbsp;<\/p>\n\n\n\n<p><strong>5. Hyaluronate de sodium : <\/strong>L&#039;hyaluronate de sodium est un ingr\u00e9dient qui peut aider la peau \u00e0 retenir l&#039;humidit\u00e9 pendant longtemps, \u00e0 am\u00e9liorer la douceur de la peau et \u00e0 rendre la peau moins s\u00e8che et moins tendue.&nbsp;<\/p>\n\n\n\n<h2 class=\"wp-block-heading\">Les fonctions du tonique facial glycolique<\/h2>\n\n\n\n<p><strong>1. Am\u00e9liorer le probl\u00e8me des pores dilat\u00e9s :<\/strong> L&#039;utilisation \u00e0 long terme du tonique facial glycolique peut favoriser la normalisation du m\u00e9tabolisme de la k\u00e9ratine et \u00e9quilibrer la r\u00e9partition de l&#039;huile de la peau, am\u00e9liorant ainsi les pores dilat\u00e9s \u00e0 la surface de la peau et rendant la peau plus lisse et plus d\u00e9licate.&nbsp;<\/p>\n\n\n\n<p><strong>2. R\u00e9duit les ridules et la peau rugueuse :<\/strong> L&#039;acide glycolique peut l\u00e9g\u00e8rement stimuler la production de collag\u00e8ne, am\u00e9liorer les ridules et la peau rugueuse, et convient parfaitement aux utilisateurs qui souhaitent obtenir un \u00ab anti-\u00e2ge \u00bb.&nbsp;<\/p>\n\n\n\n<p><strong>3. Am\u00e9liorez la clart\u00e9 et l\u2019\u00e9clat de la peau : <\/strong>La pr\u00e9sence d&#039;acide glycolique peut exfolier la couche de cellules mortes de la peau, am\u00e9liorant consid\u00e9rablement la clart\u00e9 de la peau et la rendant plus lumineuse et plus radieuse.&nbsp;<\/p>\n\n\n\n<p><strong>4. Formule douce et non irritante : <\/strong>La lotion tonique glycolique pour le visage ne contient ni alcool, ni parfums artificiels, ni pigments, ce qui minimise les irritations cutan\u00e9es. Elle convient \u00e0 tous les types de peau et est essentielle aux soins quotidiens.\u00a0<\/p>\n\n\n\n<p><strong>5. Effet significatif sur le soin de la peau : <\/strong>L&#039;acide glycolique contenu dans le tonique facial glycolique peut acc\u00e9l\u00e9rer le renouvellement des cellules \u00e9pidermiques, favoriser l&#039;exfoliation naturelle de la k\u00e9ratine, am\u00e9liorer l&#039;efficacit\u00e9 m\u00e9tabolique, redonner \u00e0 la peau un \u00e9clat sain et l&#039;effet de soin est tr\u00e8s important.\u00a0<\/p>\n\n\n\n<h2 class=\"wp-block-heading\">Comment utiliser le tonique facial glycolique<\/h2>\n\n\n\n<p>Nous recommandons d&#039;utiliser une lotion tonique glycolique apr\u00e8s le nettoyage pour un effet optimal. Elle peut \u00eatre utilis\u00e9e matin et soir pour aider la peau \u00e0 m\u00e9taboliser les cellules mortes et \u00e0 retrouver transparence et \u00e9clat.&nbsp;<\/p>\n\n\n\n<p><strong>1. Nettoyage : <\/strong>Utilisez un nettoyant doux pour nettoyer votre visage, en vous assurant qu&#039;il n&#039;y a pas d&#039;impuret\u00e9s ou de salet\u00e9 r\u00e9siduelles sur votre visage, \u00e9tablissant ainsi une bonne base pour les soins de la peau ult\u00e9rieurs.&nbsp;<\/p>\n\n\n\n<p><strong>2. Comment utiliser ce produit : <\/strong>Versez une quantit\u00e9 appropri\u00e9e de tonique facial glycolique sur un coton ou dans la paume de votre main et appliquez-le d\u00e9licatement sur votre visage en \u00e9vitant la peau autour des yeux.&nbsp;<\/p>\n\n\n\n<p><strong>3. Attendre l\u2019absorption : <\/strong>Attendez 1 \u00e0 2 minutes jusqu\u2019\u00e0 ce que la peau l\u2019ait compl\u00e8tement absorb\u00e9 avant de passer \u00e0 l\u2019\u00e9tape suivante du processus de soin de la peau.&nbsp;<\/p>\n\n\n\n<p><strong>4. Suivi des soins : <\/strong>Il peut \u00eatre utilis\u00e9 avec de l&#039;essence, une lotion ou une cr\u00e8me pour obtenir un effet de nutrition profonde de la peau et de r\u00e9paration de l&#039;hydratation.\u00a0<\/p>\n\n\n\n<p><strong>5. Faites attention \u00e0 la protection solaire :<\/strong> En cas d&#039;utilisation pendant la journ\u00e9e, veuillez utiliser un \u00e9cran solaire pour \u00e9viter les r\u00e9actions de photosensibilit\u00e9, qui rendront les soins de la peau moins efficaces.\u00a0<\/p>\n\n\n\n<h2 class=\"wp-block-heading\">Prudence<\/h2>\n\n\n\n<p><strong>1. Test cutan\u00e9 : <\/strong>Il est recommand\u00e9 d&#039;effectuer un test cutan\u00e9 avant la premi\u00e8re utilisation afin d&#039;\u00e9viter toute allergie. Les nouveaux utilisateurs doivent augmenter progressivement la fr\u00e9quence d&#039;utilisation une fois que leur peau a d\u00e9velopp\u00e9 une tol\u00e9rance afin de r\u00e9duire les irritations.\u00a0<\/p>\n\n\n\n<p><strong>2. \u00c9vitez les yeux et les l\u00e8vres : <\/strong>Lorsque vous utilisez un tonique facial glycolique, \u00e9vitez les yeux et les l\u00e8vres pour \u00e9viter les irritations et l&#039;inconfort.&nbsp;<\/p>\n\n\n\n<p><strong>3. Renforcer les mesures de protection solaire :<\/strong> L&#039;acide glycolique augmente la photosensibilit\u00e9 de la peau. Veillez \u00e0 renforcer votre protection solaire pendant l&#039;utilisation pour \u00e9viter les coups de soleil ou le brunissement.&nbsp;<\/p>\n\n\n\n<p><strong>4. Les femmes enceintes doivent l\u2019utiliser avec prudence : <\/strong>Avant d\u2019utiliser un tonique facial glycolique pendant la grossesse, assurez-vous de consulter au pr\u00e9alable un m\u00e9decin professionnel pour garantir la s\u00e9curit\u00e9.\u00a0<\/p>\n\n\n\n<p><strong>5. \u00c9vitez d&#039;utiliser <\/strong>Produits irritants : Il n&#039;est pas recommand\u00e9 de les utiliser avec des produits de soin de la peau contenant de fortes concentrations de vitamine C, de r\u00e9tinol et d&#039;autres ingr\u00e9dients en m\u00eame temps, afin de ne pas augmenter la charge et l&#039;irritation de la peau.\u00a0<\/p>\n\n\n\n<h2 class=\"wp-block-heading\">Conclusion<\/h2>\n\n\n\n<p>La lotion tonique glycolique est une lotion multi-effets con\u00e7ue pour revitaliser et am\u00e9liorer la qualit\u00e9 de la peau. Son ingr\u00e9dient principal, l&#039;acide glycolique, dissout efficacement les cellules mortes, r\u00e9duit la taille des pores et les ridules, et contribue \u00e0 une peau nette et saine. Sa formule douce convient \u00e0 tous les types de peau, en particulier aux peaux \u00e0 pores dilat\u00e9s et rugueuses et ternes.<\/p>","protected":false},"excerpt":{"rendered":"Glycolic Facial Toner Manufacturing Common Formulas As a professional glycolic facial toner manufacturer, we carefully select active ingredients and plant extracts approved by dermatology in our formula to create an efficient toner that cleanses, rejuvenates and soothes. Our products are mild and non-irritating, helping the skin maintain a healthy state and laying a solid foundation [&hellip;]","protected":false},"featured_media":3782,"menu_order":0,"template":"","meta":[],"product-tag":[],"products":[67],"class_list":["post-3781","product","type-product","status-publish","has-post-thumbnail","hentry","products-facial-toner"],"acf":[],"_links":{"self":[{"href":"https:\/\/www.ruiqigo.com\/fr\/wp-json\/wp\/v2\/product\/3781","targetHints":{"allow":["GET"]}}],"collection":[{"href":"https:\/\/www.ruiqigo.com\/fr\/wp-json\/wp\/v2\/product"}],"about":[{"href":"https:\/\/www.ruiqigo.com\/fr\/wp-json\/wp\/v2\/types\/product"}],"version-history":[{"count":0,"href":"https:\/\/www.ruiqigo.com\/fr\/wp-json\/wp\/v2\/product\/3781\/revisions"}],"wp:featuredmedia":[{"embeddable":true,"href":"https:\/\/www.ruiqigo.com\/fr\/wp-json\/wp\/v2\/media\/3782"}],"wp:attachment":[{"href":"https:\/\/www.ruiqigo.com\/fr\/wp-json\/wp\/v2\/media?parent=3781"}],"wp:term":[{"taxonomy":"product-tag","embeddable":true,"href":"https:\/\/www.ruiqigo.com\/fr\/wp-json\/wp\/v2\/product-tag?post=3781"},{"taxonomy":"products","embeddable":true,"href":"https:\/\/www.ruiqigo.com\/fr\/wp-json\/wp\/v2\/products?post=3781"}],"curies":[{"name":"wp","href":"https:\/\/api.w.org\/{rel}","templated":true}]}}