{"id":3804,"date":"2025-07-11T09:54:39","date_gmt":"2025-07-11T01:54:39","guid":{"rendered":"https:\/\/www.ruiqigo.com\/?post_type=product&#038;p=3804"},"modified":"2025-07-11T09:54:40","modified_gmt":"2025-07-11T01:54:40","slug":"oil-based-makeup-remover","status":"publish","type":"product","link":"https:\/\/www.ruiqigo.com\/fr\/product\/oil-based-makeup-remover","title":{"rendered":"D\u00e9maquillant \u00e0 base d&#039;huile"},"content":{"rendered":"<h2 class=\"wp-block-heading\">Formules courantes de fabrication de d\u00e9maquillants \u00e0 base d&#039;huile<\/h2>\n\n\n\n<p>Ce d\u00e9maquillant \u00e0 base d&#039;huile utilise des huiles douces comme base et ajoute des ingr\u00e9dients anti-inflammatoires et anti-humidit\u00e9 pour garantir que le maquillage est compl\u00e8tement d\u00e9compos\u00e9 et fondu, tout en garantissant que la peau ne sera pas d\u00e9shydrat\u00e9e ou tendue apr\u00e8s le d\u00e9maquillage.&nbsp;<\/p>\n\n\n\n<p><strong>1. Huile d\u2019arachide : <\/strong>C&#039;est un ingr\u00e9dient dot\u00e9 de bonnes propri\u00e9t\u00e9s de cicatrisation de l&#039;huile qui peut rapidement faire fondre le maquillage et les r\u00e9sidus entre les empreintes digitales et \u00e9liminer efficacement le fard \u00e0 paupi\u00e8res, l&#039;eye-liner waterproof, divers maquillages pour les l\u00e8vres, etc.\u00a0<\/p>\n\n\n\n<p><strong>2. Huile de p\u00e9pins de poire : <\/strong>L&#039;huile de p\u00e9pins de poire contient une vari\u00e9t\u00e9 d&#039;acides gras transform\u00e9s, qui peuvent d\u00e9composer efficacement le maquillage \u00e9pais, tout en nourrissant l&#039;\u00e9quilibre gras de la surface de la peau et en r\u00e9duisant les dommages en cha\u00eene caus\u00e9s \u00e0 la peau par le d\u00e9maquillage.\u00a0<\/p>\n\n\n\n<p><strong>3. Essence v\u00e9g\u00e9tale goutte d&#039;eau : <\/strong>L&#039;essence v\u00e9g\u00e9tale en forme de goutte d&#039;eau peut contr\u00f4ler efficacement l&#039;huile et inhiber l&#039;inflammation, r\u00e9duire les risques de sensation de chaleur et de marques rouges pouvant survenir lors du d\u00e9maquillage et ajouter une protection \u00e0 l&#039;effet d\u00e9maquillant.\u00a0<\/p>\n\n\n\n<p><strong>4. Huile de bourgeon d&#039;hibiscus : <\/strong>L\u00e9ger et dot\u00e9 d&#039;excellentes propri\u00e9t\u00e9s de cartographie, il peut aider d&#039;autres huiles v\u00e9g\u00e9tales \u00e0 atteindre les couches profondes de la peau et contribue \u00e0 la faire fondre et \u00e0 la reconstituer, laissant la peau lisse apr\u00e8s le d\u00e9maquillage.\u00a0<\/p>\n\n\n\n<h2 class=\"wp-block-heading\">Les fonctions du d\u00e9maquillant \u00e0 base d&#039;huile<\/h2>\n\n\n\n<p><strong>1. D\u00e9maquillage rapide : <\/strong>Notre d\u00e9maquillant \u00e0 base d&#039;huile peut \u00e9liminer rapidement le maquillage des yeux, des l\u00e8vres et d&#039;autres parties en une seule \u00e9tape sans plusieurs retraits.&nbsp;<\/p>\n\n\n\n<p><strong>2. Texture l\u00e9g\u00e8re, facile \u00e0 utiliser : <\/strong>Le d\u00e9maquillant \u00e0 base d&#039;huile a une texture huileuse et l\u00e9g\u00e8re, n&#039;est pas \u00e9pais, la quantit\u00e9 est facile \u00e0 contr\u00f4ler et il est tr\u00e8s pratique \u00e0 enlever.&nbsp;<\/p>\n\n\n\n<p><strong>3. La peau ne tiraille pas apr\u00e8s utilisation : <\/strong>Des ingr\u00e9dients de soin pour la peau grasse, tels que l&#039;huile de bourgeon d&#039;hibiscus, sont ajout\u00e9s \u00e0 la formule pour nourrir la peau tout en d\u00e9maquillant, r\u00e9duisant ainsi la sensation de d\u00e9shydratation et de tiraillement de la peau apr\u00e8s le d\u00e9maquillage.&nbsp;<\/p>\n\n\n\n<p><strong>4. Convient pour le retrait de divers produits de maquillage : <\/strong>Qu&#039;il s&#039;agisse de rouge \u00e0 l\u00e8vres, d&#039;eye-liner ou de fard \u00e0 paupi\u00e8res, il peut \u00eatre facilement et efficacement d\u00e9compos\u00e9 et retir\u00e9.&nbsp;<\/p>\n\n\n\n<h2 class=\"wp-block-heading\">Comment utiliser un d\u00e9maquillant \u00e0 base d&#039;huile<\/h2>\n\n\n\n<p>Le d\u00e9maquillant \u00e0 base d&#039;huile est utilis\u00e9 en premi\u00e8re \u00e9tape du d\u00e9maquillage quotidien pour \u00e9liminer compl\u00e8tement le maquillage des yeux, des l\u00e8vres et du visage. Il est pr\u00e9f\u00e9rable de l&#039;utiliser sur les mains et le visage secs\u00a0: cela permet non seulement d&#039;\u00e9liminer compl\u00e8tement le maquillage, mais aussi de r\u00e9duire les dommages cutan\u00e9s caus\u00e9s par l&#039;hydrolyse.&nbsp;&nbsp;<\/p>\n\n\n\n<p><strong>1. Appliquez une quantit\u00e9 appropri\u00e9e de d\u00e9maquillant sur les mains et le visage secs :<\/strong> Prenez environ 2 \u00e0 3 pompes de d\u00e9maquillant \u00e0 base d&#039;huile dans la paume de votre main, pas besoin d&#039;ajouter d&#039;eau.&nbsp;<\/p>\n\n\n\n<p><strong>2. Massez doucement :<\/strong> Massez d\u00e9licatement le d\u00e9maquillant en mouvements circulaires sur le visage, les yeux et les l\u00e8vres pendant 30 \u00e0 60 secondes jusqu&#039;\u00e0 ce que le maquillage soit compl\u00e8tement dissous.&nbsp;<\/p>\n\n\n\n<p><strong>3. Ajouter de l\u2019eau pour \u00e9mulsionner : <\/strong>Trempez vos mains dans une quantit\u00e9 appropri\u00e9e d\u2019eau propre et continuez \u00e0 masser la zone de maquillage pour \u00e9mulsionner l\u2019huile et \u00e9liminer compl\u00e8tement les r\u00e9sidus de maquillage et les taches d\u2019huile.&nbsp;<\/p>\n\n\n\n<p><strong>4. Rincer \u00e0 l\u2019eau claire :<\/strong> Rincez soigneusement votre visage \u00e0 l&#039;eau claire pour vous assurer qu&#039;il n&#039;y a aucun r\u00e9sidu, puis proc\u00e9dez aux \u00e9tapes de nettoyage ou d&#039;hydratation en fonction de votre type de peau.&nbsp;<\/p>\n\n\n\n<h2 class=\"wp-block-heading\">Prudence<\/h2>\n\n\n\n<p><strong>1. \u00c9vitez le contact avec l\u2019int\u00e9rieur des yeux : <\/strong>Veuillez fermer les yeux pendant l&#039;utilisation et \u00e9viter tout contact du produit avec vos yeux. En cas de contact accidentel avec les yeux, rincez imm\u00e9diatement et abondamment \u00e0 l&#039;eau.&nbsp;<\/p>\n\n\n\n<p><strong>2. Utilisez un produit nettoyant apr\u00e8s le d\u00e9maquillage :<\/strong> Bien que ce produit puisse \u00e9liminer le maquillage \u00e9pais, il est recommand\u00e9 d&#039;utiliser un produit nettoyant doux apr\u00e8s le d\u00e9maquillage afin de nettoyer en profondeur les pores et d&#039;\u00e9quilibrer l&#039;\u00e9tat de la peau.&nbsp;<\/p>\n\n\n\n<p><strong>3. L\u2019\u00e9tape d\u2019\u00e9mulsification ne peut pas \u00eatre omise :<\/strong> L&#039;\u00e9tape d&#039;\u00e9mulsification doit \u00eatre r\u00e9alis\u00e9e pendant l&#039;utilisation pour garantir que la structure de l&#039;huile est compl\u00e8tement d\u00e9compos\u00e9e afin d&#039;\u00e9viter que des r\u00e9sidus n&#039;obstruent les pores.&nbsp;<\/p>\n\n\n\n<p><strong>4. Faites attention \u00e0 l\u2019hydratation et \u00e0 l\u2019humidification apr\u00e8s utilisation : <\/strong>Apr\u00e8s le d\u00e9maquillage, il est recommand\u00e9 d&#039;utiliser de l&#039;eau hydratante, une lotion ou une cr\u00e8me hydratante pour nourrir la peau \u00e0 temps.<\/p>\n\n\n\n<h2 class=\"wp-block-heading\">Conclusion<\/h2>\n\n\n\n<p>Ce d\u00e9maquillant \u00e0 base d&#039;huile v\u00e9g\u00e9tale naturelle allie un excellent pouvoir d\u00e9maquillant \u00e0 un soin doux pour la peau. Il offre une solution nettoyante quotidienne s\u00fbre, efficace et non agressive. Il vous offre un d\u00e9maquillage confortable gr\u00e2ce \u00e0 l&#039;ajout d&#039;extraits de plantes et de principes apaisants pour une protection optimale de la barri\u00e8re cutan\u00e9e.<\/p>","protected":false},"excerpt":{"rendered":"Oil Based Makeup Remover Manufacturing Common Formulas This oil based makeup remover uses mild oils as its base and adds moisture-locking and anti-inflammatory ingredients to ensure that makeup is completely broken down and melted away, while also ensuring that the skin will not be dehydrated or tight after makeup removal.&nbsp; 1. Peanut oil: It is [&hellip;]","protected":false},"featured_media":3805,"menu_order":0,"template":"","meta":[],"product-tag":[],"products":[66],"class_list":["post-3804","product","type-product","status-publish","has-post-thumbnail","hentry","products-makeup-remover"],"acf":[],"_links":{"self":[{"href":"https:\/\/www.ruiqigo.com\/fr\/wp-json\/wp\/v2\/product\/3804","targetHints":{"allow":["GET"]}}],"collection":[{"href":"https:\/\/www.ruiqigo.com\/fr\/wp-json\/wp\/v2\/product"}],"about":[{"href":"https:\/\/www.ruiqigo.com\/fr\/wp-json\/wp\/v2\/types\/product"}],"version-history":[{"count":0,"href":"https:\/\/www.ruiqigo.com\/fr\/wp-json\/wp\/v2\/product\/3804\/revisions"}],"wp:featuredmedia":[{"embeddable":true,"href":"https:\/\/www.ruiqigo.com\/fr\/wp-json\/wp\/v2\/media\/3805"}],"wp:attachment":[{"href":"https:\/\/www.ruiqigo.com\/fr\/wp-json\/wp\/v2\/media?parent=3804"}],"wp:term":[{"taxonomy":"product-tag","embeddable":true,"href":"https:\/\/www.ruiqigo.com\/fr\/wp-json\/wp\/v2\/product-tag?post=3804"},{"taxonomy":"products","embeddable":true,"href":"https:\/\/www.ruiqigo.com\/fr\/wp-json\/wp\/v2\/products?post=3804"}],"curies":[{"name":"wp","href":"https:\/\/api.w.org\/{rel}","templated":true}]}}