{"id":3827,"date":"2025-07-17T17:42:18","date_gmt":"2025-07-17T09:42:18","guid":{"rendered":"https:\/\/www.ruiqigo.com\/?post_type=product&#038;p=3827"},"modified":"2025-07-17T17:42:19","modified_gmt":"2025-07-17T09:42:19","slug":"eye-makeup-remover","status":"publish","type":"product","link":"https:\/\/www.ruiqigo.com\/fr\/product\/eye-makeup-remover","title":{"rendered":"D\u00e9maquillant pour les yeux"},"content":{"rendered":"<h2 class=\"wp-block-heading\">Formules courantes de fabrication de d\u00e9maquillants pour les yeux<\/h2>\n\n\n\n<p>Notre formule d\u00e9maquillante pour les yeux s\u00e9lectionne soigneusement des facteurs nettoyants doux et des ingr\u00e9dients de soins naturels, tels que le squalane, la glyc\u00e9rine, la vitamine B5, etc., pour garantir que le produit apaise et nourrit la peau des yeux tout en \u00e9liminant efficacement le maquillage waterproof.&nbsp;<\/p>\n\n\n\n<p><strong>1. Squalane :<\/strong> Le squalane est un ingr\u00e9dient nourrissant naturel qui peut aider \u00e0 \u00e9liminer les r\u00e9sidus de maquillage tout en maintenant la barri\u00e8re d&#039;hydratation autour des yeux pendant le d\u00e9maquillage, pr\u00e9venant ainsi la s\u00e9cheresse et les ridules autour des yeux.&nbsp;<\/p>\n\n\n\n<p><strong>2. Extrait de camomille : <\/strong>Il a un effet apaisant important et peut r\u00e9duire efficacement les rougeurs, les gonflements, la s\u00e9cheresse et les d\u00e9mangeaisons caus\u00e9es par l&#039;irritation du maquillage, et aider \u00e0 soulager la fatigue et l&#039;inconfort oculaires.&nbsp;<\/p>\n\n\n\n<p><strong>3. Vitamine B5 :<\/strong> \u00c9galement connu sous le nom de panth\u00e9nol, il poss\u00e8de des propri\u00e9t\u00e9s r\u00e9paratrices et anti-inflammatoires, qui peuvent am\u00e9liorer la douceur de la peau et la r\u00e9sistance de la barri\u00e8re, rendant la peau du contour des yeux plus forte et plus stable.&nbsp;<\/p>\n\n\n\n<p><strong>4. Glyc\u00e9rine : <\/strong>La glyc\u00e9rine est un ingr\u00e9dient hydratant tr\u00e8s efficace qui peut augmenter la teneur en eau de la peau et fournir l&#039;hydratation n\u00e9cessaire au contour des yeux apr\u00e8s le d\u00e9maquillage, \u00e9vitant ainsi les tiraillements et la desquamation.&nbsp;<\/p>\n\n\n\n<h2 class=\"wp-block-heading\">Les fonctions du d\u00e9maquillant pour les yeux<\/h2>\n\n\n\n<p><strong>1. D\u00e9maquillage rapide et sans r\u00e9sidus : <\/strong>Le d\u00e9maquillant pour les yeux adopte une technologie de nettoyage biphas\u00e9e, qui peut facilement dissoudre l&#039;eye-liner, le mascara et autres maquillages imperm\u00e9ables et r\u00e9sistants \u00e0 la transpiration sans frotter vigoureusement, rendant le d\u00e9maquillage plus complet et plus doux.\u00a0<\/p>\n\n\n\n<p><strong>2. Texture douce :<\/strong> Notre d\u00e9maquillant pour les yeux ne contient ni alcool, ni parfum, ni huile min\u00e9rale. Sa texture douce est sp\u00e9cialement con\u00e7ue pour la zone sensible du contour des yeux. Il n&#039;irrite pas les glandes lacrymales et ne brouille pas la vision. Il est \u00e9galement tr\u00e8s s\u00fbr.\u00a0<\/p>\n\n\n\n<p><strong>3. D\u00e9maquillage et entretien :<\/strong> Ce produit est riche en ingr\u00e9dients hydratants et apaisants. Il nourrit le contour des yeux tout en \u00e9liminant le maquillage tenace et en r\u00e9duisant le risque de ridules dues \u00e0 la s\u00e9cheresse et aux tiraillements.\u00a0<\/p>\n\n\n\n<p><strong>4. Bien agiter et utiliser, facile \u00e0 utiliser : <\/strong>Le flacon est con\u00e7u avec une structure multicouche huile-eau. Il suffit de bien agiter le flacon pour l&#039;utiliser imm\u00e9diatement, ce qui vous fait gagner du temps et de l&#039;\u00e9nergie. Il est adapt\u00e9 \u00e0 une utilisation fr\u00e9quente par les maquilleurs professionnels et les utilisateurs quotidiens.&nbsp;<\/p>\n\n\n\n<h2 class=\"wp-block-heading\">Comment utiliser le d\u00e9maquillant pour les yeux<\/h2>\n\n\n\n<p>Il est recommand\u00e9 d&#039;utiliser un coton pour essuyer d\u00e9licatement le maquillage des yeux sans tirer excessivement, en particulier pour celles qui utilisent un eye-liner ou un mascara waterproof.<\/p>\n\n\n\n<p>1. Agitez doucement le flacon pour m\u00e9langer l\u2019eau et l\u2019huile.<\/p>\n\n\n\n<p>2. Versez le d\u00e9maquillant pour les yeux sur le coton et imbibez-le soigneusement.<\/p>\n\n\n\n<p>3. Apr\u00e8s avoir ferm\u00e9 les yeux, appliquez d\u00e9licatement le coton sur les yeux et laissez agir 5 \u00e0 10 secondes.<\/p>\n\n\n\n<p>4. Essuyez d\u00e9licatement la zone de maquillage le long de la texture de la peau des yeux pour \u00e9liminer le maquillage.<\/p>\n\n\n\n<p>5. Enfin, rincez \u00e0 l\u2019eau claire et hydratez les yeux.<\/p>\n\n\n\n<h2 class=\"wp-block-heading\">Prudence<\/h2>\n\n\n\n<p><strong>1. Bien agiter avant utilisation : <\/strong>Bien agiter avant utilisation pour s&#039;assurer que l&#039;huile et l&#039;eau sont bien int\u00e9gr\u00e9es afin d&#039;am\u00e9liorer l&#039;efficacit\u00e9 du d\u00e9maquillage.<\/p>\n\n\n\n<p><strong>2. \u00c9viter le contact avec les yeux : <\/strong>Veillez \u00e0 ne pas laisser tomber le d\u00e9maquillant directement dans les yeux lors de son utilisation. En cas de contact accidentel avec les yeux, rincez-les imm\u00e9diatement et abondamment \u00e0 l&#039;eau claire. En cas de gravit\u00e9, consultez rapidement un m\u00e9decin.<\/p>\n\n\n\n<p><strong>3. N&#039;utilisez pas de force excessive : <\/strong>La peau du contour des yeux est relativement d\u00e9licate\u00a0; \u00e9vitez donc de l&#039;essuyer trop fort. Utilisez des cotons doux pour \u00e9viter les frottements excessifs qui pourraient provoquer des rougeurs et un gonflement des yeux.<\/p>\n\n\n\n<p><strong>4. R\u00e9paration apr\u00e8s d\u00e9montage : <\/strong>Apr\u00e8s avoir retir\u00e9 le maquillage, faites un bon travail d&#039;hydratation et de r\u00e9paration ult\u00e9rieure, reconstituez l&#039;essence pour les yeux ou la cr\u00e8me pour les yeux \u00e0 temps pour garder la peau hydrat\u00e9e et douce.&nbsp;<\/p>\n\n\n\n<h2 class=\"wp-block-heading\">Conclusion<\/h2>\n\n\n\n<p>Le d\u00e9maquillant pour les yeux allie d\u00e9maquillage et r\u00e9paration, et convient \u00e0 diff\u00e9rentes concentrations de maquillage et \u00e0 diff\u00e9rents usages. Gr\u00e2ce \u00e0 une technologie de d\u00e9maquillage scientifique et \u00e0 de multiples ingr\u00e9dients doux, il allie efficacit\u00e9 d\u00e9maquillante et s\u00e9curit\u00e9 pour les peaux sensibles, offrant un \u00e9quilibre parfait entre nettoyage et soin du contour des yeux. Qu&#039;il s&#039;agisse d&#039;un maquillage l\u00e9ger quotidien, intense sur sc\u00e8ne ou professionnel, ce produit assure un d\u00e9maquillage efficace et en douceur, et constitue un \u00e9l\u00e9ment essentiel du soin des yeux.<\/p>","protected":false},"excerpt":{"rendered":"Eye Makeup Remover Manufacturing Common Formulas Our eye makeup remover formula carefully selects gentle cleansing factors and natural care ingredients, such as squalane, glycerin, vitamin B5, etc., to ensure that the product soothes and nourishes the eye skin while effectively removing waterproof makeup.&nbsp; 1. Squalane: Squalane is a natural nourishing ingredient that can help relieve [&hellip;]","protected":false},"featured_media":3828,"menu_order":0,"template":"","meta":[],"product-tag":[],"products":[66],"class_list":["post-3827","product","type-product","status-publish","has-post-thumbnail","hentry","products-makeup-remover"],"acf":[],"_links":{"self":[{"href":"https:\/\/www.ruiqigo.com\/fr\/wp-json\/wp\/v2\/product\/3827","targetHints":{"allow":["GET"]}}],"collection":[{"href":"https:\/\/www.ruiqigo.com\/fr\/wp-json\/wp\/v2\/product"}],"about":[{"href":"https:\/\/www.ruiqigo.com\/fr\/wp-json\/wp\/v2\/types\/product"}],"version-history":[{"count":0,"href":"https:\/\/www.ruiqigo.com\/fr\/wp-json\/wp\/v2\/product\/3827\/revisions"}],"wp:featuredmedia":[{"embeddable":true,"href":"https:\/\/www.ruiqigo.com\/fr\/wp-json\/wp\/v2\/media\/3828"}],"wp:attachment":[{"href":"https:\/\/www.ruiqigo.com\/fr\/wp-json\/wp\/v2\/media?parent=3827"}],"wp:term":[{"taxonomy":"product-tag","embeddable":true,"href":"https:\/\/www.ruiqigo.com\/fr\/wp-json\/wp\/v2\/product-tag?post=3827"},{"taxonomy":"products","embeddable":true,"href":"https:\/\/www.ruiqigo.com\/fr\/wp-json\/wp\/v2\/products?post=3827"}],"curies":[{"name":"wp","href":"https:\/\/api.w.org\/{rel}","templated":true}]}}