{"id":3835,"date":"2025-07-18T13:57:59","date_gmt":"2025-07-18T05:57:59","guid":{"rendered":"https:\/\/www.ruiqigo.com\/?post_type=product&#038;p=3835"},"modified":"2025-07-18T13:58:01","modified_gmt":"2025-07-18T05:58:01","slug":"makeup-remover-balm","status":"publish","type":"product","link":"https:\/\/www.ruiqigo.com\/fr\/product\/makeup-remover-balm","title":{"rendered":"Baume d\u00e9maquillant"},"content":{"rendered":"<h2 class=\"wp-block-heading\">Formules courantes de fabrication de baume d\u00e9maquillant<\/h2>\n\n\n\n<p>En tant que fabricant professionnel de baume d\u00e9maquillant, nous insistons sur la s\u00e9lection d&#039;une vari\u00e9t\u00e9 d&#039;ingr\u00e9dients de soins actifs de haute qualit\u00e9, tels que le beurre de karit\u00e9, la c\u00e9ramide, l&#039;huile d&#039;amande douce, etc., pour obtenir efficacement le double effet d&#039;un d\u00e9maquillage efficace et d&#039;un soin de la peau en profondeur.&nbsp;<\/p>\n\n\n\n<p><strong>1. Beurre de karit\u00e9 : <\/strong>Le beurre de karit\u00e9 est riche en acides gras insatur\u00e9s et en antioxydants. Il hydrate la peau en profondeur tout en \u00e9liminant les r\u00e9sidus de maquillage, la laissant douce et sans tiraillements. Il est particuli\u00e8rement adapt\u00e9 aux peaux s\u00e8ches et aux saisons s\u00e8ches.&nbsp;<\/p>\n\n\n\n<p><strong>2. C\u00e9ramide :<\/strong> Il peut renforcer la barri\u00e8re cutan\u00e9e et r\u00e9duire efficacement la perte d&#039;humidit\u00e9 lors du d\u00e9maquillage, de sorte que la peau reste hydrat\u00e9e apr\u00e8s le d\u00e9maquillage.&nbsp;<\/p>\n\n\n\n<p><strong>3. Huile d\u2019amande douce :<\/strong> L&#039;huile d&#039;amande douce est tr\u00e8s l\u00e9g\u00e8re et douce pour la peau. Elle dissout efficacement le maquillage des yeux et des l\u00e8vres. Riche en vitamine E, elle a des effets apaisants et antiallergiques, et r\u00e9duit les irritations cutan\u00e9es caus\u00e9es par le d\u00e9maquillage.&nbsp;<\/p>\n\n\n\n<p><strong>4. Huile de graines de jojoba : <\/strong>Il peut simuler la composition du s\u00e9bum humain, aider la peau \u00e0 \u00e9quilibrer le s\u00e9bum, r\u00e9duire l&#039;irritation et favoriser le m\u00e9tabolisme de la peau.<\/p>\n\n\n\n<h2 class=\"wp-block-heading\">Les fonctions du baume d\u00e9maquillant<\/h2>\n\n\n\n<p><strong>1. Texture fine : <\/strong>La texture p\u00e2teuse du baume d\u00e9maquillant est stable et r\u00e9sistante, et tr\u00e8s fine. Elle fond imm\u00e9diatement au contact de la peau, dissout en profondeur les impuret\u00e9s du maquillage et se rince facilement apr\u00e8s \u00e9mulsion, sans laisser de r\u00e9sidus.&nbsp;<\/p>\n\n\n\n<p><strong>2. Doux et non irritant : <\/strong>Notre formule de baume d\u00e9maquillant ne contient pas d&#039;ingr\u00e9dients tels que l&#039;alcool, les parfums artificiels et les conservateurs irritants, elle est donc tr\u00e8s douce et son pH est proche de celui de la peau humaine, ce qui la rend plus s\u00fbre \u00e0 utiliser.&nbsp;<\/p>\n\n\n\n<p><strong>3. Portable et pas facile \u00e0 fuir :<\/strong> Ce produit est une p\u00e2te solide, \u00e9vitant ainsi les fuites de liquides. L\u00e9ger et facile \u00e0 ranger, il est tr\u00e8s pratique \u00e0 transporter lors de vos d\u00e9placements professionnels.&nbsp;<\/p>\n\n\n\n<p><strong>4. D\u00e9maquillant et nourrissant deux en un : <\/strong>En plus de l&#039;effet d\u00e9maquillant en profondeur, le baume d\u00e9maquillant peut \u00e9galement nourrir et prendre soin de la peau en m\u00eame temps, gardant la peau douce et \u00e9clatante.&nbsp;<\/p>\n\n\n\n<p><strong>5. Un flacon aux multiples effets, d\u00e9maquillage en profondeur : <\/strong>Pas besoin d&#039;utiliser de d\u00e9maquillant suppl\u00e9mentaire pour les yeux et les l\u00e8vres, un flacon de baume d\u00e9maquillant peut \u00e9liminer tout le maquillage du visage, \u00e9conomisant ainsi les \u00e9tapes de d\u00e9maquillage et \u00e9tant tr\u00e8s pratique.&nbsp;<\/p>\n\n\n\n<h2 class=\"wp-block-heading\">Comment utiliser le baume d\u00e9maquillant<\/h2>\n\n\n\n<p>Nous recommandons d&#039;utiliser un baume d\u00e9maquillant sur les mains et le visage secs pour maximiser l&#039;effet d\u00e9maquillant.<\/p>\n\n\n\n<p>1. Gardez votre visage sec, prenez une quantit\u00e9 de baume d\u00e9maquillant de la taille d&#039;une pi\u00e8ce de 1 yuan dans votre paume et utilisez la temp\u00e9rature de votre paume pour faire fondre le baume jusqu&#039;\u00e0 obtenir un \u00e9tat huileux.<\/p>\n\n\n\n<p>2. Appliquez-le uniform\u00e9ment sur l&#039;ensemble du visage et massez doucement pendant environ 1 minute pour dissoudre le maquillage sur le visage.<\/p>\n\n\n\n<p>3. Mouillez vos mains avec de l&#039;eau et continuez \u00e0 masser votre visage pour \u00e9mulsionner le maquillage en une lotion blanche.<\/p>\n\n\n\n<p>4. Rincez abondamment \u00e0 l\u2019eau claire et proc\u00e9dez au soin de la peau suivant.<\/p>\n\n\n\n<h2 class=\"wp-block-heading\">Prudence<\/h2>\n\n\n\n<p><strong>1. Assurez-vous que vos mains et votre visage sont secs avant de vous d\u00e9maquiller : <\/strong>Un visage humide r\u00e9duira l&#039;efficacit\u00e9 d&#039;\u00e9mulsification du maquillage, il est donc recommand\u00e9 de se d\u00e9maquiller lorsque votre visage et vos mains sont secs.&nbsp;<\/p>\n\n\n\n<p><strong>2. Rincer abondamment apr\u00e8s le d\u00e9maquillage : <\/strong>Apr\u00e8s avoir d\u00e9maquill\u00e9, rincez votre visage \u00e0 grande eau pour \u00e9viter que l\u2019huile r\u00e9siduelle n\u2019obstrue vos pores.&nbsp;<\/p>\n\n\n\n<p><strong>3. \u00c9vitez le contact avec l\u2019int\u00e9rieur des yeux : <\/strong>Bien que ce produit soit doux et non irritant, il faut \u00e9viter tout contact direct avec les yeux pour \u00e9viter tout inconfort.&nbsp;<\/p>\n\n\n\n<p><strong>4. Refermer et conserver apr\u00e8s utilisation :<\/strong> Pour conserver le meilleur effet du baume d\u00e9maquillant et \u00e9viter l&#039;oxydation et la d\u00e9t\u00e9rioration, veuillez serrer le bouchon et le sceller apr\u00e8s utilisation.&nbsp;<\/p>\n\n\n\n<h2 class=\"wp-block-heading\">Conclusion<\/h2>\n\n\n\n<p>Le Baume D\u00e9maquillant allie efficacit\u00e9 d\u00e9maquillante et soin de la peau. Sa texture p\u00e2teuse et solide fond sur la peau et \u00e9limine le maquillage en profondeur. Il convient \u00e0 tous les types de peau et de maquillage. Un seul flacon suffit \u00e0 \u00e9liminer plusieurs types de maquillage. Tr\u00e8s efficace, il convient \u00e9galement aux peaux sensibles et aux voyageurs d&#039;affaires.<\/p>","protected":false},"excerpt":{"rendered":"Makeup Remover Balm Manufacturing Common Formulas As a professional manufacturer of makeup remover balm, we insist on selecting a variety of high-quality active care ingredients, such as shea butter, ceramide, sweet almond oil, etc., to effectively achieve the dual effects of efficient makeup removal and deep skin care.&nbsp; 1. Shea butter: Shea butter is rich [&hellip;]","protected":false},"featured_media":3836,"menu_order":0,"template":"","meta":[],"product-tag":[],"products":[66],"class_list":["post-3835","product","type-product","status-publish","has-post-thumbnail","hentry","products-makeup-remover"],"acf":[],"_links":{"self":[{"href":"https:\/\/www.ruiqigo.com\/fr\/wp-json\/wp\/v2\/product\/3835","targetHints":{"allow":["GET"]}}],"collection":[{"href":"https:\/\/www.ruiqigo.com\/fr\/wp-json\/wp\/v2\/product"}],"about":[{"href":"https:\/\/www.ruiqigo.com\/fr\/wp-json\/wp\/v2\/types\/product"}],"version-history":[{"count":0,"href":"https:\/\/www.ruiqigo.com\/fr\/wp-json\/wp\/v2\/product\/3835\/revisions"}],"wp:featuredmedia":[{"embeddable":true,"href":"https:\/\/www.ruiqigo.com\/fr\/wp-json\/wp\/v2\/media\/3836"}],"wp:attachment":[{"href":"https:\/\/www.ruiqigo.com\/fr\/wp-json\/wp\/v2\/media?parent=3835"}],"wp:term":[{"taxonomy":"product-tag","embeddable":true,"href":"https:\/\/www.ruiqigo.com\/fr\/wp-json\/wp\/v2\/product-tag?post=3835"},{"taxonomy":"products","embeddable":true,"href":"https:\/\/www.ruiqigo.com\/fr\/wp-json\/wp\/v2\/products?post=3835"}],"curies":[{"name":"wp","href":"https:\/\/api.w.org\/{rel}","templated":true}]}}