{"id":3840,"date":"2025-07-18T16:41:32","date_gmt":"2025-07-18T08:41:32","guid":{"rendered":"https:\/\/www.ruiqigo.com\/?post_type=product&#038;p=3840"},"modified":"2025-07-18T16:41:33","modified_gmt":"2025-07-18T08:41:33","slug":"facial-moisturizer-mask","status":"publish","type":"product","link":"https:\/\/www.ruiqigo.com\/fr\/product\/facial-moisturizer-mask","title":{"rendered":"Masque hydratant pour le visage"},"content":{"rendered":"<h2 class=\"wp-block-heading\">Formules courantes de fabrication de masques hydratants pour le visage<\/h2>\n\n\n\n<p>Notre masque hydratant visage contient une s\u00e9lection d&#039;ingr\u00e9dients hydratants classiques, tels que l&#039;acide hyaluronique, la c\u00e9ramide et le panth\u00e9nol, qui hydratent la peau en profondeur, renforcent sa barri\u00e8re cutan\u00e9e, apaisent et stabilisent la peau. Il convient \u00e0 un large public.&nbsp;<\/p>\n\n\n\n<p><strong>1. Acide hyaluronique : <\/strong>Cet ingr\u00e9dient absorbe efficacement l&#039;eau. Il peut rapidement augmenter la teneur en eau de la couche corn\u00e9e de la peau, la nourrir en profondeur et la rendre plus rebondie et hydrat\u00e9e.&nbsp;<\/p>\n\n\n\n<p><strong>2. C\u00e9ramide : <\/strong>Il peut r\u00e9parer la couche corn\u00e9e endommag\u00e9e, renforcer la r\u00e9sistance de la peau et pr\u00e9venir efficacement la d\u00e9shydratation. Il est particuli\u00e8rement adapt\u00e9 aux peaux sensibles et \u00e0 la barri\u00e8re cutan\u00e9e endommag\u00e9e.\u00a0\u00a0<\/p>\n\n\n\n<p><strong>3. Panth\u00e9nol : <\/strong>Le panth\u00e9nol peut am\u00e9liorer la capacit\u00e9 d&#039;auto-gu\u00e9rison de la peau, am\u00e9liorer la peau s\u00e8che et en m\u00eame temps am\u00e9liorer sa capacit\u00e9 \u00e0 retenir l&#039;humidit\u00e9, rendant la peau durablement hydrat\u00e9e et brillante.&nbsp;<\/p>\n\n\n\n<p><strong>4. Extrait d&#039;aloe vera : <\/strong>Ingr\u00e9dient v\u00e9g\u00e9tal naturel aux excellents effets apaisants et anti-inflammatoires, il aide \u00e0 soulager les rougeurs, les gonflements, la s\u00e9cheresse, les d\u00e9mangeaisons et autres inconforts de la peau, et am\u00e9liore le confort de la peau.&nbsp;<\/p>\n\n\n\n<h2 class=\"wp-block-heading\">Les fonctions du masque hydratant pour le visage<\/h2>\n\n\n\n<p><strong>1. Hydratation rapide : <\/strong>L\u2019utilisation d\u2019un masque hydratant pour le visage permet d\u2019obtenir une hydratation rapide en seulement 10 \u00e0 15 minutes, am\u00e9liorant consid\u00e9rablement la peau s\u00e8che.\u00a0<\/p>\n\n\n\n<p><strong>2. Doux et non allerg\u00e8ne :<\/strong> La formule de ce produit est tr\u00e8s douce et ne contient ni alcool, ni parfums allerg\u00e8nes, ni autres ingr\u00e9dients. Il est donc id\u00e9al pour l&#039;hydratation quotidienne des peaux sensibles.&nbsp;<\/p>\n\n\n\n<p><strong>3. Am\u00e9liorer la capacit\u00e9 de la peau \u00e0 retenir l\u2019humidit\u00e9 :<\/strong> Un masque hydratant pour le visage peut r\u00e9parer la barri\u00e8re cutan\u00e9e, r\u00e9parer la couche protectrice naturelle tout en retenant l&#039;humidit\u00e9 et aider la peau \u00e0 maintenir un \u00e9tat d&#039;hydratation plus durable.\u00a0<\/p>\n\n\n\n<p><strong>4. Convient \u00e0 diff\u00e9rents types de peau :<\/strong> Notre masque hydratant pour le visage a une formule douce et un effet efficace, adapt\u00e9 aux utilisateurs ayant tous les types de peau, y compris s\u00e8che et grasse.&nbsp;<\/p>\n\n\n\n<h2 class=\"wp-block-heading\">Comment utiliser un masque hydratant pour le visage<\/h2>\n\n\n\n<p>Il est recommand\u00e9 d&#039;utiliser le masque hydratant pour le visage apr\u00e8s avoir nettoy\u00e9 la peau pour maximiser l&#039;effet d&#039;hydratation et de r\u00e9tention d&#039;humidit\u00e9.<\/p>\n\n\n\n<p>1. Apr\u00e8s le nettoyage, sortez le masque hydratant pour le visage et appliquez-le sur le visage.<\/p>\n\n\n\n<p>2. Attendez 10 \u00e0 15 minutes pour que la peau absorbe l\u2019humidit\u00e9 et l\u2019essence.<\/p>\n\n\n\n<p>3. Retirez le masque du visage et tapotez-le doucement pour favoriser l&#039;absorption.<\/p>\n\n\n\n<p>4. Rincez \u00e0 l&#039;eau claire et poursuivez le processus de soin de la peau suivant pour renforcer l&#039;effet de r\u00e9tention d&#039;humidit\u00e9.<\/p>\n\n\n\n<h2 class=\"wp-block-heading\">Prudence<\/h2>\n\n\n\n<p><strong>1. Test de sensibilit\u00e9 :<\/strong> Si vous utilisez ce produit pour la premi\u00e8re fois, il est recommand\u00e9 d&#039;effectuer d&#039;abord un test de sensibilit\u00e9 cutan\u00e9e derri\u00e8re l&#039;oreille ou sur le menton, puis de l&#039;utiliser compl\u00e8tement une fois qu&#039;aucune g\u00eane ne se produit.&nbsp;<\/p>\n\n\n\n<p><strong>2. Ne pas utiliser sur une peau ab\u00eem\u00e9e :<\/strong> Lorsque la peau est ab\u00eem\u00e9e, rouge, gonfl\u00e9e ou allergique, n&#039;utilisez pas le masque hydratant pour le visage pour \u00e9viter toute irritation de la peau.\u00a0<\/p>\n\n\n\n<p><strong>3. Conserver dans un endroit frais et \u00e0 l&#039;abri de la lumi\u00e8re :<\/strong> Veuillez conserver ce produit dans un endroit frais et sec, \u00e0 l&#039;abri des temp\u00e9ratures \u00e9lev\u00e9es et de la lumi\u00e8re du soleil pour garantir l&#039;activit\u00e9 et l&#039;effet du produit.\u00a0<\/p>\n\n\n\n<p><strong>4. La dur\u00e9e d\u2019utilisation ne doit pas \u00eatre trop longue : <\/strong>La dur\u00e9e d&#039;utilisation recommand\u00e9e est bas\u00e9e sur les instructions du produit et ne doit pas \u00eatre trop longue pour \u00e9viter les effets ind\u00e9sirables.<\/p>\n\n\n\n<h2 class=\"wp-block-heading\">Conclusion<\/h2>\n\n\n\n<p>Le masque hydratant visage est un soin hydratant tr\u00e8s efficace qui r\u00e9hydrate et retient rapidement l&#039;hydratation. Nous avons soigneusement s\u00e9lectionn\u00e9 des ingr\u00e9dients hydratants hautement efficaces pour r\u00e9pondre aux besoins de tous les types de peau. Qu&#039;il s&#039;agisse d&#039;une hydratation quotidienne ou d&#039;une hydratation d&#039;urgence pour les peaux s\u00e8ches et sensibles, ce masque est un excellent choix.<\/p>","protected":false},"excerpt":{"rendered":"Facial Moisturizer Mask Manufacturing Common Formulas Our facial moisturizer mask formula contains selected classic hydrating and moisturizing ingredients such as hyaluronic acid, ceramide, panthenol, etc., which can deeply hydrate the skin, strengthen the barrier, and soothe and stabilize the skin. It is suitable for a wide range of people.&nbsp; 1. Hyaluronic acid: This is an [&hellip;]","protected":false},"featured_media":3841,"menu_order":0,"template":"","meta":[],"product-tag":[],"products":[69],"class_list":["post-3840","product","type-product","status-publish","has-post-thumbnail","hentry","products-facial-mask"],"acf":[],"_links":{"self":[{"href":"https:\/\/www.ruiqigo.com\/fr\/wp-json\/wp\/v2\/product\/3840","targetHints":{"allow":["GET"]}}],"collection":[{"href":"https:\/\/www.ruiqigo.com\/fr\/wp-json\/wp\/v2\/product"}],"about":[{"href":"https:\/\/www.ruiqigo.com\/fr\/wp-json\/wp\/v2\/types\/product"}],"version-history":[{"count":0,"href":"https:\/\/www.ruiqigo.com\/fr\/wp-json\/wp\/v2\/product\/3840\/revisions"}],"wp:featuredmedia":[{"embeddable":true,"href":"https:\/\/www.ruiqigo.com\/fr\/wp-json\/wp\/v2\/media\/3841"}],"wp:attachment":[{"href":"https:\/\/www.ruiqigo.com\/fr\/wp-json\/wp\/v2\/media?parent=3840"}],"wp:term":[{"taxonomy":"product-tag","embeddable":true,"href":"https:\/\/www.ruiqigo.com\/fr\/wp-json\/wp\/v2\/product-tag?post=3840"},{"taxonomy":"products","embeddable":true,"href":"https:\/\/www.ruiqigo.com\/fr\/wp-json\/wp\/v2\/products?post=3840"}],"curies":[{"name":"wp","href":"https:\/\/api.w.org\/{rel}","templated":true}]}}