{"id":3855,"date":"2025-07-23T16:19:49","date_gmt":"2025-07-23T08:19:49","guid":{"rendered":"https:\/\/www.ruiqigo.com\/?post_type=product&#038;p=3855"},"modified":"2025-07-23T16:19:49","modified_gmt":"2025-07-23T08:19:49","slug":"gentle-facial-cleanser","status":"publish","type":"product","link":"https:\/\/www.ruiqigo.com\/fr\/product\/gentle-facial-cleanser","title":{"rendered":"Nettoyant doux pour le visage"},"content":{"rendered":"<h2 class=\"wp-block-heading\">Formules courantes de fabrication de nettoyants doux pour le visage<\/h2>\n\n\n\n<p>Nous s\u00e9lectionnons avec soin une vari\u00e9t\u00e9 d&#039;ingr\u00e9dients d&#039;origine v\u00e9g\u00e9tale et de tensioactifs doux pour enrichir la formule de ce nettoyant visage doux, afin de garantir une peau parfaitement prot\u00e9g\u00e9e et nourrie pendant le nettoyage en profondeur. Concis et efficaces, les ingr\u00e9dients de ce produit sont principalement des tensioactifs d&#039;acides amin\u00e9s, des agents apaisants d&#039;origine v\u00e9g\u00e9tale et des hydratants naturels.&nbsp;<\/p>\n\n\n\n<p><strong>1. Cocoyl glutamate de sodium : <\/strong>Il s&#039;agit d&#039;un tensioactif doux d\u00e9riv\u00e9 de l&#039;huile de coco et d&#039;acides amin\u00e9s. Doux par nature, il ne contient pas de base savonneuse, poss\u00e8de un bon pouvoir moussant et nettoyant, \u00e9limine efficacement les impuret\u00e9s et l&#039;exc\u00e8s de s\u00e9bum, et ne laisse pas le visage sec ni tiraill\u00e9 apr\u00e8s le nettoyage.&nbsp;<\/p>\n\n\n\n<p><strong>2. Cocoylglycinate de sodium :<\/strong> Appartenant au syst\u00e8me des acides amin\u00e9s, il est tr\u00e8s doux, mousseux et constitue l&#039;ingr\u00e9dient nettoyant principal de nombreux produits nettoyants haut de gamme. Il offre \u00e9galement une excellente sensation au toucher et des propri\u00e9t\u00e9s hydratantes qui aident la peau \u00e0 rester hydrat\u00e9e et douce.\u00a0<\/p>\n\n\n\n<p><strong>3. Glyc\u00e9rine : <\/strong>La glyc\u00e9rine est un ingr\u00e9dient hydratant classique qui retient l&#039;humidit\u00e9 et soulage la s\u00e9cheresse cutan\u00e9e pendant le nettoyage, pr\u00e9venant ainsi les tiraillements. Elle peut \u00e9galement augmenter la teneur en eau de la couche corn\u00e9e et constitue un ingr\u00e9dient hydratant de base indispensable pour un nettoyage en douceur.&nbsp;<\/p>\n\n\n\n<p><strong>4. Panth\u00e9nol : <\/strong>Le panth\u00e9nol p\u00e9n\u00e8tre profond\u00e9ment dans la couche corn\u00e9e pour aider la peau \u00e0 retenir son hydratation. Il a \u00e9galement un effet apaisant et anti-inflammatoire. Il peut r\u00e9parer les micro-dommages et am\u00e9liorer la douceur de la peau pendant le nettoyage, la rendant plus lisse et plus d\u00e9licate.&nbsp;<\/p>\n\n\n\n<p><strong>5. Extrait d&#039;aloe vera :<\/strong> Cet ingr\u00e9dient riche en divers acides amin\u00e9s et vitamines poss\u00e8de d&#039;importantes propri\u00e9t\u00e9s apaisantes, antioxydantes et r\u00e9paratrices. Il soulage les irritations mineures caus\u00e9es par le nettoyage et am\u00e9liore la stabilit\u00e9 g\u00e9n\u00e9rale de la peau ainsi que sa texture.&nbsp;<\/p>\n\n\n\n<h2 class=\"wp-block-heading\">Les fonctions du nettoyant doux pour le visage<\/h2>\n\n\n\n<p><strong>1. Doux et non irritant : <\/strong>Un nettoyant visage doux ne contient ni parfums artificiels, ni bases savonneuses, ni alcool. Il est donc tr\u00e8s doux et r\u00e9duit consid\u00e9rablement le risque de sensibilit\u00e9 cutan\u00e9e. Il convient aux nourrissons, aux femmes enceintes et aux personnes dont la barri\u00e8re cutan\u00e9e est ab\u00eem\u00e9e, rendant le nettoyage plus s\u00fbr.\u00a0<\/p>\n\n\n\n<p><strong>2. Mousse riche et d\u00e9licate :<\/strong> Notre nettoyant visage doux poss\u00e8de une mousse onctueuse et s&#039;applique facilement sans \u00e9tapes suppl\u00e9mentaires. La mousse enveloppe \u00e9troitement les impuret\u00e9s et nettoie efficacement sans tirailler.&nbsp;<\/p>\n\n\n\n<p><strong>3. Nettoie et hydrate simultan\u00e9ment :<\/strong> Un nettoyant doux pour le visage nettoie non seulement en profondeur la salet\u00e9 de votre visage, mais retient \u00e9galement les composants d&#039;eau et de graisse n\u00e9cessaires \u00e0 votre peau, \u00e9vitant ainsi la sensation de tiraillement apr\u00e8s le nettoyage et permettant un nettoyage v\u00e9ritablement doux.\u00a0<\/p>\n\n\n\n<p><strong>4. Grande adaptabilit\u00e9 :<\/strong> Le nettoyant doux pour le visage convient \u00e0 une vari\u00e9t\u00e9 d&#039;affections cutan\u00e9es, notamment la peau s\u00e8che, la peau grasse, la peau mixte et la peau sensible, il pr\u00e9sente donc une grande adaptabilit\u00e9.\u00a0<\/p>\n\n\n\n<h2 class=\"wp-block-heading\">Comment utiliser un nettoyant doux pour le visage<\/h2>\n\n\n\n<p>L&#039;utilisation d&#039;un nettoyant visage doux assure un effet nettoyant tout en minimisant les dommages cutan\u00e9s. Il est recommand\u00e9 de l&#039;utiliser une fois par jour, matin et soir, avec de l&#039;eau ti\u00e8de pour un effet nettoyant et apaisant optimal.<\/p>\n\n\n\n<p>1. Mouillez votre visage avec de l&#039;eau ti\u00e8de, prenez une quantit\u00e9 appropri\u00e9e de nettoyant pour le visage dans votre paume, ajoutez de l&#039;eau et frottez pour faire mousser.<\/p>\n\n\n\n<p>2. Appliquez la mousse uniform\u00e9ment sur votre visage et massez doucement en cercles pendant 30 secondes \u00e0 1 minute.<\/p>\n\n\n\n<p>3. Rincez soigneusement votre visage \u00e0 l\u2019eau claire.<\/p>\n\n\n\n<p>4. Utilisez une serviette propre pour appuyer doucement sur votre visage afin d&#039;absorber l&#039;humidit\u00e9 et \u00e9vitez d&#039;essuyer et de tirer excessivement sur la peau.&nbsp;<\/p>\n\n\n\n<h2 class=\"wp-block-heading\">Prudence<\/h2>\n\n\n\n<p><strong>1. Test cutan\u00e9 : <\/strong>Nous vous recommandons de faire un test local derri\u00e8re l&#039;oreille ou sur la m\u00e2choire une premi\u00e8re fois pour confirmer qu&#039;il n&#039;irrite pas la peau avant de l&#039;utiliser sur une grande surface.\u00a0<\/p>\n\n\n\n<p><strong>2. \u00c9viter le contact avec les yeux : <\/strong>En cas de contact accidentel avec vos yeux, veuillez les rincer imm\u00e9diatement et abondamment \u00e0 l&#039;eau pour \u00e9viter toute irritation ou g\u00eane.&nbsp;<\/p>\n\n\n\n<p><strong>3. Utiliser avec de l\u2019eau ti\u00e8de :<\/strong> L&#039;eau chaude peut endommager la couche de s\u00e9bum de la peau, tandis que l&#039;eau froide peut ne pas la nettoyer efficacement. Nous recommandons donc d&#039;utiliser de l&#039;eau ti\u00e8de pour vous laver le visage, car elle aide \u00e0 dissoudre le s\u00e9bum et \u00e0 prot\u00e9ger les cuticules.\u00a0<\/p>\n\n\n\n<p><strong>4. Faites attention \u00e0 bien hydrater ensuite : <\/strong>Apr\u00e8s le nettoyage, vous devez utiliser un tonique et une cr\u00e8me hydratante d\u00e8s que possible pour les soins de suivi de la peau afin de retenir l&#039;hydratation.&nbsp;<\/p>\n\n\n\n<h2 class=\"wp-block-heading\">Conclusion<\/h2>\n\n\n\n<p>Ce nettoyant visage doux allie parfaitement puissance nettoyante et douceur, tout en prenant soin de chaque centim\u00e8tre carr\u00e9 de votre peau gr\u00e2ce \u00e0 des ingr\u00e9dients soigneusement s\u00e9lectionn\u00e9s. Notre formule hypoallerg\u00e9nique, sans savon et sans alcool, combin\u00e9e \u00e0 de multiples ingr\u00e9dients apaisants et hydratants, offre un nettoyage en toute s\u00e9curit\u00e9 pour tous les types de peau.<\/p>","protected":false},"excerpt":{"rendered":"Gentle Facial Cleanser Manufacturing Common Formulas We carefully select a variety of plant-based ingredients and mild surfactants to add to the gentle facial cleanser formula to ensure that the skin is fully protected and nourished during the thorough cleansing process. The product ingredients are concise and effective, mainly amino acid surfactants, plant-extracted soothing factors, and [&hellip;]","protected":false},"featured_media":3856,"menu_order":0,"template":"","meta":[],"product-tag":[],"products":[65],"class_list":["post-3855","product","type-product","status-publish","has-post-thumbnail","hentry","products-facial-cleanser"],"acf":[],"_links":{"self":[{"href":"https:\/\/www.ruiqigo.com\/fr\/wp-json\/wp\/v2\/product\/3855","targetHints":{"allow":["GET"]}}],"collection":[{"href":"https:\/\/www.ruiqigo.com\/fr\/wp-json\/wp\/v2\/product"}],"about":[{"href":"https:\/\/www.ruiqigo.com\/fr\/wp-json\/wp\/v2\/types\/product"}],"version-history":[{"count":0,"href":"https:\/\/www.ruiqigo.com\/fr\/wp-json\/wp\/v2\/product\/3855\/revisions"}],"wp:featuredmedia":[{"embeddable":true,"href":"https:\/\/www.ruiqigo.com\/fr\/wp-json\/wp\/v2\/media\/3856"}],"wp:attachment":[{"href":"https:\/\/www.ruiqigo.com\/fr\/wp-json\/wp\/v2\/media?parent=3855"}],"wp:term":[{"taxonomy":"product-tag","embeddable":true,"href":"https:\/\/www.ruiqigo.com\/fr\/wp-json\/wp\/v2\/product-tag?post=3855"},{"taxonomy":"products","embeddable":true,"href":"https:\/\/www.ruiqigo.com\/fr\/wp-json\/wp\/v2\/products?post=3855"}],"curies":[{"name":"wp","href":"https:\/\/api.w.org\/{rel}","templated":true}]}}