{"id":402,"date":"2024-07-08T10:46:59","date_gmt":"2024-07-08T02:46:59","guid":{"rendered":"https:\/\/ruiqigo.com\/?post_type=product&#038;p=402"},"modified":"2024-10-28T15:41:34","modified_gmt":"2024-10-28T07:41:34","slug":"tea-tree-body-wash","status":"publish","type":"product","link":"https:\/\/www.ruiqigo.com\/fr\/product\/tea-tree-body-wash","title":{"rendered":"Gel douche \u00e0 l&#039;arbre \u00e0 th\u00e9"},"content":{"rendered":"<h3 class=\"wp-block-heading\">Fabrication de gel douche \u00e0 l&#039;arbre \u00e0 th\u00e9 Formules courantes<\/h3>\n\n\n\n<p>L&#039;ingr\u00e9dient principal de ce gel douche \u00e0 l&#039;arbre \u00e0 th\u00e9 est l&#039;huile essentielle naturelle d&#039;arbre \u00e0 th\u00e9. L&#039;huile d&#039;arbre \u00e0 th\u00e9 est un ingr\u00e9dient antibact\u00e9rien et anti-inflammatoire naturel qui non seulement nettoie la peau, mais r\u00e9pare \u00e9galement la peau endommag\u00e9e et pr\u00e9vient l&#039;apparition de probl\u00e8mes cutan\u00e9s. Nous avons \u00e9galement ajout\u00e9 des extraits de plantes tels que l&#039;huile de feuille de Melaleuca alternifolia et le menthol pour am\u00e9liorer encore les effets nettoyants et apaisants, apportant un soin plus complet \u00e0 la peau. Tous les ingr\u00e9dients sont rigoureusement test\u00e9s et s\u00e9lectionn\u00e9s pour garantir la s\u00e9curit\u00e9 et l&#039;efficacit\u00e9 des produits, vous offrant une exp\u00e9rience de bain naturelle de haute qualit\u00e9.<\/p>\n\n\n\n<h3 class=\"wp-block-heading\">Sc\u00e9narios applicables au gel douche \u00e0 l&#039;arbre \u00e0 th\u00e9<\/h3>\n\n\n\n<p>Ce gel douche \u00e0 l&#039;arbre \u00e0 th\u00e9 est parfait pour les conditions estivales chaudes et humides. Son parfum rafra\u00eechissant d&#039;arbre \u00e0 th\u00e9 offre une exp\u00e9rience de bain rafra\u00eechissante et revigorante, vous aidant \u00e0 vous sentir instantan\u00e9ment rafra\u00eechi dans la chaleur de l&#039;\u00e9t\u00e9. En m\u00eame temps, ses ingr\u00e9dients antibact\u00e9riens naturels sont efficaces pour pr\u00e9venir les probl\u00e8mes de peau transmis par la transpiration, afin que vous puissiez toujours garder une peau fra\u00eeche et propre par temps chaud.<\/p>\n\n\n\n<h3 class=\"wp-block-heading\">\u00c0 qui s&#039;adresse le gel douche Tea Tree<\/h3>\n\n\n\n<p>Ce gel douche \u00e0 l&#039;arbre \u00e0 th\u00e9 est id\u00e9al pour ceux qui recherchent la propret\u00e9 et l&#039;hygi\u00e8ne et qui sont soucieux de la sant\u00e9 de leur peau. Ses ingr\u00e9dients antibact\u00e9riens naturels peuvent tuer efficacement les bact\u00e9ries nocives, offrant un nettoyage plus s\u00fbr et plus efficace pour la peau ; en m\u00eame temps, ses ingr\u00e9dients nourrissants riches peuvent \u00e9galement apporter des soins complets aux utilisateurs de tous types de peau, pour aider \u00e0 am\u00e9liorer la s\u00e9cheresse, la sensibilit\u00e9 et d&#039;autres probl\u00e8mes. De plus, son parfum frais peut \u00e9galement apporter un moment de bain agr\u00e9able \u00e0 ceux qui aiment une exp\u00e9rience fra\u00eeche.<\/p>\n\n\n\n<h3 class=\"wp-block-heading\">Processus de production du gel douche \u00e0 l&#039;arbre \u00e0 th\u00e9<\/h3>\n\n\n\n<p>Lors de la production de notre gel douche \u00e0 l&#039;arbre \u00e0 th\u00e9, nous utilisons de l&#039;huile d&#039;arbre \u00e0 th\u00e9 pure et un processus d&#039;extraction doux pour garantir que ses ingr\u00e9dients actifs sont conserv\u00e9s. Au cours du processus de production, nous contr\u00f4lons strictement le niveau de pH et la concentration d&#039;huile d&#039;arbre \u00e0 th\u00e9 dans nos formulations afin d&#039;obtenir le meilleur effet de soin de la peau et la meilleure exp\u00e9rience d&#039;utilisation. De plus, nous nous concentrons sur la protection de l&#039;environnement et la durabilit\u00e9 pour garantir que nos produits sont respectueux de l&#039;environnement.<\/p>","protected":false},"excerpt":{"rendered":"Tea tree body wash manufacturing Common Formulas The main ingredient in this Tea Tree Body Wash is natural tea tree essential oil. Tea Tree oil is a natural anti-bacterial and anti-inflammatory ingredient that not only cleanses the skin, but also repairs damaged skin and prevents skin problems from occurring. We have also added plant extracts [&hellip;]","protected":false},"featured_media":406,"menu_order":0,"template":"","meta":[],"product-tag":[],"products":[57],"class_list":["post-402","product","type-product","status-publish","has-post-thumbnail","hentry","products-body-wash"],"acf":[],"_links":{"self":[{"href":"https:\/\/www.ruiqigo.com\/fr\/wp-json\/wp\/v2\/product\/402","targetHints":{"allow":["GET"]}}],"collection":[{"href":"https:\/\/www.ruiqigo.com\/fr\/wp-json\/wp\/v2\/product"}],"about":[{"href":"https:\/\/www.ruiqigo.com\/fr\/wp-json\/wp\/v2\/types\/product"}],"version-history":[{"count":0,"href":"https:\/\/www.ruiqigo.com\/fr\/wp-json\/wp\/v2\/product\/402\/revisions"}],"wp:featuredmedia":[{"embeddable":true,"href":"https:\/\/www.ruiqigo.com\/fr\/wp-json\/wp\/v2\/media\/406"}],"wp:attachment":[{"href":"https:\/\/www.ruiqigo.com\/fr\/wp-json\/wp\/v2\/media?parent=402"}],"wp:term":[{"taxonomy":"product-tag","embeddable":true,"href":"https:\/\/www.ruiqigo.com\/fr\/wp-json\/wp\/v2\/product-tag?post=402"},{"taxonomy":"products","embeddable":true,"href":"https:\/\/www.ruiqigo.com\/fr\/wp-json\/wp\/v2\/products?post=402"}],"curies":[{"name":"wp","href":"https:\/\/api.w.org\/{rel}","templated":true}]}}