{"id":403,"date":"2024-07-08T10:56:54","date_gmt":"2024-07-08T02:56:54","guid":{"rendered":"https:\/\/ruiqigo.com\/?post_type=product&#038;p=403"},"modified":"2024-10-28T11:35:04","modified_gmt":"2024-10-28T03:35:04","slug":"travel-size-body-wash","status":"publish","type":"product","link":"https:\/\/www.ruiqigo.com\/fr\/product\/travel-size-body-wash","title":{"rendered":"Gel douche format voyage"},"content":{"rendered":"<h3 class=\"wp-block-heading\">Fabrication de gels douche format voyage Formules courantes<\/h3>\n\n\n\n<p>Ce gel douche format voyage est formul\u00e9 avec des ingr\u00e9dients nettoyants doux et non irritants \u00e0 base de plantes qui nettoient la peau en profondeur, \u00e9liminent les impuret\u00e9s tout en prot\u00e9geant la barri\u00e8re cutan\u00e9e et en maintenant un bon \u00e9tat de la peau. De plus, nous avons ajout\u00e9 \u00e0 la formule des ingr\u00e9dients nourrissants et hydratants tels que le beurre de karit\u00e9 et l&#039;extrait de th\u00e9 blanc, qui offrent un soin complet \u00e0 la peau et reconstituent les nutriments n\u00e9cessaires pour garder votre peau hydrat\u00e9e et lisse tout au long du voyage. Tous les ingr\u00e9dients sont soigneusement s\u00e9lectionn\u00e9s pour garantir la s\u00e9curit\u00e9 et l&#039;efficacit\u00e9 du produit, afin de vous offrir une exp\u00e9rience confortable et assur\u00e9e.<\/p>\n\n\n\n<h3 class=\"wp-block-heading\">Gel douche format voyage Sc\u00e9narios applicables<\/h3>\n\n\n\n<p>Le gel douche format voyage est un compagnon de nettoyage personnalis\u00e9 pour les voyageurs. Il convient aux voyages courts, au rafra\u00eechissement apr\u00e8s de longs vols, au nettoyage rapide apr\u00e8s des activit\u00e9s de plein air, aux soins d&#039;hygi\u00e8ne personnelle pendant les voyages d&#039;affaires, au bain pratique apr\u00e8s l&#039;exercice en salle de sport et \u00e0 la protection de l&#039;hygi\u00e8ne pendant les s\u00e9jours \u00e0 l&#039;h\u00f4tel. La conception de l&#039;emballage l\u00e9ger facilite le transport et garantit une exp\u00e9rience de bain confortable lors de tout voyage.<\/p>\n\n\n\n<h3 class=\"wp-block-heading\">\u00c0 qui s&#039;adresse le gel douche format voyage<\/h3>\n\n\n\n<p>Con\u00e7u pour les voyageurs fr\u00e9quents, le gel douche format voyage convient aux voyageurs, aux hommes d&#039;affaires ou aux passionn\u00e9s d&#039;aventure qui ont besoin de soins personnels pratiques. Son emballage portable et sa formule multifonctionnelle r\u00e9pondent aux besoins de nettoyage et d&#039;hydratation en d\u00e9placement et conviennent \u00e0 tous les types de peau, en particulier aux utilisateurs \u00e0 la recherche d&#039;une solution de soin de la peau simple et efficace.<\/p>\n\n\n\n<h3 class=\"wp-block-heading\">Processus de production du gel douche format voyage<\/h3>\n\n\n\n<p>Lors de la production du gel douche format voyage, nous avons mis l&#039;accent sur la portabilit\u00e9 et la praticit\u00e9 du produit. La conception de l&#039;emballage l\u00e9ger garantit qu&#039;il est facile \u00e0 transporter et ne prend pas trop de place dans vos bagages. En m\u00eame temps, la formulation est optimis\u00e9e pour un nettoyage en douceur et une hydratation longue dur\u00e9e. Des normes de contr\u00f4le de qualit\u00e9 strictes sont respect\u00e9es pendant le processus de fabrication pour garantir que chaque bouteille de gel douche offre une exp\u00e9rience coh\u00e9rente.<\/p>","protected":false},"excerpt":{"rendered":"Travel size body wash manufacturing Common Formulas This travel size body wash is formulated with gentle, non-irritating, plant-based cleansing ingredients that deeply cleanse the skin, removing impurities while also protecting the skin barrier and maintaining good skin condition. In addition, we have added nourishing and moisturizing ingredients such as Shea Butter and White Tea Extract [&hellip;]","protected":false},"featured_media":410,"menu_order":0,"template":"","meta":[],"product-tag":[],"products":[57],"class_list":["post-403","product","type-product","status-publish","has-post-thumbnail","hentry","products-body-wash"],"acf":[],"_links":{"self":[{"href":"https:\/\/www.ruiqigo.com\/fr\/wp-json\/wp\/v2\/product\/403","targetHints":{"allow":["GET"]}}],"collection":[{"href":"https:\/\/www.ruiqigo.com\/fr\/wp-json\/wp\/v2\/product"}],"about":[{"href":"https:\/\/www.ruiqigo.com\/fr\/wp-json\/wp\/v2\/types\/product"}],"version-history":[{"count":0,"href":"https:\/\/www.ruiqigo.com\/fr\/wp-json\/wp\/v2\/product\/403\/revisions"}],"wp:featuredmedia":[{"embeddable":true,"href":"https:\/\/www.ruiqigo.com\/fr\/wp-json\/wp\/v2\/media\/410"}],"wp:attachment":[{"href":"https:\/\/www.ruiqigo.com\/fr\/wp-json\/wp\/v2\/media?parent=403"}],"wp:term":[{"taxonomy":"product-tag","embeddable":true,"href":"https:\/\/www.ruiqigo.com\/fr\/wp-json\/wp\/v2\/product-tag?post=403"},{"taxonomy":"products","embeddable":true,"href":"https:\/\/www.ruiqigo.com\/fr\/wp-json\/wp\/v2\/products?post=403"}],"curies":[{"name":"wp","href":"https:\/\/api.w.org\/{rel}","templated":true}]}}