{"id":405,"date":"2024-07-08T11:19:22","date_gmt":"2024-07-08T03:19:22","guid":{"rendered":"https:\/\/ruiqigo.com\/?post_type=product&#038;p=405"},"modified":"2024-10-28T11:15:36","modified_gmt":"2024-10-28T03:15:36","slug":"retinol-hand-cream","status":"publish","type":"product","link":"https:\/\/www.ruiqigo.com\/fr\/product\/retinol-hand-cream","title":{"rendered":"Cr\u00e8me pour les mains au r\u00e9tinol"},"content":{"rendered":"<h3 class=\"wp-block-heading\">Formules courantes de fabrication de cr\u00e8mes pour les mains au r\u00e9tinol<\/h3>\n\n\n\n<p>Les ingr\u00e9dients principaux de cette cr\u00e8me pour les mains au r\u00e9tinol sont le r\u00e9tinol et l&#039;huile de graines de jojoba. Le r\u00e9tinol est une vitamine liposoluble qui stimule le renouvellement cellulaire et r\u00e9pare la peau ab\u00eem\u00e9e des mains, tandis que l&#039;huile de graines de jojoba est riche en divers acides gras naturels qui nourrissent la peau en profondeur et att\u00e9nuent la s\u00e9cheresse et la rugosit\u00e9. De plus, la formule contient de l&#039;huile d&#039;amande douce, de l&#039;huile de s\u00e9same et d&#039;autres ingr\u00e9dients hydratants, capables de reconstituer efficacement les besoins en hydratation de la peau et de maintenir un \u00e9quilibre eau-huile optimal.<\/p>\n\n\n\n<h3 class=\"wp-block-heading\">Sc\u00e9narios applicables \u00e0 la cr\u00e8me pour les mains au r\u00e9tinol<\/h3>\n\n\n\n<p>Cette cr\u00e8me pour les mains au r\u00e9tinol est id\u00e9ale pour les climats secs et froids. Les temp\u00e9ratures hivernales froides et le chauffage artificiel peuvent provoquer des mains s\u00e8ches, squameuses et m\u00eame gerc\u00e9es. Les riches ingr\u00e9dients hydratants de cette cr\u00e8me nourrissent vos mains en profondeur, les hydratent \u00e0 nouveau, r\u00e9parent les cellules endommag\u00e9es et leur redonnent douceur et \u00e9clat. De plus, elle forme une barri\u00e8re protectrice pour les mains, pr\u00e9venant efficacement la s\u00e9cheresse, les ger\u00e7ures et autres probl\u00e8mes. Que ce soit en hiver ou pendant la saison s\u00e8che et venteuse, cette cr\u00e8me pour les mains vous offre un soin complet.<\/p>\n\n\n\n<h3 class=\"wp-block-heading\">\u00c0 qui s&#039;adresse la cr\u00e8me pour les mains au r\u00e9tinol ?<\/h3>\n\n\n\n<p>Cette cr\u00e8me pour les mains au r\u00e9tinol est id\u00e9ale pour les peaux s\u00e8ches. Que vos mains soient s\u00e8ches \u00e0 cause des lavages fr\u00e9quents ou de l&#039;exposition aux produits chimiques, ou que votre peau soit squameuse \u00e0 cause du froid hivernal, cette cr\u00e8me pour les mains vous apportera les nutriments dont vous avez besoin. Elle p\u00e9n\u00e8tre profond\u00e9ment dans la peau pour la r\u00e9g\u00e9n\u00e9rer et r\u00e9parer les cellules endommag\u00e9es, laissant les mains douces et lisses. De plus, elle p\u00e9n\u00e8tre rapidement sans laisser de sensation collante, ce qui la rend adapt\u00e9e \u00e0 tous les types de peau.<\/p>\n\n\n\n<h3 class=\"wp-block-heading\">Processus de production de la cr\u00e8me pour les mains au r\u00e9tinol<\/h3>\n\n\n\n<p>Le proc\u00e9d\u00e9 de fabrication sp\u00e9cial de la Cr\u00e8me Mains au R\u00e9tinol utilise une formule de r\u00e9tinol stabilis\u00e9e pour pr\u00e9server son activit\u00e9 antioxydante, et un proc\u00e9d\u00e9 d&#039;extraction \u00e0 basse temp\u00e9rature pour minimiser la destruction des ingr\u00e9dients. Un contr\u00f4le strict du pH et de l&#039;humidit\u00e9 ambiante pendant la production garantit la stabilit\u00e9 et l&#039;efficacit\u00e9 du r\u00e9tinol. De plus, des ingr\u00e9dients hydratants sp\u00e9cialement ajout\u00e9s, tels que la glyc\u00e9rine et l&#039;acide hyaluronique, sont pr\u00e9cis\u00e9ment dos\u00e9s pour nourrir en profondeur et ne pas laisser de film gras, quel que soit le type de peau.<\/p>","protected":false},"excerpt":{"rendered":"Retinol hand cream manufacturing Common Formulas The core ingredients of this Retinol Hand Cream include Retinol and Jojoba Seed Oil. Retinol is a fat-soluble vitamin that stimulates cell renewal and repairs damaged skin on the hands, while Jojoba Seed Oil is rich in a variety of natural fatty acids that deeply nourish the skin and [&hellip;]","protected":false},"featured_media":414,"menu_order":0,"template":"","meta":[],"product-tag":[],"products":[58],"class_list":["post-405","product","type-product","status-publish","has-post-thumbnail","hentry","products-hand-cream"],"acf":[],"_links":{"self":[{"href":"https:\/\/www.ruiqigo.com\/fr\/wp-json\/wp\/v2\/product\/405","targetHints":{"allow":["GET"]}}],"collection":[{"href":"https:\/\/www.ruiqigo.com\/fr\/wp-json\/wp\/v2\/product"}],"about":[{"href":"https:\/\/www.ruiqigo.com\/fr\/wp-json\/wp\/v2\/types\/product"}],"version-history":[{"count":0,"href":"https:\/\/www.ruiqigo.com\/fr\/wp-json\/wp\/v2\/product\/405\/revisions"}],"wp:featuredmedia":[{"embeddable":true,"href":"https:\/\/www.ruiqigo.com\/fr\/wp-json\/wp\/v2\/media\/414"}],"wp:attachment":[{"href":"https:\/\/www.ruiqigo.com\/fr\/wp-json\/wp\/v2\/media?parent=405"}],"wp:term":[{"taxonomy":"product-tag","embeddable":true,"href":"https:\/\/www.ruiqigo.com\/fr\/wp-json\/wp\/v2\/product-tag?post=405"},{"taxonomy":"products","embeddable":true,"href":"https:\/\/www.ruiqigo.com\/fr\/wp-json\/wp\/v2\/products?post=405"}],"curies":[{"name":"wp","href":"https:\/\/api.w.org\/{rel}","templated":true}]}}