{"id":424,"date":"2024-07-08T11:52:15","date_gmt":"2024-07-08T03:52:15","guid":{"rendered":"https:\/\/ruiqigo.com\/?post_type=product&#038;p=424"},"modified":"2024-11-06T15:04:57","modified_gmt":"2024-11-06T07:04:57","slug":"coconut-massage-oil","status":"publish","type":"product","link":"https:\/\/www.ruiqigo.com\/fr\/product\/coconut-massage-oil","title":{"rendered":"Huile de massage \u00e0 la noix de coco"},"content":{"rendered":"<h2 class=\"wp-block-heading\">Formules courantes de fabrication d&#039;huile de massage \u00e0 la noix de coco<\/h2>\n\n\n\n<p>Les principaux ingr\u00e9dients de cette huile de massage \u00e0 la noix de coco sont l&#039;huile de noix de coco naturellement pure et l&#039;huile de graines de tournesol. L&#039;huile de noix de coco est riche en acides gras \u00e0 cha\u00eene moyenne, qui p\u00e9n\u00e8trent rapidement et profond\u00e9ment dans la peau et procurent de puissants effets hydratants et r\u00e9parateurs. L&#039;huile de graines de tournesol est riche en vitamines et en antioxydants pour aider \u00e0 soulager les douleurs musculaires et am\u00e9liorer l&#039;\u00e9tat de la peau. En tant que fabricant professionnel d&#039;huile de massage \u00e0 la noix de coco, ces ingr\u00e9dients naturels de haute qualit\u00e9 sont non seulement s\u00fbrs et non irritants, mais utilisent \u00e9galement pleinement les effets lubrifiants, massants et apaisants pour apporter un soin complet \u00e0 la peau, au corps et \u00e0 l&#039;esprit.<\/p>\n\n\n\n<h2 class=\"wp-block-heading\">Sc\u00e9narios d&#039;application de l&#039;huile de massage \u00e0 la noix de coco<\/h2>\n\n\n\n<p>Cette huile de massage \u00e0 la noix de coco est id\u00e9ale pour les climats chauds et secs. Pendant les mois d&#039;\u00e9t\u00e9 chauds et moites, la peau est sujette \u00e0 la s\u00e9cheresse et \u00e0 la desquamation, et les muscles sont sujets aux courbatures et aux douleurs. Cette huile de massage p\u00e9n\u00e8tre et s&#039;absorbe rapidement sans laisser de sensation collante sur la peau, tout en nourrissant en profondeur et en soulageant la fatigue, pour que vous puissiez vous sentir frais et \u00e0 l&#039;aise dans la chaleur de la journ\u00e9e. Elle prot\u00e8ge \u00e9galement la peau des dommages caus\u00e9s par le soleil, ce qui permet de b\u00e9n\u00e9ficier facilement de soins complets dans divers environnements.<\/p>\n\n\n\n<h2 class=\"wp-block-heading\">\u00c0 qui s&#039;adresse l&#039;huile de massage \u00e0 la noix de coco<\/h2>\n\n\n\n<p>Cette huile de massage \u00e0 la noix de coco convient \u00e0 tous les types de peau. Que vous ayez une peau s\u00e8che, sensible ou grasse, vous b\u00e9n\u00e9ficierez de cette huile de massage. Elle p\u00e9n\u00e8tre et s&#039;absorbe rapidement sans alourdir la peau, tout en nourrissant en profondeur et en soulageant les courbatures et les douleurs. Sp\u00e9cialement pour ceux qui font de l&#039;exercice ou du travail physique, cette huile aide \u00e0 d\u00e9tendre les muscles, \u00e0 soulager la fatigue et \u00e0 les ramener \u00e0 un \u00e9tat de relaxation et de confort. Quel que soit l&#039;\u00e9tat de votre peau, cette huile de massage \u00e0 la noix de coco vous procurera un soin total.<\/p>\n\n\n\n<h2 class=\"wp-block-heading\">Processus de production de l&#039;huile de massage \u00e0 la noix de coco<\/h2>\n\n\n\n<p>Le processus de production sp\u00e9cial de l&#039;huile de massage \u00e0 la noix de coco met l&#039;accent sur l&#039;extraction d&#039;huile v\u00e9g\u00e9tale pure \u00e0 partir de noix de coco de premi\u00e8re qualit\u00e9. La technologie de pressage \u00e0 froid est utilis\u00e9e pour maintenir l&#039;int\u00e9grit\u00e9 des acides gras naturels et de la vitamine E dans l&#039;huile. Pendant le processus de production, en tant que fabricant leader d&#039;huile de massage \u00e0 la noix de coco, la temp\u00e9rature et la pression sont strictement contr\u00f4l\u00e9es pour \u00e9viter d&#039;endommager l&#039;huile par une temp\u00e9rature \u00e9lev\u00e9e, garantissant ainsi la puret\u00e9 et l&#039;effet nourrissant de l&#039;huile de massage. De plus, les impuret\u00e9s sont \u00e9limin\u00e9es par filtration fine pour offrir un toucher doux et un effet hydratant en profondeur.<\/p>\n\n\n\n<p><\/p>","protected":false},"excerpt":{"rendered":"Coconut massage oil manufacturing common formulas The main ingredients of this Coconut Massage Oil are naturally pure coconut oil and sunflower seed oil. Coconut oil is rich in medium-chain fatty acids, which penetrate deep into the skin quickly and provide powerful moisturizing and repairing effects. Sunflower Seed Oil is rich in vitamins and antioxidants to [&hellip;]","protected":false},"featured_media":430,"menu_order":0,"template":"","meta":[],"product-tag":[],"products":[59],"class_list":["post-424","product","type-product","status-publish","has-post-thumbnail","hentry","products-massage-oil"],"acf":[],"_links":{"self":[{"href":"https:\/\/www.ruiqigo.com\/fr\/wp-json\/wp\/v2\/product\/424","targetHints":{"allow":["GET"]}}],"collection":[{"href":"https:\/\/www.ruiqigo.com\/fr\/wp-json\/wp\/v2\/product"}],"about":[{"href":"https:\/\/www.ruiqigo.com\/fr\/wp-json\/wp\/v2\/types\/product"}],"version-history":[{"count":0,"href":"https:\/\/www.ruiqigo.com\/fr\/wp-json\/wp\/v2\/product\/424\/revisions"}],"wp:featuredmedia":[{"embeddable":true,"href":"https:\/\/www.ruiqigo.com\/fr\/wp-json\/wp\/v2\/media\/430"}],"wp:attachment":[{"href":"https:\/\/www.ruiqigo.com\/fr\/wp-json\/wp\/v2\/media?parent=424"}],"wp:term":[{"taxonomy":"product-tag","embeddable":true,"href":"https:\/\/www.ruiqigo.com\/fr\/wp-json\/wp\/v2\/product-tag?post=424"},{"taxonomy":"products","embeddable":true,"href":"https:\/\/www.ruiqigo.com\/fr\/wp-json\/wp\/v2\/products?post=424"}],"curies":[{"name":"wp","href":"https:\/\/api.w.org\/{rel}","templated":true}]}}