{"id":425,"date":"2024-07-08T11:57:29","date_gmt":"2024-07-08T03:57:29","guid":{"rendered":"https:\/\/ruiqigo.com\/?post_type=product&#038;p=425"},"modified":"2024-11-06T15:07:05","modified_gmt":"2024-11-06T07:07:05","slug":"lavender-massage-oil","status":"publish","type":"product","link":"https:\/\/www.ruiqigo.com\/fr\/product\/lavender-massage-oil","title":{"rendered":"Huile de massage \u00e0 la lavande"},"content":{"rendered":"<h3 class=\"wp-block-heading\">Formules courantes de fabrication d&#039;huile de massage \u00e0 la lavande<\/h3>\n\n\n\n<p>Les principaux ingr\u00e9dients de cette huile de massage \u00e0 la lavande sont l&#039;huile essentielle de lavande pure naturelle et l&#039;huile de graines de tournesol. L&#039;huile essentielle de lavande est riche en ingr\u00e9dients bioactifs et poss\u00e8de d&#039;excellentes propri\u00e9t\u00e9s aromath\u00e9rapeutiques, aidant \u00e0 soulager le stress \u00e9motionnel et \u00e0 am\u00e9liorer le bien-\u00eatre mental. En tant que fabricant d&#039;huile de massage \u00e0 la lavande digne de confiance, nous savons que l&#039;huile de graines de tournesol est riche en vitamines et en acide linol\u00e9ique, qui peuvent nourrir et r\u00e9parer efficacement la peau et am\u00e9liorer l&#039;\u00e9tat de la peau s\u00e8che et rugueuse. Ces ingr\u00e9dients de haute qualit\u00e9 sont non seulement s\u00fbrs et non irritants, mais ils permettent \u00e9galement de jouer pleinement les multiples effets de relaxation, d&#039;apaisement et de nutrition lorsqu&#039;ils sont utilis\u00e9s, apportant un soin complet \u00e0 la peau et \u00e0 l&#039;esprit.<\/p>\n\n\n\n<h3 class=\"wp-block-heading\">Sc\u00e9narios d&#039;application de l&#039;huile de massage \u00e0 la lavande<\/h3>\n\n\n\n<p>Cette huile de massage \u00e0 la lavande est parfaite pour les journ\u00e9es chaudes et moites de l&#039;\u00e9t\u00e9. Par temps chaud et humide, la peau est sujette \u00e0 la s\u00e9cheresse et \u00e0 la rugosit\u00e9, ainsi qu&#039;\u00e0 la fatigue et \u00e0 l&#039;anxi\u00e9t\u00e9. Cette huile de massage p\u00e9n\u00e8tre rapidement dans la peau sans laisser de sensation collante, tout en offrant un ar\u00f4me relaxant et nourrissant qui vous permettra de vous sentir frais et \u00e0 l&#039;aise dans la chaleur. De plus, elle prot\u00e8ge la peau des dommages caus\u00e9s par le soleil, ce qui permet de profiter facilement d&#039;une exp\u00e9rience reposante et agr\u00e9able dans tous les environnements.<\/p>\n\n\n\n<h3 class=\"wp-block-heading\">\u00c0 qui convient l&#039;huile de massage \u00e0 la lavande<\/h3>\n\n\n\n<p>Cette huile de massage \u00e0 la lavande convient aux utilisateurs de tous types de peau. Pour les personnes stress\u00e9es et irritables, elle peut aider \u00e0 soulager l&#039;anxi\u00e9t\u00e9, \u00e0 am\u00e9liorer l&#039;\u00e9tat mental et \u00e0 d\u00e9tendre le corps et l&#039;esprit gr\u00e2ce \u00e0 l&#039;aromath\u00e9rapie. En m\u00eame temps, elle peut \u00e9galement nourrir la peau en profondeur, am\u00e9liorer la s\u00e9cheresse et la rugosit\u00e9 du probl\u00e8me, afin que la peau retrouve sa douceur et sa douceur. Surtout pour ceux qui sont souvent dans un \u00e9tat de travail de haute intensit\u00e9, cette huile de massage peut aider \u00e0 d\u00e9tendre les muscles, \u00e0 soulager la fatigue et \u00e0 leur apporter des soins complets.<\/p>\n\n\n\n<h3 class=\"wp-block-heading\">Processus de production d&#039;huile de massage \u00e0 la lavande<\/h3>\n\n\n\n<p>Le processus de production sp\u00e9cial de l&#039;huile de massage \u00e0 la lavande comprend l&#039;extraction de l&#039;huile essentielle de fleurs de lavande s\u00e9lectionn\u00e9es par distillation \u00e0 la vapeur, un processus qui pr\u00e9serve l&#039;ar\u00f4me naturel et les propri\u00e9t\u00e9s curatives de la lavande. Par la suite, les huiles essentielles sont m\u00e9lang\u00e9es dans des proportions pr\u00e9cises avec des huiles de support de haute qualit\u00e9 telles que l&#039;huile d&#039;amande douce ou l&#039;huile de p\u00e9pins de raisin pour garantir que l&#039;huile de massage p\u00e9n\u00e8tre et nourrit. En tant que fabricant fiable d&#039;huile de massage \u00e0 la lavande, l&#039;ensemble du processus de production se d\u00e9roule dans un environnement strictement contr\u00f4l\u00e9, \u00e9vitant la lumi\u00e8re et la chaleur pour maintenir la stabilit\u00e9 et la puret\u00e9 de l&#039;huile.<\/p>","protected":false},"excerpt":{"rendered":"Lavender massage oil manufacturing common formulas The main ingredients of this lavender massage oil are natural pure lavender essential oil and sunflower seed oil. Lavender essential oil is rich in bio-active ingredients and has excellent aromatherapeutic properties, helping to relieve emotional stress and enhance mental well-being. As a trustworthy Lavender massage oil manufacturer, we know [&hellip;]","protected":false},"featured_media":434,"menu_order":0,"template":"","meta":[],"product-tag":[],"products":[59],"class_list":["post-425","product","type-product","status-publish","has-post-thumbnail","hentry","products-massage-oil"],"acf":[],"_links":{"self":[{"href":"https:\/\/www.ruiqigo.com\/fr\/wp-json\/wp\/v2\/product\/425","targetHints":{"allow":["GET"]}}],"collection":[{"href":"https:\/\/www.ruiqigo.com\/fr\/wp-json\/wp\/v2\/product"}],"about":[{"href":"https:\/\/www.ruiqigo.com\/fr\/wp-json\/wp\/v2\/types\/product"}],"version-history":[{"count":0,"href":"https:\/\/www.ruiqigo.com\/fr\/wp-json\/wp\/v2\/product\/425\/revisions"}],"wp:featuredmedia":[{"embeddable":true,"href":"https:\/\/www.ruiqigo.com\/fr\/wp-json\/wp\/v2\/media\/434"}],"wp:attachment":[{"href":"https:\/\/www.ruiqigo.com\/fr\/wp-json\/wp\/v2\/media?parent=425"}],"wp:term":[{"taxonomy":"product-tag","embeddable":true,"href":"https:\/\/www.ruiqigo.com\/fr\/wp-json\/wp\/v2\/product-tag?post=425"},{"taxonomy":"products","embeddable":true,"href":"https:\/\/www.ruiqigo.com\/fr\/wp-json\/wp\/v2\/products?post=425"}],"curies":[{"name":"wp","href":"https:\/\/api.w.org\/{rel}","templated":true}]}}