{"id":463,"date":"2024-07-12T12:04:23","date_gmt":"2024-07-12T04:04:23","guid":{"rendered":"https:\/\/ruiqigo.com\/?post_type=product&#038;p=463"},"modified":"2024-11-06T13:42:51","modified_gmt":"2024-11-06T05:42:51","slug":"jelly-facial-mask","status":"publish","type":"product","link":"https:\/\/www.ruiqigo.com\/fr\/product\/jelly-facial-mask","title":{"rendered":"Masque facial \u00e0 la gel\u00e9e"},"content":{"rendered":"<h2 class=\"wp-block-heading\">Formules courantes de fabrication de masques faciaux \u00e0 base de gel\u00e9e<\/h2>\n\n\n\n<p>Carbomer En tant qu&#039;\u00e9paississant et stabilisateur sup\u00e9rieur, le carbomer joue un r\u00f4le cl\u00e9 dans notre masque facial en gel\u00e9e, am\u00e9liorant l&#039;adh\u00e9rence du masque et assurant une p\u00e9n\u00e9tration efficace des nutriments. De plus, l&#039;eau d&#039;hamam\u00e9lis d&#039;Am\u00e9rique du Nord est connue pour ses propri\u00e9t\u00e9s apaisantes et astringentes, aidant \u00e0 r\u00e9guler les huiles de la peau, \u00e0 minimiser les pores dilat\u00e9s et \u00e0 redonner fra\u00eecheur et raffinement \u00e0 la peau. En tant que fabricant fiable de masques faciaux en gel\u00e9e, nous savons que riche en vitamines et min\u00e9raux, l&#039;eau d&#039;Aloe Vera Cura\u00e7ao a un excellent effet hydratant et r\u00e9parateur, favorisant la r\u00e9g\u00e9n\u00e9ration des cellules de la peau et am\u00e9liorant la peau s\u00e8che.<\/p>\n\n\n\n<h2 class=\"wp-block-heading\">Sc\u00e9narios d&#039;application du masque facial \u00e0 la gel\u00e9e<\/h2>\n\n\n\n<p>Nos masques faciaux en gel\u00e9e conviennent \u00e0 une large gamme de soins quotidiens de la peau. Que vous profitiez d&#039;une routine de soins relaxante le soir \u00e0 la maison ou que vous hydratiez rapidement votre peau en d\u00e9placement, ce masque fera l&#039;affaire. Il est particuli\u00e8rement adapt\u00e9 \u00e0 une utilisation pendant les saisons s\u00e8ches, les p\u00e9riodes prolong\u00e9es dans des environnements climatis\u00e9s ou chauff\u00e9s, ou apr\u00e8s des activit\u00e9s de plein air pour apporter une hydratation imm\u00e9diate et un soulagement apaisant \u00e0 la peau.<\/p>\n\n\n\n<h2 class=\"wp-block-heading\">\u00c0 qui s&#039;adresse le masque facial Jelly<\/h2>\n\n\n\n<p>Ce masque facial en gel\u00e9e convient \u00e0 tous les types de peau, en particulier les peaux s\u00e8ches, d\u00e9shydrat\u00e9es, sensibles ou matures. Il offre une solution rapide et efficace aux soins de la peau des personnes modernes qui sont constamment expos\u00e9es \u00e0 la pollution de l&#039;environnement, aux dommages caus\u00e9s par les UV et au stress de la vie. De plus, il convient \u00e9galement aux consommateurs qui recherchent des soins de la peau naturels et des ingr\u00e9dients botaniques.<\/p>\n\n\n\n<h2 class=\"wp-block-heading\">Processus de production du masque facial \u00e0 base de gel\u00e9e<\/h2>\n\n\n\n<p>Pour garantir la plus haute qualit\u00e9 et efficacit\u00e9, une s\u00e9rie de mesures rigoureuses sont prises lors du processus de fabrication de nos masques faciaux en gel\u00e9e. Tout d&#039;abord, nous s\u00e9lectionnons soigneusement les meilleurs extraits botaniques pour garantir leur puret\u00e9 et leur activit\u00e9. Ceux-ci sont ensuite soigneusement m\u00e9lang\u00e9s \u00e0 des hydratants macromol\u00e9culaires pour cr\u00e9er une formule synergique qui se compl\u00e8te. En tant que fabricant professionnel de masques faciaux en gel\u00e9e, la prochaine \u00e9tape cruciale de la g\u00e9lification n\u00e9cessite que notre \u00e9quipe de professionnels contr\u00f4le pr\u00e9cis\u00e9ment la quantit\u00e9 de carbom\u00e8re ajout\u00e9e pour obtenir la texture de gel rafra\u00eechissante souhait\u00e9e. Cet \u00e9quilibre critique am\u00e9liore non seulement la sensation de fra\u00eecheur \u00e0 l&#039;application, mais garantit \u00e9galement que le masque adh\u00e8re \u00e0 la peau pour une efficacit\u00e9 maximale.<\/p>","protected":false},"excerpt":{"rendered":"Jelly facial mask manufacturing common formulas Carbomer As a superior thickener and stabilizer, carbomer plays a key role in our Jelly Facial Mask, enhancing the adhesion of the mask and ensuring effective penetration of nutrients. In addition, North American Witch Hazel Water is known for its soothing and astringent properties, helping to regulate skin&#8217;s oils, [&hellip;]","protected":false},"featured_media":464,"menu_order":0,"template":"","meta":[],"product-tag":[],"products":[69],"class_list":["post-463","product","type-product","status-publish","has-post-thumbnail","hentry","products-facial-mask"],"acf":[],"_links":{"self":[{"href":"https:\/\/www.ruiqigo.com\/fr\/wp-json\/wp\/v2\/product\/463","targetHints":{"allow":["GET"]}}],"collection":[{"href":"https:\/\/www.ruiqigo.com\/fr\/wp-json\/wp\/v2\/product"}],"about":[{"href":"https:\/\/www.ruiqigo.com\/fr\/wp-json\/wp\/v2\/types\/product"}],"version-history":[{"count":0,"href":"https:\/\/www.ruiqigo.com\/fr\/wp-json\/wp\/v2\/product\/463\/revisions"}],"wp:featuredmedia":[{"embeddable":true,"href":"https:\/\/www.ruiqigo.com\/fr\/wp-json\/wp\/v2\/media\/464"}],"wp:attachment":[{"href":"https:\/\/www.ruiqigo.com\/fr\/wp-json\/wp\/v2\/media?parent=463"}],"wp:term":[{"taxonomy":"product-tag","embeddable":true,"href":"https:\/\/www.ruiqigo.com\/fr\/wp-json\/wp\/v2\/product-tag?post=463"},{"taxonomy":"products","embeddable":true,"href":"https:\/\/www.ruiqigo.com\/fr\/wp-json\/wp\/v2\/products?post=463"}],"curies":[{"name":"wp","href":"https:\/\/api.w.org\/{rel}","templated":true}]}}