{"id":468,"date":"2024-07-12T15:30:38","date_gmt":"2024-07-12T07:30:38","guid":{"rendered":"https:\/\/ruiqigo.com\/?post_type=product&#038;p=468"},"modified":"2024-11-06T13:38:55","modified_gmt":"2024-11-06T05:38:55","slug":"bubble-facial-mask","status":"publish","type":"product","link":"https:\/\/www.ruiqigo.com\/fr\/product\/bubble-facial-mask","title":{"rendered":"Masque facial \u00e0 bulles"},"content":{"rendered":"<h2 class=\"wp-block-heading\">Formules courantes de fabrication de masques faciaux \u00e0 bulles<\/h2>\n\n\n\n<p>Les principaux ingr\u00e9dients de ce masque facial \u00e0 bulles comprennent l&#039;extrait d&#039;\u00e9corce de saule blanc, l&#039;extrait d&#039;amarante et le b\u00eata-glucane d&#039;avoine. L&#039;extrait d&#039;\u00e9corce de saule blanc est riche en acide ellagique et en d&#039;autres ingr\u00e9dients actifs importants, qui peuvent absorber efficacement la salet\u00e9 dans les pores et inhiber la croissance des bact\u00e9ries nocives, obtenant ainsi un effet nettoyant en profondeur. L&#039;extrait d&#039;amarante est riche en vitamine C et en acides amin\u00e9s, ce qui aide \u00e0 soulager l&#039;irritation caus\u00e9e par le nettoyage et \u00e0 maintenir la fonction barri\u00e8re de la peau. En tant que fabricant leader de masques faciaux \u00e0 bulles, nous savons que le b\u00eata-glucane d&#039;avoine cr\u00e9e non seulement des bulles riches et denses, mais absorbe \u00e9galement l&#039;exc\u00e8s de s\u00e9bum et exfolie en douceur les cellules mortes de la peau, laissant la peau fra\u00eeche et \u00e9clatante. Ces trois ingr\u00e9dients de base se compl\u00e8tent pour offrir \u00e0 votre peau un nettoyage et une r\u00e9paration en profondeur complets.<\/p>\n\n\n\n<h2 class=\"wp-block-heading\">Sc\u00e9narios applicables au masque facial \u00e0 bulles<\/h2>\n\n\n\n<p>Le masque facial \u00e0 bulles est id\u00e9al pour les peaux de la zone T sujettes aux points noirs, \u00e0 l&#039;acn\u00e9 et aux pores dilat\u00e9s en raison d&#039;une peau grasse prolong\u00e9e ou d&#039;un manque de nettoyage. Appliqu\u00e9 chaque semaine, il dissout en profondeur les vieux d\u00e9bris et les polluants dans les pores, laissant la peau rafra\u00eechie et revitalis\u00e9e. Les ingr\u00e9dients apaisants de ce nettoyant procurent \u00e9galement un soulagement imm\u00e9diat apr\u00e8s le nettoyage, ce qui rend le processus agr\u00e9able.<\/p>\n\n\n\n<h2 class=\"wp-block-heading\">\u00c0 qui s&#039;adresse le masque facial Bubble<\/h2>\n\n\n\n<p>Ce masque facial \u00e0 bulles convient \u00e0 tous les types de peau, en particulier \u00e0 celles qui ont besoin d&#039;un nettoyage en profondeur, d&#039;un soin des pores et d&#039;un \u00e9claircissement du teint. Pour les peaux grasses et mixtes, il contr\u00f4le efficacement la production de s\u00e9bum et r\u00e9duit la formation d&#039;acn\u00e9 et de points noirs. Pour les peaux s\u00e8ches et sensibles, sa formule douce et ses ingr\u00e9dients hydratants apaisent la peau et r\u00e9duisent les irritations.<\/p>\n\n\n\n<h2 class=\"wp-block-heading\">Processus de production du masque facial \u00e0 bulles<\/h2>\n\n\n\n<p>Notre \u00e9quipe professionnelle a travaill\u00e9 sans rel\u00e2che pour cr\u00e9er un masque facial \u00e0 bulles exceptionnel. Tout d&#039;abord, nous sommes tr\u00e8s stricts dans la s\u00e9lection des mati\u00e8res premi\u00e8res pour garantir la puret\u00e9 et l&#039;activit\u00e9 des ingr\u00e9dients de base tels que l&#039;extrait d&#039;\u00e9corce de saule blanc et l&#039;extrait d&#039;amarante. Ensuite, dans le processus de formulation, en tant que fabricant de masques faciaux \u00e0 bulles digne de confiance, nous contr\u00f4lons soigneusement la quantit\u00e9 et la proportion de chaque ingr\u00e9dient pour maximiser leurs effets synerg\u00e9tiques. L&#039;\u00e9tape cl\u00e9 de la mousse a \u00e9t\u00e9 optimis\u00e9e \u00e0 maintes reprises pour obtenir des bulles riches et cr\u00e9meuses.<\/p>","protected":false},"excerpt":{"rendered":"Bubble facial mask manufacturing common formulas The core ingredients of this bubble facial mask include White Willow Bark Extract, Amaranth Extract and Oat Beta-Glucan. White Willow Bark Extract is rich in ellagic acid and other important active ingredients, which can effectively absorb dirt in the pores and inhibit the growth of harmful bacteria, thus achieving [&hellip;]","protected":false},"featured_media":469,"menu_order":0,"template":"","meta":[],"product-tag":[],"products":[69],"class_list":["post-468","product","type-product","status-publish","has-post-thumbnail","hentry","products-facial-mask"],"acf":[],"_links":{"self":[{"href":"https:\/\/www.ruiqigo.com\/fr\/wp-json\/wp\/v2\/product\/468","targetHints":{"allow":["GET"]}}],"collection":[{"href":"https:\/\/www.ruiqigo.com\/fr\/wp-json\/wp\/v2\/product"}],"about":[{"href":"https:\/\/www.ruiqigo.com\/fr\/wp-json\/wp\/v2\/types\/product"}],"version-history":[{"count":0,"href":"https:\/\/www.ruiqigo.com\/fr\/wp-json\/wp\/v2\/product\/468\/revisions"}],"wp:featuredmedia":[{"embeddable":true,"href":"https:\/\/www.ruiqigo.com\/fr\/wp-json\/wp\/v2\/media\/469"}],"wp:attachment":[{"href":"https:\/\/www.ruiqigo.com\/fr\/wp-json\/wp\/v2\/media?parent=468"}],"wp:term":[{"taxonomy":"product-tag","embeddable":true,"href":"https:\/\/www.ruiqigo.com\/fr\/wp-json\/wp\/v2\/product-tag?post=468"},{"taxonomy":"products","embeddable":true,"href":"https:\/\/www.ruiqigo.com\/fr\/wp-json\/wp\/v2\/products?post=468"}],"curies":[{"name":"wp","href":"https:\/\/api.w.org\/{rel}","templated":true}]}}