{"id":473,"date":"2024-07-12T15:39:04","date_gmt":"2024-07-12T07:39:04","guid":{"rendered":"https:\/\/ruiqigo.com\/?post_type=product&#038;p=473"},"modified":"2024-11-06T13:36:00","modified_gmt":"2024-11-06T05:36:00","slug":"honey-facial-mask","status":"publish","type":"product","link":"https:\/\/www.ruiqigo.com\/fr\/product\/honey-facial-mask","title":{"rendered":"Masque facial au miel"},"content":{"rendered":"<h2 class=\"wp-block-heading\">Formules courantes de fabrication de masques faciaux au miel<\/h2>\n\n\n\n<p>Les principaux ingr\u00e9dients de ce masque facial au miel comprennent l&#039;extrait de miel, l&#039;extrait de gel\u00e9e royale et l&#039;extrait d&#039;amarante. L&#039;extrait de miel est riche en sucres, acides amin\u00e9s et vitamines, ce qui non seulement reconstitue l&#039;hydratation de la peau, mais favorise \u00e9galement la synth\u00e8se du collag\u00e8ne, rendant la peau plus souple et hydrat\u00e9e. L&#039;extrait de gel\u00e9e royale est riche en une vari\u00e9t\u00e9 de vitamines et de min\u00e9raux, peut am\u00e9liorer efficacement la texture de la peau, renforcer la capacit\u00e9 antioxydante de la peau, afin d&#039;obtenir l&#039;effet d&#039;une peau blanche et \u00e9clatante. L&#039;extrait d&#039;amarante, riche en vitamine C, inhibe non seulement la production de m\u00e9lanine et soulage l&#039;hyperpigmentation, mais calme \u00e9galement l&#039;inflammation d\u00e9clench\u00e9e par la s\u00e9cheresse, permettant \u00e0 la peau de retrouver son \u00e9tat sain et naturel.<\/p>\n\n\n\n<h2 class=\"wp-block-heading\">Sc\u00e9narios applicables au masque facial au miel<\/h2>\n\n\n\n<p>Le masque facial au miel convient \u00e0 de nombreuses occasions de soins de la peau, en particulier pour une hydratation d&#039;urgence pendant la saison s\u00e8che ou lorsque la peau est d\u00e9shydrat\u00e9e. Il convient \u00e9galement comme routine de soins de la peau r\u00e9guli\u00e8re pour aider \u00e0 maintenir l&#039;\u00e9quilibre hydrique et la sant\u00e9 de la peau. De plus, pour les peaux qui ont \u00e9t\u00e9 expos\u00e9es \u00e0 la climatisation pendant une p\u00e9riode prolong\u00e9e ou au soleil, ce masque procure un effet apaisant et r\u00e9parateur.<\/p>\n\n\n\n<h2 class=\"wp-block-heading\">\u00c0 qui s&#039;adresse le masque facial au miel<\/h2>\n\n\n\n<p>Ce masque facial au miel convient \u00e0 tous les types de peau, en particulier les peaux s\u00e8ches, d\u00e9shydrat\u00e9es et matures. C&#039;est un choix id\u00e9al pour les consommateurs qui cherchent \u00e0 am\u00e9liorer le teint, \u00e0 r\u00e9duire l&#039;inflammation et \u00e0 am\u00e9liorer l&#039;\u00e9lasticit\u00e9 de la peau. De plus, pour les peaux sensibles, sa formule douce r\u00e9duit les irritations et procure apaisement et protection.<\/p>\n\n\n\n<h2 class=\"wp-block-heading\">Processus de fabrication du masque facial au miel<\/h2>\n\n\n\n<p>En tant que fabricant de masques au miel, nous utilisons des techniques d&#039;extraction et de m\u00e9lange avanc\u00e9es pour garantir la puissance et l&#039;activit\u00e9 de tous les ingr\u00e9dients lors de la production de notre masque facial au miel. Gr\u00e2ce \u00e0 un processus d&#039;extraction \u00e0 basse temp\u00e9rature, nous conservons les enzymes et nutriments naturels pr\u00e9sents dans le miel et la gel\u00e9e royale. De plus, nous utilisons une technologie de remplissage aseptique pour garantir la puret\u00e9 et la stabilit\u00e9 de nos produits. En tant que fabricant professionnel de masques au miel, le processus de production du masque comprend \u00e9galement un processus d&#039;\u00e9mulsification unique, qui contribue \u00e0 cr\u00e9er la texture soyeuse du masque, le rendant plus facile \u00e0 appliquer et \u00e0 absorber dans la peau. Gr\u00e2ce \u00e0 ces processus de production sp\u00e9ciaux, nous garantissons la haute qualit\u00e9 et les r\u00e9sultats sup\u00e9rieurs de notre masque facial au miel.<\/p>","protected":false},"excerpt":{"rendered":"Honey facial mask manufacturing common formulas The core ingredients of this honey facial mask include honey extract, royal jelly extract and amaranth extract. Honey extract is rich in sugars, amino acids and vitamins, which not only replenishes skin moisture, but also promotes collagen synthesis, making skin more supple and moisturized. Royal jelly extract is rich [&hellip;]","protected":false},"featured_media":474,"menu_order":0,"template":"","meta":[],"product-tag":[],"products":[69],"class_list":["post-473","product","type-product","status-publish","has-post-thumbnail","hentry","products-facial-mask"],"acf":[],"_links":{"self":[{"href":"https:\/\/www.ruiqigo.com\/fr\/wp-json\/wp\/v2\/product\/473","targetHints":{"allow":["GET"]}}],"collection":[{"href":"https:\/\/www.ruiqigo.com\/fr\/wp-json\/wp\/v2\/product"}],"about":[{"href":"https:\/\/www.ruiqigo.com\/fr\/wp-json\/wp\/v2\/types\/product"}],"version-history":[{"count":0,"href":"https:\/\/www.ruiqigo.com\/fr\/wp-json\/wp\/v2\/product\/473\/revisions"}],"wp:featuredmedia":[{"embeddable":true,"href":"https:\/\/www.ruiqigo.com\/fr\/wp-json\/wp\/v2\/media\/474"}],"wp:attachment":[{"href":"https:\/\/www.ruiqigo.com\/fr\/wp-json\/wp\/v2\/media?parent=473"}],"wp:term":[{"taxonomy":"product-tag","embeddable":true,"href":"https:\/\/www.ruiqigo.com\/fr\/wp-json\/wp\/v2\/product-tag?post=473"},{"taxonomy":"products","embeddable":true,"href":"https:\/\/www.ruiqigo.com\/fr\/wp-json\/wp\/v2\/products?post=473"}],"curies":[{"name":"wp","href":"https:\/\/api.w.org\/{rel}","templated":true}]}}