{"id":479,"date":"2024-07-12T16:01:49","date_gmt":"2024-07-12T08:01:49","guid":{"rendered":"https:\/\/ruiqigo.com\/?post_type=product&#038;p=479"},"modified":"2024-11-05T23:15:26","modified_gmt":"2024-11-05T15:15:26","slug":"avocado-facial-mask","status":"publish","type":"product","link":"https:\/\/www.ruiqigo.com\/fr\/product\/avocado-facial-mask","title":{"rendered":"Masque facial \u00e0 l&#039;avocat"},"content":{"rendered":"<h2 class=\"wp-block-heading\">Formules courantes de fabrication de masques faciaux \u00e0 l&#039;avocat<\/h2>\n\n\n\n<p>Les principaux ingr\u00e9dients de ce masque facial \u00e0 l&#039;avocat sont la r\u00e9sine d&#039;avocatier, l&#039;extrait de camellia sinensis et la vitamine E. Parmi eux, la r\u00e9sine d&#039;avocatier est riche en huiles et en acides gras, qui peuvent nourrir en profondeur le ventre de la peau et am\u00e9liorer l&#039;\u00e9lasticit\u00e9 et la souplesse de la peau. En m\u00eame temps, il peut \u00e9galement pr\u00e9venir efficacement la perte d&#039;eau, de sorte que la peau se sent hydrat\u00e9e et pleine. L&#039;extrait de cam\u00e9lia est riche en vitamines antioxydantes, qui peuvent r\u00e9duire efficacement les dommages caus\u00e9s par les radicaux libres \u00e0 la peau et am\u00e9liorer le probl\u00e8me de teint terne et de gonflement. En tant que fabricant de masques faciaux \u00e0 l&#039;avocat, quant \u00e0 la vitamine E, elle favorise non seulement le m\u00e9tabolisme cellulaire, am\u00e9liore la capacit\u00e9 de r\u00e9sistance de la peau, mais minimise \u00e9galement les ridules, rendant la peau plus souple et \u00e9lastique.<\/p>\n\n\n\n<h2 class=\"wp-block-heading\">Sc\u00e9narios d&#039;application du masque facial \u00e0 l&#039;avocat<\/h2>\n\n\n\n<p>Le masque facial \u00e0 l&#039;avocat convient \u00e0 de nombreuses occasions, que vous fassiez vos soins quotidiens \u00e0 la maison ou que vous profitiez d&#039;un traitement professionnel en salon, il peut apporter des am\u00e9liorations significatives \u00e0 votre peau. Il est particuli\u00e8rement adapt\u00e9 \u00e0 une utilisation pendant la saison s\u00e8che, une exposition prolong\u00e9e \u00e0 la climatisation ou au chauffage, ou pour la r\u00e9paration de la peau apr\u00e8s une exposition au soleil.<\/p>\n\n\n\n<h2 class=\"wp-block-heading\">\u00c0 qui s&#039;adresse le masque facial \u00e0 l&#039;avocat ?<\/h2>\n\n\n\n<p>Ce masque convient \u00e0 tous les types de peau, en particulier les peaux s\u00e8ches et d\u00e9shydrat\u00e9es. Pour les consommateurs ayant besoin d&#039;une nutrition et d&#039;une hydratation en profondeur, le masque facial \u00e0 l&#039;avocat offre une nutrition riche et un effet hydratant longue dur\u00e9e. Il est \u00e9galement id\u00e9al pour ceux d&#039;entre vous qui recherchent une peau saine et naturellement \u00e9clatante.<\/p>\n\n\n\n<h2 class=\"wp-block-heading\">Processus de fabrication du masque facial \u00e0 l&#039;avocat<\/h2>\n\n\n\n<p>Nos masques faciaux \u00e0 l&#039;avocat sont fabriqu\u00e9s selon un processus de production unique pour garantir la haute qualit\u00e9 et l&#039;efficacit\u00e9 de nos produits. Dans le processus de production, tout d&#039;abord, dans la s\u00e9lection des mati\u00e8res premi\u00e8res, nous contr\u00f4lons strictement la qualit\u00e9 des ingr\u00e9dients de base tels que la r\u00e9sine d&#039;avocatier et l&#039;extrait de cam\u00e9lia pour garantir la maximisation de leur valeur nutritionnelle et de leurs substances actives. Dans le processus de formulation, nous \u00e9quilibrons \u00e9galement soigneusement le rapport des diff\u00e9rents ingr\u00e9dients afin qu&#039;ils puissent jouer le meilleur effet synergique sur la peau. Dans le m\u00eame temps, en tant que fabricant de masques faciaux \u00e0 l&#039;avocat digne de confiance, nous avons \u00e9galement con\u00e7u un processus d&#039;extraction doux et doux pour l&#039;avocat, un ingr\u00e9dient naturel, pour garantir que ses nutriments ne sont pas endommag\u00e9s et que la saveur d&#039;origine est pr\u00e9serv\u00e9e au maximum.<\/p>","protected":false},"excerpt":{"rendered":"Avocado facial mask manufacturing common formulas The core ingredients of this avocado facial mask are avocado tree resin, camellia sinensis extract and vitamin E. Among them, avocado tree resin is rich in oils and fatty acids, which can deeply nourish the underbelly of the skin and enhance the elasticity and suppleness of the skin. At [&hellip;]","protected":false},"featured_media":480,"menu_order":0,"template":"","meta":[],"product-tag":[],"products":[69],"class_list":["post-479","product","type-product","status-publish","has-post-thumbnail","hentry","products-facial-mask"],"acf":[],"_links":{"self":[{"href":"https:\/\/www.ruiqigo.com\/fr\/wp-json\/wp\/v2\/product\/479","targetHints":{"allow":["GET"]}}],"collection":[{"href":"https:\/\/www.ruiqigo.com\/fr\/wp-json\/wp\/v2\/product"}],"about":[{"href":"https:\/\/www.ruiqigo.com\/fr\/wp-json\/wp\/v2\/types\/product"}],"version-history":[{"count":0,"href":"https:\/\/www.ruiqigo.com\/fr\/wp-json\/wp\/v2\/product\/479\/revisions"}],"wp:featuredmedia":[{"embeddable":true,"href":"https:\/\/www.ruiqigo.com\/fr\/wp-json\/wp\/v2\/media\/480"}],"wp:attachment":[{"href":"https:\/\/www.ruiqigo.com\/fr\/wp-json\/wp\/v2\/media?parent=479"}],"wp:term":[{"taxonomy":"product-tag","embeddable":true,"href":"https:\/\/www.ruiqigo.com\/fr\/wp-json\/wp\/v2\/product-tag?post=479"},{"taxonomy":"products","embeddable":true,"href":"https:\/\/www.ruiqigo.com\/fr\/wp-json\/wp\/v2\/products?post=479"}],"curies":[{"name":"wp","href":"https:\/\/api.w.org\/{rel}","templated":true}]}}