{"id":484,"date":"2024-07-12T16:15:53","date_gmt":"2024-07-12T08:15:53","guid":{"rendered":"https:\/\/ruiqigo.com\/?post_type=product&#038;p=484"},"modified":"2024-11-05T23:16:03","modified_gmt":"2024-11-05T15:16:03","slug":"oat-facial-mask","status":"publish","type":"product","link":"https:\/\/www.ruiqigo.com\/fr\/product\/oat-facial-mask","title":{"rendered":"Masque facial \u00e0 l&#039;avoine"},"content":{"rendered":"<h2 class=\"wp-block-heading\">Formules courantes de fabrication de masques faciaux \u00e0 l&#039;avoine<\/h2>\n\n\n\n<p>Les principaux ingr\u00e9dients de ce masque facial \u00e0 l&#039;avoine sont l&#039;extrait de grains d&#039;avoine, la prot\u00e9ine d&#039;avoine hydrolys\u00e9e et le b\u00eata-glucane d&#039;avoine. Parmi eux, l&#039;extrait de grains d&#039;avoine est riche en saponines naturelles, qui exfolient en douceur les impuret\u00e9s et nettoient en profondeur les pores. En m\u00eame temps, il peut \u00e9galement r\u00e9guler la s\u00e9cr\u00e9tion de s\u00e9bum et contr\u00f4ler la g\u00e9n\u00e9ration de points noirs et d&#039;acn\u00e9. La prot\u00e9ine d&#039;avoine hydrolys\u00e9e peut p\u00e9n\u00e9trer profond\u00e9ment dans la peau, reconstituant une nutrition riche en prot\u00e9ines, am\u00e9liorant ainsi la rugosit\u00e9 de la peau, la rendant plus d\u00e9licate et douce. Quant au b\u00eata-glucane d&#039;avoine, en tant que fabricant de masques faciaux \u00e0 l&#039;avoine digne de ce nom, nous savons qu&#039;il absorbe non seulement efficacement l&#039;eau et am\u00e9liore la capacit\u00e9 d&#039;hydratation de la peau, mais qu&#039;il active \u00e9galement les cellules et am\u00e9liore la fonction d&#039;auto-r\u00e9paration de la peau, vous permettant de retrouver la bonne qualit\u00e9 d&#039;une peau lumineuse et cristalline.<\/p>\n\n\n\n<h2 class=\"wp-block-heading\">Sc\u00e9narios applicables au masque facial \u00e0 l&#039;avoine<\/h2>\n\n\n\n<p>Le masque facial \u00e0 l&#039;avoine convient \u00e0 de nombreuses occasions de soins de la peau et est particuli\u00e8rement adapt\u00e9 aux peaux qui ont besoin d&#039;\u00eatre nettoy\u00e9es et nourries en profondeur. Par exemple, apr\u00e8s une journ\u00e9e de pollution ext\u00e9rieure ou lors du changement de saison, lorsque la peau a besoin de soins particuliers. De plus, pour les peaux maquill\u00e9es depuis longtemps, le masque facial \u00e0 l&#039;avoine procure un effet nettoyant et apaisant en douceur.<\/p>\n\n\n\n<h2 class=\"wp-block-heading\">\u00c0 qui convient le masque facial \u00e0 l&#039;avoine<\/h2>\n\n\n\n<p>Ce masque est particuli\u00e8rement adapt\u00e9 aux personnes aux cuticules plus \u00e9paisses qui ont besoin d&#039;\u00e9claircir leur teint. Pour les consommateurs \u00e0 la peau rugueuse, aux pores dilat\u00e9s ou \u00e0 ceux qui souffrent d&#039;acn\u00e9, le masque facial \u00e0 l&#039;avoine peut apporter une solution efficace. C&#039;est \u00e9galement un choix id\u00e9al pour les consommateurs qui recherchent des soins naturels de la peau et des ingr\u00e9dients botaniques.<\/p>\n\n\n\n<h2 class=\"wp-block-heading\">Processus de production du masque facial \u00e0 l&#039;avoine<\/h2>\n\n\n\n<p>Le processus de production du masque facial \u00e0 l&#039;avoine se concentre sur la pr\u00e9servation de l&#039;activit\u00e9 naturelle et de l&#039;efficacit\u00e9 des ingr\u00e9dients. Nous utilisons une technologie d&#039;extraction \u00e0 basse temp\u00e9rature pour extraire les ingr\u00e9dients actifs de l&#039;avoine afin de garantir leur puret\u00e9 et leur stabilit\u00e9. Au cours du processus de production, nous contr\u00f4lons strictement l&#039;environnement de production pour garantir la st\u00e9rilit\u00e9 et la s\u00e9curit\u00e9 de nos produits. De plus, en tant que fabricant leader de masques faciaux \u00e0 l&#039;avoine, nous utilisons des formulations et des processus d&#039;\u00e9mulsification uniques pour rendre les masques \u00e0 la texture cr\u00e9meuse et facilement absorb\u00e9s, offrant une exp\u00e9rience de soin de la peau douce mais efficace.<\/p>","protected":false},"excerpt":{"rendered":"Oat facial mask manufacturing common formulas The core ingredients of this oat facial mask are oat kernel extract, hydrolyzed oat protein and oat beta-glucan. Among them, Oat Kernel Extract is rich in natural saponins, which gently exfoliates impurities and deeply cleanses pores. At the same time, it can also regulate sebum secretion and control the [&hellip;]","protected":false},"featured_media":485,"menu_order":0,"template":"","meta":[],"product-tag":[],"products":[69],"class_list":["post-484","product","type-product","status-publish","has-post-thumbnail","hentry","products-facial-mask"],"acf":[],"_links":{"self":[{"href":"https:\/\/www.ruiqigo.com\/fr\/wp-json\/wp\/v2\/product\/484","targetHints":{"allow":["GET"]}}],"collection":[{"href":"https:\/\/www.ruiqigo.com\/fr\/wp-json\/wp\/v2\/product"}],"about":[{"href":"https:\/\/www.ruiqigo.com\/fr\/wp-json\/wp\/v2\/types\/product"}],"version-history":[{"count":0,"href":"https:\/\/www.ruiqigo.com\/fr\/wp-json\/wp\/v2\/product\/484\/revisions"}],"wp:featuredmedia":[{"embeddable":true,"href":"https:\/\/www.ruiqigo.com\/fr\/wp-json\/wp\/v2\/media\/485"}],"wp:attachment":[{"href":"https:\/\/www.ruiqigo.com\/fr\/wp-json\/wp\/v2\/media?parent=484"}],"wp:term":[{"taxonomy":"product-tag","embeddable":true,"href":"https:\/\/www.ruiqigo.com\/fr\/wp-json\/wp\/v2\/product-tag?post=484"},{"taxonomy":"products","embeddable":true,"href":"https:\/\/www.ruiqigo.com\/fr\/wp-json\/wp\/v2\/products?post=484"}],"curies":[{"name":"wp","href":"https:\/\/api.w.org\/{rel}","templated":true}]}}