{"id":489,"date":"2024-07-12T16:33:47","date_gmt":"2024-07-12T08:33:47","guid":{"rendered":"https:\/\/ruiqigo.com\/?post_type=product&#038;p=489"},"modified":"2024-11-05T23:09:49","modified_gmt":"2024-11-05T15:09:49","slug":"herb-facial-mask","status":"publish","type":"product","link":"https:\/\/www.ruiqigo.com\/fr\/product\/herb-facial-mask","title":{"rendered":"Masque facial aux herbes"},"content":{"rendered":"<h2 class=\"wp-block-heading\">Formules courantes de fabrication de masques faciaux \u00e0 base de plantes<\/h2>\n\n\n\n<p>Le masque facial aux herbes contient de l&#039;eau d&#039;hamam\u00e9lis d&#039;Am\u00e9rique du Nord, de l&#039;extrait de concombre et de l&#039;extrait d&#039;amarante, riches en plusieurs extraits de plantes. L&#039;eau d&#039;hamam\u00e9lis d&#039;Am\u00e9rique du Nord est connue pour ses propri\u00e9t\u00e9s apaisantes et astringentes, aidant \u00e0 \u00e9quilibrer le s\u00e9bum de la peau, \u00e0 minimiser les pores dilat\u00e9s et \u00e0 redonner fra\u00eecheur et raffinement \u00e0 la peau. L&#039;extrait de concombre est riche en eau et en vitamines, procurant une hydratation imm\u00e9diate \u00e0 la peau tout en ayant un effet rafra\u00eechissant et apaisant. En tant que fabricant fiable de masques faciaux aux herbes, nous savons que l&#039;extrait d&#039;amarante a des propri\u00e9t\u00e9s anti-inflammatoires et antioxydantes qui r\u00e9duisent les rougeurs, favorisent la sant\u00e9 de la peau et am\u00e9liorent la capacit\u00e9 de la peau \u00e0 se prot\u00e9ger.<\/p>\n\n\n\n<h2 class=\"wp-block-heading\">Sc\u00e9narios d&#039;application du masque facial aux herbes<\/h2>\n\n\n\n<p>Le masque facial aux herbes convient \u00e0 une large gamme d&#039;occasions de soins de la peau, en particulier lorsque les saisons changent, lorsque la peau est expos\u00e9e \u00e0 des stimuli externes ou lorsqu&#039;elle a \u00e9t\u00e9 dans un environnement climatis\u00e9 pendant une longue p\u00e9riode. Il est \u00e9galement id\u00e9al pour une utilisation dans une routine de soins de la peau quotidienne pour apaiser et hydrater r\u00e9guli\u00e8rement la peau. De plus, le masque aux herbes apporte des propri\u00e9t\u00e9s calmantes et r\u00e9paratrices essentielles \u00e0 la peau apr\u00e8s un long voyage ou des activit\u00e9s de plein air.<\/p>\n\n\n\n<h2 class=\"wp-block-heading\">\u00c0 qui s&#039;adresse le masque facial aux herbes<\/h2>\n\n\n\n<p>Ce masque convient \u00e0 tous les types de peau, en particulier aux peaux sensibles ou sujettes aux stimuli externes. Pour les consommateurs qui recherchent des soins naturels pour la peau et souhaitent minimiser l&#039;exposition aux produits chimiques, le masque aux herbes offre une option de soin de la peau douce mais efficace. Il convient \u00e9galement \u00e0 ceux qui ont besoin de soulager la fatigue cutan\u00e9e et de rajeunir la peau.<\/p>\n\n\n\n<h2 class=\"wp-block-heading\">Processus de production d&#039;un masque facial aux herbes<\/h2>\n\n\n\n<p>Nous utilisons un proc\u00e9d\u00e9 unique de broyage sous vide \u00e0 basse temp\u00e9rature avec un contr\u00f4le strict de la temp\u00e9rature et du temps pour maximiser la r\u00e9tention des nutriments riches des herbes. Nous s\u00e9lectionnons soigneusement des ingr\u00e9dients v\u00e9g\u00e9taux naturels de haute qualit\u00e9 et utilisons une formule sans additif pour garantir que le masque facial aux herbes est s\u00fbr et doux, et prend vraiment soin de la sant\u00e9 de la peau. En tant que fabricant de masques faciaux aux herbes digne de ce nom, nous utilisons \u00e9galement une conception d&#039;emballage sans plastique, mettant en \u00e9vidence le concept de protection de l&#039;environnement.<\/p>","protected":false},"excerpt":{"rendered":"Herb facial mask manufacturing common formulas Herb facial mask contains North American Witch Hazel Water, Cucumber Extract, and Amaranth Extract, rich in multiple herbal extracts. North American Witch Hazel Water is known for its soothing and astringent properties, helping to balance the skin&#8217;s oil, minimize enlarged pores, and restore freshness and refinement to the skin. [&hellip;]","protected":false},"featured_media":490,"menu_order":0,"template":"","meta":[],"product-tag":[],"products":[69],"class_list":["post-489","product","type-product","status-publish","has-post-thumbnail","hentry","products-facial-mask"],"acf":[],"_links":{"self":[{"href":"https:\/\/www.ruiqigo.com\/fr\/wp-json\/wp\/v2\/product\/489","targetHints":{"allow":["GET"]}}],"collection":[{"href":"https:\/\/www.ruiqigo.com\/fr\/wp-json\/wp\/v2\/product"}],"about":[{"href":"https:\/\/www.ruiqigo.com\/fr\/wp-json\/wp\/v2\/types\/product"}],"version-history":[{"count":0,"href":"https:\/\/www.ruiqigo.com\/fr\/wp-json\/wp\/v2\/product\/489\/revisions"}],"wp:featuredmedia":[{"embeddable":true,"href":"https:\/\/www.ruiqigo.com\/fr\/wp-json\/wp\/v2\/media\/490"}],"wp:attachment":[{"href":"https:\/\/www.ruiqigo.com\/fr\/wp-json\/wp\/v2\/media?parent=489"}],"wp:term":[{"taxonomy":"product-tag","embeddable":true,"href":"https:\/\/www.ruiqigo.com\/fr\/wp-json\/wp\/v2\/product-tag?post=489"},{"taxonomy":"products","embeddable":true,"href":"https:\/\/www.ruiqigo.com\/fr\/wp-json\/wp\/v2\/products?post=489"}],"curies":[{"name":"wp","href":"https:\/\/api.w.org\/{rel}","templated":true}]}}