{"id":500,"date":"2024-07-16T10:38:36","date_gmt":"2024-07-16T02:38:36","guid":{"rendered":"https:\/\/ruiqigo.com\/?post_type=product&#038;p=500"},"modified":"2024-11-06T11:00:46","modified_gmt":"2024-11-06T03:00:46","slug":"foaming-cleanser","status":"publish","type":"product","link":"https:\/\/www.ruiqigo.com\/fr\/product\/foaming-cleanser","title":{"rendered":"Nettoyant moussant"},"content":{"rendered":"<h2 class=\"wp-block-heading\">Formules courantes de fabrication de nettoyants moussants<\/h2>\n\n\n\n<p>Le produit contient de l&#039;extrait de cam\u00e9lia et de l&#039;extrait d&#039;amarante. En tant que fabricant de nettoyants moussants, nous savons que l&#039;extrait de fleur de cam\u00e9lia est connu pour ses propri\u00e9t\u00e9s apaisantes et antioxydantes, aidant \u00e0 prot\u00e9ger la peau des radicaux libres tout en am\u00e9liorant la douceur et l&#039;\u00e9lasticit\u00e9. Extrait d&#039;amarante : Connu pour ses propri\u00e9t\u00e9s anti-inflammatoires et antimicrobiennes, il aide \u00e0 minimiser les rougeurs et les irritations et favorise une peau saine.<\/p>\n\n\n\n<h2 class=\"wp-block-heading\">Sc\u00e9narios d&#039;application du nettoyant moussant<\/h2>\n\n\n\n<p>Le nettoyant moussant convient au nettoyage quotidien du visage, en particulier pour les peaux s\u00e8ches, d\u00e9shydrat\u00e9es, grasses et \u00e0 probl\u00e8mes de la zone T. Il offre une exp\u00e9rience de nettoyage douce mais efficace, aussi bien le matin au r\u00e9veil que le soir apr\u00e8s le d\u00e9maquillage. Il peut \u00e9galement \u00eatre utilis\u00e9 apr\u00e8s l&#039;exercice ou apr\u00e8s des p\u00e9riodes prolong\u00e9es dans des environnements ext\u00e9rieurs pour aider \u00e0 \u00e9liminer la salet\u00e9 et les polluants de la peau.<\/p>\n\n\n\n<h2 class=\"wp-block-heading\">\u00c0 qui s&#039;adresse le nettoyant moussant<\/h2>\n\n\n\n<p>Ce nettoyant convient \u00e0 tous les types de peau, y compris les peaux sensibles. Le nettoyant moussant est un choix id\u00e9al pour les consommateurs \u00e0 la recherche d&#039;un effet nettoyant et hydratant doux, ou pour ceux qui ont besoin d&#039;apaiser et de revitaliser leur peau.<\/p>\n\n\n\n<h2 class=\"wp-block-heading\">Proc\u00e9d\u00e9 de production de nettoyant moussant<\/h2>\n\n\n\n<p>En tant que fabricant fiable de nettoyants moussants, nous utilisons une technologie de broyage ultra-micro \u00e0 basse temp\u00e9rature pour maximiser la r\u00e9tention des nutriments dans Camellia sinensis et Amaranthus sinensis. En m\u00eame temps, nous contr\u00f4lons strictement la temp\u00e9rature et le temps pour garantir que les ingr\u00e9dients sont concentr\u00e9s et non endommag\u00e9s. De plus, en tant que fabricant de nettoyants moussants d\u00e9taill\u00e9s, nous avons choisi une formule sans additif qui ne contient aucun produit chimique, cr\u00e9ant ainsi un nettoyant vraiment doux et non irritant.<\/p>","protected":false},"excerpt":{"rendered":"Foaming cleanser manufacturing common formulas The product contains camellia extract and amaranth extract. As a Foaming cleanser manufacturer, we know that Camellia Flower Extract is known for its soothing and antioxidant properties, helping to protect the skin from free radicals while improving softness and elasticity. Amaranthus Extract: Known for its anti-inflammatory and antimicrobial properties, it [&hellip;]","protected":false},"featured_media":501,"menu_order":0,"template":"","meta":[],"product-tag":[],"products":[65],"class_list":["post-500","product","type-product","status-publish","has-post-thumbnail","hentry","products-facial-cleanser"],"acf":[],"_links":{"self":[{"href":"https:\/\/www.ruiqigo.com\/fr\/wp-json\/wp\/v2\/product\/500","targetHints":{"allow":["GET"]}}],"collection":[{"href":"https:\/\/www.ruiqigo.com\/fr\/wp-json\/wp\/v2\/product"}],"about":[{"href":"https:\/\/www.ruiqigo.com\/fr\/wp-json\/wp\/v2\/types\/product"}],"version-history":[{"count":0,"href":"https:\/\/www.ruiqigo.com\/fr\/wp-json\/wp\/v2\/product\/500\/revisions"}],"wp:featuredmedia":[{"embeddable":true,"href":"https:\/\/www.ruiqigo.com\/fr\/wp-json\/wp\/v2\/media\/501"}],"wp:attachment":[{"href":"https:\/\/www.ruiqigo.com\/fr\/wp-json\/wp\/v2\/media?parent=500"}],"wp:term":[{"taxonomy":"product-tag","embeddable":true,"href":"https:\/\/www.ruiqigo.com\/fr\/wp-json\/wp\/v2\/product-tag?post=500"},{"taxonomy":"products","embeddable":true,"href":"https:\/\/www.ruiqigo.com\/fr\/wp-json\/wp\/v2\/products?post=500"}],"curies":[{"name":"wp","href":"https:\/\/api.w.org\/{rel}","templated":true}]}}