{"id":505,"date":"2024-07-16T10:48:30","date_gmt":"2024-07-16T02:48:30","guid":{"rendered":"https:\/\/ruiqigo.com\/?post_type=product&#038;p=505"},"modified":"2024-11-05T22:55:49","modified_gmt":"2024-11-05T14:55:49","slug":"sulfur-cleanser","status":"publish","type":"product","link":"https:\/\/www.ruiqigo.com\/fr\/product\/sulfur-cleanser","title":{"rendered":"Nettoyant au soufre"},"content":{"rendered":"<h2 class=\"wp-block-heading\">Formules courantes de fabrication de nettoyants au soufre<\/h2>\n\n\n\n<p>Le produit contient du soufre, de l&#039;allanto\u00efne et de l&#039;alginate. Le soufre est un ingr\u00e9dient naturel dot\u00e9 de puissantes propri\u00e9t\u00e9s anti-s\u00e9borrh\u00e9e et anti-graisse, ainsi que de propri\u00e9t\u00e9s anti-bact\u00e9riennes et anti-acariens responsables de l&#039;acn\u00e9. L&#039;allanto\u00efne : un ingr\u00e9dient apaisant et r\u00e9parateur qui aide \u00e0 r\u00e9duire l&#039;irritation pouvant \u00eatre caus\u00e9e par le processus de nettoyage. En tant que fabricant professionnel de nettoyants au soufre, nous savons que l&#039;alginate est un ingr\u00e9dient hydratant qui fournit une hydratation essentielle \u00e0 la peau tout en la nettoyant, la gardant hydrat\u00e9e.<\/p>\n\n\n\n<h2 class=\"wp-block-heading\">Sc\u00e9narios d&#039;application du nettoyant au soufre<\/h2>\n\n\n\n<p>Le nettoyant au soufre convient \u00e0 de nombreuses situations o\u00f9 un nettoyage en profondeur est n\u00e9cessaire, en particulier pour les soins quotidiens des peaux grasses et \u00e0 tendance acn\u00e9ique. Il peut \u00eatre utilis\u00e9 le matin au r\u00e9veil, le soir apr\u00e8s le d\u00e9maquillage ou apr\u00e8s l&#039;exercice pour aider \u00e0 \u00e9liminer l&#039;huile et la salet\u00e9 de la peau.<\/p>\n\n\n\n<h2 class=\"wp-block-heading\">\u00c0 qui s&#039;adresse le nettoyant au soufre<\/h2>\n\n\n\n<p>Ce nettoyant est particuli\u00e8rement adapt\u00e9 aux peaux grasses, mixtes et aux peaux \u00e0 probl\u00e8mes d&#039;acn\u00e9 et de boutons. Pour celles qui recherchent un nettoyage en profondeur et une peau saine, le nettoyant visage au soufre est un choix id\u00e9al. Cependant, pour les peaux sensibles, il est recommand\u00e9 d&#039;effectuer un test cutan\u00e9 avant utilisation.<\/p>\n\n\n\n<h2 class=\"wp-block-heading\">Proc\u00e9d\u00e9 de production de nettoyant au soufre<\/h2>\n\n\n\n<p>Lors de la production du nettoyant visage au soufre, nous utilisons une technologie avanc\u00e9e d&#039;extraction et d&#039;\u00e9mulsification pour garantir l&#039;efficacit\u00e9 et la stabilit\u00e9 de tous les ingr\u00e9dients. En tant que fabricant leader de nettoyants au soufre, en contr\u00f4lant pr\u00e9cis\u00e9ment la quantit\u00e9 de soufre, nous garantissons la s\u00e9curit\u00e9 et l&#039;efficacit\u00e9 de nos produits. Nous utilisons une technologie de remplissage aseptique pour garantir la puret\u00e9 et la s\u00e9curit\u00e9 de nos produits.<\/p>","protected":false},"excerpt":{"rendered":"Sulfur cleanser manufacturing common formulas The product contains Sulfur, Allantoin, and Alginate. Sulfur is a natural ingredient with powerful oil-control and anti-seborrhea properties, as well as killing acne-causing bacteria and mites. Allantoin: a soothing and restorative ingredient that helps reduce irritation that may be caused by the cleansing process. As a professional Sulfur cleanser manufacturer, [&hellip;]","protected":false},"featured_media":513,"menu_order":0,"template":"","meta":[],"product-tag":[],"products":[65],"class_list":["post-505","product","type-product","status-publish","has-post-thumbnail","hentry","products-facial-cleanser"],"acf":[],"_links":{"self":[{"href":"https:\/\/www.ruiqigo.com\/fr\/wp-json\/wp\/v2\/product\/505","targetHints":{"allow":["GET"]}}],"collection":[{"href":"https:\/\/www.ruiqigo.com\/fr\/wp-json\/wp\/v2\/product"}],"about":[{"href":"https:\/\/www.ruiqigo.com\/fr\/wp-json\/wp\/v2\/types\/product"}],"version-history":[{"count":0,"href":"https:\/\/www.ruiqigo.com\/fr\/wp-json\/wp\/v2\/product\/505\/revisions"}],"wp:featuredmedia":[{"embeddable":true,"href":"https:\/\/www.ruiqigo.com\/fr\/wp-json\/wp\/v2\/media\/513"}],"wp:attachment":[{"href":"https:\/\/www.ruiqigo.com\/fr\/wp-json\/wp\/v2\/media?parent=505"}],"wp:term":[{"taxonomy":"product-tag","embeddable":true,"href":"https:\/\/www.ruiqigo.com\/fr\/wp-json\/wp\/v2\/product-tag?post=505"},{"taxonomy":"products","embeddable":true,"href":"https:\/\/www.ruiqigo.com\/fr\/wp-json\/wp\/v2\/products?post=505"}],"curies":[{"name":"wp","href":"https:\/\/api.w.org\/{rel}","templated":true}]}}