{"id":506,"date":"2024-07-16T10:55:13","date_gmt":"2024-07-16T02:55:13","guid":{"rendered":"https:\/\/ruiqigo.com\/?post_type=product&#038;p=506"},"modified":"2024-11-06T11:01:08","modified_gmt":"2024-11-06T03:01:08","slug":"tea-tree-cleanser","status":"publish","type":"product","link":"https:\/\/www.ruiqigo.com\/fr\/product\/tea-tree-cleanser","title":{"rendered":"Nettoyant \u00e0 l&#039;arbre \u00e0 th\u00e9"},"content":{"rendered":"<h2 class=\"wp-block-heading\">Formules courantes de fabrication de nettoyants \u00e0 base d&#039;arbre \u00e0 th\u00e9<\/h2>\n\n\n\n<p>Contient de l&#039;huile de feuille de Melaleuca alternifolia, des extraits de Camellia sinensis et d&#039;Amaranthus communis. L&#039;huile de feuille de Melaleuca alternifolia (huile d&#039;arbre \u00e0 th\u00e9) poss\u00e8de d&#039;excellentes propri\u00e9t\u00e9s antibact\u00e9riennes, anti-inflammatoires et resserrantes. Elle nettoie les pores, \u00e9limine les bact\u00e9ries nocives et pr\u00e9vient l&#039;acn\u00e9. L&#039;extrait de Camellia sinensis, riche en vitamines naturelles et en nutriments vari\u00e9s, r\u00e9pare la peau ab\u00eem\u00e9e, renforce la barri\u00e8re cutan\u00e9e et aide la peau \u00e0 conserver son hydratation et son \u00e9lasticit\u00e9. En tant que fabricant leader de nettoyants \u00e0 base d&#039;arbre \u00e0 th\u00e9, nous sommes convaincus que l&#039;extrait d&#039;amarante poss\u00e8de d&#039;excellentes propri\u00e9t\u00e9s nettoyantes et astringentes, \u00e9limine efficacement les impuret\u00e9s et la k\u00e9ratine, resserre les pores et am\u00e9liore la rugosit\u00e9 de la peau.<\/p>\n\n\n\n<h2 class=\"wp-block-heading\">Sc\u00e9narios applicables au nettoyant \u00e0 l&#039;arbre \u00e0 th\u00e9<\/h2>\n\n\n\n<p>Ce nettoyant visage \u00e0 l&#039;arbre \u00e0 th\u00e9 convient \u00e0 tous les types de peau, en particulier aux peaux grasses \u00e0 tendance acn\u00e9ique. Que vous soyez un travailleur s\u00e9dentaire en qu\u00eate d&#039;un nettoyage en profondeur, un amateur de beaut\u00e9 souhaitant am\u00e9liorer ses pores dilat\u00e9s ou un sportif souhaitant un nettoyage en profondeur, vous pouvez utiliser ce produit au quotidien et profiter d&#039;un double effet nettoyant et anti-acariens.<\/p>\n\n\n\n<h2 class=\"wp-block-heading\">\u00c0 qui convient le nettoyant \u00e0 l&#039;arbre \u00e0 th\u00e9 ?<\/h2>\n\n\n\n<p>Ce nettoyant visage \u00e0 l&#039;arbre \u00e0 th\u00e9 convient aux peaux grasses, mixtes et \u00e0 tendance acn\u00e9ique. Que vous soyez \u00e9tudiant, employ\u00e9 ou homme d&#039;\u00e2ge m\u00fbr, vous pouvez l&#039;utiliser pour nettoyer efficacement votre peau, r\u00e9guler la s\u00e9cr\u00e9tion de s\u00e9bum et am\u00e9liorer tous types de probl\u00e8mes cutan\u00e9s.<\/p>\n\n\n\n<h2 class=\"wp-block-heading\">Processus de production du nettoyant \u00e0 l&#039;arbre \u00e0 th\u00e9<\/h2>\n\n\n\n<p>En tant que fabricant professionnel de nettoyants \u00e0 l&#039;arbre \u00e0 th\u00e9, nous utilisons une technologie avanc\u00e9e d&#039;extraction microcristalline \u00e0 basse temp\u00e9rature pour maximiser l&#039;efficacit\u00e9 naturelle de l&#039;huile d&#039;arbre \u00e0 th\u00e9, des extraits de cam\u00e9lia et d&#039;amarante. Parall\u00e8lement, nous contr\u00f4lons rigoureusement la temp\u00e9rature et la dur\u00e9e d&#039;action afin de pr\u00e9server les autres ingr\u00e9dients actifs. De plus, nous avons opt\u00e9 pour une formule sans additifs chimiques, pour un nettoyant v\u00e9ritablement doux et non irritant.<\/p>","protected":false},"excerpt":{"rendered":"Tea tree cleanser manufacturing common formulas Contains Melaleuca alternifolia leaf oil, Camellia sinensis extract and Amaranthus communis extract. Melaleuca alternifolia leaf oil (tea tree oil) has excellent antibacterial, anti-inflammatory and pore-constricting properties, cleanses pores, kills harmful bacteria and inhibits acne. Camellia sinensis extract &#8211; rich in natural vitamins and a variety of nutrients, can repair [&hellip;]","protected":false},"featured_media":517,"menu_order":0,"template":"","meta":[],"product-tag":[],"products":[65],"class_list":["post-506","product","type-product","status-publish","has-post-thumbnail","hentry","products-facial-cleanser"],"acf":[],"_links":{"self":[{"href":"https:\/\/www.ruiqigo.com\/fr\/wp-json\/wp\/v2\/product\/506","targetHints":{"allow":["GET"]}}],"collection":[{"href":"https:\/\/www.ruiqigo.com\/fr\/wp-json\/wp\/v2\/product"}],"about":[{"href":"https:\/\/www.ruiqigo.com\/fr\/wp-json\/wp\/v2\/types\/product"}],"version-history":[{"count":0,"href":"https:\/\/www.ruiqigo.com\/fr\/wp-json\/wp\/v2\/product\/506\/revisions"}],"wp:featuredmedia":[{"embeddable":true,"href":"https:\/\/www.ruiqigo.com\/fr\/wp-json\/wp\/v2\/media\/517"}],"wp:attachment":[{"href":"https:\/\/www.ruiqigo.com\/fr\/wp-json\/wp\/v2\/media?parent=506"}],"wp:term":[{"taxonomy":"product-tag","embeddable":true,"href":"https:\/\/www.ruiqigo.com\/fr\/wp-json\/wp\/v2\/product-tag?post=506"},{"taxonomy":"products","embeddable":true,"href":"https:\/\/www.ruiqigo.com\/fr\/wp-json\/wp\/v2\/products?post=506"}],"curies":[{"name":"wp","href":"https:\/\/api.w.org\/{rel}","templated":true}]}}