{"id":507,"date":"2024-07-16T10:59:49","date_gmt":"2024-07-16T02:59:49","guid":{"rendered":"https:\/\/ruiqigo.com\/?post_type=product&#038;p=507"},"modified":"2024-11-05T23:02:10","modified_gmt":"2024-11-05T15:02:10","slug":"charcoal-cleanser","status":"publish","type":"product","link":"https:\/\/www.ruiqigo.com\/fr\/product\/charcoal-cleanser","title":{"rendered":"Nettoyant au charbon"},"content":{"rendered":"<h2 class=\"wp-block-heading\">Formules courantes de fabrication de nettoyants au charbon<\/h2>\n\n\n\n<p>Le charbon de bois poss\u00e8de de puissantes propri\u00e9t\u00e9s d&#039;adsorption qui peuvent p\u00e9n\u00e9trer profond\u00e9ment dans les pores et \u00e9liminer efficacement l&#039;huile accumul\u00e9e, la poussi\u00e8re et diverses impuret\u00e9s. En m\u00eame temps, en tant que fabricant de nettoyants au charbon de bois, nous pensons que le charbon de bois a \u00e9galement une tr\u00e8s bonne fonction bact\u00e9ricide et antibact\u00e9rienne, peut inhiber la croissance de bact\u00e9ries nocives, pour emp\u00eacher la formation de boutons et d&#039;acn\u00e9.<\/p>\n\n\n\n<h2 class=\"wp-block-heading\">Sc\u00e9narios applicables au nettoyant au charbon<\/h2>\n\n\n\n<p>Le nettoyant visage au charbon de bois peut \u00eatre utilis\u00e9 dans diverses situations, notamment le nettoyage quotidien du visage, le nettoyage en profondeur apr\u00e8s le d\u00e9maquillage, le nettoyage apr\u00e8s l&#039;exercice et dans les environnements avec une mauvaise qualit\u00e9 de l&#039;air pour aider \u00e0 \u00e9liminer les polluants de la peau.<\/p>\n\n\n\n<h2 class=\"wp-block-heading\">\u00c0 qui s&#039;adresse le nettoyant au charbon<\/h2>\n\n\n\n<p>Ce nettoyant est particuli\u00e8rement adapt\u00e9 aux peaux grasses, mixtes et \u00e0 tendance acn\u00e9ique. Le nettoyant visage au charbon est un choix id\u00e9al pour les consommateurs qui recherchent un effet nettoyant en profondeur ou pour ceux qui ont besoin d&#039;am\u00e9liorer l&#039;apparence des pores dilat\u00e9s.<\/p>\n\n\n\n<h2 class=\"wp-block-heading\">Processus de production du nettoyant au charbon<\/h2>\n\n\n\n<p>Lors de la production du nettoyant visage au charbon, nous utilisons une technologie de broyage et de m\u00e9lange avanc\u00e9e pour garantir la finesse et la distribution uniforme du toner. En contr\u00f4lant pr\u00e9cis\u00e9ment la taille des particules du toner, nous am\u00e9liorons la capacit\u00e9 d&#039;adsorption et l&#039;effet nettoyant du produit. En tant que fabricant fiable de nettoyants au charbon, nous utilisons une technologie de remplissage aseptique pour garantir la puret\u00e9 et la s\u00e9curit\u00e9 de nos produits.<\/p>","protected":false},"excerpt":{"rendered":"Charcoal Cleanser manufacturing common formulas Charcoal has powerful adsorption properties that can penetrate deep into the pores and effectively remove accumulated oil, dust and various impurities. At the same time, as a worthy Charcoal Cleanser manufacturer, we think charcoal also has a very good bactericidal and antibacterial function, can inhibit the growth of harmful bacteria, [&hellip;]","protected":false},"featured_media":521,"menu_order":0,"template":"","meta":[],"product-tag":[],"products":[65],"class_list":["post-507","product","type-product","status-publish","has-post-thumbnail","hentry","products-facial-cleanser"],"acf":[],"_links":{"self":[{"href":"https:\/\/www.ruiqigo.com\/fr\/wp-json\/wp\/v2\/product\/507","targetHints":{"allow":["GET"]}}],"collection":[{"href":"https:\/\/www.ruiqigo.com\/fr\/wp-json\/wp\/v2\/product"}],"about":[{"href":"https:\/\/www.ruiqigo.com\/fr\/wp-json\/wp\/v2\/types\/product"}],"version-history":[{"count":0,"href":"https:\/\/www.ruiqigo.com\/fr\/wp-json\/wp\/v2\/product\/507\/revisions"}],"wp:featuredmedia":[{"embeddable":true,"href":"https:\/\/www.ruiqigo.com\/fr\/wp-json\/wp\/v2\/media\/521"}],"wp:attachment":[{"href":"https:\/\/www.ruiqigo.com\/fr\/wp-json\/wp\/v2\/media?parent=507"}],"wp:term":[{"taxonomy":"product-tag","embeddable":true,"href":"https:\/\/www.ruiqigo.com\/fr\/wp-json\/wp\/v2\/product-tag?post=507"},{"taxonomy":"products","embeddable":true,"href":"https:\/\/www.ruiqigo.com\/fr\/wp-json\/wp\/v2\/products?post=507"}],"curies":[{"name":"wp","href":"https:\/\/api.w.org\/{rel}","templated":true}]}}