{"id":525,"date":"2024-07-16T11:49:03","date_gmt":"2024-07-16T03:49:03","guid":{"rendered":"https:\/\/ruiqigo.com\/?post_type=product&#038;p=525"},"modified":"2024-11-05T23:06:02","modified_gmt":"2024-11-05T15:06:02","slug":"creamy-cleanser","status":"publish","type":"product","link":"https:\/\/www.ruiqigo.com\/fr\/product\/creamy-cleanser","title":{"rendered":"Nettoyant cr\u00e9meux"},"content":{"rendered":"<h2 class=\"wp-block-heading\">Formules courantes de fabrication de nettoyants cr\u00e9meux<\/h2>\n\n\n\n<p>Le produit contient de l&#039;hyaluronate de sodium et du tocoph\u00e9rol. L&#039;hyaluronate de sodium est un humectant puissant qui attire et retient de grandes quantit\u00e9s d&#039;humidit\u00e9, procurant une hydratation longue dur\u00e9e et am\u00e9liorant l&#039;\u00e9lasticit\u00e9 et la fermet\u00e9 de la peau. En tant que fabricant leader de nettoyants cr\u00e9meux, le tocoph\u00e9rol (vitamine E) est un antioxydant naturel qui aide \u00e0 prot\u00e9ger la peau des radicaux libres tout en favorisant la r\u00e9paration de la peau et en pr\u00e9servant sa sant\u00e9.<\/p>\n\n\n\n<h2 class=\"wp-block-heading\">Sc\u00e9narios applicables au nettoyant cr\u00e9meux<\/h2>\n\n\n\n<p>Le nettoyant cr\u00e9meux convient au nettoyage quotidien du visage, en particulier le matin au r\u00e9veil et le soir apr\u00e8s le d\u00e9maquillage. Il peut \u00e9galement \u00eatre utilis\u00e9 pendant les saisons s\u00e8ches ou dans des environnements climatis\u00e9s pour aider \u00e0 prot\u00e9ger la peau contre la perte d&#039;humidit\u00e9. Il est \u00e9galement id\u00e9al pour les peaux sensibles qui n\u00e9cessitent un nettoyage en douceur.<\/p>\n\n\n\n<h2 class=\"wp-block-heading\">\u00c0 qui s&#039;adresse le nettoyant cr\u00e9meux<\/h2>\n\n\n\n<p>Ce nettoyant convient \u00e0 tous les types de peau, en particulier les peaux s\u00e8ches, d\u00e9shydrat\u00e9es ou matures. Pour les consommateurs qui ont besoin d&#039;une hydratation et d&#039;une nutrition suppl\u00e9mentaires, ou pour les utilisateurs \u00e0 la peau sensible qui recherchent un effet nettoyant doux, le nettoyant cr\u00e9meux offre la solution id\u00e9ale.<\/p>\n\n\n\n<h2 class=\"wp-block-heading\">Processus de production d&#039;un nettoyant cr\u00e9meux<\/h2>\n\n\n\n<p>Lors de la production du nettoyant visage cr\u00e9meux, nous utilisons des techniques avanc\u00e9es d&#039;extraction et d&#039;\u00e9mulsification pour garantir la puissance et la stabilit\u00e9 de tous les ingr\u00e9dients. En contr\u00f4lant pr\u00e9cis\u00e9ment la concentration d&#039;hyaluronate de sodium et de tocoph\u00e9rols, nous garantissons les effets hydratants et antioxydants de nos produits. En tant que fabricant de nettoyants cr\u00e9meux, nous utilisons une technologie de remplissage aseptique pour garantir la puret\u00e9 et la s\u00e9curit\u00e9 de nos produits. De plus, notre processus de fabrication comprend un processus de formulation unique qui garantit que le nettoyant est cr\u00e9meux, facile \u00e0 appliquer et l\u00e9g\u00e8rement non irritant.<\/p>","protected":false},"excerpt":{"rendered":"Creamy cleanser manufacturing common formulas The product contains Sodium Hyaluronate, Tocopherol. Sodium Hyaluronate is a powerful humectant that attracts and locks in large amounts of moisture, providing long-lasting moisturization and improving the skin&#8217;s elasticity and firmness. As a leading Creamy cleanser manufacturer, Tocopherol (Vitamin E) is a natural antioxidant that helps protect the skin from [&hellip;]","protected":false},"featured_media":526,"menu_order":0,"template":"","meta":[],"product-tag":[],"products":[65],"class_list":["post-525","product","type-product","status-publish","has-post-thumbnail","hentry","products-facial-cleanser"],"acf":[],"_links":{"self":[{"href":"https:\/\/www.ruiqigo.com\/fr\/wp-json\/wp\/v2\/product\/525","targetHints":{"allow":["GET"]}}],"collection":[{"href":"https:\/\/www.ruiqigo.com\/fr\/wp-json\/wp\/v2\/product"}],"about":[{"href":"https:\/\/www.ruiqigo.com\/fr\/wp-json\/wp\/v2\/types\/product"}],"version-history":[{"count":0,"href":"https:\/\/www.ruiqigo.com\/fr\/wp-json\/wp\/v2\/product\/525\/revisions"}],"wp:featuredmedia":[{"embeddable":true,"href":"https:\/\/www.ruiqigo.com\/fr\/wp-json\/wp\/v2\/media\/526"}],"wp:attachment":[{"href":"https:\/\/www.ruiqigo.com\/fr\/wp-json\/wp\/v2\/media?parent=525"}],"wp:term":[{"taxonomy":"product-tag","embeddable":true,"href":"https:\/\/www.ruiqigo.com\/fr\/wp-json\/wp\/v2\/product-tag?post=525"},{"taxonomy":"products","embeddable":true,"href":"https:\/\/www.ruiqigo.com\/fr\/wp-json\/wp\/v2\/products?post=525"}],"curies":[{"name":"wp","href":"https:\/\/api.w.org\/{rel}","templated":true}]}}