{"id":531,"date":"2024-07-18T11:33:12","date_gmt":"2024-07-18T03:33:12","guid":{"rendered":"https:\/\/ruiqigo.com\/?post_type=product&#038;p=531"},"modified":"2024-11-15T17:05:08","modified_gmt":"2024-11-15T09:05:08","slug":"rose-water-facial-toner","status":"publish","type":"product","link":"https:\/\/www.ruiqigo.com\/fr\/product\/rose-water-facial-toner","title":{"rendered":"Lotion tonique pour le visage \u00e0 l&#039;eau de rose"},"content":{"rendered":"<h2 class=\"wp-block-heading\">Formules courantes de fabrication de tonique facial \u00e0 base d&#039;eau de rose<\/h2>\n\n\n\n<p>Le tonique facial \u00e0 l&#039;eau de rose contient l&#039;ingr\u00e9dient Alginate, qui, gr\u00e2ce \u00e0 son excellente capacit\u00e9 hydratante, aide \u00e0 retenir l&#039;humidit\u00e9 et \u00e0 prot\u00e9ger la peau des conditions s\u00e8ches. Le panth\u00e9nol, ou vitamine B5, favorise la r\u00e9paration profonde de la peau et renforce la fonction barri\u00e8re de la peau. En tant que fabricant leader de toniques pour le visage \u00e0 l&#039;eau de rose, Turk Rose Flower Water, enrichi en huile essentielle de rose et en une vari\u00e9t\u00e9 de phytonutriments, a de multiples effets apaisants pour la peau, \u00e9claircissant le teint et antioxydant.<\/p>\n\n\n\n<h2 class=\"wp-block-heading\">Sc\u00e9narios d&#039;application du tonique facial \u00e0 l&#039;eau de rose<\/h2>\n\n\n\n<p>Ce tonique \u00e0 l&#039;eau de rose convient \u00e0 une large gamme de soins quotidiens de la peau. Qu&#039;il s&#039;agisse de r\u00e9veiller votre peau le matin ou de la nettoyer apr\u00e8s le d\u00e9maquillage le soir, ce tonique hydrate et revitalise rapidement votre peau. Il convient \u00e9galement aux peaux qui passent beaucoup de temps devant l&#039;ordinateur ou dans des environnements climatis\u00e9s, aidant \u00e0 prot\u00e9ger la peau des effets n\u00e9fastes de l&#039;environnement ext\u00e9rieur.<\/p>\n\n\n\n<h2 class=\"wp-block-heading\">\u00c0 qui convient la lotion tonique visage \u00e0 l&#039;eau de rose ?<\/h2>\n\n\n\n<p>La lotion tonique \u00e0 l&#039;eau de rose convient \u00e0 tous les types de peau, en particulier aux peaux s\u00e8ches, d\u00e9shydrat\u00e9es, sensibles ou matures. Cette lotion tonique est id\u00e9ale pour les consommateurs \u00e0 la recherche d&#039;ingr\u00e9dients naturels et de r\u00e9sultats de soin doux gr\u00e2ce \u00e0 ses ingr\u00e9dients naturels et \u00e0 son pouvoir hydratant efficace.<\/p>\n\n\n\n<h2 class=\"wp-block-heading\">Processus de production de tonique facial \u00e0 l&#039;eau de rose<\/h2>\n\n\n\n<p>Nous utilisons un proc\u00e9d\u00e9 unique d&#039;extraction par application \u00e0 froid pour extraire des extraits naturels de plantes \u00e0 basse temp\u00e9rature, pr\u00e9servant l&#039;int\u00e9grit\u00e9 et l&#039;activit\u00e9 des ingr\u00e9dients et garantissant que les vitamines, les polysaccharides et autres nutriments sont pr\u00e9sents intacts dans le produit pour maximiser son efficacit\u00e9. Dans le m\u00eame temps, en tant que fabricant leader de toniques pour le visage \u00e0 l&#039;eau de rose, nous avons \u00e9galement introduit la technologie de brume micro-nuage, le tonique atomis\u00e9 en micro-gouttelettes fines et uniformes, pulv\u00e9ris\u00e9 doucement sur la peau, sans avoir besoin d&#039;essuyer peut \u00eatre rapidement absorb\u00e9, pour cr\u00e9er une sensation d&#039;utilisation fra\u00eeche et confortable.<\/p>","protected":false},"excerpt":{"rendered":"Rose water facial toner manufacturing common formulas Rose water facial toner contains the ingredient Alginate, which with its excellent moisturizing ability, helps to lock in moisture and protect the skin from dry conditions. Panthenol, or Vitamin B5, promotes deep skin repair and strengthens the skin&#8217;s barrier function. As a leading Rose water facial toner manufacturer, [&hellip;]","protected":false},"featured_media":534,"menu_order":0,"template":"","meta":[],"product-tag":[],"products":[67],"class_list":["post-531","product","type-product","status-publish","has-post-thumbnail","hentry","products-facial-toner"],"acf":[],"_links":{"self":[{"href":"https:\/\/www.ruiqigo.com\/fr\/wp-json\/wp\/v2\/product\/531","targetHints":{"allow":["GET"]}}],"collection":[{"href":"https:\/\/www.ruiqigo.com\/fr\/wp-json\/wp\/v2\/product"}],"about":[{"href":"https:\/\/www.ruiqigo.com\/fr\/wp-json\/wp\/v2\/types\/product"}],"version-history":[{"count":0,"href":"https:\/\/www.ruiqigo.com\/fr\/wp-json\/wp\/v2\/product\/531\/revisions"}],"wp:featuredmedia":[{"embeddable":true,"href":"https:\/\/www.ruiqigo.com\/fr\/wp-json\/wp\/v2\/media\/534"}],"wp:attachment":[{"href":"https:\/\/www.ruiqigo.com\/fr\/wp-json\/wp\/v2\/media?parent=531"}],"wp:term":[{"taxonomy":"product-tag","embeddable":true,"href":"https:\/\/www.ruiqigo.com\/fr\/wp-json\/wp\/v2\/product-tag?post=531"},{"taxonomy":"products","embeddable":true,"href":"https:\/\/www.ruiqigo.com\/fr\/wp-json\/wp\/v2\/products?post=531"}],"curies":[{"name":"wp","href":"https:\/\/api.w.org\/{rel}","templated":true}]}}