{"id":532,"date":"2024-07-18T11:39:16","date_gmt":"2024-07-18T03:39:16","guid":{"rendered":"https:\/\/ruiqigo.com\/?post_type=product&#038;p=532"},"modified":"2024-11-15T17:03:09","modified_gmt":"2024-11-15T09:03:09","slug":"green-tea-facial-toner","status":"publish","type":"product","link":"https:\/\/www.ruiqigo.com\/fr\/product\/green-tea-facial-toner","title":{"rendered":"Lotion tonique pour le visage au th\u00e9 vert"},"content":{"rendered":"<h2 class=\"wp-block-heading\">Formules courantes de fabrication de tonique facial au th\u00e9 vert<\/h2>\n\n\n\n<p>L&#039;alginose est un sucre naturel connu pour son excellente capacit\u00e9 hydratante, aidant \u00e0 retenir l&#039;humidit\u00e9 et \u00e0 am\u00e9liorer la douceur et l&#039;\u00e9lasticit\u00e9 de la peau. En tant que fabricant professionnel de tonique facial au th\u00e9 vert, l&#039;extrait de th\u00e9 est riche en polyph\u00e9nols pr\u00e9sents dans le th\u00e9 vert, en particulier les cat\u00e9chines, qui ont de puissantes propri\u00e9t\u00e9s antioxydantes et luttent efficacement contre les agressions environnementales externes sur la peau, tout en aidant \u00e0 \u00e9quilibrer la s\u00e9cr\u00e9tion de s\u00e9bum de la peau.<\/p>\n\n\n\n<h2 class=\"wp-block-heading\">Sc\u00e9narios applicables au tonique facial au th\u00e9 vert<\/h2>\n\n\n\n<p>Le tonique visage au th\u00e9 vert convient \u00e0 tous les aspects des soins quotidiens de la peau. Utilisez-le le matin apr\u00e8s le nettoyage pour r\u00e9veiller et dynamiser la peau, et le soir pour aider \u00e0 r\u00e9tablir l&#039;\u00e9quilibre de la peau apr\u00e8s un nettoyage en profondeur. Il convient \u00e9galement \u00e0 une utilisation apr\u00e8s une exposition prolong\u00e9e aux \u00e9crans \u00e9lectroniques ou \u00e0 des activit\u00e9s de plein air, pour aider \u00e0 prot\u00e9ger la peau des agressions environnementales et lui redonner de la fra\u00eecheur.<\/p>\n\n\n\n<h2 class=\"wp-block-heading\">\u00c0 qui convient la lotion tonique au th\u00e9 vert pour le visage ?<\/h2>\n\n\n\n<p>Ce tonique convient \u00e0 tous les types de peau, en particulier les peaux grasses et mixtes, ainsi qu&#039;aux consommateurs \u00e0 la recherche de soins naturels et d&#039;une protection antioxydante. Pour ceux qui souhaitent am\u00e9liorer le teint et minimiser les signes de fatigue cutan\u00e9e, le tonique facial au th\u00e9 vert offre une option de soin id\u00e9ale gr\u00e2ce \u00e0 ses ingr\u00e9dients doux mais efficaces.<\/p>\n\n\n\n<h2 class=\"wp-block-heading\">Processus de production de tonique facial au th\u00e9 vert<\/h2>\n\n\n\n<p>Nous utilisons un proc\u00e9d\u00e9 unique d&#039;infusion \u00e0 basse temp\u00e9rature pour extraire les ingr\u00e9dients actifs des feuilles de th\u00e9 vert afin de garantir la saveur originale des ingr\u00e9dients. Dans le m\u00eame temps, nous utilisons la technologie de micro-brumisation pour cr\u00e9er de fines gouttelettes d&#039;eau uniformes pour une absorption rapide des nutriments dans la peau. Dans tous les aspects de la production, en tant que fabricant professionnel de tonique facial au th\u00e9 vert, nous contr\u00f4lons strictement la qualit\u00e9 des points cl\u00e9s pour garantir une qualit\u00e9 de produit stable et fiable.<\/p>","protected":false},"excerpt":{"rendered":"Green tea facial toner manufacturing common formulas Alginose is a natural sugar known for its excellent moisturizing ability, helping to lock in moisture and enhance the skin&#8217;s softness and elasticity. As a professional Green tea facial toner manufacturer, tea extract is rich in polyphenols found in green tea, especially catechins, which have powerful antioxidant properties [&hellip;]","protected":false},"featured_media":538,"menu_order":0,"template":"","meta":[],"product-tag":[],"products":[67],"class_list":["post-532","product","type-product","status-publish","has-post-thumbnail","hentry","products-facial-toner"],"acf":[],"_links":{"self":[{"href":"https:\/\/www.ruiqigo.com\/fr\/wp-json\/wp\/v2\/product\/532","targetHints":{"allow":["GET"]}}],"collection":[{"href":"https:\/\/www.ruiqigo.com\/fr\/wp-json\/wp\/v2\/product"}],"about":[{"href":"https:\/\/www.ruiqigo.com\/fr\/wp-json\/wp\/v2\/types\/product"}],"version-history":[{"count":0,"href":"https:\/\/www.ruiqigo.com\/fr\/wp-json\/wp\/v2\/product\/532\/revisions"}],"wp:featuredmedia":[{"embeddable":true,"href":"https:\/\/www.ruiqigo.com\/fr\/wp-json\/wp\/v2\/media\/538"}],"wp:attachment":[{"href":"https:\/\/www.ruiqigo.com\/fr\/wp-json\/wp\/v2\/media?parent=532"}],"wp:term":[{"taxonomy":"product-tag","embeddable":true,"href":"https:\/\/www.ruiqigo.com\/fr\/wp-json\/wp\/v2\/product-tag?post=532"},{"taxonomy":"products","embeddable":true,"href":"https:\/\/www.ruiqigo.com\/fr\/wp-json\/wp\/v2\/products?post=532"}],"curies":[{"name":"wp","href":"https:\/\/api.w.org\/{rel}","templated":true}]}}