{"id":533,"date":"2024-07-18T11:49:37","date_gmt":"2024-07-18T03:49:37","guid":{"rendered":"https:\/\/ruiqigo.com\/?post_type=product&#038;p=533"},"modified":"2024-11-15T17:02:20","modified_gmt":"2024-11-15T09:02:20","slug":"micellar-water-makeup-remover","status":"publish","type":"product","link":"https:\/\/www.ruiqigo.com\/fr\/product\/micellar-water-makeup-remover","title":{"rendered":"Eau micellaire d\u00e9maquillante"},"content":{"rendered":"<h2 class=\"wp-block-heading\">Formules courantes de fabrication de d\u00e9maquillant \u00e0 base d&#039;eau micellaire<\/h2>\n\n\n\n<p>Les ingr\u00e9dients de base du d\u00e9maquillant \u00e0 l&#039;eau micellaire comprennent l&#039;huile de ricin hydrog\u00e9n\u00e9e PEG-40, le 1,1-hexanediol, le ph\u00e9noxy\u00e9thanol, l&#039;eau de feuille d&#039;alo\u00e8s barbadensis et l&#039;EDTA disodique. L&#039;huile de ricin hydrog\u00e9n\u00e9e PEG-40 est un excellent tensioactif qui dissout les contaminants, tandis que le 1,1-hexanediol et le ph\u00e9noxy\u00e9thanol sont d&#039;excellents agents bact\u00e9ricides et antiseptiques qui maintiennent l&#039;hygi\u00e8ne et la s\u00e9curit\u00e9 du produit. En tant que fabricant fiable de d\u00e9maquillants \u00e0 l&#039;eau micellaire, l&#039;eau de feuille d&#039;alo\u00e8s barbadensis est riche en vitamines, min\u00e9raux et polysaccharides qui nourrissent la peau et am\u00e9liorent la barri\u00e8re cutan\u00e9e, tandis que l&#039;EDTA disodique est un agent complexant qui am\u00e9liore la stabilit\u00e9 du produit. Ces ingr\u00e9dients agissent ensemble pour assurer un nettoyage en profondeur et prendre soin de votre peau.<\/p>\n\n\n\n<h2 class=\"wp-block-heading\">Sc\u00e9narios d&#039;application du d\u00e9maquillant \u00e0 l&#039;eau micellaire<\/h2>\n\n\n\n<p>Ce d\u00e9maquillant \u00e0 l&#039;eau micellaire est parfait pour les soins quotidiens de la peau. Qu&#039;il s&#039;agisse de retirer votre maquillage quotidien ou de nettoyer votre peau grasse des impuret\u00e9s accumul\u00e9es, il est facile \u00e0 utiliser. Il \u00e9limine \u00e9galement efficacement le maquillage waterproof, laissant votre peau compl\u00e8tement nette. Apr\u00e8s utilisation, votre peau est non seulement propre et lumineuse, mais \u00e9galement apais\u00e9e et nourrie, ce qui constitue une bonne base pour votre activit\u00e9 de soins de la peau.<\/p>\n\n\n\n<h2 class=\"wp-block-heading\">\u00c0 qui s&#039;adresse l&#039;eau micellaire d\u00e9maquillante<\/h2>\n\n\n\n<p>Ce d\u00e9maquillant \u00e0 l&#039;eau micellaire convient \u00e0 tous les types de peau. Les peaux grasses comme s\u00e8ches peuvent en b\u00e9n\u00e9ficier. Il nettoie en douceur sans provoquer d&#039;irritation ni de r\u00e9actions allergiques. Sp\u00e9cialement con\u00e7u pour les amateurs de beaut\u00e9, il \u00e9limine facilement tous les types de maquillage et laisse votre peau fra\u00eeche et neuve. En m\u00eame temps, il est enrichi d&#039;une vari\u00e9t\u00e9 de plantes naturelles qui nourrissent et prot\u00e8gent la peau, afin que vous puissiez profiter du soin tout en vous d\u00e9maquillant.<\/p>\n\n\n\n<h2 class=\"wp-block-heading\">Proc\u00e9d\u00e9 de fabrication d&#039;un d\u00e9maquillant \u00e0 base d&#039;eau micellaire<\/h2>\n\n\n\n<p>Nous utilisons une technologie micellaire unique pour cr\u00e9er ce d\u00e9maquillant. Tout d&#039;abord, nous combinons des tensioactifs tels que l&#039;huile de ricin hydrog\u00e9n\u00e9e PEG-40 avec de l&#039;eau pour former une structure micellaire stable. En tant que fabricant fiable de d\u00e9maquillants \u00e0 base d&#039;eau micellaire, ces micelles encapsulent efficacement la salet\u00e9 et les r\u00e9sidus de maquillage, les dissolvant et les \u00e9liminant en douceur. Des ingr\u00e9dients de soin de la peau tels que l&#039;eau de feuille d&#039;Aloe Barbadensis et l&#039;EDTA disodique sont ensuite ajout\u00e9s pour donner au produit encore plus de nutrition et de protection.<\/p>","protected":false},"excerpt":{"rendered":"Micellar water makeup remover manufacturing common formulas The core ingredients of Micellar Water Makeup Remover include PEG-40 Hydrogenated Castor Oil, 1,1-Hexanediol, Phenoxyethanol, Aloe Barbadensis Leaf Water and Disodium EDTA, PEG-40 Hydrogenated Castor Oil is an excellent surfactant that dissolves contaminants, while 1,1-Hexanediol and Phenoxyethanol are excellent bactericidal and antiseptic agents that maintain product hygiene and [&hellip;]","protected":false},"featured_media":542,"menu_order":0,"template":"","meta":[],"product-tag":[],"products":[66],"class_list":["post-533","product","type-product","status-publish","has-post-thumbnail","hentry","products-makeup-remover"],"acf":[],"_links":{"self":[{"href":"https:\/\/www.ruiqigo.com\/fr\/wp-json\/wp\/v2\/product\/533","targetHints":{"allow":["GET"]}}],"collection":[{"href":"https:\/\/www.ruiqigo.com\/fr\/wp-json\/wp\/v2\/product"}],"about":[{"href":"https:\/\/www.ruiqigo.com\/fr\/wp-json\/wp\/v2\/types\/product"}],"version-history":[{"count":0,"href":"https:\/\/www.ruiqigo.com\/fr\/wp-json\/wp\/v2\/product\/533\/revisions"}],"wp:featuredmedia":[{"embeddable":true,"href":"https:\/\/www.ruiqigo.com\/fr\/wp-json\/wp\/v2\/media\/542"}],"wp:attachment":[{"href":"https:\/\/www.ruiqigo.com\/fr\/wp-json\/wp\/v2\/media?parent=533"}],"wp:term":[{"taxonomy":"product-tag","embeddable":true,"href":"https:\/\/www.ruiqigo.com\/fr\/wp-json\/wp\/v2\/product-tag?post=533"},{"taxonomy":"products","embeddable":true,"href":"https:\/\/www.ruiqigo.com\/fr\/wp-json\/wp\/v2\/products?post=533"}],"curies":[{"name":"wp","href":"https:\/\/api.w.org\/{rel}","templated":true}]}}