{"id":546,"date":"2024-07-18T12:00:46","date_gmt":"2024-07-18T04:00:46","guid":{"rendered":"https:\/\/ruiqigo.com\/?post_type=product&#038;p=546"},"modified":"2024-11-15T17:01:26","modified_gmt":"2024-11-15T09:01:26","slug":"oil-free-makeup-remover","status":"publish","type":"product","link":"https:\/\/www.ruiqigo.com\/fr\/product\/oil-free-makeup-remover","title":{"rendered":"D\u00e9maquillant sans huile"},"content":{"rendered":"<h2 class=\"wp-block-heading\">Formules courantes de fabrication de d\u00e9maquillants sans huile<\/h2>\n\n\n\n<p>Les principaux ingr\u00e9dients de ce produit comprennent le Poroxam 184 et l&#039;extrait de Camellia sinensis. Le Peloxam 184 est un tensioactif non ionique dot\u00e9 d&#039;une excellente capacit\u00e9 de nettoyage et de solubilisation, qui peut dissoudre efficacement toutes sortes de produits cosm\u00e9tiques. En tant que fabricant fiable de d\u00e9maquillants sans huile, l&#039;extrait de cam\u00e9lia, quant \u00e0 lui, est riche en antioxydants et en nutriments qui nourrissent la peau et soulagent la s\u00e9cheresse et les tiraillements caus\u00e9s par le processus de d\u00e9maquillage.<\/p>\n\n\n\n<h2 class=\"wp-block-heading\">Sc\u00e9narios d&#039;application du d\u00e9maquillant sans huile<\/h2>\n\n\n\n<p>Ce d\u00e9maquillant sans huile peut \u00eatre utilis\u00e9 dans de nombreux sc\u00e9narios. Qu&#039;il s&#039;agisse de d\u00e9maquiller le visage au quotidien, de nettoyer en profondeur les impuret\u00e9s accumul\u00e9es apr\u00e8s une bonne nuit de sommeil ou de nettoyer la peau de la cr\u00e8me solaire apr\u00e8s une journ\u00e9e active en plein air, il fait un excellent travail pour \u00e9liminer le maquillage. Il convient \u00e9galement aux personnes ayant des besoins cutan\u00e9s particuliers, comme les peaux sensibles, les peaux s\u00e8ches, etc., et offre un soin doux \u00e0 la peau.<\/p>\n\n\n\n<h2 class=\"wp-block-heading\">\u00c0 qui convient le d\u00e9maquillant sans huile ?<\/h2>\n\n\n\n<p>Ce produit est destin\u00e9 aux femmes urbaines en col blanc qui recherchent une peau saine. Les employ\u00e9es de bureau et les \u00e9tudiantes peuvent choisir de l&#039;utiliser en fonction de leur propre \u00e9tat de peau. Pour les peaux grasses et mixtes, il peut nettoyer efficacement les pores et contr\u00f4ler le s\u00e9bum ; pour les peaux s\u00e8ches ou sensibles, il peut \u00e9galement nourrir en douceur pour maintenir la barri\u00e8re cutan\u00e9e.<\/p>\n\n\n\n<h2 class=\"wp-block-heading\">Processus de production de d\u00e9maquillant sans huile<\/h2>\n\n\n\n<p>Notre technologie micellaire avanc\u00e9e utilise les propri\u00e9t\u00e9s uniques des tensioactifs pour \u00e9mulsionner compl\u00e8tement les phases aqueuse et huileuse afin de former de minuscules particules micellaires pendant le processus de fabrication. Cette technologie r\u00e9duit non seulement consid\u00e9rablement la consommation d&#039;eau et d&#039;\u00e9nergie, mais permet \u00e9galement d&#039;obtenir un produit frais et doux, sans alourdir la peau. En tant que fabricant fiable de d\u00e9maquillants sans huile, nous avons \u00e9galement s\u00e9lectionn\u00e9 l&#039;EDTA disodique biod\u00e9gradable comme agent complexant, rempla\u00e7ant les ingr\u00e9dients difficiles \u00e0 d\u00e9composer des d\u00e9maquillants traditionnels pour minimiser l&#039;impact sur l&#039;environnement.<\/p>","protected":false},"excerpt":{"rendered":"Oil free makeup remover manufacturing common formulas The core ingredients of this product include Poroxam 184 and Camellia sinensis extract. Peloxam 184 is a non-ionic surfactant with excellent cleansing and solubilizing ability, which can effectively dissolve all kinds of cosmetics. As a reliable Oil free makeup remover manufacturer, camellia Extract, on the other hand, is [&hellip;]","protected":false},"featured_media":547,"menu_order":0,"template":"","meta":[],"product-tag":[],"products":[66],"class_list":["post-546","product","type-product","status-publish","has-post-thumbnail","hentry","products-makeup-remover"],"acf":[],"_links":{"self":[{"href":"https:\/\/www.ruiqigo.com\/fr\/wp-json\/wp\/v2\/product\/546","targetHints":{"allow":["GET"]}}],"collection":[{"href":"https:\/\/www.ruiqigo.com\/fr\/wp-json\/wp\/v2\/product"}],"about":[{"href":"https:\/\/www.ruiqigo.com\/fr\/wp-json\/wp\/v2\/types\/product"}],"version-history":[{"count":0,"href":"https:\/\/www.ruiqigo.com\/fr\/wp-json\/wp\/v2\/product\/546\/revisions"}],"wp:featuredmedia":[{"embeddable":true,"href":"https:\/\/www.ruiqigo.com\/fr\/wp-json\/wp\/v2\/media\/547"}],"wp:attachment":[{"href":"https:\/\/www.ruiqigo.com\/fr\/wp-json\/wp\/v2\/media?parent=546"}],"wp:term":[{"taxonomy":"product-tag","embeddable":true,"href":"https:\/\/www.ruiqigo.com\/fr\/wp-json\/wp\/v2\/product-tag?post=546"},{"taxonomy":"products","embeddable":true,"href":"https:\/\/www.ruiqigo.com\/fr\/wp-json\/wp\/v2\/products?post=546"}],"curies":[{"name":"wp","href":"https:\/\/api.w.org\/{rel}","templated":true}]}}