{"id":551,"date":"2024-07-18T14:36:33","date_gmt":"2024-07-18T06:36:33","guid":{"rendered":"https:\/\/ruiqigo.com\/?post_type=product&#038;p=551"},"modified":"2024-11-15T17:00:56","modified_gmt":"2024-11-15T09:00:56","slug":"coconut-oil-makeup-remover","status":"publish","type":"product","link":"https:\/\/www.ruiqigo.com\/fr\/product\/coconut-oil-makeup-remover","title":{"rendered":"D\u00e9maquillant \u00e0 l&#039;huile de coco"},"content":{"rendered":"<h2 class=\"wp-block-heading\">Formules courantes de fabrication de d\u00e9maquillants \u00e0 base d&#039;huile de coco<\/h2>\n\n\n\n<p>Les principaux ingr\u00e9dients de ce produit comprennent l&#039;huile de coco, les tocoph\u00e9rols et l&#039;huile de tournesol. L&#039;huile de coco est riche en acides gras tels que l&#039;acide laurique et l&#039;acide st\u00e9arique, qui ont d&#039;excellentes capacit\u00e9s de solubilisation et de nettoyage pour \u00e9liminer tous les types de maquillage. Le tocoph\u00e9rol est un puissant antioxydant naturel qui r\u00e9pare et prot\u00e8ge la peau des dommages environnementaux. En tant que fabricant fiable de d\u00e9maquillants \u00e0 base d&#039;huile de coco, nous savons que l&#039;huile de tournesol, riche en vitamine E et en acide linol\u00e9nique, nourrit la peau en profondeur et soulage la s\u00e9cheresse et les tiraillements.<\/p>\n\n\n\n<h2 class=\"wp-block-heading\">Sc\u00e9narios d&#039;application du d\u00e9maquillant \u00e0 l&#039;huile de coco<\/h2>\n\n\n\n<p>Le d\u00e9maquillant \u00e0 l&#039;huile de coco convient \u00e0 une large gamme d&#039;applications. Ce d\u00e9maquillant \u00e0 l&#039;huile de coco peut \u00eatre utilis\u00e9 dans une grande vari\u00e9t\u00e9 de sc\u00e9narios. Qu&#039;il s&#039;agisse de d\u00e9maquiller le visage au quotidien, de nettoyer en profondeur les impuret\u00e9s accumul\u00e9es ou de nettoyer la peau avant de se coucher, c&#039;est un excellent moyen de nettoyer et de nourrir la peau. Il est \u00e9galement id\u00e9al pour ceux qui aiment les soins naturels, car il prend soin de la peau en douceur.<\/p>\n\n\n\n<h2 class=\"wp-block-heading\">\u00c0 qui convient le d\u00e9maquillant \u00e0 l&#039;huile de coco ?<\/h2>\n\n\n\n<p>Ce produit est destin\u00e9 aux femmes urbaines en col blanc qui recherchent une peau saine et naturelle. Que vous soyez employ\u00e9e de bureau, \u00e9tudiante ou soignante naturelle, vous pouvez choisir d&#039;utiliser ce produit en fonction de l&#039;\u00e9tat de votre peau. Pour les peaux s\u00e8ches et sensibles, il peut apporter une hydratation et une nutrition riches, soulager la s\u00e9cheresse et les tiraillements ; pour les peaux mixtes ou grasses, il peut \u00e9galement nettoyer les pores et r\u00e9guler le s\u00e9bum.<\/p>\n\n\n\n<h2 class=\"wp-block-heading\">Processus de production du d\u00e9maquillant \u00e0 l&#039;huile de coco<\/h2>\n\n\n\n<p>Nous utilisons un proc\u00e9d\u00e9 de pressage \u00e0 froid avanc\u00e9 pour m\u00e9langer avec pr\u00e9cision des huiles v\u00e9g\u00e9tales naturelles telles que l&#039;huile de coco, le tocoph\u00e9rol et l&#039;huile de tournesol afin de garantir que tous les nutriments sont conserv\u00e9s pendant le processus de production. En tant que fabricant fiable de d\u00e9maquillants \u00e0 l&#039;huile de coco, nous utilisons \u00e9galement un proc\u00e9d\u00e9 de remplissage \u00e0 basse temp\u00e9rature pour \u00e9viter la destruction des nutriments par des temp\u00e9ratures \u00e9lev\u00e9es. Par rapport aux d\u00e9maquillants traditionnels, l&#039;ensemble du processus est \u00e9cologique et respectueux de l&#039;environnement.<\/p>","protected":false},"excerpt":{"rendered":"Coconut oil makeup remover manufacturing common formulas The core ingredients of this product include coconut oil, tocopherols and sunflower seed oil. Coconut oil is rich in fatty acids such as lauric acid and stearic acid, which have excellent solubilizing and cleansing abilities to remove all types of makeup. Tocopherol is a powerful natural antioxidant that [&hellip;]","protected":false},"featured_media":552,"menu_order":0,"template":"","meta":[],"product-tag":[],"products":[66],"class_list":["post-551","product","type-product","status-publish","has-post-thumbnail","hentry","products-makeup-remover"],"acf":[],"_links":{"self":[{"href":"https:\/\/www.ruiqigo.com\/fr\/wp-json\/wp\/v2\/product\/551","targetHints":{"allow":["GET"]}}],"collection":[{"href":"https:\/\/www.ruiqigo.com\/fr\/wp-json\/wp\/v2\/product"}],"about":[{"href":"https:\/\/www.ruiqigo.com\/fr\/wp-json\/wp\/v2\/types\/product"}],"version-history":[{"count":0,"href":"https:\/\/www.ruiqigo.com\/fr\/wp-json\/wp\/v2\/product\/551\/revisions"}],"wp:featuredmedia":[{"embeddable":true,"href":"https:\/\/www.ruiqigo.com\/fr\/wp-json\/wp\/v2\/media\/552"}],"wp:attachment":[{"href":"https:\/\/www.ruiqigo.com\/fr\/wp-json\/wp\/v2\/media?parent=551"}],"wp:term":[{"taxonomy":"product-tag","embeddable":true,"href":"https:\/\/www.ruiqigo.com\/fr\/wp-json\/wp\/v2\/product-tag?post=551"},{"taxonomy":"products","embeddable":true,"href":"https:\/\/www.ruiqigo.com\/fr\/wp-json\/wp\/v2\/products?post=551"}],"curies":[{"name":"wp","href":"https:\/\/api.w.org\/{rel}","templated":true}]}}