{"id":556,"date":"2024-07-18T14:56:34","date_gmt":"2024-07-18T06:56:34","guid":{"rendered":"https:\/\/ruiqigo.com\/?post_type=product&#038;p=556"},"modified":"2024-11-06T14:39:21","modified_gmt":"2024-11-06T06:39:21","slug":"moisturizing-body-lotion","status":"publish","type":"product","link":"https:\/\/www.ruiqigo.com\/fr\/product\/moisturizing-body-lotion","title":{"rendered":"Lotion corporelle hydratante"},"content":{"rendered":"<h3 class=\"wp-block-heading\">Fabrication de lotions corporelles hydratantes Formules courantes<\/h3>\n\n\n\n<p>L&#039;alginate poss\u00e8de une structure mol\u00e9culaire unique qui absorbe et retient l&#039;humidit\u00e9 dans la peau, procurant ainsi une hydratation intense. Il renforce \u00e9galement la fonction barri\u00e8re cutan\u00e9e et am\u00e9liore la r\u00e9sistance de la peau aux agressions ext\u00e9rieures. Antioxydant naturel, le tocoph\u00e9rol neutralise les radicaux libres, r\u00e9pare les dommages cutan\u00e9s et am\u00e9liore la texture de la peau. En tant que fabricant leader de lotions hydratantes pour le corps, nous savons qu&#039;il poss\u00e8de \u00e9galement d&#039;excellentes propri\u00e9t\u00e9s hydratantes et adoucissantes, rendant la peau plus nourrie et plus souple. L&#039;\u00e9thylhexylglyc\u00e9rine, un d\u00e9riv\u00e9 sp\u00e9cial de la glyc\u00e9rine dot\u00e9 d&#039;une excellente p\u00e9n\u00e9tration hydratante, p\u00e9n\u00e8tre en profondeur dans la couche corn\u00e9e pour r\u00e9hydrater, augmenter la teneur en eau de la peau et am\u00e9liorer les peaux s\u00e8ches et rugueuses.<\/p>\n\n\n\n<h3 class=\"wp-block-heading\">Lotion corporelle hydratante Sc\u00e9narios applicables<\/h3>\n\n\n\n<p>Ce lait corporel hydratant convient \u00e0 tous les types de peau, en particulier aux peaux s\u00e8ches et d\u00e9shydrat\u00e9es. Qu&#039;il s&#039;agisse d&#039;un soin quotidien ou d&#039;un soin sp\u00e9cifique en cas de changement de saison, il r\u00e9hydrate efficacement la peau et lui apporte les nutriments n\u00e9cessaires pour la maintenir hydrat\u00e9e et lisse.<\/p>\n\n\n\n<h3 class=\"wp-block-heading\">\u00c0 qui s&#039;adresse la lotion hydratante pour le corps ?<\/h3>\n\n\n\n<p>Ce lait corporel convient \u00e0 tous les types de peau, en particulier aux peaux s\u00e8ches, d\u00e9shydrat\u00e9es ou matures. Il est id\u00e9al pour les personnes recherchant des ingr\u00e9dients naturels et une hydratation intense. Les peaux sensibles peuvent \u00e9galement en b\u00e9n\u00e9ficier, car sa formule douce r\u00e9duit les irritations cutan\u00e9es.<\/p>\n\n\n\n<h3 class=\"wp-block-heading\">Processus de production de lotion corporelle hydratante<\/h3>\n\n\n\n<p>Fabricant fiable de lotions hydratantes pour le corps, ce produit utilise un proc\u00e9d\u00e9 d&#039;extraction mol\u00e9culaire microcristalline \u00e0 basse temp\u00e9rature, qui pr\u00e9serve efficacement l&#039;efficacit\u00e9 originelle des ingr\u00e9dients actifs naturels. Il utilise \u00e9galement une technologie brevet\u00e9e d&#039;int\u00e9gration mol\u00e9culaire, facilitant l&#039;absorption et la p\u00e9n\u00e9tration des ingr\u00e9dients hydratants, maximisant ainsi leurs effets nourrissants et r\u00e9parateurs. L&#039;ensemble du processus de production est exempt d&#039;additifs chimiques, garantissant ainsi un produit \u00e9cologique et s\u00fbr.<\/p>\n\n\n\n<p><\/p>","protected":false},"excerpt":{"rendered":"Moisturizing body lotion manufacturing Common Formulas Alginate has a unique molecular structure that adsorbs and locks moisture into the skin, providing powerful moisturization. It also strengthens the skin&#8217;s barrier function and improves the skin&#8217;s resistance to adversity. As a natural antioxidant, tocopherol can neutralize free radicals, repair skin damage and improve skin texture. As a [&hellip;]","protected":false},"featured_media":557,"menu_order":0,"template":"","meta":[],"product-tag":[],"products":[70],"class_list":["post-556","product","type-product","status-publish","has-post-thumbnail","hentry","products-moisturizing-lotion"],"acf":[],"_links":{"self":[{"href":"https:\/\/www.ruiqigo.com\/fr\/wp-json\/wp\/v2\/product\/556","targetHints":{"allow":["GET"]}}],"collection":[{"href":"https:\/\/www.ruiqigo.com\/fr\/wp-json\/wp\/v2\/product"}],"about":[{"href":"https:\/\/www.ruiqigo.com\/fr\/wp-json\/wp\/v2\/types\/product"}],"version-history":[{"count":0,"href":"https:\/\/www.ruiqigo.com\/fr\/wp-json\/wp\/v2\/product\/556\/revisions"}],"wp:featuredmedia":[{"embeddable":true,"href":"https:\/\/www.ruiqigo.com\/fr\/wp-json\/wp\/v2\/media\/557"}],"wp:attachment":[{"href":"https:\/\/www.ruiqigo.com\/fr\/wp-json\/wp\/v2\/media?parent=556"}],"wp:term":[{"taxonomy":"product-tag","embeddable":true,"href":"https:\/\/www.ruiqigo.com\/fr\/wp-json\/wp\/v2\/product-tag?post=556"},{"taxonomy":"products","embeddable":true,"href":"https:\/\/www.ruiqigo.com\/fr\/wp-json\/wp\/v2\/products?post=556"}],"curies":[{"name":"wp","href":"https:\/\/api.w.org\/{rel}","templated":true}]}}