{"id":561,"date":"2024-07-18T15:02:16","date_gmt":"2024-07-18T07:02:16","guid":{"rendered":"https:\/\/ruiqigo.com\/?post_type=product&#038;p=561"},"modified":"2024-11-06T14:35:11","modified_gmt":"2024-11-06T06:35:11","slug":"moisturizing-facial-lotion","status":"publish","type":"product","link":"https:\/\/www.ruiqigo.com\/fr\/product\/moisturizing-facial-lotion","title":{"rendered":"Lotion hydratante pour le visage"},"content":{"rendered":"<h3 class=\"wp-block-heading\">Fabrication de lotions hydratantes pour le visage Formules courantes<\/h3>\n\n\n\n<p>\u00c9thylhexylglyc\u00e9rine : un hydratant doux qui renforce la barri\u00e8re naturelle de la peau et r\u00e9duit la perte d&#039;humidit\u00e9. Extrait de feuille de Centella Asiatica : connu pour ses puissantes propri\u00e9t\u00e9s r\u00e9paratrices et apaisantes, il aide \u00e0 minimiser les rougeurs et les irritations. En tant que fabricant fiable de lotions hydratantes pour le visage, nous savons que l&#039;eau d&#039;hamam\u00e9lis d&#039;Am\u00e9rique du Nord : contient des plantes naturelles qui aident \u00e0 r\u00e9guler le s\u00e9bum de la peau et \u00e0 resserrer les pores pour garder la peau fra\u00eeche. Extrait de fleur de Camellia Sinensis : riche en antioxydants, il aide \u00e0 prot\u00e9ger la peau des facteurs de stress environnementaux tout en lui apportant nutrition et hydratation.<\/p>\n\n\n\n<h3 class=\"wp-block-heading\">Lotion hydratante pour le visage Sc\u00e9narios applicables<\/h3>\n\n\n\n<p>La Lotion Hydratante Visage convient \u00e0 plusieurs \u00e9tapes de votre routine de soin de la peau. Que ce soit le matin apr\u00e8s le nettoyage ou le soir apr\u00e8s le d\u00e9maquillage, elle hydrate la peau longue dur\u00e9e. Elle convient \u00e9galement \u00e0 une utilisation pendant les saisons s\u00e8ches ou pendant de longues p\u00e9riodes dans des environnements climatis\u00e9s pour aider \u00e0 prot\u00e9ger la peau des effets n\u00e9fastes de l&#039;environnement ext\u00e9rieur.<\/p>\n\n\n\n<h3 class=\"wp-block-heading\">\u00c0 qui s&#039;adresse la lotion hydratante pour le visage ?<\/h3>\n\n\n\n<p>Cette lotion convient \u00e0 tous les types de peau, en particulier les peaux s\u00e8ches, d\u00e9shydrat\u00e9es ou sensibles. Elle est id\u00e9ale pour les consommateurs \u00e0 la recherche de soins naturels et d&#039;effets hydratants efficaces. En parall\u00e8le, pour les peaux qui ont besoin d&#039;\u00eatre davantage apais\u00e9es et r\u00e9par\u00e9es, l&#039;extrait de feuille de Centella Asiatica et l&#039;extrait de fleur de Camellia Sinensis apportent des soins suppl\u00e9mentaires.<\/p>\n\n\n\n<h3 class=\"wp-block-heading\">Processus de production de lotion hydratante pour le visage<\/h3>\n\n\n\n<p>Lors de la production de notre lotion hydratante pour le visage, nous utilisons une technologie d&#039;\u00e9mulsification avanc\u00e9e pour garantir la stabilit\u00e9 et la douceur de la lotion pour la peau. En tant que fabricant de lotions hydratantes pour le visage digne de ce nom, en contr\u00f4lant pr\u00e9cis\u00e9ment les ratios d&#039;ingr\u00e9dients et les conditions de production, nous optimisons la texture et l&#039;effet hydratant de l&#039;\u00e9mulsion. De plus, nous utilisons une technologie de remplissage aseptique pour garantir la puret\u00e9 et la s\u00e9curit\u00e9 de nos produits.<\/p>","protected":false},"excerpt":{"rendered":"Moisturizing Facial lotion manufacturing Common Formulas Ethylhexylglycerin: a gentle moisturizer that strengthens the skin&#8217;s natural barrier and reduces moisture loss. Centella Asiatica Leaf Extract: Known for its powerful restorative and soothing properties, it helps minimize redness and irritation. As a reliable Moisturizing Facial lotion manufacturer, we know that North American Witch Hazel Water: Contains natural [&hellip;]","protected":false},"featured_media":562,"menu_order":0,"template":"","meta":[],"product-tag":[],"products":[70],"class_list":["post-561","product","type-product","status-publish","has-post-thumbnail","hentry","products-moisturizing-lotion"],"acf":[],"_links":{"self":[{"href":"https:\/\/www.ruiqigo.com\/fr\/wp-json\/wp\/v2\/product\/561","targetHints":{"allow":["GET"]}}],"collection":[{"href":"https:\/\/www.ruiqigo.com\/fr\/wp-json\/wp\/v2\/product"}],"about":[{"href":"https:\/\/www.ruiqigo.com\/fr\/wp-json\/wp\/v2\/types\/product"}],"version-history":[{"count":0,"href":"https:\/\/www.ruiqigo.com\/fr\/wp-json\/wp\/v2\/product\/561\/revisions"}],"wp:featuredmedia":[{"embeddable":true,"href":"https:\/\/www.ruiqigo.com\/fr\/wp-json\/wp\/v2\/media\/562"}],"wp:attachment":[{"href":"https:\/\/www.ruiqigo.com\/fr\/wp-json\/wp\/v2\/media?parent=561"}],"wp:term":[{"taxonomy":"product-tag","embeddable":true,"href":"https:\/\/www.ruiqigo.com\/fr\/wp-json\/wp\/v2\/product-tag?post=561"},{"taxonomy":"products","embeddable":true,"href":"https:\/\/www.ruiqigo.com\/fr\/wp-json\/wp\/v2\/products?post=561"}],"curies":[{"name":"wp","href":"https:\/\/api.w.org\/{rel}","templated":true}]}}