{"id":566,"date":"2024-07-18T15:16:04","date_gmt":"2024-07-18T07:16:04","guid":{"rendered":"https:\/\/ruiqigo.com\/?post_type=product&#038;p=566"},"modified":"2024-11-06T14:05:41","modified_gmt":"2024-11-06T06:05:41","slug":"olive-oil-moisturizing-lotion","status":"publish","type":"product","link":"https:\/\/www.ruiqigo.com\/fr\/product\/olive-oil-moisturizing-lotion","title":{"rendered":"Lotion hydratante \u00e0 l&#039;huile d&#039;olive"},"content":{"rendered":"<h3 class=\"wp-block-heading\">Fabrication de lotion hydratante \u00e0 l&#039;huile d&#039;olive Formules courantes<\/h3>\n\n\n\n<p>Les ingr\u00e9dients actifs de la lotion hydratante \u00e0 l&#039;huile d&#039;olive comprennent principalement l&#039;extrait d&#039;huile d&#039;olive, l&#039;acide hyaluronique et le facteur hydratant. L&#039;extrait d&#039;huile d&#039;olive est riche en acides gras insatur\u00e9s tels que l&#039;acide ol\u00e9ique, qui aide \u00e0 r\u00e9duire le cholest\u00e9rol, prot\u00e8ge la sant\u00e9 cardiaque et poss\u00e8de des propri\u00e9t\u00e9s antioxydantes. En tant que fabricant leader de lotions hydratantes \u00e0 l&#039;huile d&#039;olive, nous savons que l&#039;acide hyaluronique est un ingr\u00e9dient hydratant sup\u00e9rieur, qui contient plus de 500 fois son propre poids en eau pour hydrater la peau en profondeur. De plus, le facteur hydratant aide la peau \u00e0 retenir l&#039;humidit\u00e9 et \u00e0 maintenir l&#039;hydratation de la peau.<\/p>\n\n\n\n<h3 class=\"wp-block-heading\">Lotion hydratante \u00e0 l&#039;huile d&#039;olive Sc\u00e9narios applicables<\/h3>\n\n\n\n<p>La lotion hydratante \u00e0 l&#039;huile d&#039;olive convient \u00e0 une large gamme de situations, notamment les soins quotidiens de la peau, les environnements secs, les pi\u00e8ces climatis\u00e9es et apr\u00e8s les activit\u00e9s de plein air. Elle est particuli\u00e8rement adapt\u00e9e aux personnes qui se trouvent souvent dans des environnements secs. Utilis\u00e9e deux fois par semaine, elle aide la peau \u00e0 mieux lutter contre les environnements secs, am\u00e9liore la s\u00e9cheresse et les pores dilat\u00e9s caus\u00e9s par l&#039;exposition au soleil et maintient la peau fra\u00eeche et hydrat\u00e9e.<\/p>\n\n\n\n<h3 class=\"wp-block-heading\">\u00c0 qui s&#039;adresse la lotion hydratante \u00e0 l&#039;huile d&#039;olive ?<\/h3>\n\n\n\n<p>La lotion hydratante \u00e0 l&#039;huile d&#039;olive convient \u00e0 tous les types de personnes, en particulier \u00e0 celles qui ont besoin d&#039;une peau plus hydratante et nourrissante. Elle convient aux nourrissons, aux femmes enceintes et aux m\u00e8res qui allaitent, car les nutriments contenus dans l&#039;huile d&#039;olive sont similaires \u00e0 ceux du lait maternel, qui sont facilement absorb\u00e9s et favorisent la croissance et le d\u00e9veloppement des nerfs et des os des nourrissons. Elle convient \u00e9galement aux femmes qui aiment la beaut\u00e9, car elle contient des substances antioxydantes qui peuvent \u00e9liminer les rides du visage et pr\u00e9venir le vieillissement cutan\u00e9. De plus, pour les patients atteints de maladies cardiovasculaires et c\u00e9r\u00e9brovasculaires, de diab\u00e8te, de gastrite et d&#039;ulc\u00e8res gastriques, ainsi que pour les personnes en mauvaise sant\u00e9, la lotion hydratante \u00e0 l&#039;huile d&#039;olive peut fournir des soins de la peau et des effets de sant\u00e9 appropri\u00e9s.<\/p>\n\n\n\n<h3 class=\"wp-block-heading\">Processus de production de la lotion hydratante \u00e0 l&#039;huile d&#039;olive<\/h3>\n\n\n\n<p>La lotion hydratante \u00e0 l&#039;huile d&#039;olive adopte une technologie d&#039;extraction de haute technologie unique et un \u00e9quipement d&#039;\u00e9mulsification professionnel import\u00e9 d&#039;origine. Au cours du processus de production, une attention particuli\u00e8re est accord\u00e9e au maintien des nutriments naturels de l&#039;huile d&#039;olive sans chauffage ni traitement chimique pour garantir que l&#039;extrait d&#039;huile d&#039;olive dans le produit conserve son activit\u00e9 naturelle. De plus, en tant que fabricant leader de lotions hydratantes \u00e0 l&#039;huile d&#039;olive, les produits ont \u00e9t\u00e9 approuv\u00e9s par des dermatologues et des tests de march\u00e9 au cours du processus de recherche et d\u00e9veloppement pour garantir leur s\u00e9curit\u00e9 et leur efficacit\u00e9.<\/p>","protected":false},"excerpt":{"rendered":"Olive oil moisturizing lotion manufacturing Common Formulas The active ingredients of Olive Oil Moisturizing Lotion mainly include Olive Oil Extract, Hyaluronic Acid and Moisturizing Factor. Olive Oil Extract is rich in unsaturated fatty acids such as Oleic Acid, which helps lower cholesterol, protects heart health and has antioxidant properties. As a leading Olive oil moisturizing [&hellip;]","protected":false},"featured_media":567,"menu_order":0,"template":"","meta":[],"product-tag":[],"products":[70],"class_list":["post-566","product","type-product","status-publish","has-post-thumbnail","hentry","products-moisturizing-lotion"],"acf":[],"_links":{"self":[{"href":"https:\/\/www.ruiqigo.com\/fr\/wp-json\/wp\/v2\/product\/566","targetHints":{"allow":["GET"]}}],"collection":[{"href":"https:\/\/www.ruiqigo.com\/fr\/wp-json\/wp\/v2\/product"}],"about":[{"href":"https:\/\/www.ruiqigo.com\/fr\/wp-json\/wp\/v2\/types\/product"}],"version-history":[{"count":0,"href":"https:\/\/www.ruiqigo.com\/fr\/wp-json\/wp\/v2\/product\/566\/revisions"}],"wp:featuredmedia":[{"embeddable":true,"href":"https:\/\/www.ruiqigo.com\/fr\/wp-json\/wp\/v2\/media\/567"}],"wp:attachment":[{"href":"https:\/\/www.ruiqigo.com\/fr\/wp-json\/wp\/v2\/media?parent=566"}],"wp:term":[{"taxonomy":"product-tag","embeddable":true,"href":"https:\/\/www.ruiqigo.com\/fr\/wp-json\/wp\/v2\/product-tag?post=566"},{"taxonomy":"products","embeddable":true,"href":"https:\/\/www.ruiqigo.com\/fr\/wp-json\/wp\/v2\/products?post=566"}],"curies":[{"name":"wp","href":"https:\/\/api.w.org\/{rel}","templated":true}]}}